{"id":10324,"date":"2025-08-28T04:49:49","date_gmt":"2025-08-28T06:49:49","guid":{"rendered":"https:\/\/www.genealogi.net\/medlem\/?page_id=10324"},"modified":"2025-08-28T04:49:49","modified_gmt":"2025-08-28T06:49:49","slug":"originalhandlingarna","status":"publish","type":"page","link":"https:\/\/www.genealogi.net\/nova\/skolmatriklar-2\/originalhandlingarna\/","title":{"rendered":"Originalhandlingarna"},"content":{"rendered":"\n<p>H\u00e4r nedan finner du de skolor vars matriklar vi har fotograferat och som helt eller delvis gjorts s\u00f6kbara i v\u00e5r databas.<\/p>\n\n\n\n<p>Klicka p\u00e5 l\u00e4nkarna nedan f\u00f6r att komma till avfotograferade matriklar f\u00f6r respektive skola.<\/p>\n\n\n\n<p><a href=\"https:\/\/www.genealogi.net\/nova\/skolmatriklar\/originalhandlingarna\/faluns-hogre-allmanna-laroverk\/\" data-type=\"URL\" data-id=\"https:\/\/www.genealogi.net\/medlem\/skolmatriklar\/originalhandlingarna\/faluns-hogre-allmanna-laroverk\/\" target=\"_blank\" rel=\"noreferrer noopener\">Faluns h\u00f6gre allm\u00e4nna l\u00e4roverk, 1679-1808<\/a><\/p>\n\n\n\n<p><a href=\"https:\/\/www.genealogi.net\/nova\/skolmatriklar\/originalhandlingarna\/kalmar-hogre-allmanna-laroverk\/\" data-type=\"URL\" data-id=\"https:\/\/www.genealogi.net\/medlem\/skolmatriklar\/originalhandlingarna\/kalmar-hogre-allmanna-laroverk\/\" target=\"_blank\" rel=\"noreferrer noopener\">Kalmars h\u00f6gre allm\u00e4nna l\u00e4roverk, 1655-1821<\/a><\/p>\n\n\n\n<p><a href=\"https:\/\/www.genealogi.net\/nova\/skolmatriklar\/originalhandlingarna\/linkopings-hogre-allmanna-laroverk\/\" data-type=\"URL\" target=\"_blank\" rel=\"noreferrer noopener\">Link\u00f6pings h\u00f6gre allm\u00e4nna l\u00e4roverk, 1599-<\/a><\/p>\n\n\n\n<p><a rel=\"noreferrer noopener\" href=\"https:\/\/www.genealogi.net\/nova\/skolmatriklar\/originalhandlingarna\/mariestads-hogre-allmanna-laroverk\/\" target=\"_blank\">Mariestads h\u00f6gre allm\u00e4nna l\u00e4roverk, 1680-1846<\/a><\/p>\n\n\n\n<p><a href=\"https:\/\/www.genealogi.net\/nova\/skolmatriklar\/originalhandlingarna\/skara-hogre-allmanna-laroverk\/\" target=\"_blank\" rel=\"noreferrer noopener\">Skara h\u00f6gre allm\u00e4nna l\u00e4roverk 1659-1711<\/a><\/p>\n\n\n\n<p><a href=\"https:\/\/www.genealogi.net\/nova\/skolmatriklar\/originalhandlingarna\/stockholms-stads-trivialskola\/\" target=\"_blank\" rel=\"noreferrer noopener\">Stockholms stads trivialskola 1650, 1724-1820<\/a><\/p>\n\n\n\n<p><a href=\"https:\/\/www.genealogi.net\/nova\/skolmatriklar\/originalhandlingarna\/stockholms-gymnasium\/\" data-type=\"URL\" data-id=\"https:\/\/www.genealogi.net\/medlem\/skolmatriklar\/originalhandlingarna\/stockholms-gymnasium\/\" target=\"_blank\" rel=\"noreferrer noopener\">Stockholms gymnasium 1821-1885<\/a><\/p>\n\n\n\n<p><a rel=\"noreferrer noopener\" href=\"https:\/\/www.genealogi.net\/nova\/skolmatriklar\/originalhandlingarna\/soderkopings-lagre-allmanna-laroverk\/\" data-type=\"URL\" target=\"_blank\">S\u00f6derk\u00f6pings l\u00e4gre allm\u00e4nna l\u00e4roverk 1646-1823<\/a><\/p>\n\n\n\n<p><a href=\"https:\/\/www.genealogi.net\/nova\/skolmatriklar\/originalhandlingarna\/strangnas-hogre-lardoms-och-apologistskola\/\" data-type=\"URL\" data-id=\"https:\/\/www.genealogi.net\/medlem\/skolmatriklar\/originalhandlingarna\/strangnas-hogre-lardoms-och-apologistskola\/\" target=\"_blank\" rel=\"noreferrer noopener\">Str\u00e4ngn\u00e4s h\u00f6gre l\u00e4rdoms- och apologistskola 1678-1821<\/a><\/p>\n\n\n\n<p><a href=\"https:\/\/www.genealogi.net\/nova\/skolmatriklar\/originalhandlingarna\/visingso-skola\/\" target=\"_blank\" rel=\"noreferrer noopener\">Visings\u00f6 skola, 1636-1816<\/a><\/p>\n\n\n\n<p><a href=\"https:\/\/www.genealogi.net\/nova\/skolmatriklar\/originalhandlingarna\/vaxjo-hogre-allmanna-laroverk\/\" target=\"_blank\" rel=\"noreferrer noopener\">V\u00e4xj\u00f6 h\u00f6gre allm\u00e4nna l\u00e4roverk, 1651-1808<\/a><\/p>\n\n\n\n<p> <\/p>\n","protected":false},"excerpt":{"rendered":"<p>H\u00e4r nedan finner du de skolor vars matriklar vi har fotograferat och som helt eller delvis gjorts s\u00f6kbara i v\u00e5r databas. Klicka p\u00e5 l\u00e4nkarna nedan f\u00f6r att komma till avfotograferade matriklar f\u00f6r respektive skola. Faluns h\u00f6gre allm\u00e4nna l\u00e4roverk, 1679-1808 Kalmars h\u00f6gre allm\u00e4nna l\u00e4roverk, 1655-1821 Link\u00f6pings h\u00f6gre allm\u00e4nna l\u00e4roverk, 1599- Mariestads h\u00f6gre allm\u00e4nna l\u00e4roverk, 1680-1846 Skara &#8230; <a title=\"Originalhandlingarna\" class=\"read-more\" href=\"https:\/\/www.genealogi.net\/nova\/skolmatriklar-2\/originalhandlingarna\/\" aria-label=\"L\u00e4s mer om Originalhandlingarna\">L\u00e4s mer<\/a><\/p>\n","protected":false},"author":2,"featured_media":0,"parent":8467,"menu_order":20,"comment_status":"closed","ping_status":"closed","template":"","meta":{"footnotes":""},"class_list":["post-10324","page","type-page","status-publish"],"_links":{"self":[{"href":"https:\/\/www.genealogi.net\/nova\/wp-json\/wp\/v2\/pages\/10324","targetHints":{"allow":["GET"]}}],"collection":[{"href":"https:\/\/www.genealogi.net\/nova\/wp-json\/wp\/v2\/pages"}],"about":[{"href":"https:\/\/www.genealogi.net\/nova\/wp-json\/wp\/v2\/types\/page"}],"author":[{"embeddable":true,"href":"https:\/\/www.genealogi.net\/nova\/wp-json\/wp\/v2\/users\/2"}],"replies":[{"embeddable":true,"href":"https:\/\/www.genealogi.net\/nova\/wp-json\/wp\/v2\/comments?post=10324"}],"version-history":[{"count":0,"href":"https:\/\/www.genealogi.net\/nova\/wp-json\/wp\/v2\/pages\/10324\/revisions"}],"up":[{"embeddable":true,"href":"https:\/\/www.genealogi.net\/nova\/wp-json\/wp\/v2\/pages\/8467"}],"wp:attachment":[{"href":"https:\/\/www.genealogi.net\/nova\/wp-json\/wp\/v2\/media?parent=10324"}],"curies":[{"name":"wp","href":"https:\/\/api.w.org\/{rel}","templated":true}]}}