{"id":10562,"date":"2026-01-05T07:38:54","date_gmt":"2026-01-05T09:38:54","guid":{"rendered":"https:\/\/www.genealogi.net\/medlem\/?page_id=10562"},"modified":"2026-01-05T07:38:54","modified_gmt":"2026-01-05T09:38:54","slug":"lima-forsamling","status":"publish","type":"page","link":"https:\/\/www.genealogi.net\/nova\/inrikes-pass\/originalhandlingarna\/lima-forsamling\/","title":{"rendered":"Lima f\u00f6rsamling"},"content":{"rendered":"\n<p><strong>Lima f\u00f6rsamling, Kopparbergs l\u00e4n (W)<\/strong><\/p>\n\n\n\n<p>Ur <strong>Lima f\u00f6rsamlings kyrkoarkiv AI<\/strong> &#8211; husf\u00f6rh\u00f6rsl\u00e4ngder<\/p>\n\n\n\n<h3 class=\"wp-block-heading\">Vol 4<\/h3>\n\n\n<table border=\"1\" cellspacing=\"1\" cellpadding=\"1\">\n<tbody>\n<tr>\n<td>1771-1776 utf\u00e4rdade pass<\/td>\n<td>[inrpass_pages_for id=&#8221;ula_limaforsamling_AI_husforhorslangder_vol4_1771-1776_lima_forsamling&#8221;]<\/td>\n<\/tr>\n<\/tbody>\n<\/table>","protected":false},"excerpt":{"rendered":"<p>Lima f\u00f6rsamling, Kopparbergs l\u00e4n (W) Ur Lima f\u00f6rsamlings kyrkoarkiv AI &#8211; husf\u00f6rh\u00f6rsl\u00e4ngder Vol 4 1771-1776 utf\u00e4rdade pass [inrpass_pages_for id=&#8221;ula_limaforsamling_AI_husforhorslangder_vol4_1771-1776_lima_forsamling&#8221;]<\/p>\n","protected":false},"author":2,"featured_media":0,"parent":158,"menu_order":215,"comment_status":"closed","ping_status":"closed","template":"","meta":{"footnotes":""},"class_list":["post-10562","page","type-page","status-publish"],"_links":{"self":[{"href":"https:\/\/www.genealogi.net\/nova\/wp-json\/wp\/v2\/pages\/10562","targetHints":{"allow":["GET"]}}],"collection":[{"href":"https:\/\/www.genealogi.net\/nova\/wp-json\/wp\/v2\/pages"}],"about":[{"href":"https:\/\/www.genealogi.net\/nova\/wp-json\/wp\/v2\/types\/page"}],"author":[{"embeddable":true,"href":"https:\/\/www.genealogi.net\/nova\/wp-json\/wp\/v2\/users\/2"}],"replies":[{"embeddable":true,"href":"https:\/\/www.genealogi.net\/nova\/wp-json\/wp\/v2\/comments?post=10562"}],"version-history":[{"count":0,"href":"https:\/\/www.genealogi.net\/nova\/wp-json\/wp\/v2\/pages\/10562\/revisions"}],"up":[{"embeddable":true,"href":"https:\/\/www.genealogi.net\/nova\/wp-json\/wp\/v2\/pages\/158"}],"wp:attachment":[{"href":"https:\/\/www.genealogi.net\/nova\/wp-json\/wp\/v2\/media?parent=10562"}],"curies":[{"name":"wp","href":"https:\/\/api.w.org\/{rel}","templated":true}]}}