{"id":10581,"date":"2026-01-11T06:57:59","date_gmt":"2026-01-11T08:57:59","guid":{"rendered":"https:\/\/www.genealogi.net\/medlem\/?page_id=10581"},"modified":"2026-01-11T06:57:59","modified_gmt":"2026-01-11T08:57:59","slug":"vamhus-forsamling","status":"publish","type":"page","link":"https:\/\/www.genealogi.net\/nova\/inrikes-pass\/originalhandlingarna\/vamhus-forsamling\/","title":{"rendered":"V\u00e5mhus f\u00f6rsamling"},"content":{"rendered":"\n<p><strong>V\u00e5mhus f\u00f6rsamling, Kopparbergs l\u00e4n (W)<\/strong><\/p>\n\n\n\n<p>Ur <strong>Mora&nbsp;f\u00f6rsamlings kyrkoarkiv B<\/strong> &#8211; flyttningsl\u00e4ngder<\/p>\n\n\n\n<h3 class=\"wp-block-heading\">Vol 2<\/h3>\n\n\n<table border=\"1\" cellspacing=\"1\" cellpadding=\"1\">\n<tbody>\n<tr>\n<td>1861-1865 utf\u00e4rdade pass<\/td>\n<td>[inrpass_pages_for id=&#8221;ula_moraforsamling_B_flyttningslangder_vol2_1861-1865_vamhus_forsamling&#8221;]<\/td>\n<\/tr>\n<\/tbody>\n<\/table>\n<p><!-- \/wp:post-content --><\/p>\n<p>Ur <strong>V\u00e5mhus f\u00f6rsamlings kyrkoarkiv B<\/strong> &#8211; flyttningsl\u00e4ngder<\/p>\n<p><!-- wp:heading {\"level\":3} --><\/p>\n<h3>Vol 2<\/h3>\n<p><!-- \/wp:heading --><\/p>\n<table border=\"1\" cellspacing=\"1\" cellpadding=\"1\">\n<tbody>\n<tr>\n<td>1870-1907 utf\u00e4rdade pass<\/td>\n<td>[inrpass_pages_for id=&#8221;ula_vamhusforsamling_B_flyttningslangder_vol2_1870-1907_vamhus_forsamling&#8221;]<\/td>\n<\/tr>\n<\/tbody>\n<\/table>","protected":false},"excerpt":{"rendered":"<p>V\u00e5mhus f\u00f6rsamling, Kopparbergs l\u00e4n (W) Ur Mora&nbsp;f\u00f6rsamlings kyrkoarkiv B &#8211; flyttningsl\u00e4ngder Vol 2 1861-1865 utf\u00e4rdade pass [inrpass_pages_for id=&#8221;ula_moraforsamling_B_flyttningslangder_vol2_1861-1865_vamhus_forsamling&#8221;] Ur V\u00e5mhus f\u00f6rsamlings kyrkoarkiv B &#8211; flyttningsl\u00e4ngder Vol 2 1870-1907 utf\u00e4rdade pass [inrpass_pages_for id=&#8221;ula_vamhusforsamling_B_flyttningslangder_vol2_1870-1907_vamhus_forsamling&#8221;]<\/p>\n","protected":false},"author":2,"featured_media":0,"parent":158,"menu_order":219,"comment_status":"closed","ping_status":"closed","template":"","meta":{"footnotes":""},"class_list":["post-10581","page","type-page","status-publish"],"_links":{"self":[{"href":"https:\/\/www.genealogi.net\/nova\/wp-json\/wp\/v2\/pages\/10581","targetHints":{"allow":["GET"]}}],"collection":[{"href":"https:\/\/www.genealogi.net\/nova\/wp-json\/wp\/v2\/pages"}],"about":[{"href":"https:\/\/www.genealogi.net\/nova\/wp-json\/wp\/v2\/types\/page"}],"author":[{"embeddable":true,"href":"https:\/\/www.genealogi.net\/nova\/wp-json\/wp\/v2\/users\/2"}],"replies":[{"embeddable":true,"href":"https:\/\/www.genealogi.net\/nova\/wp-json\/wp\/v2\/comments?post=10581"}],"version-history":[{"count":0,"href":"https:\/\/www.genealogi.net\/nova\/wp-json\/wp\/v2\/pages\/10581\/revisions"}],"up":[{"embeddable":true,"href":"https:\/\/www.genealogi.net\/nova\/wp-json\/wp\/v2\/pages\/158"}],"wp:attachment":[{"href":"https:\/\/www.genealogi.net\/nova\/wp-json\/wp\/v2\/media?parent=10581"}],"curies":[{"name":"wp","href":"https:\/\/api.w.org\/{rel}","templated":true}]}}