{"id":10604,"date":"2026-01-16T22:00:56","date_gmt":"2026-01-17T00:00:56","guid":{"rendered":"https:\/\/www.genealogi.net\/medlem\/?page_id=10604"},"modified":"2026-01-16T22:00:56","modified_gmt":"2026-01-17T00:00:56","slug":"mora-forsamling","status":"publish","type":"page","link":"https:\/\/www.genealogi.net\/nova\/inrikes-pass\/originalhandlingarna\/mora-forsamling\/","title":{"rendered":"Mora f\u00f6rsamling"},"content":{"rendered":"\n<p>Ur <strong>Mora f\u00f6rsamlings kyrkoarkiv B<\/strong> &#8211; flyttningsl\u00e4ngder<\/p>\n\n\n\n<p><\/p>\n\n\n\n<h3 class=\"wp-block-heading\">Vol 2<\/h3>\n\n\n<table border=\"1\" cellspacing=\"1\" cellpadding=\"1\">\n<tbody>\n<tr>\n<td>1860-1881 utf\u00e4rdade pass<\/td>\n<td>[inrpass_pages_for id=&#8221;ula_moraforsamling_B_flyttningslangder_vol2_1860-1881_mora_forsamling&#8221;]<\/td>\n<\/tr>\n<\/tbody>\n<\/table>","protected":false},"excerpt":{"rendered":"<p>Ur Mora f\u00f6rsamlings kyrkoarkiv B &#8211; flyttningsl\u00e4ngder Vol 2 1860-1881 utf\u00e4rdade pass [inrpass_pages_for id=&#8221;ula_moraforsamling_B_flyttningslangder_vol2_1860-1881_mora_forsamling&#8221;]<\/p>\n","protected":false},"author":2,"featured_media":0,"parent":158,"menu_order":216,"comment_status":"closed","ping_status":"closed","template":"","meta":{"footnotes":""},"class_list":["post-10604","page","type-page","status-publish"],"_links":{"self":[{"href":"https:\/\/www.genealogi.net\/nova\/wp-json\/wp\/v2\/pages\/10604","targetHints":{"allow":["GET"]}}],"collection":[{"href":"https:\/\/www.genealogi.net\/nova\/wp-json\/wp\/v2\/pages"}],"about":[{"href":"https:\/\/www.genealogi.net\/nova\/wp-json\/wp\/v2\/types\/page"}],"author":[{"embeddable":true,"href":"https:\/\/www.genealogi.net\/nova\/wp-json\/wp\/v2\/users\/2"}],"replies":[{"embeddable":true,"href":"https:\/\/www.genealogi.net\/nova\/wp-json\/wp\/v2\/comments?post=10604"}],"version-history":[{"count":0,"href":"https:\/\/www.genealogi.net\/nova\/wp-json\/wp\/v2\/pages\/10604\/revisions"}],"up":[{"embeddable":true,"href":"https:\/\/www.genealogi.net\/nova\/wp-json\/wp\/v2\/pages\/158"}],"wp:attachment":[{"href":"https:\/\/www.genealogi.net\/nova\/wp-json\/wp\/v2\/media?parent=10604"}],"curies":[{"name":"wp","href":"https:\/\/api.w.org\/{rel}","templated":true}]}}