{"id":1086,"date":"2012-08-08T16:26:32","date_gmt":"2012-08-08T14:26:32","guid":{"rendered":"http:\/\/www.u2086112.fsdata.se\/gfwp\/?page_id=1086"},"modified":"2012-08-08T16:26:32","modified_gmt":"2012-08-08T14:26:32","slug":"slakt-och-havd","status":"publish","type":"page","link":"https:\/\/www.genealogi.net\/nova\/produkter-och-tjanster\/slakt-och-havd\/","title":{"rendered":"Sl\u00e4kt och H\u00e4vd"},"content":{"rendered":"<p>Tidskriften levereras fyra g\u00e5nger per \u00e5r till dig som GF-medlem. Inneh\u00e5ller olika f\u00f6rdjupande genealogiska artiklar och sl\u00e4ktutredningar. F\u00f6rsta numret gavs ut 1950.<\/p>\n<p><img loading=\"lazy\" decoding=\"async\" class=\"aligncenter size-medium wp-image-9201\" src=\"https:\/\/www.genealogi.net\/nova\/gfwp\/wp-content\/uploads\/2016\/08\/SoH-mini-300x169.jpg\" alt=\"\" width=\"300\" height=\"169\" \/><\/p>\n<p>Alla artiklar mellan 1950-2024 \u00e4r skannade och kan k\u00f6pas som nedladdningsbar produkt:<span style=\"color: #0000ff;\"> <a style=\"color: #0000ff;\" href=\"https:\/\/www.genealogi.net\/nova\/slakt-och-havd-2-1934-2009\/\">L\u00e4s mer<\/a>.<\/span><\/p>\n<p><u><a href=\"http:\/\/www.genealogi.net\/a-o\/namnregister-soh-och-sgt\/\" target=\"_self\" rel=\"noopener\"><span style=\"color: #0000ff;\"><strong>S\u00f6k<\/strong> registrerade personnamn och fler uppgifter i SoH<\/span><\/a><\/u><\/p>\n<p>Vill du k\u00f6pa enstaka \u00e4ldre nummer?<em> <a href=\"https:\/\/www.genealogi.net\/nova\/om-gf\/kontakta-oss\/\" target=\"_self\" rel=\"noopener\"><span style=\"color: #0000ff;\">Kontakta expeditionen<\/span><\/a><\/em><\/p>\n<p>Organisationer, bibliotek, f\u00f6reningar m fl kan prenumerera p\u00e5 Sl\u00e4kt och H\u00e4vd. <span style=\"color: #0000ff;\"><a style=\"color: #0000ff;\" href=\"https:\/\/www.genealogi.net\/nova\/prenumerera-pa-slakt-och-havd\/\">L\u00e4s me<\/a>r.<\/span><\/p>\n<h2><span style=\"font-size: 28px;\">V\u00e4lkommen att bidra med artiklar! <\/span><br \/>\n<u><a href=\"http:\/\/www.genealogi.net\/produkter-och-tjanster\/slakt-och-havd\/forfattaranvisningar-till-slakt-och-havd\/\" target=\"_self\" rel=\"noopener\"><span style=\"color: #0000ff;\">L\u00e4s mer och kontakta redaktionen<\/span><\/a><\/u><\/h2>\n<hr \/>\n<p><img loading=\"lazy\" decoding=\"async\" class=\"alignright wp-image-13164\" src=\"https:\/\/www.genealogi.net\/nova\/gfwp\/wp-content\/uploads\/2020\/03\/SoH-203x300.jpg\" alt=\"\" width=\"141\" height=\"203\" \/><strong>Lista p\u00e5 artiklar:<br \/>\n<\/strong><a href=\"https:\/\/www.genealogi.net\/nova\/innehallsforteckning-for-slakt-och-havd-2020-2029\/\"><span style=\"color: #3366ff;\">2020-talet<\/span><\/a><strong><br \/>\n<\/strong><a href=\"http:\/\/www.genealogi.net\/innehallsforteckning-for-slakt-och-havd-2011-2019\/\" target=\"_self\" rel=\"noopener\">2010-talet<\/a><br \/>\n<a href=\"http:\/\/www.genealogi.net\/innehallsforteckning-for-slakt-och-havd-2000-2009\/\" target=\"_self\" rel=\"noopener\">2000-talet<\/a><br \/>\n<a href=\"http:\/\/www.genealogi.net\/innehallsforteckning-for-slakt-och-havd-1990-1999\/\" target=\"_self\" rel=\"noopener\">1990-talet<\/a><br \/>\n<a href=\"http:\/\/www.genealogi.net\/innehallsforteckning-for-slakt-och-havd-1980-1989\/\" target=\"_self\" rel=\"noopener\">1980-talet<\/a><br \/>\n<a href=\"http:\/\/www.genealogi.net\/innehallsforteckning-for-slakt-och-havd-1970-1979\/\" target=\"_self\" rel=\"noopener\">1970-talet<\/a><br \/>\n<a href=\"http:\/\/www.genealogi.net\/innehallsforteckning-for-slakt-och-havd-1960-1969\/\" target=\"_self\" rel=\"noopener\">1960-talet<\/a><br \/>\n<a href=\"http:\/\/www.genealogi.net\/innehallsforteckning-for-slakt-och-havd-1950-1959\/\" target=\"_self\" rel=\"noopener\">1950-talet<\/a><\/p>\n<hr \/>\n<p><strong>Om Sl\u00e4kt och H\u00e4vd<\/strong><br \/>\nEn guldgruva i Sl\u00e4kt och H\u00e4vd \u00e4r de k\u00e4llh\u00e4nvisningar som anges f\u00f6r de flesta artiklar. Om man vill forska l\u00e4ngre och djupare \u00e4n vad kyrkob\u00f6ckerna till\u00e5ter, ger dessa h\u00e4nvisningar en viktig information om alternativa k\u00e4llor f\u00f6r att komma vidare. Sl\u00e4kt och H\u00e4vd syftar till att st\u00f6dja vetenskaplig genealogi, och \u00e4r ett forum f\u00f6r publicering av kvalificerade artiklar p\u00e5 sl\u00e4ktforskningens omr\u00e5de. Tidskriften \u00e4r ofta anlitad och citerad i akademiska arbeten som ber\u00f6r genealogiska sp\u00f6rsm\u00e5l.Sedan 50-talet h\u00e4vdar tidskriften fortfarande sin st\u00e4llning som ledande svensk genealogisk tidskrift.<\/p>\n<p>2006 tvingades styrelsen av ekonomiska sk\u00e4l avbryta den regelbundna utgivningen av Sl\u00e4kt och H\u00e4vd, men utgivningen \u00e5terupptogs 2008, \u00a0fr\u00e5n och med 2009 med fyra nummer \u00e5rligen.<\/p>\n","protected":false},"excerpt":{"rendered":"<p>Tidskriften levereras fyra g\u00e5nger per \u00e5r till dig som GF-medlem. Inneh\u00e5ller olika f\u00f6rdjupande genealogiska artiklar och sl\u00e4ktutredningar. F\u00f6rsta numret gavs ut 1950. Alla artiklar mellan 1950-2024 \u00e4r skannade och kan k\u00f6pas som nedladdningsbar produkt: L\u00e4s mer. S\u00f6k registrerade personnamn och fler uppgifter i SoH Vill du k\u00f6pa enstaka \u00e4ldre nummer? Kontakta expeditionen Organisationer, bibliotek, f\u00f6reningar &#8230; <a title=\"Sl\u00e4kt och H\u00e4vd\" class=\"read-more\" href=\"https:\/\/www.genealogi.net\/nova\/produkter-och-tjanster\/slakt-och-havd\/\" aria-label=\"L\u00e4s mer om Sl\u00e4kt och H\u00e4vd\">L\u00e4s mer<\/a><\/p>\n","protected":false},"author":2,"featured_media":0,"parent":680,"menu_order":0,"comment_status":"closed","ping_status":"closed","template":"","meta":{"footnotes":""},"class_list":["post-1086","page","type-page","status-publish"],"_links":{"self":[{"href":"https:\/\/www.genealogi.net\/nova\/wp-json\/wp\/v2\/pages\/1086","targetHints":{"allow":["GET"]}}],"collection":[{"href":"https:\/\/www.genealogi.net\/nova\/wp-json\/wp\/v2\/pages"}],"about":[{"href":"https:\/\/www.genealogi.net\/nova\/wp-json\/wp\/v2\/types\/page"}],"author":[{"embeddable":true,"href":"https:\/\/www.genealogi.net\/nova\/wp-json\/wp\/v2\/users\/2"}],"replies":[{"embeddable":true,"href":"https:\/\/www.genealogi.net\/nova\/wp-json\/wp\/v2\/comments?post=1086"}],"version-history":[{"count":0,"href":"https:\/\/www.genealogi.net\/nova\/wp-json\/wp\/v2\/pages\/1086\/revisions"}],"up":[{"embeddable":true,"href":"https:\/\/www.genealogi.net\/nova\/wp-json\/wp\/v2\/pages\/680"}],"wp:attachment":[{"href":"https:\/\/www.genealogi.net\/nova\/wp-json\/wp\/v2\/media?parent=1086"}],"curies":[{"name":"wp","href":"https:\/\/api.w.org\/{rel}","templated":true}]}}