{"id":13161,"date":"2020-03-13T13:53:23","date_gmt":"2020-03-13T11:53:23","guid":{"rendered":"https:\/\/www.genealogi.net\/?page_id=13161"},"modified":"2020-03-13T13:53:23","modified_gmt":"2020-03-13T11:53:23","slug":"innehallsforteckning-for-slakt-och-havd-2020-2029","status":"publish","type":"page","link":"https:\/\/www.genealogi.net\/nova\/innehallsforteckning-for-slakt-och-havd-2020-2029\/","title":{"rendered":"Inneh\u00e5llsf\u00f6rteckning f\u00f6r Sl\u00e4kt och H\u00e4vd 2020-2029"},"content":{"rendered":"<div class=\"entry-content\">\n<p><em>Flera nummer kan \u00e4ven inneh\u00e5lla kompletteringar och r\u00e4ttelser till genealogiska arbeten, med mera.<\/em><\/p>\n<h1><span style=\"color: #0000ff;\">Inneh\u00e5ll 2024 SoH<\/span><\/h1>\n<p><span style=\"color: #0000ff;\"><strong>2024:2<\/strong><\/span><\/p>\n<ul>\n<li>Nytt ljus \u00f6ver Claes Brun i Kung\u00e4lv och hans bror Marco de Broen i Amsterdam under 1600-talet.<br \/>\nAv\u00a0<em>Christer Rosenbahr<br \/>\n<\/em><\/li>\n<li>Vad tv\u00e5 d\u00f6dsannonser kan ber\u00e4tta \u2013 om en bortgl\u00f6md gren i sl\u00e4kten F\u00fcrth.<br \/>\nAv <em>Thomas F\u00fcrth <\/em><\/li>\n<li>Fotojakten tog fyrtio \u00e5r \u2013 s\u00e5 blev portr\u00e4ttsamlingen av syskonskaran komplett.<br \/>\nAv <em>Nichlas Malmdahl<\/em><br \/>\n<strong>Kompletteringar och r\u00e4ttelser till tryckta arbeten<\/strong><\/li>\n<li>Bekr\u00e4ftelse av tidigare framlagda bel\u00e4gg f\u00f6r Martin Hammonius h\u00e4rkomst.<br \/>\n<strong>Recensioner<\/strong><\/li>\n<li>Ericson Wolke, Lars, <em>Nationens avskum, milit\u00e4rens elit: myt och sanning om de v\u00e4rvade soldaterna i Sverige. <\/em><br \/>\n<em>(Recention av Camilla Eriksson.)<\/em><em><br \/>\n<\/em><\/li>\n<li>Sj\u00f6lund, Peter, <em>Alla \u00e4r vi valloner: om sanna &amp; osanna sl\u00e4kthistorier i Sverige.<\/em><br \/>\n<em>(Recention av Lisbeth Pettersson.)<\/em><em><br \/>\n<\/em><\/li>\n<\/ul>\n<p><span style=\"color: #0000ff;\"><strong>2024:1<\/strong><\/span><\/p>\n<ul>\n<li>Nya r\u00f6n om Sara Cervinas \u00e4ktenskap med h\u00e4radsprosten Petrus Platinus.<br \/>\nAv <em>Bj\u00f6rn J\u00e4rhult<br \/>\n<\/em><\/li>\n<li>Sl\u00e4kten Berg fr\u00e5n Halmstad.<br \/>\nAv <em>Magnus B\u00e4ckmark<br \/>\n<\/em><\/li>\n<li>Var Carl Snoilsky son till Oskar I? \u2013 Notering i adelskalender.<br \/>\nAv <em>Ulf Hamilton<\/em><em><br \/>\n<\/em><em><br \/>\n<\/em><\/li>\n<li>\n<div class=\"entry-content\">\n<ul>\n<li style=\"list-style-type: none;\"><\/li>\n<\/ul>\n<\/div>\n<\/li>\n<\/ul>\n<\/div>\n<div class=\"entry-content\"><\/div>\n<div class=\"entry-content\">\n<h1><span style=\"color: #0000ff;\">Inneh\u00e5ll 2023 SoH<\/span><\/h1>\n<p><span style=\"color: #0000ff;\"><strong>2023:4<\/strong><\/span><\/p>\n<ul>\n<li>Borgm\u00e4staren i \u00d6rebro Christopher B\u00f6\u00f6s. Om hans h\u00e4rkomst och \u00e4ldre sl\u00e4ktrelationer.<br \/>\nAv <em>Berit<\/em><em> Wenngren och Michael Lundholm<br \/>\n<\/em><\/li>\n<li>Om bokh\u00e5llaren vid Gusums m\u00e4ssingsbruk Anders Grafsell och hans familj.<br \/>\nAv <em>Johannes Hansson <\/em><br \/>\n<strong>Kompletteringar och r\u00e4ttelser till tryckta arbeten<\/strong><\/li>\n<li>Kompletteringar och r\u00e4ttelser r\u00f6rande adliga \u00e4tten von Bilang, nr 1169.<br \/>\nAv <em>Peder <\/em><em>Claesson<br \/>\n<\/em><\/li>\n<li>\u00c4tten Gyllenpamps ursprung \u2013 en komplettering.<br \/>\nAv <em>Olle Elm<\/em><\/li>\n<li>Att v\u00e4rdera prim\u00e4ra och sekund\u00e4ra k\u00e4llor.<br \/>\nFallstudie av hur fel och missf\u00f6rst\u00e5nd kan sprida sig och hur sv\u00e5rt det blir att sedan r\u00e4tta informationen.<\/li>\n<li>Av <em>Anders Ahlford<\/em><em><br \/>\n<\/em><\/li>\n<\/ul>\n<p><span style=\"color: #0000ff;\"><strong>2023:3<\/strong><\/span><\/p>\n<ul>\n<li>En g\u00e5rd uti Norrmalm vid Gr\u00e5bergsgatan i det tidiga 1700-talets Stockholm \u2013 Att sp\u00e5ra anor via fastighetsinnehav.<br \/>\nAv <em>Thomas <\/em><em>F\u00fc<\/em><em>rth<\/em><em><br \/>\n<\/em><\/li>\n<li>Vem var komministerhustrun Maria Christina Lindgren i Bankeryd?<br \/>\nAv <em>Nichlas Malmdahl<br \/>\n<\/em><\/li>\n<li>Om arvskiftet efter Auda Renner 1711. \u2013 N\u00e5gra kommentarer om syskonbarn, bakarv och istadar\u00e4tt.<br \/>\nAv <em>Michael Lundholm<br \/>\n<\/em><\/li>\n<li>Lars-Olof Skoglund in memoriam.<br \/>\nAv <em>Torsten Berglund, Magnus B\u00e4ckmark, Per Nordenvall och Anders Winroth.<\/em><br \/>\n<strong>Recensioner<\/strong><br \/>\nHjalmar Granberg, M\u00e5rten Sw\u00e4rd och Per Filipsson: <em>Trackuback<\/em><br \/>\n(Recension av <em>Urban Carlb\u00e4cker<\/em>)Lars Otto Berg, Esbj\u00f6rn Larsson &amp; Hans Norman: <em>Officerarna\u00a0 i svenska sk\u00e4rg\u00e5rdsflottan 1756-1824<\/em>.<br \/>\n(Recension av <em>Andreas Anderberg<\/em>)<\/li>\n<\/ul>\n<p><span style=\"color: #0000ff;\"><strong>2023:2<\/strong><\/span><\/p>\n<ul>\n<li>Det medeltida tillnamnet Gris i V\u00e4steuropa med tyngdpunkt i Norden.<br \/>\nAv <em>Christer Rosenbahr<br \/>\n<\/em><\/li>\n<li>Ett gammalt brev i ett sl\u00e4ktarkiv. Den gotl\u00e4ndske sj\u00f6mannen Lars Larsson, alias Laurens Steenboom i Amsterdam, hans liv och efterkommande.<br \/>\nAv <em>Els Vermij och Willem-Jan van Grondelle<\/em><br \/>\n<strong>Recensioner<\/strong><br \/>\nSara L\u00f6vestam: <em>Ljudet av f\u00f6tter: f\u00f6rsta Monicabok<\/em>.<br \/>\n(Recension av <em>Andreas Anderberg<\/em>)Geoffrey Fr\u00f6berg Morris: <em>A Practical Guide to Swedish Church Records for Genealogy and Family History. <\/em><br \/>\n(Recension av <em>Carl-Johan Ivarsson<\/em>)<\/li>\n<\/ul>\n<p><span style=\"color: #0000ff;\"><strong>2023:1<\/strong><\/span><\/p>\n<ul>\n<li>Om Sara och Germund i Knappn\u00e4ring.<br \/>\nAv <em>Michael Lundholm<br \/>\n<\/em><\/li>\n<li>Ett liv i kapps\u00e4ck.<br \/>\nDen sm\u00e5l\u00e4ndske dr\u00e4ngen Sven Erikssons levnads\u00f6den under 1800-talet.<br \/>\nAv <em>Nichlas Malmdahl<br \/>\n<\/em><\/li>\n<li>Att hitta anor som levde i l\u00e4nder som inte l\u00e4ngre finns och bodde p\u00e5 platser som bytt namn.<br \/>\nOm familjen Chlamtatsch som flyttade runt i 1800-talets Centraleuropa.<br \/>\nAv <em>Thomas F\u00fc<\/em><em>rth <\/em><strong><br \/>\n<\/strong><strong>Recensioner<\/strong><br \/>\nRoger Axelsson, Carin Bergstr\u00f6m, Carl Henrik Carlsson och Sofia Ling:<br \/>\n<em>Sveriges historia f\u00f6r sl\u00e4ktforskare<\/em>.<br \/>\n(Recension av <em>Andreas Anderberg<\/em>)<\/li>\n<\/ul>\n<h1><span style=\"color: #0000ff;\">Inneh\u00e5ll 2022 SoH<\/span><\/h1>\n<p><span style=\"color: #0000ff;\"><strong>2022:4<\/strong><\/span><\/p>\n<ul>\n<li>Ryttm\u00e4staren Nils H\u00e5kansson Trolle \u2013 en diskussion om ursprunget.<br \/>\nAv <em>G\u00f6ran Sparrl\u00f6f<br \/>\n<\/em><\/li>\n<li>Sl\u00e4kterna Gunterbergs och Lundblads gemensamma ursprung.<br \/>\nAv <em>Nils H\u00e5rd<\/em> <em>af Segerstad \u00a0\u00a0<\/em><\/li>\n<li>Var ryttm\u00e4stare S\u00f6ffrin Nilsson med i slaget vid Axtorna den 20\/10 1565?<br \/>\n\u2013 Oklart d\u00e5 f\u00e5nglista i bokverket Danske Magazin kan h\u00e4nvisa till fel.<br \/>\nAv <em>Peder Claesson<\/em><strong><br \/>\n<\/strong><strong>Recensioner<\/strong><br \/>\nLarsOlof L\u00f6\u00f6f: <em>Sj\u00f6farare och superkarg\u00f6rer. M\u00e4nniskor i och omkring Svenska Ostindiska Compagnierna 1731-1813<\/em>.<br \/>\n(Recension av <em>G\u00f6ran Sandberg<\/em>)Christian Kirchner, Mikael Hoffsten m fl: <em>Sl\u00e4ktforska i Tyskland<\/em>.<br \/>\n(Recension av <em>Henrik Perlefelt<\/em>)<\/p>\n<p>Egeskog, Hans &amp; Lundh, PerAnders: <em>Bl\u00e5vik. Vem bodde var fr\u00e5n 1500-talet till 1950-talet<\/em>.<br \/>\n(Recension av <em>Kerstin Jonmyren<\/em>)<\/li>\n<\/ul>\n<p><strong><span style=\"color: #0000ff;\">2022:3<\/span><\/strong><\/p>\n<ul>\n<li>&gt; Far w\u00e4l min maka from, far w\u00e4l min barn ki\u00e4r&lt;<br \/>\n\u2013 Tryckta tillf\u00e4llesverser som genealogisk k\u00e4lla.<br \/>\nAv <em>Bj\u00f6rn J\u00e4rhult<\/em><\/li>\n<li>Var och n\u00e4r dog Johan Toresson Hillman?<br \/>\n\u2013 Tv\u00e5 enkla fr\u00e5gor som blottlade en av Sveriges mest omfattande r\u00e4ttsliga processer.<br \/>\nAv <em>Birgitta Johnsen<\/em><\/li>\n<li>Om tv\u00e5 l\u00e4rare i 1800-talets Fagerhult i Sm\u00e5land.<br \/>\nAv <em>Nichlas Malmdahl<\/em><\/li>\n<\/ul>\n<p><span style=\"color: #0000ff;\"><strong>2022:2<\/strong><\/span><\/p>\n<ul>\n<li>&gt; &#8230; protesterandes emot all lagfart &#8230; emedan han skal wara n\u00e4rmast den samma att b\u00f6rda&lt; &#8211; en b\u00f6rdsr\u00e4ttstvist 1695-1722 om Harbro Nederg\u00e5rd i Bj\u00f6rnlunda socken, Daga h\u00e4rad.<br \/>\nAv <em>Michael Lundholm<\/em><\/li>\n<li>N\u00e5gra anteckningar om guldsmeden och r\u00e5dmannen Erik Persson i J\u00f6nk\u00f6ping och hans son kyrkom\u00e5laren Abraham Myra i \u00c5bo.<br \/>\nAv <em>Ebbe Omb\u00e4ck<\/em><\/li>\n<li>Var Carl Petter Backman fr\u00e5n Pite\u00e5 (f. 1791) och Carl Petter \u00d6hman i \u00d6rebro (f. 1791) en och samme person?<br \/>\nAv <em>G\u00f6ran Sandberg<\/em><\/li>\n<li>Ett forskningstips: Riksarkivets Biographica-samling.<br \/>\nAv <em>Magnus B\u00e4ckmark<\/em><\/li>\n<\/ul>\n<p><strong>Recensioner<br \/>\n&#8211; <\/strong>\u00c5sa Karlsson (redakt\u00f6r) samt Roger Axelsson, \u00c5ke Bertenstam, Jakob Christensson och Lena Milton (redaktionskommitt\u00e9): <em>Svensk biografiskt lexikon<\/em>, h\u00e4fte 171.<br \/>\n(Recension av <em>Andreas Anderberg<\/em>)<\/p>\n<p><strong>&#8211; <\/strong>Riddarhusdirektionen: <em>Sveriges Ridderskap och Adels kalender 2022<\/em>.<br \/>\n(Recension av <em>Andreas Anderberg<\/em>)<\/p>\n<p><span style=\"color: #0000ff;\"><strong>2022:1<\/strong><\/span><\/p>\n<ul>\n<li>Bonds\u00f6ner vid universitetet. Tv\u00e5 fallstudier: Martin Hammonius och Anders Leufvenius.<br \/>\nAv <em>Bj\u00f6rn J\u00e4rhult<\/em><\/li>\n<li>Fr\u00e5n Bo Oxehufvud till Bataille Axel Hilfwild \u2013 en adelsmans f\u00f6rvandling.<br \/>\nAv <em>Olle Elm<br \/>\n(<\/em><strong>R\u00e4ttelse<\/strong><em>: Bild 1 p\u00e5 sid 21 f\u00f6rest\u00e4ller inte Orreholmens gamla huvudbyggnad. Bilden visar ist\u00e4llet Vartofta s\u00e4teri. Ett stort tack till H\u00e5kan Sylvan som uppm\u00e4rksammade misstaget och som \u00e4r f\u00f6dd p\u00e5 g\u00e5rden).<br \/>\n<\/em><\/li>\n<\/ul>\n<p><strong>Recension<\/strong><br \/>\nMatrikel f\u00f6r Skara Trivial Schola (1749-1809).<br \/>\nUppr\u00e4ttad til f\u00f6lje af ven. Consistorii resolution D. 18 Oct, 1749.<br \/>\n(Recension av <em>Jonas Magnusson<\/em>)<\/p>\n<h1><\/h1>\n<h1><span style=\"color: #0000ff;\"><strong>Inneh\u00e5ll 2021 SoH<\/strong><\/span><\/h1>\n<p><span style=\"color: #0000ff;\"><strong>2021:4<\/strong><\/span><\/p>\n<ul>\n<li>Sl\u00e4kt k\u00e4nd fr\u00e5n 1500-talet i Nederkalix kartlagd med hj\u00e4lp av Y-DNA.<br \/>\nAv <em>Sven-\u00c5ke Forsberg<\/em><\/li>\n<li>Adliga \u00e4tten Bruce, nr 745 \u2013 nya r\u00f6n samt r\u00e4ttelser r\u00f6rande \u00f6verstel\u00f6jtnanten Robert Bruces familj.<br \/>\nAv <em>Jonas Magnusson<\/em><\/li>\n<li>Upp ur jorden: Karins r\u00e4tta namn \u2013 nya r\u00f6n om Knut Roos af Hjelms\u00e4ter och &#8221;Kerstin&#8221; Kafle.<br \/>\nAv <em>Magnus B\u00e4ckmark<\/em><\/li>\n<li>Kompletteringar och r\u00e4ttelser r\u00f6rande flera \u00e4tter i Elgenstiernas \u00e4ttartavlor.<strong>Recension<br \/>\n<\/strong>Lars Ericson Wolke: Stridens verklighet &#8211; d\u00f6den p\u00e5 slagf\u00e4ltet i svensk historia 1563-1814.(Recension av <em>Bj\u00f6rn Edman<\/em>)<\/li>\n<\/ul>\n<p style=\"text-align: left;\"><span style=\"color: #0000ff;\"><strong>2021:3<\/strong><\/span><\/p>\n<ul>\n<li style=\"text-align: left;\">Vem var dalafogden Ingel Hanssons (Svinhuvud) hustru p\u00e5 Gylle?<br \/>\nAv <em>Stefan Jernberg<\/em><\/li>\n<li style=\"text-align: left;\">Nytt ljus \u00f6ver kyrkom\u00e5larna Grijs under 1600-talet.<br \/>\nAv <em>Christer Rosenbahr<\/em><\/li>\n<li style=\"text-align: left;\">Dog Julius K\u00fchn fr\u00e5n Prenzlau verkligen i Ryssland?<br \/>\nAv <em>Niklas M\u00f6ller<\/em><\/li>\n<\/ul>\n<p><strong><span style=\"color: #0000ff;\">2021:2<\/span><\/strong><\/p>\n<ul>\n<li>Lillklockan kl\u00e4mtar till storsl\u00e4ktens d\u00f6n \u2013 ett bidrag till de uppl\u00e4ndska sl\u00e4kterna Printz och Graan.<br \/>\nAv <em>Bj\u00f6rn J\u00e4rhult<\/em><\/li>\n<li>Mitt sl\u00e4ktskap med tv\u00e5 systrar fr\u00e5n Los Angeles \u2013 hur DNA-ledtr\u00e5dar kunde knyta samman \u00e4ttlingar fr\u00e5n Centraleuropa.<br \/>\nAv <em>Thomas F\u00fcrth<\/em><\/li>\n<li>Tolka skriften r\u00e4tt \u2013 inte alltid l\u00e4tt.<br \/>\nAv <em>Barbro Nordl\u00f6f<br \/>\n<\/em><\/li>\n<\/ul>\n<p><strong>Recension<\/strong><br \/>\nH\u00e5kan Skogsj\u00f6: Sl\u00e4ktforskning p\u00e5 riktigt.<br \/>\n(<em>Recension av Nichlas Malmdahl<\/em>)<\/p>\n<p><strong><span style=\"color: #0000ff;\">2021:1<\/span><\/strong><\/p>\n<ul>\n<li>Gestrike nations \u00e4ldsta matriklar.<br \/>\nAv <em>Jonas Magnusson<\/em><\/li>\n<li>Gabriel Torgerstedt &#8211; uppl\u00e4nning i Nederl\u00e4nderna.<br \/>\nAv <em>Jan M. Keus<\/em><\/li>\n<li>Kartl\u00e4ggning av Pite\u00e5 stads befolkning 1621-1821.<br \/>\nAv <em>Ulf Holmberg<\/em><\/li>\n<li>Nya uppgifter om kyrkoherden p\u00e5 Visings\u00f6 Jonas Magni.<br \/>\nAv <em>Martin Kjellgren<\/em><\/li>\n<li>Notarien i Kalmar Jonas Nentzel kom fr\u00e5n N\u00e4nsj\u00f6.<br \/>\nAv <em>H\u00e5kan Skogsj\u00f6<\/em><\/li>\n<\/ul>\n<p><strong>Recension<\/strong><br \/>\nUlf Holmberg: Pite\u00e5 stad 400 \u00e5r.<br \/>\n(<em>Recension av Carl Henrik Carlsson<\/em>)<\/p>\n<h1><strong><span style=\"color: #0000ff;\">Inneh\u00e5ll 2020 SoH<\/span><\/strong><\/h1>\n<p><span style=\"color: #0000ff;\"><strong>2020:3-4<\/strong><\/span><\/p>\n<ul>\n<li>En resandefamilj med afrikanskt p\u00e5br\u00e5 &#8211; Carl Gustaf Abrahamsson (1796-1870) och Agneta Maria St\u00e5lberg (1797\/1803-1884), deras n\u00e4rmaste anor och efterkommande.<br \/>\nAv <em>Margareta Edqvist<\/em> och <em>Arvid Bergman<\/em><\/li>\n<li>Hilma Forsbergs metamorfos.<br \/>\nAv <em>Mats Pettersson<\/em><\/li>\n<\/ul>\n<\/div>\n<p><span style=\"color: #0000ff;\"><strong>2020:2<\/strong><\/span><\/p>\n<ul>\n<li>Om kronov\u00e4garen och postm\u00e4staren i Avesta Olof Avelius \u00e4ktenskap.<br \/>\nAv <em>Michael Lundholm<\/em><\/li>\n<li>Fr\u00e5n adelsfr\u00f6ken till bondhustru \u2013 om kapten Arvid Eketr\u00e4s dotter Christinas levnads\u00f6den i Tveta och Fagerhults socknar i Sm\u00e5land.<br \/>\nAv Nichlas Malmdahl<\/li>\n<li>N\u00e5gra m\u00e4nnisko\u00f6den p\u00e5 b\u00e5da sidorna av Atlanten \u2013 medlemmar av familjerna Bodlund\/Bolund och Str\u00f6mberg i Nederkalix emigrerade till Chicago.<br \/>\nAv <em>Janne Nilsson<\/em><\/li>\n<li>Ingeborg Nilsdotters efterkommande med namnen M\u00f6rck, M\u00f6rckendahl och Leijondahl.<br \/>\nAv <em>Olle Elm<\/em><\/li>\n<li>Minnesruna Tomas Risbecker (1938-2020)<\/li>\n<\/ul>\n<div class=\"entry-content\">\n<h1><span style=\"color: #0000ff;\"><strong>2020:1<\/strong><\/span><\/h1>\n<ul>\n<li>M\u00e4ssingsbruksarbetarsl\u00e4kten Kohn.<br \/>\nAv <em>Michael Lundholm<\/em><\/li>\n<li>Gift med en &#8221;bonde-dotter&#8221; \u2013 om Kristina Jakobsdotter (ca 1775-1821) i H\u00f6gby som gifte in sig i sl\u00e4kten Harmens.<br \/>\nAv <em>Nichlas Malmdahl<br \/>\n<\/em><\/li>\n<\/ul>\n<p><strong>Recensioner<\/strong><br \/>\nPer Andersson: <em>Sveriges kungasl\u00e4kt<\/em><br \/>\n(Recension av G\u00f6ran Sandberg)<\/p>\n<p>G\u00f6sta Maijgren: <em>Dalar\u00f6lotsar<\/em><br \/>\n(Recension av Martin Edg\u00e9lius)<\/p>\n<p>S. Bertil Olsson och Karl-Magnus Johansson (red.): <em>Sverige och svenskarna i den ostindiska handeln \u2013 II.<\/em><br \/>\n(Recension av Magnus B\u00e4ckmark)<\/p>\n<p><strong>Kompletteringar och r\u00e4ttelser till tryckta arbeten<\/strong><\/p>\n<\/div>\n","protected":false},"excerpt":{"rendered":"<p>Flera nummer kan \u00e4ven inneh\u00e5lla kompletteringar och r\u00e4ttelser till genealogiska arbeten, med mera. Inneh\u00e5ll 2024 SoH 2024:2 Nytt ljus \u00f6ver Claes Brun i Kung\u00e4lv och hans bror Marco de Broen i Amsterdam under 1600-talet. Av\u00a0Christer Rosenbahr Vad tv\u00e5 d\u00f6dsannonser kan ber\u00e4tta \u2013 om en bortgl\u00f6md gren i sl\u00e4kten F\u00fcrth. Av Thomas F\u00fcrth Fotojakten tog fyrtio &#8230; <a title=\"Inneh\u00e5llsf\u00f6rteckning f\u00f6r Sl\u00e4kt och H\u00e4vd 2020-2029\" class=\"read-more\" href=\"https:\/\/www.genealogi.net\/nova\/innehallsforteckning-for-slakt-och-havd-2020-2029\/\" aria-label=\"L\u00e4s mer om Inneh\u00e5llsf\u00f6rteckning f\u00f6r Sl\u00e4kt och H\u00e4vd 2020-2029\">L\u00e4s mer<\/a><\/p>\n","protected":false},"author":2,"featured_media":13527,"parent":0,"menu_order":0,"comment_status":"closed","ping_status":"closed","template":"","meta":{"footnotes":""},"class_list":["post-13161","page","type-page","status-publish","has-post-thumbnail"],"_links":{"self":[{"href":"https:\/\/www.genealogi.net\/nova\/wp-json\/wp\/v2\/pages\/13161","targetHints":{"allow":["GET"]}}],"collection":[{"href":"https:\/\/www.genealogi.net\/nova\/wp-json\/wp\/v2\/pages"}],"about":[{"href":"https:\/\/www.genealogi.net\/nova\/wp-json\/wp\/v2\/types\/page"}],"author":[{"embeddable":true,"href":"https:\/\/www.genealogi.net\/nova\/wp-json\/wp\/v2\/users\/2"}],"replies":[{"embeddable":true,"href":"https:\/\/www.genealogi.net\/nova\/wp-json\/wp\/v2\/comments?post=13161"}],"version-history":[{"count":0,"href":"https:\/\/www.genealogi.net\/nova\/wp-json\/wp\/v2\/pages\/13161\/revisions"}],"wp:featuredmedia":[{"embeddable":true,"href":"https:\/\/www.genealogi.net\/nova\/wp-json\/wp\/v2\/media\/13527"}],"wp:attachment":[{"href":"https:\/\/www.genealogi.net\/nova\/wp-json\/wp\/v2\/media?parent=13161"}],"curies":[{"name":"wp","href":"https:\/\/api.w.org\/{rel}","templated":true}]}}