{"id":13463,"date":"2020-10-26T23:45:02","date_gmt":"2020-10-26T21:45:02","guid":{"rendered":"https:\/\/www.genealogi.net\/?page_id=13463"},"modified":"2020-10-26T23:45:02","modified_gmt":"2020-10-26T21:45:02","slug":"fragor-och-svar-digitala-slaktforskardagen-24-oktober-2020-inrikes-pass","status":"publish","type":"page","link":"https:\/\/www.genealogi.net\/nova\/fragor-och-svar-digitala-slaktforskardagen-24-oktober-2020-inrikes-pass\/","title":{"rendered":"Fr\u00e5gor och svar digitala sl\u00e4ktforskardagen 24 oktober 2020 &#8211; Inrikes pass"},"content":{"rendered":"<p>Vi fick m\u00e5nga sp\u00e4nnande och bra fr\u00e5gor under f\u00f6redraget om Inrikes pass under den digitala sl\u00e4ktforskardagen 24 oktober 2020, fr\u00e5gor som vi inte hade m\u00f6jlighet att svara p\u00e5 i stunden men som du \u00e5terfinner h\u00e4r.<\/p>\n<p><em>Loggades passen i residensst\u00e4derna?<\/em><\/p>\n<p>Utf\u00e4rdade pass skrevs in i passjournaler d\u00e4r de utf\u00e4rdades. Uppvisade pass fick p\u00e5skrift normalt p\u00e5 baksidan av passet. Om reses\u00e4llskapet f\u00f6rpassades vidare, eller \u00e5ter, efter att ha n\u00e5tt resm\u00e5let, skrevs de in i samma journal, eller egen journal, d\u00e4r beslutet togs.<\/p>\n<p><em>En som d\u00f6mdes till f\u00e4ngelse kunde ju transporteras till ett f\u00e4ngelse var som helst i landet. Beh\u00f6vde f\u00e5ngarna pass f\u00f6r att kunna transporteras i f\u00e5ngtransporten?<\/em><\/p>\n<p>Ja, det utf\u00e4rdades f\u00e5ngpass f\u00f6r alla som transporterades med f\u00e5ngtransport. F\u00e5ngpassen \u00e5terfinns ibland i samma volym som utf\u00e4rdade vanliga pass, ibland i separata volymer eller arkivserier. I personregistret g\u00e5r det att s\u00f6ka p\u00e5 rollen &#8221;F\u00e5nge&#8221;.<\/p>\n<p><em>Jag undrar hur ofta ni l\u00e4gger upp nya poster? Jag har hittat 69 poster med personer fr\u00e5n Markaryd. Ska man beteckna det som klart eller kommer det mer?<\/em><\/p>\n<p>Poster l\u00e4ggs upp n\u00e4r de registreras. R\u00e4kna med att det kommer fler poster med personer fr\u00e5n Markaryd. Vi har stora m\u00e4ngder arkivmaterial kvar att b\u00e5de fotografera och registrera. En m\u00f6jlighet du har \u00e4r att som medlem l\u00e4gga in en st\u00e5ende s\u00f6kning p\u00e5 &#8221;Markaryd&#8221;, en s\u00e5 kallad &#8221;Favorit&#8221;. Du kan d\u00e5 v\u00e4lja att f\u00e5 ett e-brev hem n\u00e4r en s\u00e5dan registrering g\u00f6rs. Efter midnatt varje dygn st\u00e4ms medlemmarnas &#8221;Favoriter&#8221; av mot de nya registreringar som gjorts under dagen och e-brev skickas ut till de som har f\u00e5tt tr\u00e4ffar.<\/p>\n<p><em>Brand i Karlstad. Finns n\u00e5got s\u00f6kbart f\u00f6r mig?<\/em><\/p>\n<p>De kopior av originaljournalerna som \u00a0f\u00f6ljd av p\u00e5budet 1812 skickades till Justitiekanslern finns registrerade och t\u00e4cker stora delar av \u00e5ren 1813-1818. Landskanslierna runt om i landet var dessutom skyldiga att skicka utdrag ur sina passjournaler till landsh\u00f6vdingarna i de l\u00e4n dit man f\u00f6rpassat resn\u00e4rer. I den m\u00e5n s\u00e5dana utdrag har skickats och finns kvar, och i takt med att vi \u00e5terfinner dem i arkiven (inte alltid helt l\u00e4tt, och ganska tids\u00f6dande) s\u00e5 kommer det p\u00e5 sikt dyka upp fler resen\u00e4rer fr\u00e5n Karlstad och V\u00e4rmlands l\u00e4n. F\u00f6r n\u00e4rvarande har vi fotograferat av en s\u00e5dan handling som skickades till V\u00e4ster\u00e5s och V\u00e4stmanlands l\u00e4n och g\u00e4ller resen\u00e4rer som erh\u00f6ll sina pass i Karlstad januari-mars 1813. Slutligen dyker uppgifter om pass upp n\u00e4r en resen\u00e4r visade upp sitt pass p\u00e5 annan ort och d\u00e4r fick det p\u00e5skrivet f\u00f6r fortsatt resa. N\u00e4r en resen\u00e4r med ett pass utf\u00e4rdat i Karlstad till exempel visade upp detta i \u00d6rebro, och om b\u00e5de Karlstad och datum d\u00e5 passet utf\u00e4rdades finns angivet i \u00d6rebro-passjournalen, d\u00e5 registrerar vi resan fr\u00e5n Karlstad som en egen post (och resan fr\u00e5n \u00d6rebro och vidare som en annan post). S\u00e5 sammanfattningsvis&#8230; ja, pass utf\u00e4rdade i Karlstad tillkommer hela tiden, \u00e4ven om vi inte kan r\u00e4kna med att kunna rekonstruera hela de f\u00f6rlorade originaljournalerna.<\/p>\n<p><em>Var finns v\u00e4gkartan? (Karta med allm\u00e4nna v\u00e4gar och g\u00e4stgivareg\u00e5rdar fr\u00e5n 1700-talet)<\/em><\/p>\n<p><a href=\"https:\/\/www.genealogi.net\/nova\/medlem\/inrikes-pass\/historik\/vagvisare-fran-1700-talet\/\" target=\"_blank\" rel=\"noopener\">https:\/\/www.genealogi.net\/nova\/medlem\/inrikes-pass\/historik\/vagvisare-fran-1700-talet\/<\/a><\/p>\n<p><em>Omfattar ert arbete ocks\u00e5 knallarnas respass\/handelspass som var omfattande redan p\u00e5 1700-talet? Knallarna s\u00f6kte sina pass p\u00e5 magistraten i Bor\u00e5s.<\/em><\/p>\n<p>Ja, absolut g\u00f6r det det. Vi har hittils fotograferat passjournaler fr\u00e5n Bor\u00e5s magistrat f\u00f6r \u00e5ren 1824-1827 och registrering p\u00e5g\u00e5r. N\u00e5gra passjournaler fr\u00e5n 1700-talet k\u00e4nner vi dock inte till.<\/p>\n<p><em>F\u00f6r att f\u00e5 pass, beh\u00f6vde man \u00e5ka en l\u00e4ngre bit d\u00e5? Allts\u00e5 inte mellan tv\u00e5 byar som l\u00e5g ganska n\u00e4ra varandra om man till exempel skulle jobba som dr\u00e4ng eller piga?<\/em><\/p>\n<p>Tack f\u00f6r viktig fr\u00e5ga! Fr\u00e5gan \u00e4r lite klurig att svara p\u00e5 f\u00f6r n\u00e5got enkelt svar finns inte. I det kungliga p\u00e5budet fr\u00e5n 1812 anges att undantag fr\u00e5n passkravet g\u00e4llde &#8221;de, som til sina personer \u00e4ro allm\u00e4nt k\u00e4nde i den ort, der resan sker.&#8221; Med det g\u00e5r det nog att s\u00e4ga att din gissning \u00e4r mitt i prick. Vardagliga resor till grannsocknar och vardagliga yrkesm\u00e4ssiga resor kr\u00e4vde inte pass men s\u00e5 fort man reste l\u00e4ngre, eller om man reste runt i l\u00e4net, till exempel till marknader eller som lumpsamlare, s\u00e5 kr\u00e4vdes pass.<\/p>\n<p><em>Har ni n\u00e5gon aning om f\u00f6rdelning kvinnor och m\u00e4n som var resande?<\/em><\/p>\n<p>Vi har ingen statistik p\u00e5 det. Ett hastigt f\u00f6rs\u00f6k h\u00e4r och nu till uppskattning ger ungef\u00e4r 20-25% kvinnliga resen\u00e4rer som \u00e4r registrerade i eget namn. D\u00e4rtill kommer att m\u00e5nga reste tillsammans med mannen p\u00e5 hans pass. Om de d\u00e5 har noterats endast som &#8221;hustru&#8221; s\u00e5 har de ingen egen registrering.<\/p>\n<p><em>I n\u00e5gon f\u00f6rsamling finns bilagor till inflyttningsl\u00e4ngden. \u00c4r det inrikes pass?<\/em><\/p>\n<p>Bilagor till inflyttningsl\u00e4ngden \u00e4r inte inrikes pass. Men din fr\u00e5ga \u00e4r viktig, eftersom ett pass f\u00f6r en specifik resa i grunden inte \u00e4ndrade skattskrivningsorten, vilket d\u00e4remot en flytt gjorde. Den som reste skulle komma tillbaks. Om n\u00e5gon reste till annan ort f\u00f6r att s\u00f6ka jobb d\u00e4remot, s\u00e5 skulle vederb\u00f6rande \u00e4ven ha med sig pr\u00e4stbevis i samband med flytten. Det \u00e4r dessa pr\u00e4stbevis som finns samlade som bilagor till inflyttningsl\u00e4ngden.<\/p>\n<p>Med detta sagt finns det i kyrkoarkiv i Dalarna, d\u00e4rifr\u00e5n m\u00e5nga ju arbetsvandrade, flera flyttl\u00e4ngder som i praktiken \u00e4r passlistor. Kyrkoherdar d\u00e4r hade specialtillst\u00e5nd att utf\u00e4rda en motsvarighet till pass, s\u00e5 kallade allmogebevis.<\/p>\n<p><em>Om man inte \u00e4r s\u00e5 l\u00e4ss\u00e4ker men ser saker som beh\u00f6ver korrigeras i vissa poster \u2013 ska man g\u00e5 med som registrerare d\u00e5 eller bara uppm\u00e4rksamma n\u00e5gon av er p\u00e5 det?<\/em><\/p>\n<p>Vi \u00e4r j\u00e4ttetacksamma f\u00f6r r\u00e4ttelser. Skicka dem per e-post till &lt;inrikespass at genealogi punkt net&gt;.<\/p>\n","protected":false},"excerpt":{"rendered":"<p>Vi fick m\u00e5nga sp\u00e4nnande och bra fr\u00e5gor under f\u00f6redraget om Inrikes pass under den digitala sl\u00e4ktforskardagen 24 oktober 2020, fr\u00e5gor som vi inte hade m\u00f6jlighet att svara p\u00e5 i stunden men som du \u00e5terfinner h\u00e4r. Loggades passen i residensst\u00e4derna? Utf\u00e4rdade pass skrevs in i passjournaler d\u00e4r de utf\u00e4rdades. Uppvisade pass fick p\u00e5skrift normalt p\u00e5 baksidan &#8230; <a title=\"Fr\u00e5gor och svar digitala sl\u00e4ktforskardagen 24 oktober 2020 &#8211; Inrikes pass\" class=\"read-more\" href=\"https:\/\/www.genealogi.net\/nova\/fragor-och-svar-digitala-slaktforskardagen-24-oktober-2020-inrikes-pass\/\" aria-label=\"L\u00e4s mer om Fr\u00e5gor och svar digitala sl\u00e4ktforskardagen 24 oktober 2020 &#8211; Inrikes pass\">L\u00e4s mer<\/a><\/p>\n","protected":false},"author":2,"featured_media":0,"parent":0,"menu_order":0,"comment_status":"closed","ping_status":"closed","template":"","meta":{"footnotes":""},"class_list":["post-13463","page","type-page","status-publish"],"_links":{"self":[{"href":"https:\/\/www.genealogi.net\/nova\/wp-json\/wp\/v2\/pages\/13463","targetHints":{"allow":["GET"]}}],"collection":[{"href":"https:\/\/www.genealogi.net\/nova\/wp-json\/wp\/v2\/pages"}],"about":[{"href":"https:\/\/www.genealogi.net\/nova\/wp-json\/wp\/v2\/types\/page"}],"author":[{"embeddable":true,"href":"https:\/\/www.genealogi.net\/nova\/wp-json\/wp\/v2\/users\/2"}],"replies":[{"embeddable":true,"href":"https:\/\/www.genealogi.net\/nova\/wp-json\/wp\/v2\/comments?post=13463"}],"version-history":[{"count":0,"href":"https:\/\/www.genealogi.net\/nova\/wp-json\/wp\/v2\/pages\/13463\/revisions"}],"wp:attachment":[{"href":"https:\/\/www.genealogi.net\/nova\/wp-json\/wp\/v2\/media?parent=13463"}],"curies":[{"name":"wp","href":"https:\/\/api.w.org\/{rel}","templated":true}]}}