{"id":13574,"date":"2020-12-16T11:59:10","date_gmt":"2020-12-16T09:59:10","guid":{"rendered":"https:\/\/www.genealogi.net\/?page_id=13574"},"modified":"2020-12-16T11:59:10","modified_gmt":"2020-12-16T09:59:10","slug":"program-varen-2021","status":"publish","type":"page","link":"https:\/\/www.genealogi.net\/nova\/program-varen-2021\/","title":{"rendered":"Program v\u00e5ren 2021"},"content":{"rendered":"<p>Genealogiska F\u00f6reningen h\u00e4lsar dig v\u00e4lkommen till v\u00e5rens arrangemang, som kommer att \u00e4ga rum via Zoom tills vidare. L\u00e4nkar till respektive evenemang kommer att finnas p\u00e5 <a href=\"https:\/\/www.genealogi.net\/nova\/medlem\/\">medlemssidorna<\/a>.<\/p>\n<p>V\u00e5ra evenemang \u00e4r<strong> \u00f6ppna f\u00f6r alla<\/strong> och <strong>samtliga \u00e4r gratis f\u00f6r medlemmar<\/strong>. Icke medlemmar kan delta gratis i vissa evenemang och kan f\u00f6r 50 kronor k\u00f6pa biljett f\u00f6r att delta i andra. Biljetter k\u00f6ps i <a href=\"https:\/\/gfsupersok.se\/\">sl\u00e4ktforskarbutiken<\/a>.<\/p>\n<p><strong>23 december\u00a0\u2013 6 januari:\u00a0Digitalt \u00f6ppet hus<\/strong> d\u00e4r \u00e4ven icke medlemmar kan s\u00f6ka i v\u00e5ra databaser Familjenotiser och Inrikes pass samt f\u00e5 tillg\u00e5ng till vissa av v\u00e5ra filmer. Mer information kommer vecka 51.<\/p>\n<p><strong>14 januari:\u00a0<\/strong>Sl\u00e4ktforskarkaf\u00e9 med\u00a0<em>tema DNA<\/em>\u00a0&#8211;<em> snabba sl\u00e4kttr\u00e4d<\/em> under ledning av Christer Carmevik.<\/p>\n<p><strong>16 januari:<\/strong>\u00a0Sl\u00e4ktforskningens dag med tema\u00a0<em>Samh\u00e4llets skuggsida i arkivens ljus<\/em>. Digitalt \u00f6ppet hus.<\/p>\n<p><strong>23 januari:<\/strong>\u00a0<strong>GF:s \u00e5rliga sl\u00e4ktforskarseminarium. Uppskjutet tillsvidare eventuellt till n\u00e4sta \u00e5r.<\/strong><\/p>\n<p><strong>28 januari:\u00a0<\/strong><em>Sl\u00e4ktforskarkaf\u00e9 med Olle &amp; Michael<\/em> under ledning av Michael Lundholm och Olle Elm. Gratis \u00e4ven f\u00f6r icke medlemmar.<\/p>\n<p><strong>11 februari:\u00a0<\/strong>Sl\u00e4ktforskarkaf\u00e9 med tema\u00a0<em>Fotografier och portr\u00e4ttarkiv<\/em>.<\/p>\n<p><strong>20 februari:<\/strong>\u00a0Temal\u00f6rdag:\u00a0<em>Sociala institutioner\u00a0\u2013 sjukv\u00e5rd, institutioner, barnhusbarn<\/em>.<\/p>\n<p><strong>25 februari:\u00a0<\/strong><em>Sl\u00e4ktforskarkaf\u00e9 med Olle &amp; Michael<\/em> under ledning av Michael Lundholm och Olle Elm. Gratis \u00e4ven f\u00f6r icke medlemmar.<\/p>\n<p><strong>11 mars:<\/strong> Sl\u00e4ktforskarkaf\u00e9 med\u00a0<em>tema DNA\u00a0<\/em>under ledning av Christer Carmevik.<\/p>\n<p><strong>20 mars:<\/strong>\u00a0Temal\u00f6rdag:\u00a0<em>Hur g\u00f6r man en sl\u00e4ktbok?\u00a0<\/em>under ledning av Kurt Hultgren och Nichlas Malmdahl.<\/p>\n<p><strong>25 mars:<\/strong>\u00a0Sl\u00e4ktforskarkaf\u00e9 med tema\u00a0<em>Stockholm<\/em>\u00a0under ledning av Thomas F\u00fcrth och Malle Caesar.<\/p>\n<p><strong>17 april:<\/strong>\u00a0<strong>Digital sl\u00e4ktforskardag<\/strong> i samarbete med andra riksf\u00f6reningar.<\/p>\n<p><strong>22 april:<\/strong>\u00a0<em>Sl\u00e4ktforskarkaf\u00e9 med Olle &amp; Michael<\/em> under ledning av Michael Lundholm och Olle Elm.\u00a0Gratis \u00e4ven f\u00f6r icke medlemmar.<\/p>\n<p><strong>24 april:<\/strong>\u00a0<strong>F\u00f6reningsst\u00e4mma.<\/strong><\/p>\n<p><strong>6 maj:<\/strong>\u00a0Sl\u00e4ktforskarkaf\u00e9 med\u00a0<em>tema DNA<\/em>\u00a0under ledning av Christer Carmevik.<\/p>\n<p><strong>20 maj:<\/strong>\u00a0<em>Sl\u00e4ktforskarkaf\u00e9\u00a0med\u00a0Olle &amp; Michael<\/em> under ledning av Michael Lundholm och Olle Elm.\u00a0Gratis \u00e4ven f\u00f6r icke medlemmar.<\/p>\n<p><strong>17 juni:<\/strong>\u00a0<em>Sl\u00e4ktforskarkaf\u00e9 med Olle &amp; Michael<\/em> under ledning av Michael Lundholm och Olle Elm.\u00a0Gratis \u00e4ven f\u00f6r icke medlemmar.<\/p>\n<p>Tidpunkter \u00e4r klockan 18.30-20.00 f\u00f6r aktiviteter p\u00e5 torsdagar samt klockan 10.30-14.30 p\u00e5 temal\u00f6rdagar.<\/p>\n<p><strong>Varmt v\u00e4lkommen till Genealogiska F\u00f6reningen!<\/strong><\/p>\n<p>&nbsp;<\/p>\n","protected":false},"excerpt":{"rendered":"<p>Genealogiska F\u00f6reningen h\u00e4lsar dig v\u00e4lkommen till v\u00e5rens arrangemang, som kommer att \u00e4ga rum via Zoom tills vidare. L\u00e4nkar till respektive evenemang kommer att finnas p\u00e5 medlemssidorna. V\u00e5ra evenemang \u00e4r \u00f6ppna f\u00f6r alla och samtliga \u00e4r gratis f\u00f6r medlemmar. Icke medlemmar kan delta gratis i vissa evenemang och kan f\u00f6r 50 kronor k\u00f6pa biljett f\u00f6r att &#8230; <a title=\"Program v\u00e5ren 2021\" class=\"read-more\" href=\"https:\/\/www.genealogi.net\/nova\/program-varen-2021\/\" aria-label=\"L\u00e4s mer om Program v\u00e5ren 2021\">L\u00e4s mer<\/a><\/p>\n","protected":false},"author":2,"featured_media":0,"parent":0,"menu_order":0,"comment_status":"closed","ping_status":"closed","template":"","meta":{"footnotes":""},"class_list":["post-13574","page","type-page","status-publish"],"_links":{"self":[{"href":"https:\/\/www.genealogi.net\/nova\/wp-json\/wp\/v2\/pages\/13574","targetHints":{"allow":["GET"]}}],"collection":[{"href":"https:\/\/www.genealogi.net\/nova\/wp-json\/wp\/v2\/pages"}],"about":[{"href":"https:\/\/www.genealogi.net\/nova\/wp-json\/wp\/v2\/types\/page"}],"author":[{"embeddable":true,"href":"https:\/\/www.genealogi.net\/nova\/wp-json\/wp\/v2\/users\/2"}],"replies":[{"embeddable":true,"href":"https:\/\/www.genealogi.net\/nova\/wp-json\/wp\/v2\/comments?post=13574"}],"version-history":[{"count":0,"href":"https:\/\/www.genealogi.net\/nova\/wp-json\/wp\/v2\/pages\/13574\/revisions"}],"wp:attachment":[{"href":"https:\/\/www.genealogi.net\/nova\/wp-json\/wp\/v2\/media?parent=13574"}],"curies":[{"name":"wp","href":"https:\/\/api.w.org\/{rel}","templated":true}]}}