{"id":13843,"date":"2021-07-19T15:48:11","date_gmt":"2021-07-19T13:48:11","guid":{"rendered":"https:\/\/www.genealogi.net\/?page_id=13843"},"modified":"2021-07-19T15:48:11","modified_gmt":"2021-07-19T13:48:11","slug":"slaktforskardagarna-2021","status":"publish","type":"page","link":"https:\/\/www.genealogi.net\/nova\/slaktforskardagarna-2021\/","title":{"rendered":"GF p\u00e5 sl\u00e4ktforskardagarna 2021"},"content":{"rendered":"\n<p>V\u00e4lkommen till de digitala sl\u00e4ktforskardagarna 11-12 september 2021!<\/p>\n\n\n\n<p>Genealogiska F\u00f6reningens program<\/p>\n\n\n\n<p><\/p>\n\n\n\n<h2 class=\"wp-block-heading\">15 AUGUSTI &#8211; 14 NOVEMBER<\/h2>\n\n\n\n<p> <a href=\"https:\/\/www.genealogi.net\/nova\/uppvarmningen-infor-slaktforskardagarna-2021\/\" data-type=\"page\"><strong>Klicka h\u00e4r f\u00f6r att ta del av filmade f\u00f6redrag som du kan ta del av fr\u00e5n 15\/8 &#8211; 14\/11<\/strong><\/a>.<\/p>\n\n\n\n<h2 class=\"wp-block-heading\">11 &#8211; 12 SEPTEMBER<\/h2>\n\n\n\n<p>Under Sl\u00e4ktforskardagarna 11\u201312 september h\u00e5ller vi tv\u00e5 parallella sessioner p\u00e5 Zoom b\u00e5da dagarna. I <strong>F\u00f6redrag <\/strong>hittar du v\u00e5ra f\u00f6redrag och sl\u00e4ktforskarkaf\u00e9er. I <strong>\u00d6ppen monter <\/strong>hittar du oss fr\u00e5n GF som svarar p\u00e5 fr\u00e5gor om verksamheten, medlemskap, v\u00e5ra erbjudanden och produkter samt sl\u00e4ktforskning allm\u00e4nt. <strong><em><a href=\"https:\/\/www.youtube.com\/c\/GenealogiskaF%C3%B6reningen\/\">De filmade f\u00f6redragen och presentationerna nedan kan du se p\u00e5 Genealogiska F\u00f6reningens \u00f6ppna Youtube-kanal, youtube.com\/genealogiskaforeningen.<\/a><\/em><\/strong><br \/><br \/>Under b\u00e5da dagarna kan du s\u00f6ka i flera av <strong>GF:s\u00a0databaser<\/strong>\u00a0som vi \u00f6ppnar upp \u00e4ven f\u00f6r icke medlemmar. F\u00f6rst beh\u00f6ver du skapa ett g\u00e4stkonto och sedan kan du botanisera fr\u00e5n den 11 september kl 00.01. Du kan bland annat s\u00f6ka i databaserna f\u00f6r Inrikes pass, Familjenotiser i tidningarna SvD\/DN (1936-1990), Dalsl\u00e4nningen (1960-1999), Post- och inrikes Tidningar (1760-1859), G\u00f6theborgs Nyheter (1765-1848), Norrk\u00f6pings Tidningar (1758-1800), Lunds Weckoblad (1775-1851), Stockholms Weckoblad (1745-1776) samt Skolmatriklar. En introduktion till databaserna f\u00e5r du den 11 september kl 9.00-10.20 som f\u00f6rsta punkt i v\u00e5rt f\u00f6rel\u00e4sningsprogram. <\/p>\n\n\n\n<h2 class=\"wp-block-heading\">11 SEPTEMBER<\/h2>\n\n\n\n<div class=\"wp-block-columns is-layout-flex wp-container-core-columns-is-layout-9d6595d7 wp-block-columns-is-layout-flex\">\n<div class=\"wp-block-column is-layout-flow wp-block-column-is-layout-flow\">\n<figure class=\"wp-block-table is-style-stripes\"><table><tbody><tr><td><strong>Tid<\/strong><\/td><td><strong>F\u00f6redrag<\/strong><\/td><\/tr><tr><td>9.00\u201310.20<\/td><td>GFs databaser<br \/><em>Johan Lagerros och Malle Caesar<\/em> (l\u00e4nk till f\u00f6redraget)<\/td><\/tr><tr><td>10.30\u201311.50<\/td><td>Presentation av GFs produkter (urval)<br \/><em>Jan Appelquist och Michael Lundholm<\/em> (l\u00e4nk till f\u00f6redraget)<\/td><\/tr><tr><td><\/td><td><strong>Lunch<\/strong><\/td><\/tr><tr><td>13.00\u201314.20<\/td><td>GFs Uppdragsforskning<br \/><em>Edit Holmqvist<\/em> <em>och Chris Bingefors<\/em> (l\u00e4nk till f\u00f6redraget)<\/td><\/tr><tr><td>14.30\u201315.50<\/td><td>Sl\u00e4ktforskarkaf\u00e9 med Olle och Michael: Broar och bojar<br \/><em>Olle Elm och Michael Lundholm<\/em><br \/>(l\u00e4nk till f\u00f6redraget)<\/td><\/tr><\/tbody><\/table><\/figure>\n<\/div>\n\n\n\n<div class=\"wp-block-column is-layout-flow wp-block-column-is-layout-flow\">\n<figure class=\"wp-block-table is-style-stripes\"><table><tbody><tr><td><strong>Tid<\/strong><\/td><td><strong>\u00d6ppen monter<\/strong><\/td><\/tr><tr><td>09.00\u201309.40<\/td><td>Fr\u00e5ga GF<br \/>(l\u00e4nk till monterm\u00f6tet)<br \/>.<\/td><\/tr><tr><td>10.30\u201311.10<br \/><\/td><td>Fr\u00e5ga GF<br \/>(l\u00e4nk till monterm\u00f6tet)<br \/>.<br \/>.<\/td><\/tr><tr><td><\/td><td><strong>Lunch<\/strong><\/td><\/tr><tr><td>13.00\u201313.40<\/td><td>Fr\u00e5ga GF<br \/>(l\u00e4nk till monterm\u00f6tet)<br \/>.<\/td><\/tr><tr><td>14.30\u201315.10<\/td><td>Fr\u00e5ga GF<br \/>(l\u00e4nk till monterm\u00f6tet)<br \/>.<br \/>.<br \/>.<\/td><\/tr><\/tbody><\/table><\/figure>\n<\/div>\n<\/div>\n\n\n\n<h2 class=\"wp-block-heading\">12 SEPTEMBER<\/h2>\n\n\n\n<div class=\"wp-block-columns is-layout-flex wp-container-core-columns-is-layout-9d6595d7 wp-block-columns-is-layout-flex\">\n<div class=\"wp-block-column is-layout-flow wp-block-column-is-layout-flow\">\n<figure class=\"wp-block-table is-style-stripes\"><table><tbody><tr><td><strong>Tid<\/strong><\/td><td><strong>F\u00f6redrag<\/strong><\/td><\/tr><tr><td>9.00\u201310.20<\/td><td>Sl\u00e4ktforskarkaf\u00e9: DNA<br \/><em>Christer Carmevik<\/em><br \/>(l\u00e4nk till f\u00f6redraget)<\/td><\/tr><tr><td>10.30\u201311.50<\/td><td>Inrikes pass<br \/><em>Hans Hanner och Mats Johansson<\/em><br \/>(l\u00e4nk till f\u00f6redraget)<\/td><\/tr><tr><td><\/td><td><strong>Lunch<\/strong><\/td><\/tr><tr><td>13.00\u201314.20<\/td><td>Sl\u00e4ktforska i Europa<br \/><em>Thomas F\u00fcrth och H D Grahl<\/em><br \/>(l\u00e4nk till f\u00f6redraget)<\/td><\/tr><tr><td>14.30\u201315.50<\/td><td>Presentation av GFs bibliotek<br \/><em>Mats Lundell<\/em> <em>och H D Grahl<\/em><br \/>(l\u00e4nk till f\u00f6redraget)<\/td><\/tr><\/tbody><\/table><\/figure>\n<\/div>\n\n\n\n<div class=\"wp-block-column is-layout-flow wp-block-column-is-layout-flow\">\n<figure class=\"wp-block-table is-style-stripes\"><table><tbody><tr><td><strong>Tid<\/strong><\/td><td><strong>\u00d6ppen monter<\/strong><\/td><\/tr><tr><td>09.00\u201309.40<\/td><td>Fr\u00e5ga GF<br \/>(l\u00e4nk till monterm\u00f6tet)<br \/>.<\/td><\/tr><tr><td>10.30\u201311.10<\/td><td>Fr\u00e5ga GF<br \/>(l\u00e4nk till monterm\u00f6tet)<br \/>.<br \/>.<\/td><\/tr><tr><td><\/td><td><strong>Lunch<\/strong><\/td><\/tr><tr><td>13.00\u201313.40<\/td><td>Fr\u00e5ga GF<br \/>(l\u00e4nk till monterm\u00f6tet).<br \/>.<\/td><\/tr><tr><td>14.30\u201315.10<\/td><td>Fr\u00e5ga GF<br \/>(l\u00e4nk till monterm\u00f6tet)<br \/>.<br \/>.<\/td><\/tr><\/tbody><\/table><\/figure>\n<\/div>\n<\/div>\n","protected":false},"excerpt":{"rendered":"<p>V\u00e4lkommen till de digitala sl\u00e4ktforskardagarna 11-12 september 2021! Genealogiska F\u00f6reningens program 15 AUGUSTI &#8211; 14 NOVEMBER Klicka h\u00e4r f\u00f6r att ta del av filmade f\u00f6redrag som du kan ta del av fr\u00e5n 15\/8 &#8211; 14\/11. 11 &#8211; 12 SEPTEMBER Under Sl\u00e4ktforskardagarna 11\u201312 september h\u00e5ller vi tv\u00e5 parallella sessioner p\u00e5 Zoom b\u00e5da dagarna. I F\u00f6redrag hittar &#8230; <a title=\"GF p\u00e5 sl\u00e4ktforskardagarna 2021\" class=\"read-more\" href=\"https:\/\/www.genealogi.net\/nova\/slaktforskardagarna-2021\/\" aria-label=\"L\u00e4s mer om GF p\u00e5 sl\u00e4ktforskardagarna 2021\">L\u00e4s mer<\/a><\/p>\n","protected":false},"author":2,"featured_media":13869,"parent":0,"menu_order":0,"comment_status":"closed","ping_status":"closed","template":"sidebar-page.php","meta":{"footnotes":""},"class_list":["post-13843","page","type-page","status-publish","has-post-thumbnail"],"_links":{"self":[{"href":"https:\/\/www.genealogi.net\/nova\/wp-json\/wp\/v2\/pages\/13843","targetHints":{"allow":["GET"]}}],"collection":[{"href":"https:\/\/www.genealogi.net\/nova\/wp-json\/wp\/v2\/pages"}],"about":[{"href":"https:\/\/www.genealogi.net\/nova\/wp-json\/wp\/v2\/types\/page"}],"author":[{"embeddable":true,"href":"https:\/\/www.genealogi.net\/nova\/wp-json\/wp\/v2\/users\/2"}],"replies":[{"embeddable":true,"href":"https:\/\/www.genealogi.net\/nova\/wp-json\/wp\/v2\/comments?post=13843"}],"version-history":[{"count":0,"href":"https:\/\/www.genealogi.net\/nova\/wp-json\/wp\/v2\/pages\/13843\/revisions"}],"wp:featuredmedia":[{"embeddable":true,"href":"https:\/\/www.genealogi.net\/nova\/wp-json\/wp\/v2\/media\/13869"}],"wp:attachment":[{"href":"https:\/\/www.genealogi.net\/nova\/wp-json\/wp\/v2\/media?parent=13843"}],"curies":[{"name":"wp","href":"https:\/\/api.w.org\/{rel}","templated":true}]}}