{"id":13857,"date":"2021-07-19T16:39:28","date_gmt":"2021-07-19T14:39:28","guid":{"rendered":"https:\/\/www.genealogi.net\/?page_id=13857"},"modified":"2021-07-19T16:39:28","modified_gmt":"2021-07-19T14:39:28","slug":"uppvarmningen-infor-slaktforskardagarna-2021","status":"publish","type":"page","link":"https:\/\/www.genealogi.net\/nova\/uppvarmningen-infor-slaktforskardagarna-2021\/","title":{"rendered":"V\u00e4lkommen till sl\u00e4ktforskardagarna 11-12 september!"},"content":{"rendered":"\n<p>Den 11\u201312 september 2021 g\u00e5r \u00e5rets sl\u00e4ktforskardagar av stapeln. I \u00e5r \u00e4r de helt digitala och huvudarrang\u00f6r \u00e4r G\u00f6teborgsRegionens Sl\u00e4ktforskare. H\u00e4r hittar du sl\u00e4ktforskardagarnas <a href=\"https:\/\/sfd2021.se\/program1\/\"><strong>hemsida<\/strong><\/a> och <a href=\"https:\/\/sfd2021.se\/program1\/\"><strong>program<\/strong><\/a> och var du kan k\u00f6pa <a href=\"https:\/\/sfd2021.se\/biljetter\/\"><strong>biljetter<\/strong><\/a>.<\/p>\n\n\n\n<p>Under b\u00e5de l\u00f6rdagen och s\u00f6ndagen kan du lyssna till Genealogiska F\u00f6reningens <strong>f\u00f6rel\u00e4sningar.<\/strong> B\u00e5da dagarna har vi ocks\u00e5 en <strong>bemannad digital monter<\/strong> d\u00e4r du kan tr\u00e4ffa och st\u00e4lla fr\u00e5gor om f\u00f6reningen, verksamheten, databaserna eller sl\u00e4ktforskning till oss volont\u00e4rer och styrelseledam\u00f6ter i f\u00f6reningen. \u00c5rets h\u00f6jdpunkt \u00e4r ju n\u00e4r vi tr\u00e4ffar trevliga sl\u00e4ktforskare i v\u00e5r monter p\u00e5 sl\u00e4ktforskardagarna.<strong> <a href=\"https:\/\/www.genealogi.net\/nova\/slaktforskardagarna-2021\/\">F\u00f6rel\u00e4sningsprogram hittar du h\u00e4r<\/a><\/strong>. P\u00e5 Genealogiska F\u00f6reningens <a href=\"https:\/\/www.youtube.com\/c\/GenealogiskaF%C3%B6reningen\/\"><strong>\u00f6ppna Youtube-kanal <\/strong><\/a>hittar du de filmade f\u00f6redragen och presentationerna.<\/p>\n\n\n\n<p>I Genealogiska F\u00f6reningens \u00f6ppna&nbsp;<a href=\"https:\/\/www.youtube.com\/channel\/UC3f_TcdGRvCZ7ho_cQRlMFA\">Youtube-kanal<\/a>&nbsp;och p\u00e5&nbsp;<a href=\"https:\/\/www.genealogi.net\/nova\/\">hemsidan<\/a>&nbsp;hittar du mer information om f\u00f6reningens verksamhet, databaser, v\u00e5ra p\u00e5g\u00e5ende projekt och sl\u00e4ktforskarprodukter som vi har tagit fram och som kan k\u00f6pas i&nbsp;<a href=\"https:\/\/gfsupersok.se\/\">sl\u00e4ktforskarbutiken<\/a>.<\/p>\n\n\n\n<p><strong>Erbjudanden under sl\u00e4ktforskardagarna<\/strong><\/p>\n\n\n\n<p><strong><em>Medlemserbjudande:<\/em><\/strong> Under 11\u201313 september kan l\u00f6sa medlemskap i f\u00f6reningen f\u00f6r resten av \u00e5ret <strong><em>f\u00f6r endast 100 kr<\/em><\/strong>! Du f\u00e5r d\u00e5 tillg\u00e5ng till alla v\u00e5ra databaser, arkiv och bibliotek, 200 filmade f\u00f6redrag p\u00e5 olika \u00e4mnen samt v\u00e5r medlemstidskrift Sl\u00e4kt och H\u00e4vd nr 2021:4. Du k\u00f6per medlemskap i <a href=\"https:\/\/gfsupersok.se\/#!\/medlemskap\"><strong>sl\u00e4ktforskarbutiken<\/strong>.<\/a><\/p>\n\n\n\n<p>Genealogiska F\u00f6reningens medlemmar har tillg\u00e5ng till en rad <strong>databaser p\u00e5 medlemssidorna<\/strong>. Under l\u00f6rdagen och s\u00f6ndagen \u00f6ppnar vi upp ett flertal av dem \u00e4ven f\u00f6r  icke medlemmar. Du kan d\u00e5 s\u00f6ka i databaserna Inrikes pass, Familjenotiser i tidningarna SvD\/DN (1936-1990), Dalsl\u00e4nningen (1960-1999), Post- och Inrikes tidningar (1760-1859), G\u00f6theborgs Nyheter (1765-1848), Lunds Weckoblad (1775-1851), Norrk\u00f6pings Tidningar (1758-1800), Stockholms Weckoblad (1745-1775) samt Skolmatriklar. P\u00e5 l\u00f6rdag kl 9 har vi den f\u00f6rsta f\u00f6rel\u00e4sningen och d\u00e5 presenterar vi v\u00e5ra databaser och hur man s\u00f6ker i dem.<\/p>\n\n\n\n<p><strong>Filmer att titta p\u00e5 <em>efter <\/em>sl\u00e4ktforskardagarna<\/strong><\/p>\n\n\n\n<p>Fr\u00e5n och med nu till och med den 14 november 2021 kan du som icke medlem avgiftsfritt titta p\u00e5 ett urval av Genealogiska F\u00f6reningens 200 filmade f\u00f6redrag. Du hittar l\u00e4nkarna nedan. De sl\u00e4ktforskarkaf\u00e9er som Genealogiska F\u00f6reningen arrangerade den 19 augusti (\u00f6ppna fr\u00e5gor) och 2 september (att s\u00f6ka en ok\u00e4nd far med DNA &#8211; steg f\u00f6r steg) kan du nu som medlem titta p\u00e5 i efterhand p\u00e5 <a href=\"https:\/\/www.genealogi.net\/nova\/medlem\/foredrag\/sok-bland-filmerna\/\">medlemssidorna<\/a>. Detta g\u00e4ller \u00e4ven de sex f\u00f6redrag p\u00e5 sl\u00e4ktforskarsymposiet om Lag och r\u00e4tt som anordnades i samarbete med Riddarhuset den 5 september.<\/p>\n\n\n\n<p><strong>Vi ses p\u00e5 sl\u00e4ktforskardagarna!<\/strong><\/p>\n\n\n\n<p><strong>Varmt v\u00e4lkommen till<\/strong> <a href=\"https:\/\/sfd2021-digital.se\/genealogiska-foreningen\/\"><strong>Genealogiska F\u00f6reningens digitala monter<\/strong><\/a><strong>!<\/strong><\/p>\n\n\n\n<p>Genealogiska F\u00f6reningen \u00f6ppnar h\u00e4r n\u00e5gra av sina filmade f\u00f6redrag f\u00f6r dig som deltagare i sl\u00e4ktforskardagarna. De \u00e4r n\u00e5gra av totalt 200 filmade f\u00f6redrag som medlemmar i Genealogiska F\u00f6reningen har tillg\u00e5ng till. <strong>Mycket n\u00f6je!<\/strong><\/p>\n\n\n\n<figure class=\"wp-block-embed is-type-video is-provider-youtube wp-block-embed-youtube wp-embed-aspect-16-9 wp-has-aspect-ratio\"><div class=\"wp-block-embed__wrapper\">\nhttps:\/\/www.youtube.com\/watch?v=FqiWoaon4Bg&#038;list=PLlx8yjFJohdXXdhs3RUmQZJTkg7Bc13BB&#038;index=1\n<\/div><\/figure>\n\n\n\n<p><strong>Bj\u00f6rn Axel Johansson &#8211; Fotografier i sl\u00e4ktforskningen o Svenskt Portr\u00e4ttarkiv<\/strong><br \/>Vid en mycket v\u00e4lbes\u00f6kt digital temakv\u00e4ll ber\u00e4ttade fotohistorikern Bj\u00f6rn Axel Johansson om Fotografier i sl\u00e4ktforskningen och Peter Heiberg ber\u00e4ttade om databasen Svenskt Portr\u00e4ttarkiv. F\u00f6redrag vid Genealogiska F\u00f6reningen 2021-02-11.<br \/><\/p>\n\n\n\n<figure class=\"wp-block-embed is-type-video is-provider-youtube wp-block-embed-youtube wp-embed-aspect-16-9 wp-has-aspect-ratio\"><div class=\"wp-block-embed__wrapper\">\nhttps:\/\/www.youtube.com\/watch?v=pvR2_TRqdjE&#038;list=PLlx8yjFJohdXXdhs3RUmQZJTkg7Bc13BB&#038;index=2&#038;t=12s\n<\/div><\/figure>\n\n\n\n<p>Vid \u00e5rets sista <strong>Sl\u00e4ktforskarkaf\u00e9 2020-11-26 med Olle &amp; Michael <\/strong>kunde man \u00e5terigen st\u00e4lla fria fr\u00e5gor och f\u00e5 svar fr\u00e5n kaf\u00e9v\u00e4rdarna Michael Lundholm och Olle Elm eller av n\u00e5gon av de \u00f6vriga deltagarna. \u00c4mnen som behandlades var: Efterlysningar i Polisunderr\u00e4ttelser. Hur f\u00e5 tag i sjukjournaler f\u00f6r avlidna? Hur hitta domar r\u00f6rande barnamord i Stralsund, svenska Pommern, p\u00e5 1760-talet? Rusth\u00e5llare och ryttare 1500-1600-tal. Var hittar man barnav\u00e5rdsakter med uppgift om ok\u00e4nd far? Beh\u00f6vdes pass n\u00e4r man reste fr\u00e5n Finland till Sverige p\u00e5 mitten av 1800-talet? Sjukdomsnamn. Bouppteckningar och fattigbevis.<br \/><\/p>\n\n\n\n<figure class=\"wp-block-embed is-type-video is-provider-youtube wp-block-embed-youtube wp-embed-aspect-16-9 wp-has-aspect-ratio\"><div class=\"wp-block-embed__wrapper\">\nhttps:\/\/www.youtube.com\/watch?v=SwyTAtF_ER0&#038;list=PLlx8yjFJohdXXdhs3RUmQZJTkg7Bc13BB&#038;index=3\n<\/div><\/figure>\n\n\n\n<p><strong>Kekke Stadin &#8211; Det titelsjuka 1800 talet<\/strong><br \/>Vid Genealogiska F\u00f6reningens temadag 2020-10-17 om Kvinnor i sl\u00e4ktforskningen h\u00f6lls tre f\u00f6redrag. Kekke Stadin, professor i historia, avslutade temadagen med att djupdyka i det titelsjuka 1800-talet \u2013 kvinnor och m\u00e4n och visitkulturen.<br \/><\/p>\n\n\n\n<figure class=\"wp-block-embed is-type-video is-provider-youtube wp-block-embed-youtube wp-embed-aspect-16-9 wp-has-aspect-ratio\"><div class=\"wp-block-embed__wrapper\">\nhttps:\/\/www.youtube.com\/watch?v=eC8mUxAfytA&#038;list=PLlx8yjFJohdXXdhs3RUmQZJTkg7Bc13BB&#038;index=4\n<\/div><\/figure>\n\n\n\n<p><strong>Mats Johansson<\/strong> ber\u00e4ttar om hur du s\u00f6ker i <strong>Polisunderr\u00e4ttelser 1878-1947 <\/strong>och vilken information du hittar i dem. F\u00f6redrag vid Genealogiska f\u00f6reningen 2019-12-07.<br \/><\/p>\n\n\n\n<figure class=\"wp-block-embed is-type-video is-provider-youtube wp-block-embed-youtube wp-embed-aspect-16-9 wp-has-aspect-ratio\"><div class=\"wp-block-embed__wrapper\">\nhttps:\/\/www.youtube.com\/watch?v=n8S8jjtcGjQ&#038;list=PLlx8yjFJohdXXdhs3RUmhttps:\/\/youtu.be\/eC8mUxAfytAQZJTkg7Bc13BB&#038;index=5\n<\/div><\/figure>\n\n\n\n<p><strong>Michael Lundholm<\/strong> ber\u00e4ttar om <strong>Ella Heckscher<\/strong>, som sl\u00e4ktforskare och aktiv i Genealogiska F\u00f6reningen. F\u00f6redrag vid Genealogiska F\u00f6reningen 2016-10-22.<br \/><\/p>\n\n\n\n<figure class=\"wp-block-embed is-type-video is-provider-youtube wp-block-embed-youtube wp-embed-aspect-16-9 wp-has-aspect-ratio\"><div class=\"wp-block-embed__wrapper\">\nhttps:\/\/www.youtube.com\/watch?v=fGDRVAsmzug&#038;list=PLlx8yjFJohdXXdhs3RUmQZJTkg7Bc13BB&#038;index=6\n<\/div><\/figure>\n\n\n\n<p><strong>Eivor Grafsund<\/strong> ber\u00e4ttar om hur man kan hitta <strong>ok\u00e4nda f\u00e4der <\/strong>i n\u00e5gra externa k\u00e4llor utanf\u00f6r kyrkb\u00f6ckerna. F\u00f6redrag vid Genealogiska F\u00f6reningen 2018-11-17.<br \/><\/p>\n\n\n\n<figure class=\"wp-block-embed is-type-video is-provider-youtube wp-block-embed-youtube wp-embed-aspect-16-9 wp-has-aspect-ratio\"><div class=\"wp-block-embed__wrapper\">\n<iframe loading=\"lazy\" title=\"Digitalisering av Inrikes pass\" width=\"1200\" height=\"675\" src=\"https:\/\/www.youtube.com\/embed\/_LAtUsSzdY0?list=PLlx8yjFJohdXXdhs3RUmQZJTkg7Bc13BB\" frameborder=\"0\" allow=\"accelerometer; autoplay; clipboard-write; encrypted-media; gyroscope; picture-in-picture; web-share\" referrerpolicy=\"strict-origin-when-cross-origin\" allowfullscreen><\/iframe>\n<\/div><\/figure>\n\n\n\n<p><strong>Hans Hanner<\/strong>, projektledare, och<strong> Mats Johansson<\/strong> ber\u00e4ttar om Genealogiska F\u00f6reningens projekt <strong>digitalisering av Inrikes pass <\/strong>vid digitala sl\u00e4ktforskardagen 2020-10-24. Som medlem i Genealogiska F\u00f6reningen f\u00e5r du tillg\u00e5ng till databasen med i dag 385 000 poster (augusti 2021). Indexeringen forts\u00e4tter och databasen fylls p\u00e5 l\u00f6pande.<br \/><\/p>\n\n\n\n<figure class=\"wp-block-embed is-type-video is-provider-youtube wp-block-embed-youtube wp-embed-aspect-16-9 wp-has-aspect-ratio\"><div class=\"wp-block-embed__wrapper\">\nhttps:\/\/www.youtube.com\/watch?v=Ch_V_XGENVU&#038;list=PLlx8yjFJohdXXdhs3RUmQZJTkg7Bc13BB&#038;index=8&#038;t=902s\n<\/div><\/figure>\n\n\n\n<p><strong>Mats Johansson<\/strong> ber\u00e4ttar utf\u00f6rligt om hur du s\u00f6ker dina <strong>soldatanor <\/strong>och vad du kan hitta i arkiven. F\u00f6redrag vid Genealogiska F\u00f6reningen 2017-09-09.<br \/><\/p>\n\n\n\n<figure class=\"wp-block-embed is-type-video is-provider-youtube wp-block-embed-youtube wp-embed-aspect-16-9 wp-has-aspect-ratio\"><div class=\"wp-block-embed__wrapper\">\nhttps:\/\/www.youtube.com\/watch?v=HhNgS0WfbH4&#038;list=PLlx8yjFJohdXXdhs3RUmQZJTkg7Bc13BB&#038;index=9\n<\/div><\/figure>\n\n\n\n<p>Vid sl\u00e4ktforskarkaf\u00e9et om att <strong>forska i Stockholm<\/strong> 2021-03-25 ber\u00e4ttar <strong>Thomas F\u00fcrth<\/strong> om hur man hittar fastighets\u00e4gare, bygglov och kartor och tipsar om om hur man hittar gamla bilder p\u00e5 fastigheter i stan. <strong>Malle Caesar<\/strong> presenterar GF:s nya s\u00f6kbara databas med d\u00f6da i Stockholm 1745-1776 fr\u00e5n Stockholms WeckoBlad. Vid kaf\u00e9et behandlas fr\u00e5gor om Ostindienfarare, perukmakare Billings ok\u00e4nde far som nu blev k\u00e4nd, adressb\u00f6cker och hur man hittar inflyttade som f\u00f6rsvinner i stadens vimmel genom kronotaxeringsl\u00e4ngder, register och dagstidningar.<br \/><\/p>\n\n\n\n<figure class=\"wp-block-embed is-type-video is-provider-youtube wp-block-embed-youtube wp-embed-aspect-16-9 wp-has-aspect-ratio\"><div class=\"wp-block-embed__wrapper\">\n<iframe loading=\"lazy\" title=\"DNA f\u00f6r nyb\u00f6rjare\" width=\"1200\" height=\"675\" src=\"https:\/\/www.youtube.com\/embed\/poTvxoQsf3g?list=PLlx8yjFJohdXXdhs3RUmQZJTkg7Bc13BB\" frameborder=\"0\" allow=\"accelerometer; autoplay; clipboard-write; encrypted-media; gyroscope; picture-in-picture; web-share\" referrerpolicy=\"strict-origin-when-cross-origin\" allowfullscreen><\/iframe>\n<\/div><\/figure>\n\n\n\n<p><strong>Christer Carmevik<\/strong> ber\u00e4ttar om <strong>DNA-tester f\u00f6r nyb\u00f6rjare<\/strong>, hur testerna fungerar och vilka bolag som erbjuder vad. Sl\u00e4ktforskarkaf\u00e9 vid digitala sl\u00e4ktforskardagen 2021-04-17.<br \/><\/p>\n\n\n\n<figure class=\"wp-block-embed is-type-video is-provider-youtube wp-block-embed-youtube wp-embed-aspect-16-9 wp-has-aspect-ratio\"><div class=\"wp-block-embed__wrapper\">\n<iframe loading=\"lazy\" title=\"Gbg21 C Carmevik - DNA. Dirty Trees\" width=\"1200\" height=\"675\" src=\"https:\/\/www.youtube.com\/embed\/7YbTI93fE0k?list=PLlx8yjFJohdXXdhs3RUmQZJTkg7Bc13BB\" frameborder=\"0\" allow=\"accelerometer; autoplay; clipboard-write; encrypted-media; gyroscope; picture-in-picture; web-share\" referrerpolicy=\"strict-origin-when-cross-origin\" allowfullscreen><\/iframe>\n<\/div><\/figure>\n\n\n\n<p>Hur g\u00f6r du n\u00e4r dina DNA-matchningar inte har lagt upp n\u00e5got antr\u00e4d? <strong>Christer Carmevik <\/strong>ber\u00e4ttar om en snabb metod f\u00f6r att <strong>bygga matchningarnas antr\u00e4d <\/strong>vid ett digitalt sl\u00e4ktforskningskaf\u00e9 p\u00e5 tema DNA som snabbt blev fulltecknat. F\u00f6redrag vid Genealogiska F\u00f6reningen 2021-01-14.<br \/><\/p>\n\n\n\n<figure class=\"wp-block-embed is-type-video is-provider-youtube wp-block-embed-youtube wp-embed-aspect-16-9 wp-has-aspect-ratio\"><div class=\"wp-block-embed__wrapper\">\nhttps:\/\/www.youtube.com\/watch?v=aGLezENf4IA&#038;list=PLlx8yjFJohdXXdhs3RUmQZJTkg7Bc13BB&#038;index=12&#038;t=1s\n<\/div><\/figure>\n\n\n\n<p><strong>Thomas F\u00fcrth<\/strong> ber\u00e4ttar om att forska om <strong>fattiga, arbetsl\u00f6sa och fyllon<\/strong> och i vilka k\u00e4llor man kan hitta information. F\u00f6redrag vid Genealogiska F\u00f6reningen 2017-02-25.<br \/><\/p>\n","protected":false},"excerpt":{"rendered":"<p>Den 11\u201312 september 2021 g\u00e5r \u00e5rets sl\u00e4ktforskardagar av stapeln. I \u00e5r \u00e4r de helt digitala och huvudarrang\u00f6r \u00e4r G\u00f6teborgsRegionens Sl\u00e4ktforskare. H\u00e4r hittar du sl\u00e4ktforskardagarnas hemsida och program och var du kan k\u00f6pa biljetter. Under b\u00e5de l\u00f6rdagen och s\u00f6ndagen kan du lyssna till Genealogiska F\u00f6reningens f\u00f6rel\u00e4sningar. B\u00e5da dagarna har vi ocks\u00e5 en bemannad digital monter d\u00e4r &#8230; <a title=\"V\u00e4lkommen till sl\u00e4ktforskardagarna 11-12 september!\" class=\"read-more\" href=\"https:\/\/www.genealogi.net\/nova\/uppvarmningen-infor-slaktforskardagarna-2021\/\" aria-label=\"L\u00e4s mer om V\u00e4lkommen till sl\u00e4ktforskardagarna 11-12 september!\">L\u00e4s mer<\/a><\/p>\n","protected":false},"author":2,"featured_media":0,"parent":0,"menu_order":1,"comment_status":"closed","ping_status":"closed","template":"sidebar-page.php","meta":{"footnotes":""},"class_list":["post-13857","page","type-page","status-publish"],"_links":{"self":[{"href":"https:\/\/www.genealogi.net\/nova\/wp-json\/wp\/v2\/pages\/13857","targetHints":{"allow":["GET"]}}],"collection":[{"href":"https:\/\/www.genealogi.net\/nova\/wp-json\/wp\/v2\/pages"}],"about":[{"href":"https:\/\/www.genealogi.net\/nova\/wp-json\/wp\/v2\/types\/page"}],"author":[{"embeddable":true,"href":"https:\/\/www.genealogi.net\/nova\/wp-json\/wp\/v2\/users\/2"}],"replies":[{"embeddable":true,"href":"https:\/\/www.genealogi.net\/nova\/wp-json\/wp\/v2\/comments?post=13857"}],"version-history":[{"count":0,"href":"https:\/\/www.genealogi.net\/nova\/wp-json\/wp\/v2\/pages\/13857\/revisions"}],"wp:attachment":[{"href":"https:\/\/www.genealogi.net\/nova\/wp-json\/wp\/v2\/media?parent=13857"}],"curies":[{"name":"wp","href":"https:\/\/api.w.org\/{rel}","templated":true}]}}