{"id":139,"date":"2026-01-01T17:30:12","date_gmt":"2026-01-01T16:30:12","guid":{"rendered":"https:\/\/www.genealogi.net\/nova\/?page_id=139"},"modified":"2026-02-15T15:58:11","modified_gmt":"2026-02-15T14:58:11","slug":"genealogiska-foreningens-slaktbocker","status":"publish","type":"page","link":"https:\/\/www.genealogi.net\/nova\/genealogiska-foreningens-slaktbocker\/","title":{"rendered":"Genealogiska F\u00f6reningens sl\u00e4ktb\u00f6cker"},"content":{"rendered":"\n<p>Genealogiska F\u00f6reningens sl\u00e4ktb\u00f6cker \u00e4r digitaliserade, nedladdningsbara och kan k\u00f6pas f\u00f6r 50 kronor per bok i Sl\u00e4ktforskarbutiken<\/p>\n\n\n\n<ol class=\"wp-block-list\">\n<li><em><a href=\"https:\/\/gfsupersok.se\/#!\/svenska-sl\u00e4kter---digitala-skrifter--0x28-pdf-0x29-\/products\/schoug-med-sl\u00e4ktgrenen-wichman-av-boo-av-malmborg-genealogiska-f\u00f6reningens-sl\u00e4ktb\u00f6cker-1-1937\">Schoug med sl\u00e4ktgrenen<\/a> Wichman<\/em>, Boo av Malmborg, 1937.<\/li>\n\n\n\n<li><em><a href=\"https:\/\/gfsupersok.se\/#!\/svenska-sl\u00e4kter---digitala-skrifter--0x28-pdf-0x29-\/products\/sl\u00e4kten-hoving-av-johannes-hoving-genealogiskaf\u00f6reningens-sl\u00e4ktb\u00f6cker-2-1938\">Sl\u00e4kten Hoving<\/a><\/em>, Johannes Hoving, 1938.<\/li>\n\n\n\n<li><a href=\"https:\/\/gfsupersok.se\/#!\/svenska-sl\u00e4kter---digitala-skrifter--0x28-pdf-0x29-\/products\/mina-anor-ett-genealogiskt-f\u00f6rs\u00f6k-av-natbeckman-genealogiska-f\u00f6reningens-sl\u00e4ktb\u00f6cker-3-1939\"><em>Mina Anor. Ett genealogiskt<\/em> <em>f\u00f6rs\u00f6k<\/em><\/a>, Natanael Beckman, 1939.<\/li>\n\n\n\n<li><a href=\"https:\/\/gfsupersok.se\/#!\/svenska-sl\u00e4kter---digitala-skrifter--0x28-pdf-0x29-\/products\/sl\u00e4kten-hedberg-fr\u00e5n-edsv\u00e4ra-i-v\u00e4sterg\u00f6tland-avarvid-hedberg-gfs-sl\u00e4ktb\u00f6cker-4-1940\"><em>Sl\u00e4kten Hedberg fr\u00e5n Edsv\u00e4ra i V\u00e4sterg\u00f6tland<\/em>,<\/a> Arvid Hedberg, 1940.<\/li>\n\n\n\n<li><em><a href=\"https:\/\/gfsupersok.se\/#!\/svenska-sl\u00e4kter---digitala-skrifter--0x28-pdf-0x29-\/products\/sl\u00e4kten-giers-gjers-fr\u00e5n-g\u00f6teborg-j\u00e4mte-en-delandra-gierssl\u00e4kter-gfs-sl\u00e4ktb\u00f6cker-5-1943\">Sl\u00e4kten Giers (Gjers<\/a>) fr\u00e5n G\u00f6teborg j\u00e4mte en del andra Gierssl\u00e4kter. Genealogiska och biografiska uppgifter<\/em>, Gustaf Asplund, 1943.<\/li>\n\n\n\n<li><em><a href=\"https:\/\/gfsupersok.se\/#!\/svenska-sl\u00e4kter---digitala-skrifter--0x28-pdf-0x29-\/products\/sl\u00e4kten-frestare-av-th-hallgrim-genealogiskaf\u00f6reningens-sl\u00e4ktb\u00f6cker-6-1947\">Sl\u00e4kten Frestaren<\/a><\/em>, Theodor Hallgrim, 1947.<\/li>\n\n\n\n<li><em><a href=\"https:\/\/gfsupersok.se\/#!\/svenska-sl\u00e4kter---digitala-skrifter--0x28-pdf-0x29-\/products\/sl\u00e4kten-settergren-fr\u00e5n-stocks\u00e4ter-i-n\u00e4rke-gfs-sl\u00e4ktb\u00f6cker-7-1952\">Sl\u00e4kten Settergren fr\u00e5n Stocks\u00e4ter i N\u00e4rke. Anteckningar<\/a><\/em>, Ida Wennstr\u00f6m, 1952.<\/li>\n\n\n\n<li><em><a href=\"https:\/\/gfsupersok.se\/#!\/svenska-sl\u00e4kter---digitala-skrifter--0x28-pdf-0x29-\/products\/sl\u00e4kten-bjuggren-av-s-erik-bjuggren-genealogiska-f\u00f6reningens-sl\u00e4ktb\u00f6cker-8-1954\">Sl\u00e4kten Bjugrenn<\/a><\/em>, S. Erik Bjuggren, 1954.<\/li>\n\n\n\n<li><em><a href=\"https:\/\/gfsupersok.se\/#!\/svenska-sl\u00e4kter---digitala-skrifter--0x28-pdf-0x29-\/products\/sl\u00e4kten-tor\u00e9n-av-carl-axel-tor\u00e9n-genealogiska-f\u00f6reningens-sl\u00e4ktb\u00f6cker-9-1955\">Sl\u00e4kten Tor\u00e9n<\/a><\/em>, Carl-Axel Tor\u00e9n, 1955.<\/li>\n\n\n\n<li><em><a href=\"https:\/\/gfsupersok.se\/#!\/svenska-sl\u00e4kter---digitala-skrifter--0x28-pdf-0x29-\/products\/sl\u00e4kten-g\u00f6hle-av-b\u00f6rje-furtenbach-genealogiska-f\u00f6reningens-sl\u00e4ktb\u00f6cker-10-1961\">Sl\u00e4kten G\u00f6hlen<\/a><\/em>, B\u00f6rje Furtenbach, 1961.<\/li>\n\n\n\n<li><a href=\"https:\/\/gfsupersok.se\/#!\/svenska-sl\u00e4kter---digitala-skrifter--0x28-pdf-0x29-\/products\/sl\u00e4kten-tor\u00e9n-av-carl-axel-tor\u00e9n-genealogiska-f\u00f6reningens-sl\u00e4ktb\u00f6cker-9-1955\">O<em>.P. Andersson, Linton och Rosenhoff. Sl\u00e4ktutredning<\/em><\/a>, Carl Otto Linton, 1963.<\/li>\n\n\n\n<li><em><a href=\"https:\/\/gfsupersok.se\/#!\/svenska-sl\u00e4kter---digitala-skrifter--0x28-pdf-0x29-\/products\/sl\u00e4kten-wennstr\u00f6m-fr\u00e5n-fembecke-i-wendel-genealogiska-f\u00f6reningens-sl\u00e4ktb\u00f6cker-12-1965\">Sl\u00e4kten Wennstr\u00f6m fr\u00e5n Fembecke i Wendel. Anteckningar<\/a>, <\/em>Ida Wennstr\u00f6m, 1965.<\/li>\n\n\n\n<li><em><a href=\"https:\/\/gfsupersok.se\/#!\/svenska-sl\u00e4kter---digitala-skrifter--0x28-pdf-0x29-\/products\/sl\u00e4kten-kjers\u00e9n-av-sten-von-euler-chelpin-genealogiska-f\u00f6reningens-sl\u00e4ktb\u00f6cker-13-1972\">Sl\u00e4kten Kjers\u00e9n<\/a><\/em>, Sten von Euler-Chelpin, 1972.<\/li>\n\n\n\n<li><em><a href=\"https:\/\/gfsupersok.se\/#!\/svenska-sl\u00e4kter---digitala-skrifter--0x28-pdf-0x29-\/products\/sl\u00e4kten-tr\u00e4g\u00e5rdh-fr\u00e5n-sk\u00e5ne-av-kurt-g-tr\u00e4g\u00e5rdh-genealogiska-f\u00f6reningens-sl\u00e4ktb\u00f6cker-14-1978\">Sl\u00e4kten Tr\u00e4g\u00e5rdh fr\u00e5n Sk\u00e5ne<\/a><\/em>, Kurt G. Tr\u00e4g\u00e5rdh, 1978.<\/li>\n\n\n\n<li><em><a href=\"https:\/\/gfsupersok.se\/#!\/svenska-sl\u00e4kter---digitala-skrifter--0x28-pdf-0x29-\/products\/familjer-i-edsele-1694\u20131808-av-h\u00e5kan-skogsj\u00f6-genealogiska-f\u00f6reningens-sl\u00e4ktb\u00f6cker-15-1986\">Familjer i Edsele 1694\u20131808<\/a>,<\/em> H\u00e5kan Skogsj\u00f6, 1986.<\/li>\n\n\n\n<li><em><a href=\"https:\/\/gfsupersok.se\/#!\/svenska-sl\u00e4kter---digitala-skrifter--0x28-pdf-0x29-\/products\/lovisa-christiansdotter-von-vogelsang-1720\u20131812-genealogiska-f\u00f6reningens-sl\u00e4ktb\u00f6cker-161992\">Lovisa Christiansdotter<\/a> von Vogelsang 1720\u20131812 och hennes \u00e4ttlingar<\/em>, Lars G. Bi\u00f6rkman, 1992.<\/li>\n<\/ol>\n","protected":false},"excerpt":{"rendered":"<p>Genealogiska F\u00f6reningens sl\u00e4ktb\u00f6cker \u00e4r digitaliserade, nedladdningsbara och kan k\u00f6pas f\u00f6r 50 kronor per bok i Sl\u00e4ktforskarbutiken<\/p>\n","protected":false},"author":2,"featured_media":0,"parent":0,"menu_order":0,"comment_status":"closed","ping_status":"closed","template":"","meta":{"footnotes":""},"class_list":["post-139","page","type-page","status-publish"],"_links":{"self":[{"href":"https:\/\/www.genealogi.net\/nova\/wp-json\/wp\/v2\/pages\/139","targetHints":{"allow":["GET"]}}],"collection":[{"href":"https:\/\/www.genealogi.net\/nova\/wp-json\/wp\/v2\/pages"}],"about":[{"href":"https:\/\/www.genealogi.net\/nova\/wp-json\/wp\/v2\/types\/page"}],"author":[{"embeddable":true,"href":"https:\/\/www.genealogi.net\/nova\/wp-json\/wp\/v2\/users\/2"}],"replies":[{"embeddable":true,"href":"https:\/\/www.genealogi.net\/nova\/wp-json\/wp\/v2\/comments?post=139"}],"version-history":[{"count":2,"href":"https:\/\/www.genealogi.net\/nova\/wp-json\/wp\/v2\/pages\/139\/revisions"}],"predecessor-version":[{"id":18053,"href":"https:\/\/www.genealogi.net\/nova\/wp-json\/wp\/v2\/pages\/139\/revisions\/18053"}],"wp:attachment":[{"href":"https:\/\/www.genealogi.net\/nova\/wp-json\/wp\/v2\/media?parent=139"}],"curies":[{"name":"wp","href":"https:\/\/api.w.org\/{rel}","templated":true}]}}