{"id":140,"date":"2026-01-01T17:30:12","date_gmt":"2026-01-01T16:30:12","guid":{"rendered":"https:\/\/www.genealogi.net\/nova\/?page_id=140"},"modified":"2026-03-22T17:15:31","modified_gmt":"2026-03-22T16:15:31","slug":"skrifter-utgivna-av-genealogsiak-foreningen","status":"publish","type":"page","link":"https:\/\/www.genealogi.net\/nova\/skrifter-utgivna-av-genealogsiak-foreningen\/","title":{"rendered":"Skrifter utgivna av Genealogiska F\u00f6reningen"},"content":{"rendered":"\n<div class=\"wp-block-group\"><div class=\"wp-block-group__inner-container is-layout-constrained wp-block-group-is-layout-constrained\">\n<div class=\"wp-block-columns is-layout-flex wp-container-core-columns-is-layout-9d6595d7 wp-block-columns-is-layout-flex\">\n<div class=\"wp-block-column is-layout-flow wp-block-column-is-layout-flow\" style=\"flex-basis:100%\">\n<div class=\"wp-block-group is-nowrap is-layout-flex wp-container-core-group-is-layout-ad2f72ca wp-block-group-is-layout-flex\">\n<div class=\"wp-block-media-text is-stacked-on-mobile is-vertically-aligned-top\" style=\"grid-template-columns:41% auto\"><figure class=\"wp-block-media-text__media\"><img loading=\"lazy\" decoding=\"async\" width=\"720\" height=\"1024\" src=\"https:\/\/www.genealogi.net\/nova\/wp-content\/uploads\/2026\/03\/aberg-720x1024.jpg\" alt=\"\" class=\"wp-image-19240 size-full\" srcset=\"https:\/\/www.genealogi.net\/nova\/wp-content\/uploads\/2026\/03\/aberg-720x1024.jpg 720w, https:\/\/www.genealogi.net\/nova\/wp-content\/uploads\/2026\/03\/aberg-211x300.jpg 211w, https:\/\/www.genealogi.net\/nova\/wp-content\/uploads\/2026\/03\/aberg-768x1092.jpg 768w, https:\/\/www.genealogi.net\/nova\/wp-content\/uploads\/2026\/03\/aberg-1080x1536.jpg 1080w, https:\/\/www.genealogi.net\/nova\/wp-content\/uploads\/2026\/03\/aberg-1440x2048.jpg 1440w, https:\/\/www.genealogi.net\/nova\/wp-content\/uploads\/2026\/03\/aberg-scaled.jpg 1800w\" sizes=\"auto, (max-width: 720px) 100vw, 720px\" \/><\/figure><div class=\"wp-block-media-text__content\">\n<ul class=\"wp-block-list\">\n<li><em>Skrifter utgivna av Genealogiska F\u00f6reningen<\/em>, alla (utom <em>L\u00e4sning av gamla handstilar<\/em>) som en digital nedladdningsbar produkt, finns att k\u00f6pa i <a href=\"https:\/\/gfsupersok.se\/#!\/gfs-\u00f6vriga-digitala-skrifter\">Sl\u00e4ktforskarbutiken<\/a> (medlemspris 75 kronor och icke-medlemspris 150 kronor).<\/li>\n\n\n\n<li><em>L\u00e4sning av gamla handstilar<\/em> (sjunde upplagan), som en digital nedladdningsbar produkt, finns att k\u00f6pa separat i <a href=\"https:\/\/gfsupersok.se\/#!\/gfs-\u00f6vriga-digitala-skrifter\">Sl\u00e4ktforskarbutiken<\/a> (medlemspris 50 kronor och icke-medlemspris 100 kronor). Bilden ovan visar framsidan av f\u00f6rsta upplagan av Alf \u00c5bergs <em>L\u00e4sning av gamla handstilar<\/em> fr\u00e5n 1950.<\/li>\n<\/ul>\n\n\n\n<ol class=\"wp-block-list\">\n<li><em>N\u00e5gra drag ur den genealogiska forskningens historia&nbsp;i&nbsp;Finland<\/em>, A. R. Cederberg, 1938.<\/li>\n\n\n\n<li><em>Riddarhusets stamtavlor: historik, l\u00e4ge, \u00f6nskem\u00e5l<\/em>, Folke Wernstedt, 1945.<\/li>\n\n\n\n<li><em>J\u00f6nki\u00f6pings F\u00e4ltartollerie 1691\u20131699<\/em>, Axel Mollstadius, 1947.<\/li>\n\n\n\n<li><em>\u00c4tten Si\u00f6blads medeltida sl\u00e4ktf\u00f6rbindelser och \u00e4ldsta historia<\/em>, Hans Gillingstam, 1949.<\/li>\n\n\n\n<li><em>L\u00e4sning av gamla handstilar<\/em>, Alf \u00c5berg, 1950, sjunde upplagan 1979.<\/li>\n\n\n\n<li><em>Rannsakningen om halvfr\u00e4lset&nbsp;i&nbsp;Sm\u00e5land omkring 1575<\/em>, Jakob Koit, 1953.<\/li>\n\n\n\n<li><em>Sl\u00e4kthistoriska k\u00e4llor f\u00f6r J\u00e4mtlands I\u00e4n<\/em>, Lennart Zielfelt, 1970.<\/li>\n\n\n\n<li><em>Svensk sl\u00e4ktforskarf\u00f6rteckning 1970<\/em>, Pontus M\u00f6ller, 1971.<\/li>\n\n\n\n<li><em>Bom\u00e4rken<\/em>, Carl Lindholm, 1976.<\/li>\n\n\n\n<li><em>Rulla \u00f6ver bef\u00e4lsk\u00e5rerna vid Sveriges arme och flotta 1755<\/em>, Ulla Johanson, 1976.<\/li>\n\n\n\n<li><em>Svensk sl\u00e4ktforskarf\u00f6rteckning 1978<\/em>, Mari-Anne Olsson 1978.<\/li>\n\n\n\n<li><em>Namnregister&nbsp;till&nbsp;Link\u00f6pings Stifts Herdaminne (av Westerlund, Setterdahl och Meurling)<\/em>, Mari-Anne Olsson, 1982.<\/li>\n\n\n\n<li><em>Genealogiska F\u00f6reningen 1933\u20131983. Jubileumsskrift<\/em>, C. C:som Kjellberg (redakt\u00f6r), 1983.<\/li>\n\n\n\n<li>[Aldrig utgiven]<\/li>\n\n\n\n<li><em>Svensk sl\u00e4ktforskarf\u00f6rteckning 1984<\/em>, Mari-Anne Olsson, 1985.<\/li>\n\n\n\n<li><em>Svensk sl\u00e4ktforskarf\u00f6rteckning 1993<\/em>, Mari-Anne Olsson, 1992.<\/li>\n<\/ol>\n<\/div><\/div>\n<\/div>\n<\/div>\n<\/div>\n<\/div><\/div>\n\n\n\n<ul class=\"wp-block-list\">\n<li><em>Skrifter utgivna av Genealogiska F\u00f6reningen<\/em>, alla (utom <em>L\u00e4sning av gamla handstilar<\/em>) som en digital nedladdningsbar produkt, finns att k\u00f6pa i <a href=\"https:\/\/gfsupersok.se\/#!\/gfs-\u00f6vriga-digitala-skrifter\">Sl\u00e4ktforskarbutiken<\/a> (medlemspris 75 kronor och icke-medlemspris 150 kronor).<\/li>\n\n\n\n<li><em>L\u00e4sning av gamla handstilar<\/em> (sjunde upplagan), som en digital nedladdningsbar produkt, finns att k\u00f6pa separat i <a href=\"https:\/\/gfsupersok.se\/#!\/gfs-\u00f6vriga-digitala-skrifter\">Sl\u00e4ktforskarbutiken<\/a> (medlemspris 50 kronor och icke-medlemspris 100 kronor). Bilden ovan visar framsidan av f\u00f6rsta upplagan av Alf \u00c5bergs <em>L\u00e4sning av gamla handstilar<\/em> fr\u00e5n 1950.<\/li>\n<\/ul>\n\n\n\n<ol class=\"wp-block-list\">\n<li><em>N\u00e5gra drag ur den genealogiska forskningens historia&nbsp;i&nbsp;Finland<\/em>, A. R. Cederberg, 1938.<\/li>\n\n\n\n<li><em>Riddarhusets stamtavlor: historik, l\u00e4ge, \u00f6nskem\u00e5l<\/em>, Folke Wernstedt, 1945.<\/li>\n\n\n\n<li><em>J\u00f6nki\u00f6pings F\u00e4ltartollerie 1691\u20131699<\/em>, Axel Mollstadius, 1947.<\/li>\n\n\n\n<li><em>\u00c4tten Si\u00f6blads medeltida sl\u00e4ktf\u00f6rbindelser och \u00e4ldsta historia<\/em>, Hans Gillingstam, 1949.<\/li>\n\n\n\n<li><em>L\u00e4sning av gamla handstilar<\/em>, Alf \u00c5berg, 1950, sjunde upplagan 1979.<\/li>\n\n\n\n<li><em>Rannsakningen om halvfr\u00e4lset&nbsp;i&nbsp;Sm\u00e5land omkring 1575<\/em>, Jakob Koit, 1953.<\/li>\n\n\n\n<li><em>Sl\u00e4kthistoriska k\u00e4llor f\u00f6r J\u00e4mtlands I\u00e4n<\/em>, Lennart Zielfelt, 1970.<\/li>\n\n\n\n<li><em>Svensk sl\u00e4ktforskarf\u00f6rteckning 1970<\/em>, Pontus M\u00f6ller, 1971.<\/li>\n\n\n\n<li><em>Bom\u00e4rken<\/em>, Carl Lindholm, 1976.<\/li>\n\n\n\n<li><em>Rulla \u00f6ver bef\u00e4lsk\u00e5rerna vid Sveriges arme och flotta 1755<\/em>, Ulla Johanson, 1976.<\/li>\n\n\n\n<li><em>Svensk sl\u00e4ktforskarf\u00f6rteckning 1978<\/em>, Mari-Anne Olsson 1978.<\/li>\n\n\n\n<li><em>Namnregister&nbsp;till&nbsp;Link\u00f6pings Stifts Herdaminne (av Westerlund, Setterdahl och Meurling)<\/em>, Mari-Anne Olsson, 1982.<\/li>\n\n\n\n<li><em>Genealogiska F\u00f6reningen 1933\u20131983. Jubileumsskrift<\/em>, C. C:som Kjellberg (redakt\u00f6r), 1983.<\/li>\n\n\n\n<li>[Aldrig utgiven]<\/li>\n\n\n\n<li><em>Svensk sl\u00e4ktforskarf\u00f6rteckning 1984<\/em>, Mari-Anne Olsson, 1985.<\/li>\n\n\n\n<li><em>Svensk sl\u00e4ktforskarf\u00f6rteckning 1993<\/em>, Mari-Anne Olsson, 1992.<\/li>\n<\/ol>\n\n\n\n<p><\/p>\n","protected":false},"excerpt":{"rendered":"","protected":false},"author":2,"featured_media":0,"parent":0,"menu_order":0,"comment_status":"closed","ping_status":"closed","template":"","meta":{"footnotes":""},"class_list":["post-140","page","type-page","status-publish"],"_links":{"self":[{"href":"https:\/\/www.genealogi.net\/nova\/wp-json\/wp\/v2\/pages\/140","targetHints":{"allow":["GET"]}}],"collection":[{"href":"https:\/\/www.genealogi.net\/nova\/wp-json\/wp\/v2\/pages"}],"about":[{"href":"https:\/\/www.genealogi.net\/nova\/wp-json\/wp\/v2\/types\/page"}],"author":[{"embeddable":true,"href":"https:\/\/www.genealogi.net\/nova\/wp-json\/wp\/v2\/users\/2"}],"replies":[{"embeddable":true,"href":"https:\/\/www.genealogi.net\/nova\/wp-json\/wp\/v2\/comments?post=140"}],"version-history":[{"count":38,"href":"https:\/\/www.genealogi.net\/nova\/wp-json\/wp\/v2\/pages\/140\/revisions"}],"predecessor-version":[{"id":19242,"href":"https:\/\/www.genealogi.net\/nova\/wp-json\/wp\/v2\/pages\/140\/revisions\/19242"}],"wp:attachment":[{"href":"https:\/\/www.genealogi.net\/nova\/wp-json\/wp\/v2\/media?parent=140"}],"curies":[{"name":"wp","href":"https:\/\/api.w.org\/{rel}","templated":true}]}}