{"id":14019,"date":"2021-08-18T23:48:44","date_gmt":"2021-08-18T21:48:44","guid":{"rendered":"https:\/\/www.genealogi.net\/?page_id=14019"},"modified":"2021-08-18T23:48:44","modified_gmt":"2021-08-18T21:48:44","slug":"databaser","status":"publish","type":"page","link":"https:\/\/www.genealogi.net\/nova\/databaser\/","title":{"rendered":"Databaser"},"content":{"rendered":"\n<p>Under denna rubrik \u2013 <strong>Databaser<\/strong> \u2013 i menyraden hittar du h\u00f6gst upp v\u00e5r s\u00f6kmotor <em><a href=\"https:\/\/www.genealogi.net\/nova\/a-o\/\" data-type=\"page\" data-id=\"1554\">Supers\u00f6k<\/a><\/em> som vid varje s\u00f6kning samtidigt s\u00f6ker i ett flertal av v\u00e5ra databaser och register, d\u00e4refter <em><a href=\"https:\/\/www.genealogi.net\/nova\/databaser\/om-vara-databaser-och-register\/\" data-type=\"page\" data-id=\"14055\">Om v\u00e5ra databaser och register<\/a><\/em>, en generell informationssida (som kan vara bra att l\u00e4sa igenom innan du som medlem <a href=\"\/nova\/medlem\/\">loggar in<\/a> och b\u00f6rjar s\u00f6ka). Slutligen, uppdelat i tre kategorier, sidor som ger dig f\u00f6rdjupad kunskap om var och en av databaserna och registren: <em><a href=\"https:\/\/www.genealogi.net\/nova\/databaser\/databaser-med-digitiserad-kalla\/\" data-type=\"page\" data-id=\"14058\">Databaser med digitiserad k\u00e4lla<\/a><\/em>, <em><a href=\"https:\/\/www.genealogi.net\/nova\/databaser\/databaser-med-avskrift-av-kalla\/\" data-type=\"page\" data-id=\"14092\">Databaser med avskrift av k\u00e4lla<\/a><\/em> och <em><a href=\"https:\/\/www.genealogi.net\/nova\/databaser\/namnregister-med-hanvisning\/\" data-type=\"page\" data-id=\"14113\">Namnregister med h\u00e4nvisning<\/a><\/em>.<\/p>\n\n\n\n<p>Efter dessa kategorier \u00e4ven en avdelning med <em>Digitiserad litteratur<\/em>, \u00e4ldre litteratur med anknytning till sl\u00e4ktforskning, bl\u00e4ddringsbara p\u00e5 medlemssidorna.<\/p>\n","protected":false},"excerpt":{"rendered":"<p>Under denna rubrik \u2013 Databaser \u2013 i menyraden hittar du h\u00f6gst upp v\u00e5r s\u00f6kmotor Supers\u00f6k som vid varje s\u00f6kning samtidigt s\u00f6ker i ett flertal av v\u00e5ra databaser och register, d\u00e4refter Om v\u00e5ra databaser och register, en generell informationssida (som kan vara bra att l\u00e4sa igenom innan du som medlem loggar in och b\u00f6rjar s\u00f6ka). Slutligen, &#8230; <a title=\"Databaser\" class=\"read-more\" href=\"https:\/\/www.genealogi.net\/nova\/databaser\/\" aria-label=\"L\u00e4s mer om Databaser\">L\u00e4s mer<\/a><\/p>\n","protected":false},"author":12,"featured_media":0,"parent":0,"menu_order":1,"comment_status":"closed","ping_status":"closed","template":"","meta":{"footnotes":""},"class_list":["post-14019","page","type-page","status-publish"],"_links":{"self":[{"href":"https:\/\/www.genealogi.net\/nova\/wp-json\/wp\/v2\/pages\/14019","targetHints":{"allow":["GET"]}}],"collection":[{"href":"https:\/\/www.genealogi.net\/nova\/wp-json\/wp\/v2\/pages"}],"about":[{"href":"https:\/\/www.genealogi.net\/nova\/wp-json\/wp\/v2\/types\/page"}],"author":[{"embeddable":true,"href":"https:\/\/www.genealogi.net\/nova\/wp-json\/wp\/v2\/users\/12"}],"replies":[{"embeddable":true,"href":"https:\/\/www.genealogi.net\/nova\/wp-json\/wp\/v2\/comments?post=14019"}],"version-history":[{"count":0,"href":"https:\/\/www.genealogi.net\/nova\/wp-json\/wp\/v2\/pages\/14019\/revisions"}],"wp:attachment":[{"href":"https:\/\/www.genealogi.net\/nova\/wp-json\/wp\/v2\/media?parent=14019"}],"curies":[{"name":"wp","href":"https:\/\/api.w.org\/{rel}","templated":true}]}}