{"id":14055,"date":"2021-08-20T17:40:29","date_gmt":"2021-08-20T15:40:29","guid":{"rendered":"https:\/\/www.genealogi.net\/?page_id=14055"},"modified":"2021-08-20T17:40:29","modified_gmt":"2021-08-20T15:40:29","slug":"om-vara-databaser-och-register","status":"publish","type":"page","link":"https:\/\/www.genealogi.net\/nova\/databaser\/om-vara-databaser-och-register\/","title":{"rendered":"Om v\u00e5ra databaser och register"},"content":{"rendered":"\n<p>V\u00e5ra <a href=\"https:\/\/www.genealogi.net\/nova\/databaser\/\" data-type=\"page\" data-id=\"14019\">databaser och register<\/a> skiljer sig \u00e5t, dels i hur <em>n\u00e4ra<\/em> du kommer k\u00e4llan och dels i hur sj\u00e4lva <em>s\u00f6kningen<\/em> g\u00e5r till.<\/p>\n\n\n\n<p><em>Hur n\u00e4ra kommer jag k\u00e4llan?<\/em><\/p>\n\n\n\n<p>Databaserna i avdelningen <strong><a href=\"https:\/\/www.genealogi.net\/nova\/databaser\/databaser-med-digitiserad-kalla\/\" data-type=\"page\" data-id=\"14058\">Databaser med digitiserad k\u00e4lla<\/a><\/strong> leder dig fram till en avfotografering av originalhandlingen. H\u00e4r finns handlingar i Genealogiska F\u00f6reningens eget <a href=\"\/nova\/samlingarna\/arkivet\/genealogiska-foreningens-arkiv\/\">arkiv<\/a> (exempelvis urklippta och ordnade personnotiser ur dagstidningar) och handlingar som vi har fotograferat av p\u00e5 arkiv (exempelvis passjournaler och g\u00e4stgiveridagb\u00f6cker i <a href=\"\/nova\/databaser\/databaser-med-digitiserad-kalla\/inrikes-pass\/\">Inrikes pass<\/a>).<\/p>\n\n\n\n<p>Databaserna i avdelningen <strong><a href=\"https:\/\/www.genealogi.net\/nova\/databaser\/databaser-med-avskrift-av-kalla\/\" data-type=\"page\" data-id=\"14092\">Databaser med avskrift av k\u00e4lla<\/a><\/strong> leder dig fram, inte till en avfotografering av originalhandlingen men en avskrift ur densamma. I denna avdelning dominerar avskrifter i <a href=\"https:\/\/www.genealogi.net\/nova\/samlingarna\/arkivet\/genealogiska-foreningens-arkiv\/\">Genealogiska F\u00f6reningens eget arkiv<\/a> (s\u00e5som exempelvis register till personnotiser ur \u00e4ldre dagstidningar).<\/p>\n\n\n\n<p>Slutligen har vi avdelningen <strong><a href=\"https:\/\/www.genealogi.net\/nova\/databaser\/namnregister-med-hanvisning\/\" data-type=\"page\" data-id=\"14113\">Namnregister med h\u00e4nvisning<\/a><\/strong>, ocks\u00e5 huvudsakligen ur f\u00f6reningens eget arkiv. En s\u00f6ktr\u00e4ff h\u00e4r ger dig uppgift om p\u00e5 vilket arkiv eller i vilket tryckt verk du hittar uppgifter om den person eller sl\u00e4kt du har s\u00f6kt p\u00e5. H\u00e4r ing\u00e5r s\u00f6kbara namnregister till f\u00f6reningens b\u00e5da genealogiska tidskrifter, <a href=\"\/nova\/produkter-och-tjanster\/slakt-och-havd\/\">Sl\u00e4kt och H\u00e4vd<\/a> och <a href=\"\/nova\/produkter-och-tjanster\/svensk-genealogisk-tidskrift\/\">Svensk Genealogisk Tidskrift<\/a>.<\/p>\n\n\n\n<p><em>Hur g\u00e5r s\u00f6kningen till?<\/em><\/p>\n\n\n\n<p>F\u00f6r de databaser d\u00e4r registrering har skett p\u00e5 individniv\u00e5 g\u00e5r det att i specifika <strong>S\u00f6kprogram<\/strong> g\u00f6ra s\u00f6kningar och f\u00e5 s\u00f6ktr\u00e4ffar. Detta \u00e4r en snabb och effektiv s\u00f6kmetod men varje s\u00e5dan databas har ocks\u00e5 f\u00f6rutsatt ett omfattande arbete utf\u00f6rt av f\u00f6reningens medlemmar, ett arbete som of\u00f6rtrutet p\u00e5g\u00e5r och som styrelsen k\u00e4nner stor \u00f6dmjukhet och tacksamhet inf\u00f6r. Vi kan konstatera att <a href=\"\/nova\/a-o\/\">Supers\u00f6k<\/a>, den s\u00f6kmotor som s\u00f6ker i flera databaser samtidigt, s\u00f6ker bland \u00f6ver 1 miljon poster.<\/p>\n\n\n\n<p>N\u00e4r s\u00e5dan omfattande registrering p\u00e5 individniv\u00e5 inte har kunnat utf\u00f6ras har i st\u00e4llet <strong>bl\u00e4ddringsbara databaser och register<\/strong> uppr\u00e4ttats. I dessa f\u00e5r du i st\u00e4llet bl\u00e4ddra\/klicka dig fram till ett efternamn via dess begynnelsebokstav.<\/p>\n\n\n\n<p><strong>Ett specialfall, en variant<\/strong> h\u00e4r \u00e4r de fyra namnregister som finns till familjenotiser i \u00e4ldre dagstidningar (<a href=\"\/nova\/databaser\/databaser-med-avskrift-av-kalla\/familjenotiser-post-och-inrikes-tidningar-1760-1860\/\">Post- och Inrikes Tidningar 1760-1860<\/a>, <a href=\"\/nova\/databaser\/databaser-med-avskrift-av-kalla\/familjenotiser-goteborgs-nyheter-1765-1845\/\">G\u00f6teborgs Nyheter 1765-1845<\/a>, <a href=\"\/nova\/databaser\/databaser-med-avskrift-av-kalla\/familjenotiser-lunds-weckoblad-1775-1830\/\">Lunds Weckoblad 1775-1830<\/a> och <a href=\"\/nova\/databaser\/databaser-med-avskrift-av-kalla\/familjenotiser-norrkopings-tidningar-1758-1800\/\">Norrk\u00f6pings Tidningar 1758-1800<\/a>). Avskrifter av personnotiser har samlats i inbundna volymer med runt 35 notiser noterade p\u00e5 varje sida, ordnade i bokstavsordning p\u00e5 efternamn. Det omfattande arbete som kr\u00e4vs f\u00f6r att registrera varje rad i en databas har inte utf\u00f6rts (\u00e4n), men f\u00f6r att g\u00f6ra materialet tillg\u00e4ngligt har fotografering skett av varje sida och registrering har skett av <em>f\u00f6rsta och sista efternamnet<\/em> p\u00e5 sidan. Man beh\u00f6ver h\u00e4r klicka sig fram till den sida som <em>omfattar<\/em> det namn jag s\u00f6ker. Om man inte klickar sig fram till r\u00e4tt efternamn utan i st\u00e4llet g\u00f6r en s\u00f6kning i s\u00f6kprogram \u00e4r det viktigt att vara medveten om att det f\u00f6r, som exempel, sidan <em>Malmsten-Mannerhjerta<\/em> i Lunds Weckoblad \u00e4r m\u00f6jligt att f\u00e5 tr\u00e4ff p\u00e5 efternamnen Malmsten och Mannerhjerta i s\u00f6kprogrammet (eftersom de har registrerats), men inte efternamnen Malmstr\u00f6m och Mandorff, som ju ocks\u00e5 finns p\u00e5 sidan.<\/p>\n","protected":false},"excerpt":{"rendered":"<p>V\u00e5ra databaser och register skiljer sig \u00e5t, dels i hur n\u00e4ra du kommer k\u00e4llan och dels i hur sj\u00e4lva s\u00f6kningen g\u00e5r till. Hur n\u00e4ra kommer jag k\u00e4llan? Databaserna i avdelningen Databaser med digitiserad k\u00e4lla leder dig fram till en avfotografering av originalhandlingen. H\u00e4r finns handlingar i Genealogiska F\u00f6reningens eget arkiv (exempelvis urklippta och ordnade personnotiser &#8230; <a title=\"Om v\u00e5ra databaser och register\" class=\"read-more\" href=\"https:\/\/www.genealogi.net\/nova\/databaser\/om-vara-databaser-och-register\/\" aria-label=\"L\u00e4s mer om Om v\u00e5ra databaser och register\">L\u00e4s mer<\/a><\/p>\n","protected":false},"author":2,"featured_media":0,"parent":14019,"menu_order":20,"comment_status":"closed","ping_status":"closed","template":"","meta":{"footnotes":""},"class_list":["post-14055","page","type-page","status-publish"],"_links":{"self":[{"href":"https:\/\/www.genealogi.net\/nova\/wp-json\/wp\/v2\/pages\/14055","targetHints":{"allow":["GET"]}}],"collection":[{"href":"https:\/\/www.genealogi.net\/nova\/wp-json\/wp\/v2\/pages"}],"about":[{"href":"https:\/\/www.genealogi.net\/nova\/wp-json\/wp\/v2\/types\/page"}],"author":[{"embeddable":true,"href":"https:\/\/www.genealogi.net\/nova\/wp-json\/wp\/v2\/users\/2"}],"replies":[{"embeddable":true,"href":"https:\/\/www.genealogi.net\/nova\/wp-json\/wp\/v2\/comments?post=14055"}],"version-history":[{"count":0,"href":"https:\/\/www.genealogi.net\/nova\/wp-json\/wp\/v2\/pages\/14055\/revisions"}],"up":[{"embeddable":true,"href":"https:\/\/www.genealogi.net\/nova\/wp-json\/wp\/v2\/pages\/14019"}],"wp:attachment":[{"href":"https:\/\/www.genealogi.net\/nova\/wp-json\/wp\/v2\/media?parent=14055"}],"curies":[{"name":"wp","href":"https:\/\/api.w.org\/{rel}","templated":true}]}}