{"id":14058,"date":"2021-08-20T17:53:12","date_gmt":"2021-08-20T15:53:12","guid":{"rendered":"https:\/\/www.genealogi.net\/?page_id=14058"},"modified":"2021-08-20T17:53:12","modified_gmt":"2021-08-20T15:53:12","slug":"databaser-med-digitiserad-kalla","status":"publish","type":"page","link":"https:\/\/www.genealogi.net\/nova\/databaser\/databaser-med-digitiserad-kalla\/","title":{"rendered":"Databaser med digitiserad k\u00e4lla"},"content":{"rendered":"\n<p><em>Under denna rubrik finner du de av Genealogiska F\u00f6reningens databaser som leder dig fram till en avfotograferad\/digitiserad originalhandling.<\/em><\/p>\n\n\n\n<p><em>F\u00f6r att f\u00e5 tillg\u00e5ng till databaserna kr\u00e4vs <a href=\"\/nova\/medlemssidor\/#blimedlem\">medlemsskap<\/a> och att du har loggat in p\u00e5 <a href=\"\/nova\/medlem\/\">medlemssidorna<\/a>. Som bes\u00f6kare och icke medlem kan du via l\u00e4nkarna nedan f\u00e5 en grundligare information om varje enskild databas.<\/em><\/p>\n\n\n\n<p><strong><a href=\"https:\/\/www.genealogi.net\/nova\/databaser\/databaser-med-digitiserad-kalla\/familjenotiser-svd-dn-1936-1990\/\">Familjenotiser SvD\/DN 1936-1990<\/a><\/strong>  Omkring 200 000 sidor med urklippta och uppklistrade familjenotiser, sorterade och s\u00f6kbara p\u00e5 efternamn. <em>Registrering p\u00e5 individniv\u00e5 p\u00e5g\u00e5r.<\/em> L\u00e4s mer <a href=\"https:\/\/www.genealogi.net\/nova\/databaser\/databaser-med-digitiserad-kalla\/familjenotiser-svd-dn-1936-1990\/\" data-type=\"page\" data-id=\"14070\">h\u00e4r<\/a>.<\/p>\n\n\n\n<p><strong><a href=\"https:\/\/www.genealogi.net\/nova\/databaser\/databaser-med-digitiserad-kalla\/familjenotiser-dalslanningen-1960-1999\/\">Familjenotiser Dalsl\u00e4nningen 1960-1999<\/a> <\/strong> 10 000 sidor med familjenotiser. Inneh\u00e5ller 36 653 s\u00f6kbara personposter. <em>F\u00e4rdigregistrerat<\/em>. L\u00e4s mer <a href=\"https:\/\/www.genealogi.net\/nova\/databaser\/databaser-med-digitiserad-kalla\/familjenotiser-dalslanningen-1960-1999\/\" data-type=\"page\" data-id=\"14073\">h\u00e4r<\/a>.<\/p>\n\n\n\n<p><strong><a href=\"https:\/\/www.genealogi.net\/nova\/databaser\/databaser-med-digitiserad-kalla\/hangmappsarkivet-2\/\">H\u00e4ngmappsarkivet<\/a> <\/strong> Omkring 4 000 h\u00e4ngmappar med anteckningar, antavlor, tidningsurklipp och tryck, sk\u00e4nkta till f\u00f6reningen av privatpersoner och familjer. Sorterat och delvis s\u00f6kbart p\u00e5 sl\u00e4ktnamn eller ort. <em>Skanning och registrering p\u00e5g\u00e5r.<\/em> L\u00e4s mer <a href=\"https:\/\/www.genealogi.net\/nova\/databaser\/databaser-med-digitiserad-kalla\/hangmappsarkivet-2\/\" data-type=\"page\" data-id=\"14076\">h\u00e4r<\/a>.<\/p>\n\n\n\n<p><strong><a href=\"https:\/\/www.genealogi.net\/nova\/databaser\/databaser-med-digitiserad-kalla\/inrikes-pass\/\">Inrikes pass<\/a><\/strong>  Originalhandlingar som dokumenterat resande f\u00f6rr fotograferas p\u00e5 landets arkiv och registreras p\u00e5 individniv\u00e5 av f\u00f6reningsmedlemmar. <em>Fotografering och registrering p\u00e5g\u00e5r. Antal registrerade poster redovisas i r\u00e4kneverk p\u00e5 hemsidan.<\/em> L\u00e4s mer <a href=\"https:\/\/www.genealogi.net\/nova\/databaser\/databaser-med-digitiserad-kalla\/inrikes-pass\/\" data-type=\"page\" data-id=\"14079\">h\u00e4r<\/a>.<\/p>\n\n\n\n<p><strong><a href=\"https:\/\/www.genealogi.net\/nova\/databaser\/databaser-med-digitiserad-kalla\/skolmatriklar\/\">Skolmatriklar<\/a><\/strong>  Skolmatriklar, originalhandlingarna, fotograferas p\u00e5 arkiv och registreras p\u00e5 individniv\u00e5 av f\u00f6reningsmedlemmar. <em>Fotografering och registrering p\u00e5g\u00e5r. Antal registrerade poster redovisas i r\u00e4kneverk p\u00e5 hemsidan.<\/em> L\u00e4s mer <a href=\"https:\/\/www.genealogi.net\/nova\/databaser\/databaser-med-digitiserad-kalla\/skolmatriklar\/\" data-type=\"page\" data-id=\"14082\">h\u00e4r<\/a>.<\/p>\n\n\n\n<p><strong><a href=\"https:\/\/www.genealogi.net\/nova\/databaser\/databaser-med-digitiserad-kalla\/flyktingar-1945-1946\/\">Flyktingar 1945\/1946<\/a><\/strong>  Originalhandlingar i Kriminalpolisens i Malm\u00f6 arkiv, f\u00f6rteckningar p\u00e5 \u00f6ver 22 000 flyktingar med ett trettiotal nationaliteter som anl\u00e4nde till Malm\u00f6 \u00e5ren 1945 och1946. Arbetet var ett projekt i samarbete med G-gruppen och registreringen av 22 316 poster utf\u00f6rdes av medlemmar i Genealogiska F\u00f6reningen. <em>F\u00e4rdigregistrerat<\/em>. L\u00e4s mer <a href=\"https:\/\/www.genealogi.net\/nova\/databaser\/databaser-med-digitiserad-kalla\/flyktingar-1945-1946\/\" data-type=\"page\" data-id=\"14085\">h\u00e4r<\/a>.<\/p>\n\n\n\n<p><strong><a href=\"https:\/\/www.genealogi.net\/nova\/databaser\/databaser-med-digitiserad-kalla\/ogifta-kvinnor-myndiga-1858-1863\/\">Ogifta kvinnor myndiga 1858-1863<\/a><\/strong>  Originalhandlingar i form av register \u00f6ver ogifta kvinnor som under \u00e5ren 1858-1863 s\u00f6kte myndighet. 2 389 kvinnor i en volym ur Stockholms f\u00f6rmyndarekammares arkiv f\u00e4rdigregistrerade och s\u00f6kbara. <em>En planerad ut\u00f6kning av materialet geografiskt finns. <\/em>L\u00e4s mer <a href=\"https:\/\/www.genealogi.net\/nova\/databaser\/databaser-med-digitiserad-kalla\/ogifta-kvinnor-myndiga-1858-1863\/\" data-type=\"page\" data-id=\"14088\">h\u00e4r<\/a>.<\/p>\n","protected":false},"excerpt":{"rendered":"<p>Under denna rubrik finner du de av Genealogiska F\u00f6reningens databaser som leder dig fram till en avfotograferad\/digitiserad originalhandling. F\u00f6r att f\u00e5 tillg\u00e5ng till databaserna kr\u00e4vs medlemsskap och att du har loggat in p\u00e5 medlemssidorna. Som bes\u00f6kare och icke medlem kan du via l\u00e4nkarna nedan f\u00e5 en grundligare information om varje enskild databas. Familjenotiser SvD\/DN 1936-1990 &#8230; <a title=\"Databaser med digitiserad k\u00e4lla\" class=\"read-more\" href=\"https:\/\/www.genealogi.net\/nova\/databaser\/databaser-med-digitiserad-kalla\/\" aria-label=\"L\u00e4s mer om Databaser med digitiserad k\u00e4lla\">L\u00e4s mer<\/a><\/p>\n","protected":false},"author":2,"featured_media":0,"parent":14019,"menu_order":30,"comment_status":"closed","ping_status":"closed","template":"","meta":{"footnotes":""},"class_list":["post-14058","page","type-page","status-publish"],"_links":{"self":[{"href":"https:\/\/www.genealogi.net\/nova\/wp-json\/wp\/v2\/pages\/14058","targetHints":{"allow":["GET"]}}],"collection":[{"href":"https:\/\/www.genealogi.net\/nova\/wp-json\/wp\/v2\/pages"}],"about":[{"href":"https:\/\/www.genealogi.net\/nova\/wp-json\/wp\/v2\/types\/page"}],"author":[{"embeddable":true,"href":"https:\/\/www.genealogi.net\/nova\/wp-json\/wp\/v2\/users\/2"}],"replies":[{"embeddable":true,"href":"https:\/\/www.genealogi.net\/nova\/wp-json\/wp\/v2\/comments?post=14058"}],"version-history":[{"count":0,"href":"https:\/\/www.genealogi.net\/nova\/wp-json\/wp\/v2\/pages\/14058\/revisions"}],"up":[{"embeddable":true,"href":"https:\/\/www.genealogi.net\/nova\/wp-json\/wp\/v2\/pages\/14019"}],"wp:attachment":[{"href":"https:\/\/www.genealogi.net\/nova\/wp-json\/wp\/v2\/media?parent=14058"}],"curies":[{"name":"wp","href":"https:\/\/api.w.org\/{rel}","templated":true}]}}