{"id":14070,"date":"2021-08-20T22:57:05","date_gmt":"2021-08-20T20:57:05","guid":{"rendered":"https:\/\/www.genealogi.net\/?page_id=14070"},"modified":"2021-08-20T22:57:05","modified_gmt":"2021-08-20T20:57:05","slug":"familjenotiser-svd-dn-1936-1990","status":"publish","type":"page","link":"https:\/\/www.genealogi.net\/nova\/databaser\/databaser-med-digitiserad-kalla\/familjenotiser-svd-dn-1936-1990\/","title":{"rendered":"Familjenotiser SvD\/DN 1936-1990"},"content":{"rendered":"\n<p><em><strong>Denna databas \u00e4r s\u00f6kbar p\u00e5 medlemssidorna<\/strong><\/em><\/p>\n\n\n\n<p>Familjenotiser SvD\/DN 1936-1990 omfattar <a href=\"\/nova\/util\/prod\/arkiv\/bilder\/1\">200 000 sidor<\/a> inneh\u00e5llande kanske 2 miljoner uppklistrade familjenotiser fr\u00e5n tidningarna Svenska Dagbladet (1936-1990) och Dagens Nyheter (1967-1990). Sidorna finns s\u00f6kbara i en databas p\u00e5 medlemssidorna d\u00e4r de \u00e4r ordnade i alfabetisk ordning utifr\u00e5n efternamn och d\u00e4r man klickar sig fram till r\u00e4tt efternamn och sida. Familjenotiserna h\u00e5ller ocks\u00e5 p\u00e5 att indexeras p\u00e5 individniv\u00e5 och det \u00f6kande antalet s\u00e5dana poster \u00e4r p\u00e5 medlemssidorna s\u00f6kbara i ett <a href=\"\/nova\/util\/prod\/arkiv\/hitta\">s\u00f6kprogram<\/a>. Antalet f\u00f6r n\u00e4rvarande registrerade poster g\u00e5r att avl\u00e4sa i ett r\u00e4kneverk p\u00e5 den \u00f6ppna hemsidan.<\/p>\n\n\n\n<p>En av Genealogiska F\u00f6reningens f\u00f6rsta stora projekt var att klippa ut och p\u00e5 pappersark \u2013 ett per sl\u00e4ktnamn \u2013 kronologiskt klistra upp familjenotiser om f\u00f6dda, vigda, d\u00f6da, trolovningar, lysningar och nekrologer, inklusive de bilder (portr\u00e4tt, br\u00f6llopsfotografier) som var en del av notiserna. Arbetet p\u00e5b\u00f6rjades 1 juli 1936 med Svenska Dagbladet och 1 januari 1967 med Dagens Nyheter. Efter ett uppeh\u00e5ll p\u00e5 n\u00e5gra \u00e5r tog en grupp entusiastiska volont\u00e4rer tag i projektet runt 2010 och fortsatte att klippa ut och klistra upp notiser, fram till och med 31 december 1990. N\u00e4r projektet avslutades kunde vi konstatera att arkivet omfattade runt 200 000 sidor (och uppskattningsvis kanske 2 miljoner notiser), de \u00e4ldsta p\u00e5 vackra folioark och de yngre p\u00e5 A4-ark.<\/p>\n\n\n\n<p><strong>Arkivet blev en databas<br \/><\/strong>N\u00e4r uppklistringen var slutf\u00f6rd gjordes 2010-2011 en kraftsamling bland styrelsemedlemmar och volont\u00e4rer f\u00f6r att genomf\u00f6ra en fotografering av de <a href=\"\/nova\/util\/prod\/arkiv\/bilder\/1\">200 000 sidorna<\/a>. M\u00e5nga engagerades, inte minst personer duktiga p\u00e5 att utveckla IT-verktyg f\u00f6r registrering och uppbyggnad av ett <a href=\"\/nova\/util\/prod\/arkiv\/hitta\">s\u00f6kprogram<\/a>. Parallellt med fotograferingen registrerade ett 30-tal medlemmar runt om i landet det efternamn som var kopplat till varje enskild sida.<\/p>\n\n\n\n<div class=\"wp-block-image\"><figure class=\"alignright size-large is-resized\"><a href=\"https:\/\/www.genealogi.net\/nova\/gfwp\/wp-content\/uploads\/2012\/08\/provbild-klipparkivet.jpg\"><img decoding=\"async\" src=\"https:\/\/www.genealogi.net\/nova\/gfwp\/wp-content\/uploads\/2012\/08\/provbild-klipparkivet-682x1024.jpg\" alt=\"provbild klipparkivet\" class=\"wp-image-2866\" width=\"-191\" height=\"-276\"\/><\/a><\/figure><\/div>\n\n\n\n<p>Tack vare alla insatser av medlemmar och personer i styrelsen som allt sedan 1936 har lagt ner m\u00e5nga timmar p\u00e5 detta arbete blev det m\u00f6jligt att 2011 l\u00e4gga ut arkivet p\u00e5 medlemssidorna och g\u00f6ra det s\u00f6kbart \u2013&nbsp;arkivet blev en databas. Vi k\u00e4nner tacksamhet och \u00f6dmjukhet inf\u00f6r det engagemang och de arbetsinsatser som ligger bakom resultatet.<\/p>\n\n\n\n<p><strong>Birger Juto<br \/><\/strong>Men innan vi g\u00e5r vidare beh\u00f6ver vi lyfta fram en person som har en egen plats i arkivets historia \u2013 Birger Juto (1930-1994). Fr\u00e5n 1976 och n\u00e4rmare femton \u00e5r fram\u00e5t ansvarade han f\u00f6r arbetet att klippa ut och klistra upp varje familjenotis i Svenska Dagbladet och Dagens Nyheter, dag f\u00f6r dag. Han utf\u00f6rde det tids\u00f6dande arbetet f\u00f6rtj\u00e4nstfullt till allas v\u00e5r stora gl\u00e4dje idag.<\/p>\n\n\n\n<p><strong>Lite om databasens och  tidningsnotisernas inneh\u00e5ll<br \/><\/strong>Varf\u00f6r valdes just dessa tv\u00e5 dagstidningar ut f\u00f6r uppbyggnaden av arkivet? En aspekt som de flesta av oss idag nog inte \u00e4r medvetna om \u00e4r att tidningarna i f\u00f6rsta hand inte var Stockholmstidningar, de var rikst\u00e4ckande tidningar. Snarare fanns det en social skiktning i dem som g\u00f6r att vi i materialet l\u00e4ttare hittar en ingenj\u00f6r i Norrk\u00f6ping och Sundsvall \u00e4n en arbetare i Stockholm.<\/p>\n\n\n\n<p>T\u00e4nk ocks\u00e5 p\u00e5 att detta material \u00e4r en originalk\u00e4lla. En nekrolog som skrevs f\u00f6r tidningen hittar du inte n\u00e5gon annanstans. En lycka \u00e4r det inte minst att hitta en nekrolog \u00f6ver en kvinna, d\u00e4r hennes aktiviteter och olika engagemang beskrivs av n\u00e5gon som stod henne n\u00e4ra, som k\u00e4nde henne. Det \u00e4r kunskap som kanske inte har bevarats s\u00e5 v\u00e4l p\u00e5 andra st\u00e4llen.<\/p>\n\n\n\n<p><strong>Databasen idag<br \/><\/strong>Utvecklingsarbetet har sedan fortsatt. N\u00e4r bilderna gjordes tillg\u00e4ngliga \u00f6ver n\u00e4tet 2011 kunde man klicka sig fram till r\u00e4tt avfotograferad sida bland de <a href=\"\/nova\/util\/prod\/arkiv\/bilder\/1\">200 000 sidorna<\/a> via efternamnets begynnelsebokstav. S\u00e5 g\u00e5r s\u00f6kningen huvudsakligen till ocks\u00e5 idag men en registrering p\u00e5g\u00e5r \u00e4ven p\u00e5 individniv\u00e5. Du kan f\u00f6lja arbetet med denna typ av registrering via ett r\u00e4kneverk p\u00e5 v\u00e5r hemsida.<\/p>\n\n\n\n<div class=\"wp-block-image\"><figure class=\"alignleft size-large\"><a href=\"https:\/\/www.genealogi.net\/nova\/gfwp\/wp-content\/uploads\/2021\/08\/image.png\"><img loading=\"lazy\" decoding=\"async\" width=\"114\" height=\"50\" src=\"https:\/\/www.genealogi.net\/nova\/gfwp\/wp-content\/uploads\/2021\/08\/image.png\" alt=\"\" class=\"wp-image-14177\"\/><\/a><\/figure><\/div>\n\n\n\n<p>Samtliga sidor ben\u00e4mnda &#8221;A, diverse&#8221;, &#8221;B, diverse&#8221; och s\u00e5 vidare (ovanligare efternamn d\u00e4r man vid uppklistringen valde att inte ge namnet ett eget ark) \u00e4r f\u00e4rdigregistrerade p\u00e5 individniv\u00e5.<\/p>\n\n\n\n<figure class=\"wp-block-image size-large\"><a href=\"https:\/\/www.genealogi.net\/nova\/gfwp\/wp-content\/uploads\/2021\/08\/Skarmavbild-2021-08-22-kl.-18.33.40.png\"><img loading=\"lazy\" decoding=\"async\" width=\"749\" height=\"546\" src=\"https:\/\/www.genealogi.net\/nova\/gfwp\/wp-content\/uploads\/2021\/08\/Skarmavbild-2021-08-22-kl.-18.33.40.png\" alt=\"\" class=\"wp-image-14175\" srcset=\"https:\/\/www.genealogi.net\/nova\/wp-content\/uploads\/2021\/08\/Skarmavbild-2021-08-22-kl.-18.33.40.png 749w, https:\/\/www.genealogi.net\/nova\/wp-content\/uploads\/2021\/08\/Skarmavbild-2021-08-22-kl.-18.33.40-300x219.png 300w\" sizes=\"auto, (max-width: 749px) 100vw, 749px\" \/><\/a><\/figure>\n\n\n\n<p><strong>Hur v\u00e4rdefull \u00e4r databasen idag?<br \/><\/strong>En fr\u00e5ga som l\u00e4tt dyker upp i och med att mer och mer k\u00e4llor blir s\u00f6kbara p\u00e5 n\u00e4tet, \u00e4r hur v\u00e4rdefull databasen \u00e4r idag. N\u00e4r detta skrivs p\u00e5g\u00e5r en intensiv digitisering och digitalisering av hela Sveriges tidingsarkiv p\u00e5 Kungl. Biblioteket, KB. Projektet ber\u00e4knas vara slutf\u00f6rt 2023 och best\u00e5ndet ska d\u00e4refter vara fullt ut s\u00f6kbart p\u00e5 KB:s hemsida. Den avfotograferade tryckta texten digitaliseras via s\u00e5 kallad OCR-tolkning, ett tidseffektivt s\u00e4tt att tolka tryckt text digitalt s\u00e5 att den kan bli s\u00f6kbar. Dock blir alltid n\u00e5gon-n\u00e5gra procent av materialet feltolkat p\u00e5 grund av smuts p\u00e5 trycksidan, bortn\u00f6tt text och annat. De individer som har registrerats p\u00e5 individniv\u00e5 i f\u00f6reningens databas har inte detta bortfall. D\u00e4rtill \u00e4r det fortfarande snabbare att hitta fram till en familjenotis f\u00f6r personer med son-namn \u00e4n att s\u00f6ka i Kungliga bibliotekets s\u00f6kmotor. En Anna Johansson \u00e4r avsev\u00e4rt mycket l\u00e4ttare att hitta i Genealogiska F\u00f6reningens Familjenotiser 1936-1990 s\u00e5 l\u00e4nge jag k\u00e4nner till hennes d\u00f6dsdatum, eller ungef\u00e4r n\u00e4r hon gick bort, \u00e4n vid en s\u00f6kning i Kungliga bibliotekets digitala tidningsarkiv. Med det sagt \u00e4r KBs digitala tidningsarkiv fantastiskt \u2013\u00a0men g\u00f6r din egen bed\u00f6mning!<\/p>\n\n\n\n<p><\/p>\n\n\n\n<p><a href=\"https:\/\/www.genealogi.net\/nova\/gfwp\/wp-content\/uploads\/2025\/12\/Mitt-namn-ar-Goran-Nilsson.pdf\">50<\/a><\/p>\n","protected":false},"excerpt":{"rendered":"<p>Denna databas \u00e4r s\u00f6kbar p\u00e5 medlemssidorna Familjenotiser SvD\/DN 1936-1990 omfattar 200 000 sidor inneh\u00e5llande kanske 2 miljoner uppklistrade familjenotiser fr\u00e5n tidningarna Svenska Dagbladet (1936-1990) och Dagens Nyheter (1967-1990). Sidorna finns s\u00f6kbara i en databas p\u00e5 medlemssidorna d\u00e4r de \u00e4r ordnade i alfabetisk ordning utifr\u00e5n efternamn och d\u00e4r man klickar sig fram till r\u00e4tt efternamn och &#8230; <a title=\"Familjenotiser SvD\/DN 1936-1990\" class=\"read-more\" href=\"https:\/\/www.genealogi.net\/nova\/databaser\/databaser-med-digitiserad-kalla\/familjenotiser-svd-dn-1936-1990\/\" aria-label=\"L\u00e4s mer om Familjenotiser SvD\/DN 1936-1990\">L\u00e4s mer<\/a><\/p>\n","protected":false},"author":2,"featured_media":0,"parent":14058,"menu_order":10,"comment_status":"closed","ping_status":"closed","template":"","meta":{"footnotes":""},"class_list":["post-14070","page","type-page","status-publish"],"_links":{"self":[{"href":"https:\/\/www.genealogi.net\/nova\/wp-json\/wp\/v2\/pages\/14070","targetHints":{"allow":["GET"]}}],"collection":[{"href":"https:\/\/www.genealogi.net\/nova\/wp-json\/wp\/v2\/pages"}],"about":[{"href":"https:\/\/www.genealogi.net\/nova\/wp-json\/wp\/v2\/types\/page"}],"author":[{"embeddable":true,"href":"https:\/\/www.genealogi.net\/nova\/wp-json\/wp\/v2\/users\/2"}],"replies":[{"embeddable":true,"href":"https:\/\/www.genealogi.net\/nova\/wp-json\/wp\/v2\/comments?post=14070"}],"version-history":[{"count":0,"href":"https:\/\/www.genealogi.net\/nova\/wp-json\/wp\/v2\/pages\/14070\/revisions"}],"up":[{"embeddable":true,"href":"https:\/\/www.genealogi.net\/nova\/wp-json\/wp\/v2\/pages\/14058"}],"wp:attachment":[{"href":"https:\/\/www.genealogi.net\/nova\/wp-json\/wp\/v2\/media?parent=14070"}],"curies":[{"name":"wp","href":"https:\/\/api.w.org\/{rel}","templated":true}]}}