{"id":14073,"date":"2021-08-20T23:06:49","date_gmt":"2021-08-20T21:06:49","guid":{"rendered":"https:\/\/www.genealogi.net\/?page_id=14073"},"modified":"2021-08-20T23:06:49","modified_gmt":"2021-08-20T21:06:49","slug":"familjenotiser-dalslanningen-1960-1999","status":"publish","type":"page","link":"https:\/\/www.genealogi.net\/nova\/databaser\/databaser-med-digitiserad-kalla\/familjenotiser-dalslanningen-1960-1999\/","title":{"rendered":"Familjenotiser Dalsl\u00e4nningen 1960-1999"},"content":{"rendered":"\n<p><em><\/em><em><strong>Denna databas \u00e4r s\u00f6kbar p\u00e5 medlemssidorna<\/strong><\/em><\/p>\n\n\n\n<p>Familjenotiser Dalsl\u00e4nningen 1960-1999 \u00e4r en databas inneh\u00e5llande drygt 156 000 s\u00f6kbara personposter h\u00e4mtade ur familjenotiser i tidningen Dalsl\u00e4nningen.<\/p>\n\n\n\n<p>Arbetet med <strong>Familjenotiser&nbsp;Dalsl\u00e4nningen 1960-1999<\/strong> startade d\u00e5 f\u00f6reningen fick tidningen som en g\u00e5va av medlemmen G\u00f6the Jansson. Mona Andersson gjorde en fantastisk insats genom att g\u00f6ra familjenotiserna tillg\u00e4ngliga f\u00f6r registrering. Notiserna klipptes ut, monterades p\u00e5 A3-ark och skannades sedan av flera volont\u00e4rer. Registreringen av de 36 653 familjenotiser som materialet omfattar p\u00e5b\u00f6rjades i februari 2017 och avslutades under 2021, resulterande i drygt 156 000 s\u00f6kbara personposter. Mona Bruzelli var en av v\u00e5ra mest  flitiga registrerare.<\/p>\n\n\n\n<figure class=\"wp-block-image is-style-default\"><img loading=\"lazy\" decoding=\"async\" width=\"845\" height=\"579\" src=\"https:\/\/www.genealogi.net\/nova\/medlem\/wp-content\/uploads\/2021\/08\/Skarmavbild-2021-08-23-kl.-08.58.38.png\" alt=\"\" class=\"wp-image-8453\" srcset=\"https:\/\/www.genealogi.net\/nova\/wp-content\/uploads\/2021\/08\/Skarmavbild-2021-08-23-kl.-08.58.38.png 845w, https:\/\/www.genealogi.net\/nova\/wp-content\/uploads\/2021\/08\/Skarmavbild-2021-08-23-kl.-08.58.38-300x206.png 300w, https:\/\/www.genealogi.net\/nova\/wp-content\/uploads\/2021\/08\/Skarmavbild-2021-08-23-kl.-08.58.38-768x526.png 768w\" sizes=\"auto, (max-width: 845px) 100vw, 845px\" \/><\/figure>\n","protected":false},"excerpt":{"rendered":"<p>Denna databas \u00e4r s\u00f6kbar p\u00e5 medlemssidorna Familjenotiser Dalsl\u00e4nningen 1960-1999 \u00e4r en databas inneh\u00e5llande drygt 156 000 s\u00f6kbara personposter h\u00e4mtade ur familjenotiser i tidningen Dalsl\u00e4nningen. Arbetet med Familjenotiser&nbsp;Dalsl\u00e4nningen 1960-1999 startade d\u00e5 f\u00f6reningen fick tidningen som en g\u00e5va av medlemmen G\u00f6the Jansson. Mona Andersson gjorde en fantastisk insats genom att g\u00f6ra familjenotiserna tillg\u00e4ngliga f\u00f6r registrering. Notiserna klipptes &#8230; <a title=\"Familjenotiser Dalsl\u00e4nningen 1960-1999\" class=\"read-more\" href=\"https:\/\/www.genealogi.net\/nova\/databaser\/databaser-med-digitiserad-kalla\/familjenotiser-dalslanningen-1960-1999\/\" aria-label=\"L\u00e4s mer om Familjenotiser Dalsl\u00e4nningen 1960-1999\">L\u00e4s mer<\/a><\/p>\n","protected":false},"author":2,"featured_media":0,"parent":14058,"menu_order":20,"comment_status":"closed","ping_status":"closed","template":"","meta":{"footnotes":""},"class_list":["post-14073","page","type-page","status-publish"],"_links":{"self":[{"href":"https:\/\/www.genealogi.net\/nova\/wp-json\/wp\/v2\/pages\/14073","targetHints":{"allow":["GET"]}}],"collection":[{"href":"https:\/\/www.genealogi.net\/nova\/wp-json\/wp\/v2\/pages"}],"about":[{"href":"https:\/\/www.genealogi.net\/nova\/wp-json\/wp\/v2\/types\/page"}],"author":[{"embeddable":true,"href":"https:\/\/www.genealogi.net\/nova\/wp-json\/wp\/v2\/users\/2"}],"replies":[{"embeddable":true,"href":"https:\/\/www.genealogi.net\/nova\/wp-json\/wp\/v2\/comments?post=14073"}],"version-history":[{"count":0,"href":"https:\/\/www.genealogi.net\/nova\/wp-json\/wp\/v2\/pages\/14073\/revisions"}],"up":[{"embeddable":true,"href":"https:\/\/www.genealogi.net\/nova\/wp-json\/wp\/v2\/pages\/14058"}],"wp:attachment":[{"href":"https:\/\/www.genealogi.net\/nova\/wp-json\/wp\/v2\/media?parent=14073"}],"curies":[{"name":"wp","href":"https:\/\/api.w.org\/{rel}","templated":true}]}}