{"id":14076,"date":"2021-08-20T23:11:33","date_gmt":"2021-08-20T21:11:33","guid":{"rendered":"https:\/\/www.genealogi.net\/?page_id=14076"},"modified":"2021-08-20T23:11:33","modified_gmt":"2021-08-20T21:11:33","slug":"hangmappsarkivet-2","status":"publish","type":"page","link":"https:\/\/www.genealogi.net\/nova\/databaser\/databaser-med-digitiserad-kalla\/hangmappsarkivet-2\/","title":{"rendered":"H\u00e4ngmappsarkivet"},"content":{"rendered":"\n<p><strong><em>Denna databas \u00e4r s\u00f6kbar p\u00e5 medlemssidorna<\/em><\/strong><\/p>\n\n\n\n<p>H\u00e4ngmappsarkivet best\u00e5r av material om sl\u00e4kter och orter som samlats sedan 1930-talet fram till 2016. Arkivet har f\u00e5tt sitt namn eftersom materialet fr\u00e5n slutet av 1960-talet f\u00f6rvarades i stora pl\u00e5tsk\u00e5p med h\u00e4ngmappar. Fr\u00e5n 1980-talet kom det ocks\u00e5 internt inom GF att kallas <em>H\u00e4ngmappsarkivet<\/em><\/p>\n\n\n\n<p>H\u00e4ngmappsarkivet \u00e4r en del av GFs f\u00f6reningsarkiv och best\u00e5r av tv\u00e5 separata delar:<\/p>\n\n\n\n<ul class=\"wp-block-list\"><li>F1B1 H\u00e4ngmappsarkivet. Sl\u00e4ktvis ordnade anteckningar (= Sl\u00e4ktnamnsarkivet)<\/li><li>F1B2 H\u00e4ngmappsarkivet. Geografiskt ordnade anteckningar (= Geografiska arkivet)<\/li><\/ul>\n\n\n\n<p>Ben\u00e4mningarna kommer sig av att de olika delarna innan den samlande ben\u00e4mningen H\u00e4ngmappsarkivet fick f\u00e4ste s\u00e5 kallades de olika delarna fr\u00e5n tid till annan lite olika saker. Arkivet \u00e4r allts\u00e5 uppdelad p\u00e5 en del efter <em>sl\u00e4ktnamn<\/em> och en del efter <em>ortnamn<\/em>. B\u00e5da delarna k\u00e4nnetecknas av att n\u00e4r materialet tillf\u00f6rts har den s\u00e5 kallade ursprungsprincipen (proveniensprincipen) inte f\u00f6ljts. Det inneb\u00e4r att att det \u00e4r m\u00f6jligt att en sl\u00e4ktforskares material som donerats till GF kan ha splittras upp p\u00e5 olika sl\u00e4ktnamn ist\u00e4llet f\u00f6r att ha h\u00e5llits samman i en enhet<\/p>\n\n\n\n<p>F\u00f6r att m\u00f6jligg\u00f6ra registrering och scanning av materialet st\u00e4ngdes H\u00e4ngmappsakrivet 2016 f\u00f6r ytterligare material. Det bestod d\u00e5 av cirka 4&nbsp;000 h\u00e4ngmappar. Ordnande (plast, tejp, metallh\u00e4fter etc avl\u00e4gsnades, mapparnas inneh\u00e5ll placerades i aktomslag och arkivkartonger) ) och f\u00f6rtecknande (uppr\u00e4ttande av en f\u00f6rteckning \u00f6ver alla mappar) p\u00e5b\u00f6rjades 2016 och materialet flyttades d\u00e5 \u00f6ver till en mer tillfredst\u00e4llande f\u00f6rvaring i arkivboxar. I samband med detta \u00f6verf\u00f6rdes sm\u00e5skrifter och s\u00e4rtryck till f\u00f6reningens bibliotek. Materialets karakt\u00e4r och kvalitet \u00e4r varierande. Det finns alltifr\u00e5n mindre men relativt fullst\u00e4ndiga sl\u00e4ktutredningar, hand- eller maskinskrivna, till tidningsklipp av olika slag.<\/p>\n\n\n\n<p>\u00c5r 2024 var delen <em>Geografiskt ordnade anteckningar<\/em> skannad och registrerad samt m\u00f6jlig att s\u00f6ka i p\u00e5 medlemssidorna. \u00c5r 2025 slutf\u00f6rdes sedan arbetet med att skanna och g\u00f6ra s\u00f6kbar delen <em>Sl\u00e4ktvis ordnade anteckningar<\/em>. N\u00e4r arbetet nu slutf\u00f6rts best\u00e5r H\u00e4ngmappsarkivet av en fysisk del i f\u00f6reningslokalen omfattande <strong>ungef\u00e4r 150 arkivkartonger (knappt tio hyllmeter)<\/strong> och en digital del med <strong>60 987 bilder<\/strong> tillg\u00e4ngliga f\u00f6r alla medlemmar att s\u00f6ka i p\u00e5 medlemssidorna.<\/p>\n\n\n\n<div class=\"wp-block-image is-style-default\"><figure class=\"aligncenter\"><a href=\"https:\/\/www.genealogi.net\/nova\/gfwp\/wp-content\/uploads\/2013\/08\/kameraimport-1-maj-2012-359.jpg\"><img loading=\"lazy\" decoding=\"async\" width=\"300\" height=\"225\" src=\"https:\/\/www.genealogi.net\/nova\/gfwp\/wp-content\/uploads\/2013\/08\/kameraimport-1-maj-2012-359-300x225.jpg\" alt=\"Pl\u00e5tl\u00e5da med h\u00e4ngmappas\" class=\"wp-image-3229\" srcset=\"https:\/\/www.genealogi.net\/nova\/wp-content\/uploads\/2013\/08\/kameraimport-1-maj-2012-359-300x225.jpg 300w, https:\/\/www.genealogi.net\/nova\/wp-content\/uploads\/2013\/08\/kameraimport-1-maj-2012-359-1024x768.jpg 1024w, https:\/\/www.genealogi.net\/nova\/wp-content\/uploads\/2013\/08\/kameraimport-1-maj-2012-359-768x576.jpg 768w, https:\/\/www.genealogi.net\/nova\/wp-content\/uploads\/2013\/08\/kameraimport-1-maj-2012-359-1536x1152.jpg 1536w, https:\/\/www.genealogi.net\/nova\/wp-content\/uploads\/2013\/08\/kameraimport-1-maj-2012-359-2048x1536.jpg 2048w\" sizes=\"auto, (max-width: 300px) 100vw, 300px\" \/><\/a><\/figure><\/div>\n","protected":false},"excerpt":{"rendered":"<p>Denna databas \u00e4r s\u00f6kbar p\u00e5 medlemssidorna H\u00e4ngmappsarkivet best\u00e5r av material om sl\u00e4kter och orter som samlats sedan 1930-talet fram till 2016. Arkivet har f\u00e5tt sitt namn eftersom materialet fr\u00e5n slutet av 1960-talet f\u00f6rvarades i stora pl\u00e5tsk\u00e5p med h\u00e4ngmappar. Fr\u00e5n 1980-talet kom det ocks\u00e5 internt inom GF att kallas H\u00e4ngmappsarkivet H\u00e4ngmappsarkivet \u00e4r en del av GFs &#8230; <a title=\"H\u00e4ngmappsarkivet\" class=\"read-more\" href=\"https:\/\/www.genealogi.net\/nova\/databaser\/databaser-med-digitiserad-kalla\/hangmappsarkivet-2\/\" aria-label=\"L\u00e4s mer om H\u00e4ngmappsarkivet\">L\u00e4s mer<\/a><\/p>\n","protected":false},"author":2,"featured_media":0,"parent":14058,"menu_order":30,"comment_status":"closed","ping_status":"closed","template":"","meta":{"footnotes":""},"class_list":["post-14076","page","type-page","status-publish"],"_links":{"self":[{"href":"https:\/\/www.genealogi.net\/nova\/wp-json\/wp\/v2\/pages\/14076","targetHints":{"allow":["GET"]}}],"collection":[{"href":"https:\/\/www.genealogi.net\/nova\/wp-json\/wp\/v2\/pages"}],"about":[{"href":"https:\/\/www.genealogi.net\/nova\/wp-json\/wp\/v2\/types\/page"}],"author":[{"embeddable":true,"href":"https:\/\/www.genealogi.net\/nova\/wp-json\/wp\/v2\/users\/2"}],"replies":[{"embeddable":true,"href":"https:\/\/www.genealogi.net\/nova\/wp-json\/wp\/v2\/comments?post=14076"}],"version-history":[{"count":0,"href":"https:\/\/www.genealogi.net\/nova\/wp-json\/wp\/v2\/pages\/14076\/revisions"}],"up":[{"embeddable":true,"href":"https:\/\/www.genealogi.net\/nova\/wp-json\/wp\/v2\/pages\/14058"}],"wp:attachment":[{"href":"https:\/\/www.genealogi.net\/nova\/wp-json\/wp\/v2\/media?parent=14076"}],"curies":[{"name":"wp","href":"https:\/\/api.w.org\/{rel}","templated":true}]}}