{"id":14082,"date":"2021-08-20T23:21:16","date_gmt":"2021-08-20T21:21:16","guid":{"rendered":"https:\/\/www.genealogi.net\/?page_id=14082"},"modified":"2021-08-20T23:21:16","modified_gmt":"2021-08-20T21:21:16","slug":"skolmatriklar","status":"publish","type":"page","link":"https:\/\/www.genealogi.net\/nova\/databaser\/databaser-med-digitiserad-kalla\/skolmatriklar\/","title":{"rendered":"Skolmatriklar"},"content":{"rendered":"\n<div class=\"wp-block-columns is-layout-flex wp-container-core-columns-is-layout-9d6595d7 wp-block-columns-is-layout-flex\">\n<div class=\"wp-block-column is-layout-flow wp-block-column-is-layout-flow\" style=\"flex-basis:66.66%\">\n<p><strong><em>Databasen \u00e4r s\u00f6kbar p\u00e5 medlemssidorna<\/em> <em>under egen rubrik i menyraden<\/em><\/strong><\/p>\n\n\n\n<p><em>Till h\u00f6ger ser du ett r\u00e4kneverk som uppdateras varje g\u00e5ng en ny person registreras i databasen.<\/em><\/p>\n\n\n\n<p>Sedan h\u00f6sten 2018 driver Genealogiska F\u00f6reningen projektet Skolmatriklar. V\u00e5r ambition \u00e4r att skapa ett generalregister \u00f6ver elever som har varit intagna i huvudsak p\u00e5 h\u00f6gre allm\u00e4nna l\u00e4roverk i riket och som \u00e5terfinns i skolans matriklar. Fr\u00e5n omkring femtio av rikets st\u00e4der finns s\u00e5dana skolmatriklar bevarade. N\u00e5gra \u2013 men endast omkring 1\/4 \u2013 har givits ut i tryck.<\/p>\n<\/div>\n\n\n\n<div class=\"wp-block-column is-layout-flow wp-block-column-is-layout-flow\" style=\"flex-basis:33.33%\">\n<h3 class=\"wp-block-heading\">Antal Poster<\/h3>\n\n\n<span><img decoding=\"async\" style=\"border: 0px\" src=\"https:\/\/www.genealogi.net\/InrikesPass\/CounterDigits\/0.gif\"><img decoding=\"async\" style=\"border: 0px\" src=\"https:\/\/www.genealogi.net\/InrikesPass\/CounterDigits\/3.gif\"><img decoding=\"async\" style=\"border: 0px\" src=\"https:\/\/www.genealogi.net\/InrikesPass\/CounterDigits\/1.gif\"><img decoding=\"async\" style=\"border: 0px\" src=\"https:\/\/www.genealogi.net\/InrikesPass\/CounterDigits\/3.gif\"><img decoding=\"async\" style=\"border: 0px\" src=\"https:\/\/www.genealogi.net\/InrikesPass\/CounterDigits\/3.gif\"><img decoding=\"async\" style=\"border: 0px\" src=\"https:\/\/www.genealogi.net\/InrikesPass\/CounterDigits\/3.gif\"><\/span>\n<\/div>\n<\/div>\n\n\n\n<p>Vi fotograferar av originalhandlingarna och l\u00e4gger ut de <a href=\"\/nova\/util\/prod\/skolmatriklar\/bilder\">digitiserade sidorna<\/a> p\u00e5 v\u00e5ra <a href=\"\/nova\/medlem\">medlemssidor<\/a>. Bilderna indexeras sedan i ett <a href=\"\/nova\/medlem\/digitala-arkiv\/skolmatriklar\/att-registrera-skolmatriklar\/\">registreringsverktyg<\/a> d\u00e4r varje post l\u00e4nkas till den bild i originalhandlingen d\u00e4r vi h\u00e4mtade uppgifterna s\u00e5 att man, n\u00e4r man f\u00e5r en s\u00f6ktr\u00e4ff vid s\u00f6kning, ocks\u00e5 f\u00e5r tillg\u00e5ng att titta p\u00e5 den avfotograferade originalhandlingen.<\/p>\n\n\n\n<p class=\"has-text-align-left\">Ett r\u00e4kneverk p\u00e5 v\u00e5r \u00f6ppna sida (ocks\u00e5 p\u00e5 medlemssidan) visar hur m\u00e5nga personer som har registrerats i databasen. P\u00e5 medlemssidorna g\u00e5r det att i ett <a href=\"https:\/\/www.genealogi.net\/nova\/util\/prod\/skolmatriklar\/hitta\">s\u00f6kprogram<\/a> s\u00f6ka efter individer  i databasen. Ing\u00e5ngen till s\u00f6ksidan hittar du under rubriken Databaser i menyraden.<\/p>\n\n\n\n<p class=\"has-text-align-center\"><img decoding=\"async\" class=\"wp-image-14273\" style=\"width: 400px;\" src=\"https:\/\/www.genealogi.net\/nova\/gfwp\/wp-content\/uploads\/2021\/08\/gf_webbild_vala_vaxjohogreallmannalaroverk_CIIa_matriklaroverintagnaelever_vol1_1651-1751_vaxjo_hogreallmannalaroverk_6_av_399_-scaled.jpg\" alt=\"\"\/><\/p>\n\n\n\n<p><strong>Varf\u00f6r skolmatriklar?<\/strong><\/p>\n\n\n\n<p>Inte minst i de \u00e4ldre matriklarna finns, f\u00f6rutom elevens eget namn, m\u00e5nga g\u00e5nger uppgifter om faderns namn, yrke och hemort. H\u00e4r finns allts\u00e5 m\u00f6jligheten att finna &#8211; alternativt st\u00e4rka &#8211; filiationer. En annan vinst \u00e4r att finna sl\u00e4ktingar som man inte visste har studerat. En bondson som b\u00f6rjade studier vid ett l\u00e4roverk men fick avbryta p\u00e5 grund av att hans arbetskraft beh\u00f6vdes hemma p\u00e5 g\u00e5rden \u00e4r ett typiskt s\u00e5dant exempel. Hans akademiska karri\u00e4r fick inte en forts\u00e4ttning och vetskapen om hans \u00e5r p\u00e5 l\u00e4roverket kanske \u00e4r en nyhet f\u00f6r den sentida \u00e4ttlingen.<\/p>\n\n\n\n<p>L\u00e4s g\u00e4rna Markus Gunshagas v\u00e4lskrivna R\u00f6tterblogg fr\u00e5n 2015 om skolmatriklars v\u00e4rde i sl\u00e4ktforskningen &#8211; <a rel=\"noreferrer noopener\" href=\"https:\/\/www.genealogi.se\/blog\/entry\/genealogiska-skolmatriklar\" target=\"_blank\">Genealogiska skolmatriklar<\/a>.<\/p>\n\n\n\n<p>Matriklar fr\u00e5n f\u00f6ljande skolor har (augusti 2025) digitiserats och lagts ut p\u00e5 medlemsidorna:<\/p>\n\n\n\n<p>Kalmars h\u00f6gre allm\u00e4nna l\u00e4roverk, 1655-1821<\/p>\n\n\n\n<p>Link\u00f6pings h\u00f6gre allm\u00e4nna l\u00e4rovek, 1599-1821<\/p>\n\n\n\n<p>Mariestads h\u00f6gre allm\u00e4nna l\u00e4roverk, 1680-1846<\/p>\n\n\n\n<p>Stockholms stads trivialskola 1650, 1724-1820<\/p>\n\n\n\n<p>Stockholms gymnasium 1821-1885<\/p>\n\n\n\n<p>S\u00f6derk\u00f6pings l\u00e4gre allm\u00e4nna l\u00e4roverk, 1646-1823<\/p>\n\n\n\n<p>Visings\u00f6 skola 1636-1816 och<\/p>\n\n\n\n<p>V\u00e4xj\u00f6 h\u00f6gre allm\u00e4nna l\u00e4roverk 1651-1808<\/p>\n\n\n\n<p><\/p>\n","protected":false},"excerpt":{"rendered":"<p>Databasen \u00e4r s\u00f6kbar p\u00e5 medlemssidorna under egen rubrik i menyraden Till h\u00f6ger ser du ett r\u00e4kneverk som uppdateras varje g\u00e5ng en ny person registreras i databasen. Sedan h\u00f6sten 2018 driver Genealogiska F\u00f6reningen projektet Skolmatriklar. V\u00e5r ambition \u00e4r att skapa ett generalregister \u00f6ver elever som har varit intagna i huvudsak p\u00e5 h\u00f6gre allm\u00e4nna l\u00e4roverk i riket &#8230; <a title=\"Skolmatriklar\" class=\"read-more\" href=\"https:\/\/www.genealogi.net\/nova\/databaser\/databaser-med-digitiserad-kalla\/skolmatriklar\/\" aria-label=\"L\u00e4s mer om Skolmatriklar\">L\u00e4s mer<\/a><\/p>\n","protected":false},"author":2,"featured_media":0,"parent":14058,"menu_order":60,"comment_status":"closed","ping_status":"closed","template":"","meta":{"footnotes":""},"class_list":["post-14082","page","type-page","status-publish"],"_links":{"self":[{"href":"https:\/\/www.genealogi.net\/nova\/wp-json\/wp\/v2\/pages\/14082","targetHints":{"allow":["GET"]}}],"collection":[{"href":"https:\/\/www.genealogi.net\/nova\/wp-json\/wp\/v2\/pages"}],"about":[{"href":"https:\/\/www.genealogi.net\/nova\/wp-json\/wp\/v2\/types\/page"}],"author":[{"embeddable":true,"href":"https:\/\/www.genealogi.net\/nova\/wp-json\/wp\/v2\/users\/2"}],"replies":[{"embeddable":true,"href":"https:\/\/www.genealogi.net\/nova\/wp-json\/wp\/v2\/comments?post=14082"}],"version-history":[{"count":0,"href":"https:\/\/www.genealogi.net\/nova\/wp-json\/wp\/v2\/pages\/14082\/revisions"}],"up":[{"embeddable":true,"href":"https:\/\/www.genealogi.net\/nova\/wp-json\/wp\/v2\/pages\/14058"}],"wp:attachment":[{"href":"https:\/\/www.genealogi.net\/nova\/wp-json\/wp\/v2\/media?parent=14082"}],"curies":[{"name":"wp","href":"https:\/\/api.w.org\/{rel}","templated":true}]}}