{"id":14085,"date":"2021-08-20T23:24:45","date_gmt":"2021-08-20T21:24:45","guid":{"rendered":"https:\/\/www.genealogi.net\/?page_id=14085"},"modified":"2021-08-20T23:24:45","modified_gmt":"2021-08-20T21:24:45","slug":"flyktingar-1945-1946","status":"publish","type":"page","link":"https:\/\/www.genealogi.net\/nova\/databaser\/databaser-med-digitiserad-kalla\/flyktingar-1945-1946\/","title":{"rendered":"Flyktingar 1945\/1946"},"content":{"rendered":"\n<p>Sidan \u00e4r under uppbyggnad (2021-08-20)<\/p>\n\n\n\n<p><em>P\u00e5 medlemssidorna kan du v\u00e4lja att s\u00f6ka bland personerna i databasen i ett eget <a rel=\"noreferrer noopener\" href=\"https:\/\/www.genealogi.net\/nova\/util\/prod\/flyktingar1945\/search.php\" data-type=\"URL\" data-id=\"https:\/\/www.genealogi.net\/util\/prod\/flyktingar1945\/search.php\" target=\"_blank\">s\u00f6kprogram<\/a>. Du kan \u00e4ven <a href=\"https:\/\/www.genealogi.net\/nova\/medlem\/databaser\/databaser-med-digitiserad-kalla\/flyktingar-1945-1946\/efternamn-i-databasen\/\" data-type=\"URL\" data-id=\"https:\/\/www.genealogi.net\/medlem\/databaser\/databaser-med-digitiserad-kalla\/flyktingar-1945-1946\/efternamn-i-databasen\/\" target=\"_blank\" rel=\"noreferrer noopener\">bl\u00e4ddra bland efternamn<\/a> som f\u00f6rekommer i databasen samt <a href=\"https:\/\/www.genealogi.net\/nova\/medlem\/databaser\/databaser-med-digitiserad-kalla\/flyktingar-1945-1946\/originalhandlingarna\/\" data-type=\"URL\" data-id=\"https:\/\/www.genealogi.net\/medlem\/databaser\/databaser-med-digitiserad-kalla\/flyktingar-1945-1946\/originalhandlingarna\/\" target=\"_blank\" rel=\"noreferrer noopener\">bl\u00e4ddra i originalhandlingarna<\/a>.<\/em><\/p>\n\n\n\n<div class=\"wp-block-image is-style-default\"><figure class=\"alignleft\"><img loading=\"lazy\" decoding=\"async\" width=\"300\" height=\"179\" src=\"http:\/\/www.genealogi.net\/medlem\/wp-content\/uploads\/2015\/01\/frilagdbuss_test2-300x179.png\" alt=\"\" class=\"wp-image-5573\" srcset=\"https:\/\/www.genealogi.net\/nova\/wp-content\/uploads\/2015\/01\/frilagdbuss_test2-300x179.png 300w, https:\/\/www.genealogi.net\/nova\/wp-content\/uploads\/2015\/01\/frilagdbuss_test2-1024x610.png 1024w, https:\/\/www.genealogi.net\/nova\/wp-content\/uploads\/2015\/01\/frilagdbuss_test2-768x458.png 768w, https:\/\/www.genealogi.net\/nova\/wp-content\/uploads\/2015\/01\/frilagdbuss_test2-1536x916.png 1536w, https:\/\/www.genealogi.net\/nova\/wp-content\/uploads\/2015\/01\/frilagdbuss_test2.png 1993w\" sizes=\"auto, (max-width: 300px) 100vw, 300px\" \/><\/figure><\/div>\n\n\n\n<p><strong>Databasen Flyktingar 1945\/1946<br \/><\/strong>Databasen inneh\u00e5ller 22 316 personposter, namn p\u00e5 flyktingar som anl\u00e4nde till Malm\u00f6 under 1945 och januari-februari 1946. Samtliga personer \u00e4r p\u00e5 medlemssidorna s\u00f6kbara i ett <a href=\"\/nova\/util\/prod\/flyktingar1945\/search\">s\u00f6kprogram<\/a> d\u00e4r du kan s\u00f6ka p\u00e5 namn och ankomstdatum, och d\u00e4r det finns uppgifter kopplade till viktiga h\u00e4ndelser som ber\u00f6r flykten, exempelvis en fartygskatastrof, ett flyktingl\u00e4ger, ett koncentrationsl\u00e4ger, en tur med en b\u00e5t som r\u00e4ddades. P\u00e5 medlemssidorna finns \u00e4ven m\u00f6jlighet att <a href=\"https:\/\/www.genealogi.net\/nova\/medlem\/digitala-arkiv\/flyktingar-1945-46\/\">bl\u00e4ddra bland efternamn<\/a> som f\u00f6rekommer i databasen, samt m\u00f6jlighet att g\u00e5 direkt in i det digitiserade materialet, att <a href=\"https:\/\/www.genealogi.net\/nova\/medlem\/databaser\/databaser-med-digitiserad-kalla\/flyktingar-1945-1946\/originalhandlingarna\/\" data-type=\"URL\" data-id=\"https:\/\/www.genealogi.net\/medlem\/databaser\/databaser-med-digitiserad-kalla\/flyktingar-1945-1946\/originalhandlingarna\/\" target=\"_blank\" rel=\"noreferrer noopener\">bl\u00e4ddra i originalhandlingar<\/a>.<\/p>\n\n\n\n<p>Flertalet av flyktingarna kom fr\u00e5n K\u00f6penhamn med de vita bussarna. Det \u00e4r&nbsp;personer med ett trettiotal olika nationaliteter \u2013 polsk (10 873 poster), holl\u00e4ndsk (2 780 poster), fransk (2 056 poster), ungersk (1 716 poster), tysk, rysk, dansk, norsk, baltisk, belgisk med flera och d\u00e4r m\u00e5nga var judar. Det \u00e4r ocks\u00e5 personer i olika \u00e5ldrar, d\u00e4r m\u00e5nga av de franska och holl\u00e4ndska flyktingarna var skolbarn som anl\u00e4nde under h\u00f6sten och vintern 1945\/1946.<\/p>\n\n\n\n<p>Originalhandlingarna \u00e4r maskinskrivna passagerarlistor och f\u00f6rh\u00f6rsprotokoll i Kriminalpolisen i Malm\u00f6s arkiv, med signum F7:10, F7:11 och F7:12.<\/p>\n\n\n\n<p>Projektet att skapa denna databas var ett samarbete som 2015 genomf\u00f6rdes tillsammans med F\u00f6reningen G-gruppen (en f\u00f6rening bildad i Genealogiska F\u00f6reningens lokaler 2001 med migration i \u00d6stersj\u00f6omr\u00e5det som arbetsf\u00e4lt) och initierat av Gustaf von Gertten. Registreringsarbetet utf\u00f6rdes av volont\u00e4rer inom Genealogiska F\u00f6reningen d\u00e4r merparten av materialet registrerades av v\u00e5r allra flitigaste registrerare, Ewa Jansson i Ystad. Hon bidrog ocks\u00e5 med ov\u00e4rderlig spr\u00e5kkunskap anv\u00e4ndbar n\u00e4r det g\u00e4llde att tolka utl\u00e4ndska namn som stundtals varit felstavade eller &#8221;f\u00f6rsvenskade&#8221; i polisens protokoll. Ett stort tack till Ewa!<\/p>\n\n\n\n<p>I Genealogiska F\u00f6reningens bibliotek finns en omfattande samling litteratur, kopior av passagerarlistor med mera, som har sk\u00e4nkts av Gustaf von Gertten.<\/p>\n\n\n\n<p>Filmen <em>Every Face Has a Name<\/em> av Magnus Gertten bygger p\u00e5 passagerarlistorna fr\u00e5n den 28 april 1945, som ing\u00e5r i v\u00e5rt material! <a rel=\"noreferrer noopener\" href=\"https:\/\/www.youtube.com\/watch?v=XEkkwq2X7a0\" target=\"_blank\">Se en tv\u00e5 minuter l\u00e5ng introduktion p\u00e5 YouTube<\/a>.<\/p>\n","protected":false},"excerpt":{"rendered":"<p>Sidan \u00e4r under uppbyggnad (2021-08-20) P\u00e5 medlemssidorna kan du v\u00e4lja att s\u00f6ka bland personerna i databasen i ett eget s\u00f6kprogram. Du kan \u00e4ven bl\u00e4ddra bland efternamn som f\u00f6rekommer i databasen samt bl\u00e4ddra i originalhandlingarna. Databasen Flyktingar 1945\/1946Databasen inneh\u00e5ller 22 316 personposter, namn p\u00e5 flyktingar som anl\u00e4nde till Malm\u00f6 under 1945 och januari-februari 1946. Samtliga personer &#8230; <a title=\"Flyktingar 1945\/1946\" class=\"read-more\" href=\"https:\/\/www.genealogi.net\/nova\/databaser\/databaser-med-digitiserad-kalla\/flyktingar-1945-1946\/\" aria-label=\"L\u00e4s mer om Flyktingar 1945\/1946\">L\u00e4s mer<\/a><\/p>\n","protected":false},"author":2,"featured_media":0,"parent":14058,"menu_order":50,"comment_status":"closed","ping_status":"closed","template":"","meta":{"footnotes":""},"class_list":["post-14085","page","type-page","status-publish"],"_links":{"self":[{"href":"https:\/\/www.genealogi.net\/nova\/wp-json\/wp\/v2\/pages\/14085","targetHints":{"allow":["GET"]}}],"collection":[{"href":"https:\/\/www.genealogi.net\/nova\/wp-json\/wp\/v2\/pages"}],"about":[{"href":"https:\/\/www.genealogi.net\/nova\/wp-json\/wp\/v2\/types\/page"}],"author":[{"embeddable":true,"href":"https:\/\/www.genealogi.net\/nova\/wp-json\/wp\/v2\/users\/2"}],"replies":[{"embeddable":true,"href":"https:\/\/www.genealogi.net\/nova\/wp-json\/wp\/v2\/comments?post=14085"}],"version-history":[{"count":0,"href":"https:\/\/www.genealogi.net\/nova\/wp-json\/wp\/v2\/pages\/14085\/revisions"}],"up":[{"embeddable":true,"href":"https:\/\/www.genealogi.net\/nova\/wp-json\/wp\/v2\/pages\/14058"}],"wp:attachment":[{"href":"https:\/\/www.genealogi.net\/nova\/wp-json\/wp\/v2\/media?parent=14085"}],"curies":[{"name":"wp","href":"https:\/\/api.w.org\/{rel}","templated":true}]}}