{"id":14088,"date":"2021-08-20T23:30:47","date_gmt":"2021-08-20T21:30:47","guid":{"rendered":"https:\/\/www.genealogi.net\/?page_id=14088"},"modified":"2021-08-20T23:30:47","modified_gmt":"2021-08-20T21:30:47","slug":"ogifta-kvinnor-myndiga-1858-1863","status":"publish","type":"page","link":"https:\/\/www.genealogi.net\/nova\/databaser\/databaser-med-digitiserad-kalla\/ogifta-kvinnor-myndiga-1858-1863\/","title":{"rendered":"Ogifta kvinnor myndiga 1858-1863"},"content":{"rendered":"\n<p><strong><em>Denna databas \u00e4r s\u00f6kbar p\u00e5 medlemssidorna<\/em><\/strong><\/p>\n\n\n\n<p>Genealogiska F\u00f6reningen har digitiserat ett register i F\u00f6rmyndarkammarens i Stockholm arkiv \u00f6ver ogifta kvinnor myndiga 1858-1863. Kvinnorna i registret har registrerats i en databas som \u00e4r s\u00f6kbar i ett <a href=\"\/nova\/util\/prod\/ogiftamyndiga\/hitta\">s\u00f6kprogram<\/a> p\u00e5 medlemssidorna. Du kan d\u00e4r \u00e4ven <a rel=\"noreferrer noopener\" href=\"https:\/\/www.genealogi.net\/nova\/util\/prod\/ogiftamyndiga\/bilder\/1\" data-type=\"URL\" data-id=\"https:\/\/www.genealogi.net\/util\/prod\/ogiftamyndiga\/bilder\/1\" target=\"_blank\">bl\u00e4ddra i registret<\/a>, \u00e5tergivet som en pdf-fil.<\/p>\n\n\n\n<p>Sommaren 1858 utf\u00e4rdades\u00a0en kunglig f\u00f6rordning\u00a0att ogifta kvinnor 25 \u00e5r fyllda skulle ges r\u00e4tt att s\u00f6ka myndighet. Best\u00e4mmelsen g\u00e4llde fram tills sommaren 1863 d\u00e5 en ny f\u00f6rordning utf\u00e4rdades, att ogift kvinna automatiskt skulle bli myndig p\u00e5 sin 25-\u00e5rsdag. <\/p>\n\n\n\n<p>De som ans\u00f6kte om myndighet 1858-1863 gjorde det hos r\u00e5dhusr\u00e4tten d\u00e4r de&nbsp;bodde, i Stockholm hos F\u00f6rmyndarkammaren. Under dessa fem \u00e5r ans\u00f6kte ett antal kvinnor. Vilka var de och hur m\u00e5nga var de? Varje ans\u00f6kan inneh\u00e5ller f\u00f6rst\u00e5s en bakomliggande historia och har n\u00e5got att s\u00e4ga oss om den kvinna som ans\u00f6kte.<\/p>\n\n\n\n<div class=\"wp-block-image is-style-default\"><figure class=\"alignright\"><a href=\"https:\/\/www.genealogi.net\/nova\/medlem\/wp-content\/uploads\/2017\/10\/gf_webbild_ssa_stockholmsformyndarkammare_DXVIe_registeraogiftakvinnormyndiga_vol1_1858-1864_stockholms_formyndarkammare_2_av_104_.jpg\"><img loading=\"lazy\" decoding=\"async\" width=\"200\" height=\"300\" src=\"https:\/\/www.genealogi.net\/nova\/medlem\/wp-content\/uploads\/2017\/10\/gf_webbild_ssa_stockholmsformyndarkammare_DXVIe_registeraogiftakvinnormyndiga_vol1_1858-1864_stockholms_formyndarkammare_2_av_104_-200x300.jpg\" alt=\"\" class=\"wp-image-6101\" srcset=\"https:\/\/www.genealogi.net\/nova\/wp-content\/uploads\/2017\/10\/gf_webbild_ssa_stockholmsformyndarkammare_DXVIe_registeraogiftakvinnormyndiga_vol1_1858-1864_stockholms_formyndarkammare_2_av_104_-200x300.jpg 200w, https:\/\/www.genealogi.net\/nova\/wp-content\/uploads\/2017\/10\/gf_webbild_ssa_stockholmsformyndarkammare_DXVIe_registeraogiftakvinnormyndiga_vol1_1858-1864_stockholms_formyndarkammare_2_av_104_-682x1024.jpg 682w, https:\/\/www.genealogi.net\/nova\/wp-content\/uploads\/2017\/10\/gf_webbild_ssa_stockholmsformyndarkammare_DXVIe_registeraogiftakvinnormyndiga_vol1_1858-1864_stockholms_formyndarkammare_2_av_104_-768x1153.jpg 768w, https:\/\/www.genealogi.net\/nova\/wp-content\/uploads\/2017\/10\/gf_webbild_ssa_stockholmsformyndarkammare_DXVIe_registeraogiftakvinnormyndiga_vol1_1858-1864_stockholms_formyndarkammare_2_av_104_-1023x1536.jpg 1023w, https:\/\/www.genealogi.net\/nova\/wp-content\/uploads\/2017\/10\/gf_webbild_ssa_stockholmsformyndarkammare_DXVIe_registeraogiftakvinnormyndiga_vol1_1858-1864_stockholms_formyndarkammare_2_av_104_-1364x2048.jpg 1364w, https:\/\/www.genealogi.net\/nova\/wp-content\/uploads\/2017\/10\/gf_webbild_ssa_stockholmsformyndarkammare_DXVIe_registeraogiftakvinnormyndiga_vol1_1858-1864_stockholms_formyndarkammare_2_av_104_.jpg 1542w\" sizes=\"auto, (max-width: 200px) 100vw, 200px\" \/><\/a><\/figure><\/div>\n\n\n\n<p><em>Register \u00e5 Ogifta Qvinnor, Myndiga enl. kongl. f\u00f6rordn. af den 15 Juni 1858<\/em> \u00e4r&nbsp;titeln p\u00e5 en volym&nbsp;i F\u00f6rmyndarkammaren i Stockholms arkiv&nbsp;som b\u00e4r signum DXVIe volym 1. I volymen finns 2 374&nbsp;kvinnor f\u00f6rtecknade. En databas \u00e4r skapad s\u00e5 att du kan s\u00f6ka p\u00e5 varje enskild kvinna. Vi \u00e5terger ocks\u00e5 registret&nbsp;i sin helhet om du sj\u00e4lv vill <a href=\"\/nova\/util\/prod\/ogiftamyndiga\/bilder\">bl\u00e4ddra i volymen<\/a>.<\/p>\n\n\n\n<p><strong>Vilka kvinnor ans\u00f6kte?<br \/><\/strong>Det \u00e4r fr\u00e4mst kvinnor ur borgarklassen som f\u00f6rekommer i detta register. Abetarklassens flickor och unga kvinnor n\u00f6ddes arbeta f\u00f6r sin och familjens f\u00f6rs\u00f6rjning. De flickor som f\u00f6ddes i samh\u00e4llets \u00f6vre skikt uppfostrades inte till&nbsp;att bli yrkesarbetande utan&nbsp;i st\u00e4llet till&nbsp;att bli bortgifta. Men likt alla kvinnor&nbsp;v\u00e4xte de upp som omyndiga och var som&nbsp;gifta ocks\u00e5 omyndiga. Kvinnor som varit gifta och&nbsp;blivit \u00e4nkor hade laglig r\u00e4tt att ta \u00f6ver mannens yrkesverksamhet. Ogifta kvinnor hade inte samma m\u00f6jlighet till utkomst. Och de kunde&nbsp;inte f\u00f6rvalta sina egna pengar.<\/p>\n\n\n\n<p>De ogifta kvinnor som under de fem \u00e5ren 1858-1863 ans\u00f6kte om myndighet och d\u00e4rmed&nbsp;\u00e5terfinns i detta register&nbsp;\u00f6ppnar en sp\u00e4nnande d\u00f6rr f\u00f6r forskning. Visserligen anges inte i registret varf\u00f6r dessa kvinnor ans\u00f6kte om myndighet men fortsatt forskning p\u00e5 dem kan s\u00e4kerligen \u00f6ka kunskapen om detta. F\u00f6r Stockholms stad finns allts\u00e5 detta register. F\u00f6r \u00f6vriga landet f\u00e5r man s\u00f6ka efter&nbsp;kvinnorna i r\u00e5dhusr\u00e4tternas protokoll. Sannolikt saknas i de flesta fall ett motsvarande register.<\/p>\n\n\n\n<p><strong>Vad ger mig en s\u00f6ktr\u00e4ff?<br \/><\/strong>Originalhandlingen \u00e4r ett relativt enkelt register som \u00e4r f\u00f6rt \u00e5rsvis. Den f\u00f6rsta kolumnen&nbsp;inneh\u00e5ller f\u00f6r- och efternamn, d\u00e4refter f\u00f6ljer kolumner med rubrikerna &#8221;Trakt&#8221; (norra eller s\u00f6dra Stockholm),&nbsp;&#8221;Anm\u00e4ldt&#8221; (ett datum)&nbsp;och&nbsp;&#8221;Protokollsdag&#8221; (ett datum).<\/p>\n\n\n\n<div class=\"wp-block-image is-style-default\"><figure class=\"aligncenter\"><a href=\"https:\/\/www.genealogi.net\/nova\/medlem\/wp-content\/uploads\/2017\/10\/gf_webbild_ssa_stockholmsformyndarkammare_DXVIe_registeraogiftakvinnormyndiga_vol1_1858-1864_stockholms_formyndarkammare_9_av_104_.jpg\"><img loading=\"lazy\" decoding=\"async\" width=\"682\" height=\"1024\" src=\"https:\/\/www.genealogi.net\/nova\/medlem\/wp-content\/uploads\/2017\/10\/gf_webbild_ssa_stockholmsformyndarkammare_DXVIe_registeraogiftakvinnormyndiga_vol1_1858-1864_stockholms_formyndarkammare_9_av_104_-682x1024.jpg\" alt=\"\" class=\"wp-image-6105\" srcset=\"https:\/\/www.genealogi.net\/nova\/wp-content\/uploads\/2017\/10\/gf_webbild_ssa_stockholmsformyndarkammare_DXVIe_registeraogiftakvinnormyndiga_vol1_1858-1864_stockholms_formyndarkammare_9_av_104_-682x1024.jpg 682w, https:\/\/www.genealogi.net\/nova\/wp-content\/uploads\/2017\/10\/gf_webbild_ssa_stockholmsformyndarkammare_DXVIe_registeraogiftakvinnormyndiga_vol1_1858-1864_stockholms_formyndarkammare_9_av_104_-200x300.jpg 200w, https:\/\/www.genealogi.net\/nova\/wp-content\/uploads\/2017\/10\/gf_webbild_ssa_stockholmsformyndarkammare_DXVIe_registeraogiftakvinnormyndiga_vol1_1858-1864_stockholms_formyndarkammare_9_av_104_-768x1153.jpg 768w, https:\/\/www.genealogi.net\/nova\/wp-content\/uploads\/2017\/10\/gf_webbild_ssa_stockholmsformyndarkammare_DXVIe_registeraogiftakvinnormyndiga_vol1_1858-1864_stockholms_formyndarkammare_9_av_104_-1023x1536.jpg 1023w, https:\/\/www.genealogi.net\/nova\/wp-content\/uploads\/2017\/10\/gf_webbild_ssa_stockholmsformyndarkammare_DXVIe_registeraogiftakvinnormyndiga_vol1_1858-1864_stockholms_formyndarkammare_9_av_104_-1364x2048.jpg 1364w, https:\/\/www.genealogi.net\/nova\/wp-content\/uploads\/2017\/10\/gf_webbild_ssa_stockholmsformyndarkammare_DXVIe_registeraogiftakvinnormyndiga_vol1_1858-1864_stockholms_formyndarkammare_9_av_104_.jpg 1542w\" sizes=\"auto, (max-width: 682px) 100vw, 682px\" \/><\/a><\/figure><\/div>\n\n\n\n<p>Registret hj\u00e4lper dig vidare, ger en h\u00e4nvisning till de protokoll d\u00e4r \u00e4rendet behandlades och d\u00e4r du kan finna en bakgrund till ans\u00f6kan. Protokollen&nbsp;\u00e5terfinns i F\u00f6rmyndarkammarens serie med protokoll, med signum AIb2. F\u00f6r flera av de kvinnor som upptas i registret g\u00e5r&nbsp;protokoll att finna&nbsp;p\u00e5 det datum som anges i registret, f\u00f6r andra \u00e5terfinner man protokoll bokf\u00f6rda&nbsp;p\u00e5 ett senare datum, detta sannolikt f\u00f6r att m\u00f6ten sk\u00f6ts upp p\u00e5 grund av fr\u00e5nvaro.<\/p>\n\n\n\n<p>H\u00e4r visas ett exempel p\u00e5 hur ett s\u00e5dant protokoll kan se ut (nedre delen av sidan). Det \u00e4r jungfru&nbsp;Christina Wilhelmina Sj\u00f6berg som har anm\u00e4lt att hon vill bli myndig:<\/p>\n\n\n\n<div class=\"wp-block-image is-style-default\"><figure class=\"alignright\"><a href=\"https:\/\/www.genealogi.net\/nova\/medlem\/wp-content\/uploads\/2017\/10\/F%C3%B6rmyndarkammaren-protokoll-AIb2-vol.-4-s-221-e1507588618988.jpg\"><img decoding=\"async\" src=\"https:\/\/www.genealogi.net\/nova\/medlem\/wp-content\/uploads\/2017\/10\/F%C3%B6rmyndarkammaren-protokoll-AIb2-vol.-4-s-221-676x1024.jpg\" alt=\"\" class=\"wp-image-6108\"\/><\/a><\/figure><\/div>\n\n\n\n<p>&#8221;S[amma]&nbsp;D[atum]&nbsp;upp\u00e5 ans\u00f6kning af Jungfru Christina Wilhelmina Sj\u00f6berg som enligt R[\u00e5dhus]R[\u00e4tten]s prot. d. 17 sistl. aug. anm\u00e4lt sig vilja ut\u00f6fva den, g[eno]m K[ungliga] F[\u00f6rordningen] den 15 sistl. Juni, ogift qvinna af upn\u00e5dd 25 \u00e5rs \u00e5lder tillagda r\u00e4tt att sig och sin egendom sjelf r\u00e5da o. f\u00f6rest\u00e5, fann F[\u00f6rmyndar]K[ammaren], efter det hennes f\u00f6rre f\u00f6rmyndare Chirurgiske Instrumentmak. A. Stille hos F[\u00f6rmyndar]K[ammaren] sig infunnit och ans\u00f6kningen tillstyrkt, sk\u00e4ligt bifalla att till S\u00f6k. finge&nbsp;emot qvitto dels utassigneras det f\u00f6r hennes r\u00e4kning h\u00e4r innest\u00e5ende kapital 3050 R[iksdale]r R[iks]m[yn]t jemte all upplupen r\u00e4nta till assigneringsdagen, dels utlemnas en&nbsp;utaf M\u00e5lare Ges\u00e4llen Erik Reinhold Sj\u00f6berg d. 15 Mars 1850 utgifen, i egendomen N:o 9 i Qvart. Styckjunckaren intecknad, f\u00f6r S\u00f6k[anden]s r\u00e4kning hos F[\u00f6rmyndar]K[ammaren] [p\u00e5 n\u00e4sta sida:] f\u00f6rvarad revers \u00e5 2125 R[iksdale]r B[an]co.&#8221;<\/p>\n\n\n\n<p><strong>Vill du l\u00e4ra dig mer?<br \/><\/strong>Radioprogammet&nbsp;Sl\u00e4ktband gjorde ett program om kvinnors myndighet h\u00f6sten 2009 som \u00e4r inneh\u00e5llsrikt och v\u00e4l v\u00e4rt att lyssna&nbsp;p\u00e5. Det b\u00e4r titeln <a rel=\"noreferrer noopener\" href=\"http:\/\/sverigesradio.se\/sida\/artikel.aspx?programid=2068&amp;artikel=3243985\" target=\"_blank\">&#8221;Myndighet ingen sj\u00e4lvklarhet f\u00f6r 1800-talskvinnan&#8221;<\/a>.<\/p>\n\n\n\n<p><strong>Vill du vara med och g\u00f6ra dessa kvinnor mer synliga?<br \/><\/strong>De 2 374 namnen har registrerats i egen databas och gjorts s\u00f6kbara i ett eget <a href=\"\/nova\/util\/prod\/ogiftamyndiga\/hitta\">s\u00f6kprogram<\/a> tack vare frivilligt volont\u00e4rarbete av v\u00e5r medlem Mats Johansson. Vi tackar f\u00f6r det utf\u00f6rda arbetet!<\/p>\n\n\n\n<p>F\u00f6rst\u00e5s kan man t\u00e4nka sig en forts\u00e4ttning p\u00e5 detta synligg\u00f6rande. Volymen g\u00e4ller kvinnor i Stockholm. Om du k\u00e4nner till kvinnor utanf\u00f6r Stockholm f\u00f6r vilka det finns&nbsp;liknande dokumentation blir vi j\u00e4tteglada om du h\u00f6r av dig. Man kan ocks\u00e5 t\u00e4nka sig att p\u00e5 en bredare front h\u00e4mta fram protokoll som det som skildras ovan. \u00c4r du intresserad av att titta n\u00e4rmare p\u00e5 en eller flera av dessa kvinnor och vill dela med dig av vad du hittar? Tag g\u00e4rna kontakt med oss i s\u00e5 fall.<\/p>\n","protected":false},"excerpt":{"rendered":"<p>Denna databas \u00e4r s\u00f6kbar p\u00e5 medlemssidorna Genealogiska F\u00f6reningen har digitiserat ett register i F\u00f6rmyndarkammarens i Stockholm arkiv \u00f6ver ogifta kvinnor myndiga 1858-1863. Kvinnorna i registret har registrerats i en databas som \u00e4r s\u00f6kbar i ett s\u00f6kprogram p\u00e5 medlemssidorna. Du kan d\u00e4r \u00e4ven bl\u00e4ddra i registret, \u00e5tergivet som en pdf-fil. Sommaren 1858 utf\u00e4rdades\u00a0en kunglig f\u00f6rordning\u00a0att ogifta &#8230; <a title=\"Ogifta kvinnor myndiga 1858-1863\" class=\"read-more\" href=\"https:\/\/www.genealogi.net\/nova\/databaser\/databaser-med-digitiserad-kalla\/ogifta-kvinnor-myndiga-1858-1863\/\" aria-label=\"L\u00e4s mer om Ogifta kvinnor myndiga 1858-1863\">L\u00e4s mer<\/a><\/p>\n","protected":false},"author":2,"featured_media":0,"parent":14058,"menu_order":70,"comment_status":"closed","ping_status":"closed","template":"","meta":{"footnotes":""},"class_list":["post-14088","page","type-page","status-publish"],"_links":{"self":[{"href":"https:\/\/www.genealogi.net\/nova\/wp-json\/wp\/v2\/pages\/14088","targetHints":{"allow":["GET"]}}],"collection":[{"href":"https:\/\/www.genealogi.net\/nova\/wp-json\/wp\/v2\/pages"}],"about":[{"href":"https:\/\/www.genealogi.net\/nova\/wp-json\/wp\/v2\/types\/page"}],"author":[{"embeddable":true,"href":"https:\/\/www.genealogi.net\/nova\/wp-json\/wp\/v2\/users\/2"}],"replies":[{"embeddable":true,"href":"https:\/\/www.genealogi.net\/nova\/wp-json\/wp\/v2\/comments?post=14088"}],"version-history":[{"count":0,"href":"https:\/\/www.genealogi.net\/nova\/wp-json\/wp\/v2\/pages\/14088\/revisions"}],"up":[{"embeddable":true,"href":"https:\/\/www.genealogi.net\/nova\/wp-json\/wp\/v2\/pages\/14058"}],"wp:attachment":[{"href":"https:\/\/www.genealogi.net\/nova\/wp-json\/wp\/v2\/media?parent=14088"}],"curies":[{"name":"wp","href":"https:\/\/api.w.org\/{rel}","templated":true}]}}