{"id":14095,"date":"2021-08-20T23:49:34","date_gmt":"2021-08-20T21:49:34","guid":{"rendered":"https:\/\/www.genealogi.net\/?page_id=14095"},"modified":"2021-08-20T23:49:34","modified_gmt":"2021-08-20T21:49:34","slug":"familjenotiser-post-och-inrikes-tidningar-1760-1860","status":"publish","type":"page","link":"https:\/\/www.genealogi.net\/nova\/databaser\/databaser-med-avskrift-av-kalla\/familjenotiser-post-och-inrikes-tidningar-1760-1860\/","title":{"rendered":"Familjenotiser Post- och Inrikes Tidningar 1760-1859"},"content":{"rendered":"\n<p><strong><em>Denna databas \u00e4r s\u00f6kbar p\u00e5 medlemssidorna<\/em><\/strong><\/p>\n\n\n\n<p><strong>Databasen och materialet<br \/><\/strong>Databasen inneh\u00e5ller avfotograferade handskrivna sidor med avskrifter av 258 000 familjenotiser och legala notiser ur Post- och Inrikes Tidningar 1760-1859 ordnade alfabetiskt p\u00e5 efternamn. Ut\u00f6ver rena familjenotiser f\u00f6rekommer, fr\u00e5n 1801, \u00e4ven notiser om offentliga st\u00e4mningar, bouppteckningar, arv, testamenten, efterlysningar med mera.<\/p>\n\n\n\n<p class=\"has-text-align-center\"><img loading=\"lazy\" decoding=\"async\" width=\"400\" height=\"202\" class=\"wp-image-8591\" src=\"https:\/\/www.genealogi.net\/nova\/medlem\/wp-content\/uploads\/2021\/09\/Inrikestidningar-scaled-e1630721110628.jpg\" alt=\"\" style=\"width: 400px;\" srcset=\"https:\/\/www.genealogi.net\/nova\/wp-content\/uploads\/2021\/09\/Inrikestidningar-scaled-e1630721110628.jpg 1785w, https:\/\/www.genealogi.net\/nova\/wp-content\/uploads\/2021\/09\/Inrikestidningar-scaled-e1630721110628-300x152.jpg 300w, https:\/\/www.genealogi.net\/nova\/wp-content\/uploads\/2021\/09\/Inrikestidningar-scaled-e1630721110628-1024x517.jpg 1024w, https:\/\/www.genealogi.net\/nova\/wp-content\/uploads\/2021\/09\/Inrikestidningar-scaled-e1630721110628-768x388.jpg 768w, https:\/\/www.genealogi.net\/nova\/wp-content\/uploads\/2021\/09\/Inrikestidningar-scaled-e1630721110628-1536x776.jpg 1536w\" sizes=\"auto, (max-width: 400px) 100vw, 400px\" \/><\/p>\n\n\n\n<p>Notiserna \u00e4r uppr\u00e4ttade i fyra separata serier:<\/p>\n\n\n\n<ul class=\"wp-block-list\"><li> 26 november 1760-1800, 54 000 notiser ur <em>Inrikes Tidningar<\/em> sammanst\u00e4llda av f.d. majoren E. Lagerheim. Denna serie inneh\u00e5ller gifterm\u00e5ls- och d\u00f6dsnotiser. Notiser r\u00f6rande adliga personer som \u00e5terfinns i Elgenstiernas \u00e4ttartavlor finns inte upptagna i registret.<\/li><li>1801-1820, 79 000 notiser ur <em>Inrikes Tidningar<\/em> och <em>Stockholms Posttidningar<\/em>, sammanst\u00e4llda \u00e5r 1945 av Elis Hildebrand. Denna serie inneh\u00e5ller gifterm\u00e5ls- och d\u00f6dsnotiser samt, i likhet med de f\u00f6ljande serierna, \u00e4ven legala notiser.<\/li><li>1821-1850, 107 000 notiser ur <em>Post- och Inrikes Tidningar<\/em> samt<\/li><li>1851-1859, 18 000 notiser ur <em>Post- och Inrikes Tidningar<\/em>.<\/li><\/ul>\n\n\n\n<div class=\"wp-block-columns are-vertically-aligned-center is-layout-flex wp-container-core-columns-is-layout-9d6595d7 wp-block-columns-is-layout-flex\">\n<div class=\"wp-block-column is-vertically-aligned-center is-layout-flow wp-block-column-is-layout-flow\" style=\"flex-basis:100%\">\n<div class=\"wp-block-group\"><div class=\"wp-block-group__inner-container is-layout-flow wp-block-group-is-layout-flow\">\n<p class=\"has-text-align-center\"><img loading=\"lazy\" decoding=\"async\" width=\"380\" height=\"158\" class=\"wp-image-8590\" src=\"https:\/\/www.genealogi.net\/nova\/medlem\/wp-content\/uploads\/2021\/09\/Stockholms-posttidningar-scaled-e1630721012683.jpg\" style=\"width: 380px;\" alt=\"\" srcset=\"https:\/\/www.genealogi.net\/nova\/wp-content\/uploads\/2021\/09\/Stockholms-posttidningar-scaled-e1630721012683.jpg 1920w, https:\/\/www.genealogi.net\/nova\/wp-content\/uploads\/2021\/09\/Stockholms-posttidningar-scaled-e1630721012683-300x125.jpg 300w, https:\/\/www.genealogi.net\/nova\/wp-content\/uploads\/2021\/09\/Stockholms-posttidningar-scaled-e1630721012683-1024x427.jpg 1024w, https:\/\/www.genealogi.net\/nova\/wp-content\/uploads\/2021\/09\/Stockholms-posttidningar-scaled-e1630721012683-768x320.jpg 768w, https:\/\/www.genealogi.net\/nova\/wp-content\/uploads\/2021\/09\/Stockholms-posttidningar-scaled-e1630721012683-1536x640.jpg 1536w\" sizes=\"auto, (max-width: 380px) 100vw, 380px\" \/> <\/p>\n<\/div><\/div>\n<\/div>\n<\/div>\n\n\n\n<p><em>Inrikes Tidningar<\/em> b\u00f6rjade sin utgivning 26 november 1760 och inneh\u00f6ll inrikes nyheter. Parallellt gavs <em>Stockholms Posttidningar<\/em> ut inneh\u00e5llande utrikes nyheter. \u00c5r 1821 slogs de b\u00e5da tidningarna ihop till den nya <em>Post- och Inrikes Tidningar<\/em>.<\/p>\n\n\n\n<p class=\"has-text-align-center\"><img loading=\"lazy\" decoding=\"async\" width=\"500\" height=\"239\" class=\"wp-image-8592\" style=\"width: 500px;\" src=\"https:\/\/www.genealogi.net\/nova\/medlem\/wp-content\/uploads\/2021\/09\/Post-och-Inrikes-tidningar-scaled-e1630721216242.jpg\" alt=\"\" srcset=\"https:\/\/www.genealogi.net\/nova\/wp-content\/uploads\/2021\/09\/Post-och-Inrikes-tidningar-scaled-e1630721216242.jpg 1888w, https:\/\/www.genealogi.net\/nova\/wp-content\/uploads\/2021\/09\/Post-och-Inrikes-tidningar-scaled-e1630721216242-300x143.jpg 300w, https:\/\/www.genealogi.net\/nova\/wp-content\/uploads\/2021\/09\/Post-och-Inrikes-tidningar-scaled-e1630721216242-1024x489.jpg 1024w, https:\/\/www.genealogi.net\/nova\/wp-content\/uploads\/2021\/09\/Post-och-Inrikes-tidningar-scaled-e1630721216242-768x367.jpg 768w, https:\/\/www.genealogi.net\/nova\/wp-content\/uploads\/2021\/09\/Post-och-Inrikes-tidningar-scaled-e1630721216242-1536x734.jpg 1536w\" sizes=\"auto, (max-width: 500px) 100vw, 500px\" \/><\/p>\n\n\n\n<p>\u00c5ren 2012-2013 digitiserades denna omfattande samling och bilden p\u00e5 varje avfotograferad sida gavs ett namn, tillika en klickbar l\u00e4nk, inneh\u00e5llande det f\u00f6rsta och sista efternamnet p\u00e5 sidan.<\/p>\n\n\n\n<p><strong>S\u00e5 h\u00e4r s\u00f6ker du<br \/><\/strong>Du s\u00f6ker i databasen genom att klicka dig fram till r\u00e4tt digitiserad sida. B\u00f6rja med att klicka p\u00e5 begynnelsebokstaven i det efternamn du s\u00f6ker. P\u00e5 den sida du d\u00e5 f\u00e5r upp (inneh\u00e5llande alla l\u00e4nkar med namn som b\u00f6rjar p\u00e5 a, b, c och s\u00e5 vidare) kan du leta fram de sidor som <em>innefattar<\/em> det efternamn du s\u00f6ker (OBS! du beh\u00f6ver v\u00e4lja \u00e5tminstone fyra stycken, en fr\u00e5n varje serie). Om du till exempel s\u00f6ker en person med efternamnet Key klickar du f\u00f6rst p\u00e5 bokstaven &#8221;K&#8221; och p\u00e5 n\u00e4sta sida s\u00f6ker du dig fram till l\u00e4nkarna <em>Kempis-Kihlgren<\/em>, <em>Kerchstr\u00f6m-Kieser<\/em>, <em>Kestner-Keyser<\/em>, <em>Kettscher-Key<\/em> och <em>Key-Keijsner<\/em>. N\u00e4r du har \u00f6ppnat och s\u00f6kt igenom dessa sidor kommer du finna 28 notiser f\u00f6r personer med efternamnet Key.<\/p>\n\n\n\n<p>Varje avskrift du hittar ger dig uppgift om en persons f\u00f6r- och efternamn, titel, m\u00e5nga g\u00e5nger ett datum samt uppgift om den h\u00e4ndelse som f\u00f6ranlett notisen. En asterisk (*) p\u00e5 en rad i det handskrivna registret anger att det i tidningen finns biografiska notiser som inte tagits med p\u00e5 grund av utrymmesbrist. I kolumner l\u00e4ngst till h\u00f6ger p\u00e5 sidan finner du \u00e5rtalet d\u00e5 notisen publicerades samt tidningens l\u00f6pnummer det \u00e5ret. I den serie som omfattar \u00e5ren 1801-1820 finns dessutom noterat om notisen \u00e4r en avskrift ur <em>Inrikes Tidningar<\/em> &#8221;I&#8221; eller <em>Stockholms Posttidningar<\/em> &#8221;P&#8221;.<\/p>\n\n\n\n<p>N\u00e4r du har f\u00e5tt en s\u00f6ktr\u00e4ff s\u00e5 har du i grunden f\u00e5tt all information som finns i den tryckta tidningen, men \u00f6ppna g\u00e4rna Kungliga bibliotekets s\u00f6ksida f\u00f6r digitaliserade tidningar, <a rel=\"noreferrer noopener\" href=\"https:\/\/tidningar.kb.se\/\" target=\"_blank\">https:\/\/tidningar.kb.se\/<\/a>, och s\u00f6k dig fram till r\u00e4tt nummer av tidningen s\u00e5 att du kan l\u00e4sa notisen i original.<\/p>\n\n\n\n<p>Ett fr\u00e5n Genealogiska F\u00f6reningen frist\u00e5ende projekt finns \u00e4ven som korrekturl\u00e4ser hela nummer av \u00e4ldre Post- och Inrikes Tidningar, dock \u00e4nnu i en blygsam skala: <a rel=\"noreferrer noopener\" href=\"https:\/\/sv.wikisource.org\/wiki\/Post-_och_Inrikes_Tidningar\" target=\"_blank\">https:\/\/sv.wikisource.org\/wiki\/Post-_och_Inrikes_Tidningar<\/a><\/p>\n","protected":false},"excerpt":{"rendered":"<p>Denna databas \u00e4r s\u00f6kbar p\u00e5 medlemssidorna Databasen och materialetDatabasen inneh\u00e5ller avfotograferade handskrivna sidor med avskrifter av 258 000 familjenotiser och legala notiser ur Post- och Inrikes Tidningar 1760-1859 ordnade alfabetiskt p\u00e5 efternamn. Ut\u00f6ver rena familjenotiser f\u00f6rekommer, fr\u00e5n 1801, \u00e4ven notiser om offentliga st\u00e4mningar, bouppteckningar, arv, testamenten, efterlysningar med mera. Notiserna \u00e4r uppr\u00e4ttade i fyra separata &#8230; <a title=\"Familjenotiser Post- och Inrikes Tidningar 1760-1859\" class=\"read-more\" href=\"https:\/\/www.genealogi.net\/nova\/databaser\/databaser-med-avskrift-av-kalla\/familjenotiser-post-och-inrikes-tidningar-1760-1860\/\" aria-label=\"L\u00e4s mer om Familjenotiser Post- och Inrikes Tidningar 1760-1859\">L\u00e4s mer<\/a><\/p>\n","protected":false},"author":2,"featured_media":0,"parent":14092,"menu_order":10,"comment_status":"closed","ping_status":"closed","template":"","meta":{"footnotes":""},"class_list":["post-14095","page","type-page","status-publish"],"_links":{"self":[{"href":"https:\/\/www.genealogi.net\/nova\/wp-json\/wp\/v2\/pages\/14095","targetHints":{"allow":["GET"]}}],"collection":[{"href":"https:\/\/www.genealogi.net\/nova\/wp-json\/wp\/v2\/pages"}],"about":[{"href":"https:\/\/www.genealogi.net\/nova\/wp-json\/wp\/v2\/types\/page"}],"author":[{"embeddable":true,"href":"https:\/\/www.genealogi.net\/nova\/wp-json\/wp\/v2\/users\/2"}],"replies":[{"embeddable":true,"href":"https:\/\/www.genealogi.net\/nova\/wp-json\/wp\/v2\/comments?post=14095"}],"version-history":[{"count":0,"href":"https:\/\/www.genealogi.net\/nova\/wp-json\/wp\/v2\/pages\/14095\/revisions"}],"up":[{"embeddable":true,"href":"https:\/\/www.genealogi.net\/nova\/wp-json\/wp\/v2\/pages\/14092"}],"wp:attachment":[{"href":"https:\/\/www.genealogi.net\/nova\/wp-json\/wp\/v2\/media?parent=14095"}],"curies":[{"name":"wp","href":"https:\/\/api.w.org\/{rel}","templated":true}]}}