{"id":14098,"date":"2021-08-20T23:51:44","date_gmt":"2021-08-20T21:51:44","guid":{"rendered":"https:\/\/www.genealogi.net\/?page_id=14098"},"modified":"2021-08-20T23:51:44","modified_gmt":"2021-08-20T21:51:44","slug":"familjenotiser-goteborgs-nyheter-1765-1848","status":"publish","type":"page","link":"https:\/\/www.genealogi.net\/nova\/databaser\/databaser-med-avskrift-av-kalla\/familjenotiser-goteborgs-nyheter-1765-1848\/","title":{"rendered":"Familjenotiser G\u00f6theborgs Nyheter 1765-1848"},"content":{"rendered":"\n<p><strong><em>P\u00e5 medlemssidorna kan du<\/em> <a rel=\"noreferrer noopener\" href=\"https:\/\/www.genealogi.net\/nova\/util\/prod\/arkiv\/bilder\/3\" target=\"_blank\"><em>bl\u00e4ddra i databasen<\/em><\/a> <em>med avskrifter av familjenotiser ur G\u00f6theborgs Nyheter f\u00f6r \u00e5ren 1765-1848.<\/em><\/strong><\/p>\n\n\n\n<p><strong>Databasen och materialet<br \/><\/strong>Databasen inneh\u00e5ller avfotograferade handskrivna sidor med avskrifter av 35 000 familjenotiser ur G\u00f6theborgs Nyheter 1765-1848 ordnade alfabetiskt p\u00e5 efternamn.<\/p>\n\n\n\n<p class=\"has-text-align-center\"><img loading=\"lazy\" decoding=\"async\" width=\"350\" height=\"208\" class=\"wp-image-8619\" src=\"https:\/\/www.genealogi.net\/nova\/medlem\/wp-content\/uploads\/2021\/09\/Gotheborgska-Nyheter-scaled-e1630849843512.jpg\" alt=\"\" style=\"width: 350px;\" srcset=\"https:\/\/www.genealogi.net\/nova\/wp-content\/uploads\/2021\/09\/Gotheborgska-Nyheter-scaled-e1630849843512.jpg 1248w, https:\/\/www.genealogi.net\/nova\/wp-content\/uploads\/2021\/09\/Gotheborgska-Nyheter-scaled-e1630849843512-300x178.jpg 300w, https:\/\/www.genealogi.net\/nova\/wp-content\/uploads\/2021\/09\/Gotheborgska-Nyheter-scaled-e1630849843512-1024x609.jpg 1024w, https:\/\/www.genealogi.net\/nova\/wp-content\/uploads\/2021\/09\/Gotheborgska-Nyheter-scaled-e1630849843512-768x457.jpg 768w\" sizes=\"auto, (max-width: 350px) 100vw, 350px\" \/><\/p>\n\n\n\n<p>Den 5 januari 1765 utkom f\u00f6rsta numret av tidningen <em>G\u00f6theborgska Nyheter<\/em>. Den 6 april 1793 bytte tidningen namn till <em>G\u00f6theborgs Nyheter<\/em>.  Den 30 december 1848 utkom tidningens sista nummer. De avskrivna familjenotiserna omfattar hela tidningens utgivning.<\/p>\n\n\n\n<p>\u00c5ren 2012-2013 digitiserades de avskrivna familjenotiserna och bilden p\u00e5 varje avfotograferad sida gavs ett namn, tillika en klickbar l\u00e4nk, inneh\u00e5llande det f\u00f6rsta och sista efternamnet p\u00e5 sidan.<\/p>\n\n\n\n<p><strong>S\u00e5 h\u00e4r s\u00f6ker du<br \/><\/strong>Du s\u00f6ker i databasen genom att klicka dig fram till r\u00e4tt digitiserad sida. B\u00f6rja med att klicka p\u00e5 begynnelsebokstaven i det efternamn du s\u00f6ker. P\u00e5 den sida du d\u00e5 f\u00e5r upp (inneh\u00e5llande alla l\u00e4nkar med namn som b\u00f6rjar p\u00e5 a, b, c och s\u00e5 vidare) kan du leta fram den sida som <em>innefattar<\/em> det efternamn du s\u00f6ker. Om du till exempel s\u00f6ker en person med efternamnet Fellbom klickar du f\u00f6rst p\u00e5 bokstaven &#8221;F&#8221; och p\u00e5 n\u00e4sta sida p\u00e5 l\u00e4nken <em>Faxe-Fehman<\/em>. P\u00e5 sidan kommer du hitta nio notiser f\u00f6r personer med efternamnet Fellbom.<\/p>\n\n\n\n<p>Notiserna \u00e4r avskrifter av notiser i tidningen, och du hittar uppgift om en persons f\u00f6r- och efternamn, titel, m\u00e5nga g\u00e5nger ett datum, uppgift om den h\u00e4ndelse som f\u00f6ranlett notisen samt en ortsangivelse. I kolumner l\u00e4ngst till h\u00f6ger p\u00e5 sidan finner du \u00e5rtalet d\u00e5 notisen publicerades samt tidningens l\u00f6pnummer det \u00e5ret.<\/p>\n\n\n\n<p>Du har nu i grunden f\u00e5tt all information som finns i den tryckta tidningen, men \u00f6ppna g\u00e4rna Kungliga bibliotekets s\u00f6ksida f\u00f6r digitaliserade tidningar, <a rel=\"noreferrer noopener\" href=\"https:\/\/tidningar.kb.se\/\" target=\"_blank\">https:\/\/tidningar.kb.se\/<\/a>, och s\u00f6k dig fram till r\u00e4tt nummer av tidningen s\u00e5 att du kan l\u00e4sa notisen i original. Namnet <em>G\u00f6theborgska Nyheter<\/em> anv\u00e4nds p\u00e5 denna s\u00f6ksida f\u00f6r tidningens hela utgivningsperiod.<\/p>\n","protected":false},"excerpt":{"rendered":"<p>P\u00e5 medlemssidorna kan du bl\u00e4ddra i databasen med avskrifter av familjenotiser ur G\u00f6theborgs Nyheter f\u00f6r \u00e5ren 1765-1848. Databasen och materialetDatabasen inneh\u00e5ller avfotograferade handskrivna sidor med avskrifter av 35 000 familjenotiser ur G\u00f6theborgs Nyheter 1765-1848 ordnade alfabetiskt p\u00e5 efternamn. Den 5 januari 1765 utkom f\u00f6rsta numret av tidningen G\u00f6theborgska Nyheter. Den 6 april 1793 bytte tidningen &#8230; <a title=\"Familjenotiser G\u00f6theborgs Nyheter 1765-1848\" class=\"read-more\" href=\"https:\/\/www.genealogi.net\/nova\/databaser\/databaser-med-avskrift-av-kalla\/familjenotiser-goteborgs-nyheter-1765-1848\/\" aria-label=\"L\u00e4s mer om Familjenotiser G\u00f6theborgs Nyheter 1765-1848\">L\u00e4s mer<\/a><\/p>\n","protected":false},"author":2,"featured_media":0,"parent":14092,"menu_order":20,"comment_status":"closed","ping_status":"closed","template":"","meta":{"footnotes":""},"class_list":["post-14098","page","type-page","status-publish"],"_links":{"self":[{"href":"https:\/\/www.genealogi.net\/nova\/wp-json\/wp\/v2\/pages\/14098","targetHints":{"allow":["GET"]}}],"collection":[{"href":"https:\/\/www.genealogi.net\/nova\/wp-json\/wp\/v2\/pages"}],"about":[{"href":"https:\/\/www.genealogi.net\/nova\/wp-json\/wp\/v2\/types\/page"}],"author":[{"embeddable":true,"href":"https:\/\/www.genealogi.net\/nova\/wp-json\/wp\/v2\/users\/2"}],"replies":[{"embeddable":true,"href":"https:\/\/www.genealogi.net\/nova\/wp-json\/wp\/v2\/comments?post=14098"}],"version-history":[{"count":0,"href":"https:\/\/www.genealogi.net\/nova\/wp-json\/wp\/v2\/pages\/14098\/revisions"}],"up":[{"embeddable":true,"href":"https:\/\/www.genealogi.net\/nova\/wp-json\/wp\/v2\/pages\/14092"}],"wp:attachment":[{"href":"https:\/\/www.genealogi.net\/nova\/wp-json\/wp\/v2\/media?parent=14098"}],"curies":[{"name":"wp","href":"https:\/\/api.w.org\/{rel}","templated":true}]}}