{"id":14104,"date":"2021-08-20T23:55:56","date_gmt":"2021-08-20T21:55:56","guid":{"rendered":"https:\/\/www.genealogi.net\/?page_id=14104"},"modified":"2021-08-20T23:55:56","modified_gmt":"2021-08-20T21:55:56","slug":"familjenotiser-norrkopings-tidningar-1758-1800","status":"publish","type":"page","link":"https:\/\/www.genealogi.net\/nova\/databaser\/databaser-med-avskrift-av-kalla\/familjenotiser-norrkopings-tidningar-1758-1800\/","title":{"rendered":"Familjenotiser Norrk\u00f6pings Tidningar 1758-1800"},"content":{"rendered":"\n<p><strong><em>P\u00e5 medlemssidorna kan du <a rel=\"noreferrer noopener\" href=\"https:\/\/www.genealogi.net\/nova\/util\/prod\/arkiv\/bilder\/4\" target=\"_blank\"><\/a><a rel=\"noreferrer noopener\" href=\"https:\/\/www.genealogi.net\/nova\/util\/prod\/arkiv\/bilder\/6\" target=\"_blank\">bl\u00e4ddra i databasen<\/a><\/em> <em>med avskrifter av legala notiser ur Norrk\u00f6pings Weko-Tidningar och Norrk\u00f6pings Tidningar f\u00f6r \u00e5ren 1758-1800<\/em>.<\/strong><\/p>\n\n\n\n<p><strong>Databasen och materialet<br \/><\/strong>Databasen inneh\u00e5ller avfotograferade handskrivna sidor med avskrifter av 29 000 legala notiser ur Norrk\u00f6pings Weko-Tidningar och Norrk\u00f6pings Tidningar 1758-1800 ordnade alfabetiskt p\u00e5 efternamn. Ut\u00f6ver rena familjenotiser f\u00f6rekommer \u00e4ven notiser om offentliga st\u00e4mningar, bouppteckningar, arv, testamenten, efterlysningar med mera. F\u00f6rteckningen upptar alla i tidningarna f\u00f6rekommande personer med hemort inom tidningarnas spridningsomr\u00e5de. <\/p>\n\n\n\n<p class=\"has-text-align-center\"><img loading=\"lazy\" decoding=\"async\" width=\"450\" height=\"111\" class=\"wp-image-8627\" src=\"https:\/\/www.genealogi.net\/nova\/medlem\/wp-content\/uploads\/2021\/09\/Norrkopings-Weko-Tidningar-scaled-e1630857179384.jpg\" alt=\"\" style=\"width: 450px;\" srcset=\"https:\/\/www.genealogi.net\/nova\/wp-content\/uploads\/2021\/09\/Norrkopings-Weko-Tidningar-scaled-e1630857179384.jpg 1502w, https:\/\/www.genealogi.net\/nova\/wp-content\/uploads\/2021\/09\/Norrkopings-Weko-Tidningar-scaled-e1630857179384-300x74.jpg 300w, https:\/\/www.genealogi.net\/nova\/wp-content\/uploads\/2021\/09\/Norrkopings-Weko-Tidningar-scaled-e1630857179384-1024x252.jpg 1024w, https:\/\/www.genealogi.net\/nova\/wp-content\/uploads\/2021\/09\/Norrkopings-Weko-Tidningar-scaled-e1630857179384-768x189.jpg 768w\" sizes=\"auto, (max-width: 450px) 100vw, 450px\" \/><\/p>\n\n\n\n<p>Den 14 oktober 1758 utkom det f\u00f6rsta numret av tidningen <em>Norrk\u00f6pings Weko-Tidningar<\/em>. Tidningen bytte 1766 namn till <em>Norrkj\u00f6pings Wecko-Tidningar<\/em> och 1787 till <em>Norrk\u00f6pings Tidningar<\/em>.<\/p>\n\n\n\n<p class=\"has-text-align-center\"><img loading=\"lazy\" decoding=\"async\" width=\"400\" height=\"201\" class=\"wp-image-8628\" src=\"https:\/\/www.genealogi.net\/nova\/medlem\/wp-content\/uploads\/2021\/09\/Norrkopings-Tidningar-scaled-e1630858794306.jpg\" alt=\"\" style=\"width: 400px;\" srcset=\"https:\/\/www.genealogi.net\/nova\/wp-content\/uploads\/2021\/09\/Norrkopings-Tidningar-scaled-e1630858794306.jpg 1728w, https:\/\/www.genealogi.net\/nova\/wp-content\/uploads\/2021\/09\/Norrkopings-Tidningar-scaled-e1630858794306-300x151.jpg 300w, https:\/\/www.genealogi.net\/nova\/wp-content\/uploads\/2021\/09\/Norrkopings-Tidningar-scaled-e1630858794306-1024x516.jpg 1024w, https:\/\/www.genealogi.net\/nova\/wp-content\/uploads\/2021\/09\/Norrkopings-Tidningar-scaled-e1630858794306-768x387.jpg 768w, https:\/\/www.genealogi.net\/nova\/wp-content\/uploads\/2021\/09\/Norrkopings-Tidningar-scaled-e1630858794306-1536x773.jpg 1536w\" sizes=\"auto, (max-width: 400px) 100vw, 400px\" \/><\/p>\n\n\n\n<p>Den handskrivna f\u00f6rteckningen uppr\u00e4ttades \u00e5r 1972 av fru Betty Ramberg. \u00c5ren 2012-2013 digitiserades samtliga sidor med avskrivna familjenotiser och bilden p\u00e5 varje avfotograferad sida gavs ett namn, tillika en klickbar l\u00e4nk, inneh\u00e5llande det f\u00f6rsta och sista efternamnet p\u00e5 sidan.<\/p>\n\n\n\n<p><strong>S\u00e5 h\u00e4r s\u00f6ker du<br \/><\/strong>Du s\u00f6ker i databasen genom att klicka dig fram till r\u00e4tt digitiserad sida. B\u00f6rja med att klicka p\u00e5 begynnelsebokstaven i det efternamn du s\u00f6ker. P\u00e5 den sida du d\u00e5 f\u00e5r upp (inneh\u00e5llande alla l\u00e4nkar med namn som b\u00f6rjar p\u00e5 a, b, c och s\u00e5 vidare) kan du leta fram den sida som <em>innefattar<\/em> det efternamn du s\u00f6ker. Om du till exempel s\u00f6ker en person med efternamnet Bj\u00f6rkstedt klickar du f\u00f6rst p\u00e5 bokstaven &#8221;B&#8221; och p\u00e5 n\u00e4sta sida p\u00e5 l\u00e4nken <em>Bj\u00f6rkman-Bj\u00f6rling<\/em>. P\u00e5 sidan kommer du hitta sju notiser f\u00f6r personer med efternamnet Bj\u00f6rkstedt.<\/p>\n\n\n\n<p>Notiserna \u00e4r avskrifter av notiser i tidningen, och du hittar uppgift om en persons f\u00f6r- och efternamn, titel, uppgift om den h\u00e4ndelse som f\u00f6ranlett notisen samt ofta rubriken under vilken notisen \u00e4r inf\u00f6rd, exempelvis &#8221;Kungj\u00f6r.&#8221;, &#8221;F\u00f6rteckning p\u00e5&#8230;&#8221; och &#8221;Utdr. ur Protocoll, Norrk. R\u00e5dhus&#8221;. I kolumner l\u00e4ngst till h\u00f6ger p\u00e5 sidan finner du tidningens l\u00f6pnummer samt \u00e5ret d\u00e5 notisen publicerades.<\/p>\n\n\n\n<p>Du har nu i grunden f\u00e5tt all information som finns i den tryckta tidningen, men \u00f6ppna g\u00e4rna Kungliga bibliotekets s\u00f6ksida f\u00f6r digitaliserade tidningar, <a rel=\"noreferrer noopener\" href=\"https:\/\/tidningar.kb.se\/\" target=\"_blank\">https:\/\/tidningar.kb.se\/<\/a>, och s\u00f6k dig fram till r\u00e4tt nummer av tidningen s\u00e5 att du kan l\u00e4sa notisen i original. P\u00e5 denna s\u00f6ksida kan du s\u00f6ka p\u00e5 <em>Norrk\u00f6pings Weckotidningar<\/em> f\u00f6r \u00e5ren 1758-1786 (med en lucka 1779-1783) samt p\u00e5 <em>Norrk\u00f6pings Tidningar<\/em> f\u00f6r \u00e5ren 1787-1800.<\/p>\n\n\n\n<hr class=\"wp-block-separator\"\/>\n\n\n\n<p><em>.<\/em><\/p>\n","protected":false},"excerpt":{"rendered":"<p>P\u00e5 medlemssidorna kan du bl\u00e4ddra i databasen med avskrifter av legala notiser ur Norrk\u00f6pings Weko-Tidningar och Norrk\u00f6pings Tidningar f\u00f6r \u00e5ren 1758-1800. Databasen och materialetDatabasen inneh\u00e5ller avfotograferade handskrivna sidor med avskrifter av 29 000 legala notiser ur Norrk\u00f6pings Weko-Tidningar och Norrk\u00f6pings Tidningar 1758-1800 ordnade alfabetiskt p\u00e5 efternamn. Ut\u00f6ver rena familjenotiser f\u00f6rekommer \u00e4ven notiser om offentliga st\u00e4mningar, &#8230; <a title=\"Familjenotiser Norrk\u00f6pings Tidningar 1758-1800\" class=\"read-more\" href=\"https:\/\/www.genealogi.net\/nova\/databaser\/databaser-med-avskrift-av-kalla\/familjenotiser-norrkopings-tidningar-1758-1800\/\" aria-label=\"L\u00e4s mer om Familjenotiser Norrk\u00f6pings Tidningar 1758-1800\">L\u00e4s mer<\/a><\/p>\n","protected":false},"author":2,"featured_media":0,"parent":14092,"menu_order":30,"comment_status":"closed","ping_status":"closed","template":"","meta":{"footnotes":""},"class_list":["post-14104","page","type-page","status-publish"],"_links":{"self":[{"href":"https:\/\/www.genealogi.net\/nova\/wp-json\/wp\/v2\/pages\/14104","targetHints":{"allow":["GET"]}}],"collection":[{"href":"https:\/\/www.genealogi.net\/nova\/wp-json\/wp\/v2\/pages"}],"about":[{"href":"https:\/\/www.genealogi.net\/nova\/wp-json\/wp\/v2\/types\/page"}],"author":[{"embeddable":true,"href":"https:\/\/www.genealogi.net\/nova\/wp-json\/wp\/v2\/users\/2"}],"replies":[{"embeddable":true,"href":"https:\/\/www.genealogi.net\/nova\/wp-json\/wp\/v2\/comments?post=14104"}],"version-history":[{"count":0,"href":"https:\/\/www.genealogi.net\/nova\/wp-json\/wp\/v2\/pages\/14104\/revisions"}],"up":[{"embeddable":true,"href":"https:\/\/www.genealogi.net\/nova\/wp-json\/wp\/v2\/pages\/14092"}],"wp:attachment":[{"href":"https:\/\/www.genealogi.net\/nova\/wp-json\/wp\/v2\/media?parent=14104"}],"curies":[{"name":"wp","href":"https:\/\/api.w.org\/{rel}","templated":true}]}}