{"id":14107,"date":"2021-08-20T23:58:13","date_gmt":"2021-08-20T21:58:13","guid":{"rendered":"https:\/\/www.genealogi.net\/?page_id=14107"},"modified":"2021-08-20T23:58:13","modified_gmt":"2021-08-20T21:58:13","slug":"dodsnotiser-stockholms-weckoblad-1745-1776","status":"publish","type":"page","link":"https:\/\/www.genealogi.net\/nova\/databaser\/databaser-med-avskrift-av-kalla\/dodsnotiser-stockholms-weckoblad-1745-1776\/","title":{"rendered":"D\u00f6dsnotiser Stockholms Weckoblad 1745-1775"},"content":{"rendered":"\n<p><em><strong>Denna databas finns s\u00f6kbar p\u00e5 medlemssidorna<\/strong><\/em><\/p>\n\n\n\n<div class=\"wp-block-image is-style-default\"><figure class=\"alignleft is-resized\"><a href=\"https:\/\/www.genealogi.net\/nova\/medlem\/wp-content\/uploads\/2021\/03\/StockholmsWeckoblad1760.jpg\"><img loading=\"lazy\" decoding=\"async\" src=\"https:\/\/www.genealogi.net\/nova\/medlem\/wp-content\/uploads\/2021\/03\/StockholmsWeckoblad1760-300x95.jpg\" alt=\"\" class=\"wp-image-7609\" width=\"334\" height=\"106\" srcset=\"https:\/\/www.genealogi.net\/nova\/wp-content\/uploads\/2021\/03\/StockholmsWeckoblad1760-300x95.jpg 300w, https:\/\/www.genealogi.net\/nova\/wp-content\/uploads\/2021\/03\/StockholmsWeckoblad1760-768x242.jpg 768w, https:\/\/www.genealogi.net\/nova\/wp-content\/uploads\/2021\/03\/StockholmsWeckoblad1760.jpg 789w\" sizes=\"auto, (max-width: 334px) 100vw, 334px\" \/><\/a><\/figure><\/div>\n\n\n\n<p>I Genealogiska F\u00f6reningens arkiv finns ett handskrivet register \u00f6ver alla d\u00f6dsnotiser i Stockholms Weckoblad 1745 &#8211; 1775. Registret omfattar <strong>36 787<\/strong> poster nu s\u00f6kbara i en databas.<\/p>\n\n\n\n<p>Det digitala registret \u00e4r s\u00f6kbart p\u00e5 namn, titel, d\u00f6d f\u00f6re (datum), d\u00f6dsf\u00f6rsamling och tidningsnummer.<\/p>\n\n\n\n<p>I varje nummer av tidningen redovisas de d\u00f6dsfall som har skett under f\u00f6reg\u00e5ende vecka. Vid kontroll i Stockholms d\u00f6db\u00f6cker ser man att d\u00f6dsfallet mycket v\u00e4l \u00e4nd\u00e5 kan ha intr\u00e4ffat veckor eller m\u00e5nader dessf\u00f6rinnan. Kolumnen \u201dD\u00f6d f\u00f6re\u201d \u00e4r h\u00e4mtat fr\u00e5n det intervall i tidningen n\u00e4r d\u00f6dsfallet \u00e4r anm\u00e4lt. Kontrollera alltid (d\u00e4r s\u00e5 \u00e4r m\u00f6jligt) uppgifter om d\u00f6dsfallet med d\u00f6db\u00f6ckerna!<\/p>\n\n\n\n<p>Namnen i registret \u00e4r bokstavstroget stavade s\u00e5 som de stavats i tidningen. <em>Men t\u00e4nk p\u00e5 att stavningen varierade h\u00f6gst betydligt p\u00e5 den h\u00e4r tiden.<\/em> Anv\u00e4nd din fantasi n\u00e4r du s\u00f6ker i databasen. Titlarna d\u00e4remot \u00e4r normerade s\u00e5 att de ska vara l\u00e4tt att s\u00f6ka p\u00e5. I m\u00e5nga fall anges inte hustruns namn, d\u00e5 beh\u00f6ver du s\u00f6ka p\u00e5 mannens namn och titel f\u00f6r att hitta uppgifter om hustrun. I kolumnen \u201dD\u00f6d anh\u00f6rig\u201d framg\u00e5r vilken n\u00e4rst\u00e5ende person (med eller utan f\u00f6rnamn) som \u00e4r d\u00f6d.<\/p>\n\n\n\n<p>Vilket nummer av Stockholms Weckoblad (SWB nr) som uppgifterna \u00e4r h\u00e4mtade fr\u00e5n anges f\u00f6r att underl\u00e4tta f\u00f6r den som vill ta fram originalet p\u00e5 Kungl. Biblioteket.<\/p>\n\n\n\n<div class=\"wp-block-image is-style-default\"><figure class=\"alignleft\"><a href=\"https:\/\/www.genealogi.net\/nova\/medlem\/wp-content\/uploads\/2021\/03\/Politie-och-Commercie-tidningar-1760.jpg\"><img loading=\"lazy\" decoding=\"async\" width=\"297\" height=\"300\" src=\"https:\/\/www.genealogi.net\/nova\/medlem\/wp-content\/uploads\/2021\/03\/Politie-och-Commercie-tidningar-1760-297x300.jpg\" alt=\"Bild av f\u00f6rsta sidan av Politie och Commercie tidningar den 8 november 1760\" class=\"wp-image-7611\" srcset=\"https:\/\/www.genealogi.net\/nova\/wp-content\/uploads\/2021\/03\/Politie-och-Commercie-tidningar-1760-297x300.jpg 297w, https:\/\/www.genealogi.net\/nova\/wp-content\/uploads\/2021\/03\/Politie-och-Commercie-tidningar-1760.jpg 680w\" sizes=\"auto, (max-width: 297px) 100vw, 297px\" \/><\/a><\/figure><\/div>\n\n\n\n<p>Originaltidningarna finns inskannade p\u00e5 Kungl. Biblioteket och kan s\u00f6kas <a href=\"https:\/\/tidningar.kb.se\/\">h\u00e4r<\/a>.&nbsp;\u00c4ven Stockholmsk\u00e4llan har publicerat vissa \u00e5r av tidningen \u2013 1760, 1761, 1762, 1766 och 1770. Du kan se dem <a href=\"https:\/\/stockholmskallan.stockholm.se\/post\/8632\">h\u00e4r<\/a>.<\/p>\n\n\n\n<p>Stockholms Weckoblad kom ut mellan \u00e5ren 1745 och 1779. Tidningen bestod av tv\u00e5 delar: &#8221;L\u00e4rda saker och r\u00f6n&#8221; samt &#8221;Politie och Commercie tidningar&#8221;. I den f\u00f6rra kunde man l\u00e4sa om sjukdomar, nya vetenskapliga r\u00f6n, meteorologiska observationer och ins\u00e4ndare. &#8221;Politie och Commercie tidningar&#8221; inneh\u00f6ll exempelvis officiella kung\u00f6relser, aff\u00e4rsnyheter, vilka bes\u00f6kare som anl\u00e4nt till Stockholm, hur m\u00e5nga barn som f\u00f6tts under perioden och vilka personer som hade avlidit.<\/p>\n\n\n\n<p>Tidningsutbudet i Stockholm var ganska stort p\u00e5 den h\u00e4r tiden, exempelvis utkom \u00e5r 1770 28 olika periodiska skrifter i huvudstaden. Den st\u00f6rsta nyhetstidningen var <em>Inrikes Tidningar (\u201dPostgumman\u201d)<\/em>. Det var i en kamp mot denna som tidningsutgivaren Peter Momma valde att starta <em>\u201dStockholms Wecko-blad\u201d<\/em>.<\/p>\n","protected":false},"excerpt":{"rendered":"<p>Denna databas finns s\u00f6kbar p\u00e5 medlemssidorna I Genealogiska F\u00f6reningens arkiv finns ett handskrivet register \u00f6ver alla d\u00f6dsnotiser i Stockholms Weckoblad 1745 &#8211; 1775. Registret omfattar 36 787 poster nu s\u00f6kbara i en databas. Det digitala registret \u00e4r s\u00f6kbart p\u00e5 namn, titel, d\u00f6d f\u00f6re (datum), d\u00f6dsf\u00f6rsamling och tidningsnummer. I varje nummer av tidningen redovisas de d\u00f6dsfall &#8230; <a title=\"D\u00f6dsnotiser Stockholms Weckoblad 1745-1775\" class=\"read-more\" href=\"https:\/\/www.genealogi.net\/nova\/databaser\/databaser-med-avskrift-av-kalla\/dodsnotiser-stockholms-weckoblad-1745-1776\/\" aria-label=\"L\u00e4s mer om D\u00f6dsnotiser Stockholms Weckoblad 1745-1775\">L\u00e4s mer<\/a><\/p>\n","protected":false},"author":2,"featured_media":0,"parent":14092,"menu_order":50,"comment_status":"closed","ping_status":"closed","template":"","meta":{"footnotes":""},"class_list":["post-14107","page","type-page","status-publish"],"_links":{"self":[{"href":"https:\/\/www.genealogi.net\/nova\/wp-json\/wp\/v2\/pages\/14107","targetHints":{"allow":["GET"]}}],"collection":[{"href":"https:\/\/www.genealogi.net\/nova\/wp-json\/wp\/v2\/pages"}],"about":[{"href":"https:\/\/www.genealogi.net\/nova\/wp-json\/wp\/v2\/types\/page"}],"author":[{"embeddable":true,"href":"https:\/\/www.genealogi.net\/nova\/wp-json\/wp\/v2\/users\/2"}],"replies":[{"embeddable":true,"href":"https:\/\/www.genealogi.net\/nova\/wp-json\/wp\/v2\/comments?post=14107"}],"version-history":[{"count":0,"href":"https:\/\/www.genealogi.net\/nova\/wp-json\/wp\/v2\/pages\/14107\/revisions"}],"up":[{"embeddable":true,"href":"https:\/\/www.genealogi.net\/nova\/wp-json\/wp\/v2\/pages\/14092"}],"wp:attachment":[{"href":"https:\/\/www.genealogi.net\/nova\/wp-json\/wp\/v2\/media?parent=14107"}],"curies":[{"name":"wp","href":"https:\/\/api.w.org\/{rel}","templated":true}]}}