{"id":14113,"date":"2021-08-21T00:02:25","date_gmt":"2021-08-20T22:02:25","guid":{"rendered":"https:\/\/www.genealogi.net\/?page_id=14113"},"modified":"2021-08-21T00:02:25","modified_gmt":"2021-08-20T22:02:25","slug":"namnregister-med-hanvisning","status":"publish","type":"page","link":"https:\/\/www.genealogi.net\/nova\/databaser\/namnregister-med-hanvisning\/","title":{"rendered":"Namnregister med h\u00e4nvisning"},"content":{"rendered":"\n<p><em>Under denna rubrik finner du en samling namnregister som via en h\u00e4nvisning hj\u00e4lper dig vidare till en eller flera k\u00e4llor. Registren har olika omf\u00e5ng och olika inriktning, de har uppr\u00e4ttats av f\u00f6reningens medlemmar sedan starten 1933 och \u00e4r det urval som vi till dags dato har gjort s\u00f6kbara \u00f6ver n\u00e4tet.<\/em><\/p>\n\n\n\n<p><em>F\u00f6r att f\u00e5 tillg\u00e5ng till registren kr\u00e4vs <a href=\"\/nova\/medlemssidor\/#blimedlem\" data-type=\"URL\" data-id=\"\/medlemssidor\/#blimedlem\">medlemsskap<\/a> och att du har loggat in p\u00e5 <a href=\"\/nova\/medlem\">medlemssidorna<\/a>. Som bes\u00f6kare och icke medlem kan du via l\u00e4nkarna nedan f\u00e5 en grundligare information om varje enskilt register<\/em>.<\/p>\n\n\n\n<p><strong><a href=\"https:\/\/www.genealogi.net\/nova\/databaser\/namnregister-med-hanvisning\/likpredikningar-1600-1800-tal\/\" data-type=\"page\" data-id=\"14116\">Likpredikningar 1600-1800-tal<\/a><\/strong>  Namnregistret visar huvudpersonerna i 1101 tryckta likpredikningar som \u00e5terfinns i Genealogiska F\u00f6reningens samlingar (huvudsakligen begravningar och minnestal men \u00e4ven vigslar och andra h\u00e4ndelser). En s\u00f6ktr\u00e4ff ger information om huvudperson, eventuell make\/maka, \u00e5rtal, ort, h\u00e4ndelse, uppgifter om handlingen och en h\u00e4nvisning till dokumentet.&nbsp;<em>S\u00f6kning sker i <a href=\"\/nova\/medlem\/digitala-arkiv\/likpredikningar\/\">s\u00f6kprogram<\/a> och kan g\u00f6ras p\u00e5 f\u00f6rnamn, efternamn, datum och ort<\/em>. L\u00e4s mer <a href=\"https:\/\/www.genealogi.net\/nova\/databaser\/namnregister-med-hanvisning\/likpredikningar-1600-1800-tal\/\" data-type=\"page\" data-id=\"14116\">h\u00e4r<\/a>.<\/p>\n\n\n\n<p><strong><a href=\"https:\/\/www.genealogi.net\/nova\/databaser\/namnregister-med-hanvisning\/slakt-och-havd-samt-svensk-genealogisk-tidskrift\/\" data-type=\"page\" data-id=\"14119\">Sl\u00e4kt och H\u00e4vd samt Svensk Genealogisk Tidskrift<\/a><\/strong>  Registret till dessa tv\u00e5 f\u00f6reningens tidskrifter omfattar ca 100 000 poster och t\u00e4cker Sl\u00e4kt och H\u00e4vd fr\u00e5n dess start 1950 till 2024:nr 4, och Svensk Genealogisk Tidskrift fr\u00e5n dess start 2007 till 2011:nr 1 (Svensk Genealogisk Tidskrift gavs \u00e5ren 2007-2015 ut av Svenskt Genealogiskt Samfund). <em>S\u00f6kning sker i detta <a href=\"\/nova\/util\/prod\/gflibris\/hitta\/sohsgt\">s\u00f6kprogram<\/a>.<\/em> L\u00e4s mer <a href=\"https:\/\/www.genealogi.net\/nova\/databaser\/namnregister-med-hanvisning\/slakt-och-havd-samt-svensk-genealogisk-tidskrift\/\" data-type=\"page\" data-id=\"14119\">h\u00e4r<\/a>.<\/p>\n\n\n\n<p><strong><a href=\"https:\/\/www.genealogi.net\/nova\/databaser\/namnregister-med-hanvisning\/bouppteckningar-ostergotland-1700-1800-tal\/\" data-type=\"page\" data-id=\"14126\">Bouppteckningar \u00d6sterg\u00f6tland 1700-1800-tal<\/a><\/strong>  Registret omfattar 193 704 personer som \u00e5terfinns i ingresserna till bouppteckningar i \u00d6sterg\u00f6tland. Mari-Anne Olsson utf\u00f6rde det omfattande arbetet att skriva av dessa ingresser (och bel\u00f6nades f\u00f6r det av Sl\u00e4ktforskarf\u00f6rbundet med Victor \u00d6rnbergs hederspris \u00e5r 2000). <em>En s\u00f6ktr\u00e4ff h\u00e4nvisar till den p\u00e4rm och den sida i p\u00e4rmen (som finns i Genealogiska F\u00f6reningens samlingar) d\u00e4r Mari-Annes avskrift finns. S\u00f6kning sker i <a href=\"\/nova\/medlem\/digitala-arkiv\/bouppteckningsregisterostergotland\/\">s\u00f6kprogram<\/a> via h\u00e4rad och d\u00e4refter p\u00e5 efternamn, f\u00f6rnamn, yrke eller ort. S\u00f6kning och s\u00f6kresultat varierar f\u00f6r familjenamn och patronymikon.<\/em> L\u00e4s mer <a href=\"https:\/\/www.genealogi.net\/nova\/databaser\/namnregister-med-hanvisning\/bouppteckningar-ostergotland-1700-1800-tal\/\" data-type=\"page\" data-id=\"14126\">h\u00e4r<\/a>.<\/p>\n\n\n\n<p><strong><a href=\"https:\/\/www.genealogi.net\/nova\/databaser\/namnregister-med-hanvisning\/genealogiska-foreningens-slaktnamnsregister\/\" data-type=\"page\" data-id=\"14129\">Sl\u00e4ktkartoteket<\/a><\/strong>  Registret omfattar runt 25 000 sl\u00e4ktnamn. Det \u00e4r ett \u00e4ldre kortregister (p\u00e5b\u00f6rjat 1933) d\u00e4r korten ger h\u00e4nvisningar till tryckt litteratur och till f\u00f6reningens egna H\u00e4ngmappsarkivet. <em>En s\u00f6ktr\u00e4ff ger uppgift om att ett sl\u00e4ktnamn finns i registret och vilken typ av h\u00e4nvisningar registerkortet ger om sl\u00e4ktnamnet. <a href=\"\/nova\/a-o\/slaktkartoteket\/\">Sl\u00e4ktnamnen \u00e4r listade<\/a> p\u00e5 sidor dit du klickar dig fram via namnens begynnelsebokstav.<\/em> L\u00e4s mer <a href=\"https:\/\/www.genealogi.net\/nova\/databaser\/namnregister-med-hanvisning\/genealogiska-foreningens-slaktnamnsregister\/\" data-type=\"page\" data-id=\"14129\">h\u00e4r<\/a>.<\/p>\n\n\n\n<p><strong><a href=\"https:\/\/www.genealogi.net\/nova\/databaser\/namnregister-med-hanvisning\/genealogiska-foreningens-register-over-invandrade-slakter\/\" data-type=\"page\" data-id=\"14133\">Genealogiska F\u00f6reningens register \u00f6ver invandrade sl\u00e4kter<\/a><\/strong>  Registret h\u00e4nvisar till fem volymer inneh\u00e5llande 1 424, av medlemmar ifyllda blanketter om invandrade sl\u00e4kter. Under m\u00e5nga \u00e5r ombads f\u00f6reningens medlemmar fylla i s\u00e5dana blanketter, helst med uppgift om de invandrade personernas tidigare hemvist och f\u00f6rh\u00e5llanden. <em>En s\u00f6ktr\u00e4ff ger uppgift om att ett sl\u00e4ktnamn finns i samlingen. Sl\u00e4ktnamnen \u00e4r <a href=\"\/nova\/a-o\/sok-i-gfs-ovriga-samlingar\/\">listade alfabetiskt<\/a> p\u00e5 sidor dit du klickar dig fram via efternamnets begynnelsebokstav.<\/em> L\u00e4s mer <a href=\"https:\/\/www.genealogi.net\/nova\/databaser\/namnregister-med-hanvisning\/genealogiska-foreningens-register-over-invandrade-slakter\/\" data-type=\"page\" data-id=\"14133\">h\u00e4r<\/a>.<\/p>\n\n\n\n<p><strong><a href=\"https:\/\/www.genealogi.net\/nova\/databaser\/namnregister-med-hanvisning\/adelborgs-klippsamling-kanda-doda-1907-1978\/\" data-type=\"page\" data-id=\"14136\">Adelborgs klippsamling &#8221;K\u00e4nda d\u00f6da&#8221; 1907-1978<\/a><\/strong>  Registret h\u00e4nvisar till en samling tidningsurklipp, huvudsakligen nekrologer, i 16 volymer som Otto Adelborg skapade och som finns i Genealogiska F\u00f6reningens samlingar. <em>Personerna \u00e4r <a href=\"https:\/\/www.genealogi.net\/nova\/a-o\/sok-i-gfs-ovriga-samlingar\/\">listade alfabetiskt<\/a> p\u00e5 sidor dit du klickar dig fram via efternamnets begynnelsebokstav.<\/em> L\u00e4s mer <a href=\"https:\/\/www.genealogi.net\/nova\/databaser\/namnregister-med-hanvisning\/adelborgs-klippsamling-kanda-doda-1907-1978\/\" data-type=\"page\" data-id=\"14136\">h\u00e4r<\/a>.<\/p>\n\n\n\n<p><strong><a href=\"https:\/\/www.genealogi.net\/nova\/a-o\/sok-i-gfs-ovriga-samlingar\/dodsrunor-utgivna-av-sancte-orjens-gille\/\" data-type=\"page\" data-id=\"1886\">D\u00f6dsrunor utgivna av Sancte \u00d6rjens Gille 1921-1952 och 1967-1969<\/a><\/strong>  Registret h\u00e4nvisar till d\u00f6dsrunor \u00f6ver medlemmar i Sancte \u00d6rjens Gille (en sammanslutning &#8221;med syfte att befordra och fr\u00e4mja kulturhistorisk forskning inom bergshanteringen&#8221;). En s\u00f6ktr\u00e4ff ger information om personens f\u00f6r- och efternamn, titel samt i vilket h\u00e4fte och p\u00e5 vilka sidor nekrologen \u00e4r inf\u00f6rd. <em>Personerna \u00e4r <a href=\"\/nova\/a-o\/sok-i-gfs-ovriga-samlingar\/\">listade alfabetiskt<\/a> p\u00e5 sidor dit du klickar dig fram via efternamnets begynnelsebokstav<\/em>. L\u00e4s mer <a href=\"https:\/\/www.genealogi.net\/nova\/a-o\/sok-i-gfs-ovriga-samlingar\/dodsrunor-utgivna-av-sancte-orjens-gille\/\" data-type=\"page\" data-id=\"1886\">h\u00e4r<\/a>.<\/p>\n\n\n\n<p><strong><a href=\"https:\/\/www.genealogi.net\/nova\/databaser\/namnregister-med-hanvisning\/hvar-8-dag-portratt-1900-1932\/\" data-type=\"page\" data-id=\"14123\">Hvar 8 Dag, portr\u00e4tt 1900-1932<\/a><\/strong>  Registret h\u00e4nvisar till 45 590 portr\u00e4tt tryckta i veckotidningen Hvar 8 Dag under \u00e5ren 1900-1932. Den kompletta utgivningen omfattade 35 \u00e5rg\u00e5ngar 1899-1933, 31 av dessa finns i f\u00f6reningens bibliotek. En s\u00f6ktr\u00e4ff ger information om personens f\u00f6r- och efternamn, titel och hemort samt i vilken \u00e5rg\u00e5ng och p\u00e5 vilken sida portr\u00e4ttet \u00e4r tryckt. <em>Personerna \u00e4r <a href=\"\/nova\/databaser\/namnregister-med-hanvisning\/hvar-8-dag-portratt-1900-1932\/\">listade alfabetiskt<\/a> p\u00e5 sidor dit du klickar dig fram via efternamnets begynnelsebokstav.<\/em> L\u00e4s mer <a href=\"https:\/\/www.genealogi.net\/nova\/databaser\/namnregister-med-hanvisning\/hvar-8-dag-portratt-1900-1932\/\" data-type=\"page\" data-id=\"14123\">h\u00e4r<\/a>.<\/p>\n","protected":false},"excerpt":{"rendered":"<p>Under denna rubrik finner du en samling namnregister som via en h\u00e4nvisning hj\u00e4lper dig vidare till en eller flera k\u00e4llor. Registren har olika omf\u00e5ng och olika inriktning, de har uppr\u00e4ttats av f\u00f6reningens medlemmar sedan starten 1933 och \u00e4r det urval som vi till dags dato har gjort s\u00f6kbara \u00f6ver n\u00e4tet. F\u00f6r att f\u00e5 tillg\u00e5ng till &#8230; <a title=\"Namnregister med h\u00e4nvisning\" class=\"read-more\" href=\"https:\/\/www.genealogi.net\/nova\/databaser\/namnregister-med-hanvisning\/\" aria-label=\"L\u00e4s mer om Namnregister med h\u00e4nvisning\">L\u00e4s mer<\/a><\/p>\n","protected":false},"author":2,"featured_media":0,"parent":14019,"menu_order":50,"comment_status":"closed","ping_status":"closed","template":"","meta":{"footnotes":""},"class_list":["post-14113","page","type-page","status-publish"],"_links":{"self":[{"href":"https:\/\/www.genealogi.net\/nova\/wp-json\/wp\/v2\/pages\/14113","targetHints":{"allow":["GET"]}}],"collection":[{"href":"https:\/\/www.genealogi.net\/nova\/wp-json\/wp\/v2\/pages"}],"about":[{"href":"https:\/\/www.genealogi.net\/nova\/wp-json\/wp\/v2\/types\/page"}],"author":[{"embeddable":true,"href":"https:\/\/www.genealogi.net\/nova\/wp-json\/wp\/v2\/users\/2"}],"replies":[{"embeddable":true,"href":"https:\/\/www.genealogi.net\/nova\/wp-json\/wp\/v2\/comments?post=14113"}],"version-history":[{"count":0,"href":"https:\/\/www.genealogi.net\/nova\/wp-json\/wp\/v2\/pages\/14113\/revisions"}],"up":[{"embeddable":true,"href":"https:\/\/www.genealogi.net\/nova\/wp-json\/wp\/v2\/pages\/14019"}],"wp:attachment":[{"href":"https:\/\/www.genealogi.net\/nova\/wp-json\/wp\/v2\/media?parent=14113"}],"curies":[{"name":"wp","href":"https:\/\/api.w.org\/{rel}","templated":true}]}}