{"id":14116,"date":"2021-08-21T00:04:32","date_gmt":"2021-08-20T22:04:32","guid":{"rendered":"https:\/\/www.genealogi.net\/?page_id=14116"},"modified":"2021-08-21T00:04:32","modified_gmt":"2021-08-20T22:04:32","slug":"likpredikningar-1600-1800-tal","status":"publish","type":"page","link":"https:\/\/www.genealogi.net\/nova\/databaser\/namnregister-med-hanvisning\/likpredikningar-1600-1800-tal\/","title":{"rendered":"Likpredikningar 1600-1800-tal"},"content":{"rendered":"\n<p><strong><em>Denna databas \u00e4r s\u00f6kbar p\u00e5 medlemssidorna<\/em><\/strong><\/p>\n\n\n\n<p>P\u00e5 medlemssidorna kan du <strong><a href=\"https:\/\/www.genealogi.net\/nova\/medlem\/databaser\/namnregister-med-hanvisning\/likpredikningar-1600-1800-tal\/\" data-type=\"URL\" data-id=\"https:\/\/www.genealogi.net\/medlem\/databaser\/namnregister-med-hanvisning\/likpredikningar-1600-1800-tal\/\" target=\"_blank\" rel=\"noreferrer noopener\">s\u00f6ka personer<\/a><\/strong> i den omfattande samling med 1101 tryckta likpredikningar som finns i Genealogiska F\u00f6reningens arkiv.<\/p>\n\n\n\n<p><strong>Om s\u00f6ktr\u00e4ffarna<\/strong><br \/>De s\u00f6ktr\u00e4ffar du f\u00e5r \u00e4r klickbara och n\u00e4r du \u00f6ppnar en tr\u00e4ff hittar du information om huvudpersonen i predikan (f\u00f6rnamn och efternamn), information om h\u00e4ndelsen (oftast: begravning), ett datum, ett tryck\u00e5r, en f\u00f6rfattare, h\u00e4nvisning till var i Genealogiska F\u00f6reningens arkiv dokumentet f\u00f6rvaras och lite annat. <em>H\u00e4r visas ett exempel p\u00e5 en s\u00f6ktr\u00e4ff (n\u00e5got beskuren)<\/em>:<\/p>\n\n\n\n<div class=\"wp-block-group\"><div class=\"wp-block-group__inner-container is-layout-flow wp-block-group-is-layout-flow\">\n<p class=\"has-text-align-center\"><img loading=\"lazy\" decoding=\"async\" width=\"450\" height=\"523\" class=\"wp-image-8701\" src=\"https:\/\/www.genealogi.net\/nova\/medlem\/wp-content\/uploads\/2021\/09\/Skarmavbild-2021-09-08-kl.-12.31.47.png\" alt=\"\" style=\"width: 450px;\" srcset=\"https:\/\/www.genealogi.net\/nova\/wp-content\/uploads\/2021\/09\/Skarmavbild-2021-09-08-kl.-12.31.47.png 527w, https:\/\/www.genealogi.net\/nova\/wp-content\/uploads\/2021\/09\/Skarmavbild-2021-09-08-kl.-12.31.47-258x300.png 258w\" sizes=\"auto, (max-width: 450px) 100vw, 450px\" \/><\/p>\n<\/div><\/div>\n\n\n\n<p><strong>Om samlingen<\/strong><br \/>Samlingen omfattar huvudsakligen 1600-, 1700- och 1800-talen men uppgifter finns ocks\u00e5 fr\u00e5n sent 1500-tal och tidigt 1900-tal. H\u00e4ndelserna \u00e4r fr\u00e4mst begravningar men i samlingen finns ocks\u00e5 uppgifter om n\u00e5gra vigslar och \u00e4ven andra h\u00e4ndelser. T\u00e4nk p\u00e5 att fler personer \u00e4n huvudpersonerna ofta finns n\u00e4mnda i handlingarna.<\/p>\n\n\n\n<p><strong>Om likpredikningar<\/strong><br \/>Likpredikningar h\u00f6lls \u2013 som begreppet antyder \u2013 p\u00e5 begravningar. De tryckta likpredikningarna hade sin blomstringstid under 1600- och 1700-talen. Ofta inneh\u00e5ller de en avdelning med personalia, i vilka \u00e5terkommande inslag var redog\u00f6relse f\u00f6r sl\u00e4kt och f\u00f6r\u00e4ldrar, f\u00f6delse, uppv\u00e4xt och utbildning, utf\u00f6rda g\u00e4rningar samt mottagna hedersbetygelser. <\/p>\n\n\n\n<p>N\u00e4r en likpredikan var tryckt kunde den n\u00e5 ut till l\u00e5ngt fler personer \u00e4n de som var n\u00e4rvarande vid begravningen. G\u00f6ran Stenberg, som 1998 skrev en doktorsavhandling om likpredikningar och gravtal, uppfattar att vissa personer ocks\u00e5 syns ha samlat p\u00e5 likpredikningar. Ut\u00f6ver det sociala intresset att inh\u00e4mta kunskap om en avliden persons familj och personliga historia verkar en orsak till de tryckta likpredikningarnas spridning vara att texterna tj\u00e4nade som religi\u00f6s uppbyggelsel\u00e4sning. Blir du nyfiken p\u00e5 att veta mer? I Svenska Litteraturs\u00e4llskapets tidskrift <em>Samlaren <\/em>trycktes 1999 en <em><a rel=\"noreferrer noopener\" href=\"https:\/\/www.diva-portal.org\/smash\/get\/diva2:624868\/FULLTEXT01.pdf\" data-type=\"URL\" data-id=\"https:\/\/www.diva-portal.org\/smash\/get\/diva2:624868\/FULLTEXT01.pdf\" target=\"_blank\">recension<\/a><\/em> av G\u00f6ran Stenbergs doktorsavhandling <em>D\u00f6den dikterar. En studie av likpredikningar och gravtal fr\u00e5n 1600- och 1700-talen<\/em>.<\/p>\n\n\n\n<p>Genealogiska F\u00f6reningens samling med likpredikningar \u00e4r j\u00e4mf\u00f6relsevis omfattande. N\u00e5gra andra samlingar med likpredikningar finns p\u00e5 Kungliga biblioteket, \u00d6rebro stadsarkiv och Uppsala universitetsbibliotek.<\/p>\n","protected":false},"excerpt":{"rendered":"<p>Denna databas \u00e4r s\u00f6kbar p\u00e5 medlemssidorna P\u00e5 medlemssidorna kan du s\u00f6ka personer i den omfattande samling med tryckta likpredikningar som finns i Genealogiska F\u00f6reningens arkiv. Om s\u00f6ktr\u00e4ffarnaDe s\u00f6ktr\u00e4ffar du f\u00e5r \u00e4r klickbara och n\u00e4r du \u00f6ppnar en tr\u00e4ff hittar du information om huvudpersonen i predikan (f\u00f6rnamn och efternamn), information om h\u00e4ndelsen (oftast: begravning), ett datum, &#8230; <a title=\"Likpredikningar 1600-1800-tal\" class=\"read-more\" href=\"https:\/\/www.genealogi.net\/nova\/databaser\/namnregister-med-hanvisning\/likpredikningar-1600-1800-tal\/\" aria-label=\"L\u00e4s mer om Likpredikningar 1600-1800-tal\">L\u00e4s mer<\/a><\/p>\n","protected":false},"author":2,"featured_media":0,"parent":14113,"menu_order":10,"comment_status":"closed","ping_status":"closed","template":"","meta":{"footnotes":""},"class_list":["post-14116","page","type-page","status-publish"],"_links":{"self":[{"href":"https:\/\/www.genealogi.net\/nova\/wp-json\/wp\/v2\/pages\/14116","targetHints":{"allow":["GET"]}}],"collection":[{"href":"https:\/\/www.genealogi.net\/nova\/wp-json\/wp\/v2\/pages"}],"about":[{"href":"https:\/\/www.genealogi.net\/nova\/wp-json\/wp\/v2\/types\/page"}],"author":[{"embeddable":true,"href":"https:\/\/www.genealogi.net\/nova\/wp-json\/wp\/v2\/users\/2"}],"replies":[{"embeddable":true,"href":"https:\/\/www.genealogi.net\/nova\/wp-json\/wp\/v2\/comments?post=14116"}],"version-history":[{"count":0,"href":"https:\/\/www.genealogi.net\/nova\/wp-json\/wp\/v2\/pages\/14116\/revisions"}],"up":[{"embeddable":true,"href":"https:\/\/www.genealogi.net\/nova\/wp-json\/wp\/v2\/pages\/14113"}],"wp:attachment":[{"href":"https:\/\/www.genealogi.net\/nova\/wp-json\/wp\/v2\/media?parent=14116"}],"curies":[{"name":"wp","href":"https:\/\/api.w.org\/{rel}","templated":true}]}}