{"id":14119,"date":"2021-08-21T00:07:05","date_gmt":"2021-08-20T22:07:05","guid":{"rendered":"https:\/\/www.genealogi.net\/?page_id=14119"},"modified":"2021-08-21T00:07:05","modified_gmt":"2021-08-20T22:07:05","slug":"slakt-och-havd-samt-svensk-genealogisk-tidskrift","status":"publish","type":"page","link":"https:\/\/www.genealogi.net\/nova\/databaser\/namnregister-med-hanvisning\/slakt-och-havd-samt-svensk-genealogisk-tidskrift\/","title":{"rendered":"Sl\u00e4kt och H\u00e4vd samt Svensk Genealogisk Tidskrift"},"content":{"rendered":"\n<p>S\u00f6k bland cirka 100 000 poster i ett gemensamt register f\u00f6r tidskrifterna <em>Sl\u00e4kt och H\u00e4vd<\/em> 1950:nr 1&#8211;2024:nr 4 och <em>Svensk Genealogisk Tidskrift<\/em> 2007:nr 1&#8211;2011:nr 2.<\/p>\n\n\n\n<p class=\"has-text-align-center\"><img loading=\"lazy\" decoding=\"async\" width=\"450\" height=\"275\" class=\"wp-image-8318\" src=\"https:\/\/www.genealogi.net\/nova\/medlem\/wp-content\/uploads\/2021\/07\/SoH-222.jpg\" alt=\"\" style=\"width: 450px;\" srcset=\"https:\/\/www.genealogi.net\/nova\/wp-content\/uploads\/2021\/07\/SoH-222.jpg 1284w, https:\/\/www.genealogi.net\/nova\/wp-content\/uploads\/2021\/07\/SoH-222-300x183.jpg 300w, https:\/\/www.genealogi.net\/nova\/wp-content\/uploads\/2021\/07\/SoH-222-1024x625.jpg 1024w, https:\/\/www.genealogi.net\/nova\/wp-content\/uploads\/2021\/07\/SoH-222-768x469.jpg 768w\" sizes=\"auto, (max-width: 450px) 100vw, 450px\" \/><\/p>\n\n\n\n<p><em><a rel=\"noreferrer noopener\" href=\"https:\/\/www.genealogi.net\/nova\/produkter-och-tjanster\/slakt-och-havd\/\" target=\"_blank\">Sl\u00e4kt och H\u00e4vd<\/a><\/em> har givits ut av Genealogiska F\u00f6reningen sedan 1950, med ett uppeh\u00e5ll efter nr 2004:1 fram till 2008 d\u00e5 man i samband med att f\u00f6reningen firade 75 \u00e5r gav ut ett jubileumsnummer och d\u00e4rmed \u00e5ter kom ig\u00e5ng med utgivningen. <em><a rel=\"noreferrer noopener\" href=\"https:\/\/www.genealogi.net\/nova\/produkter-och-tjanster\/svensk-genealogisk-tidskrift\/\" target=\"_blank\">Svensk Genealogisk Tidskrift<\/a><\/em> gavs ut av Svenskt Genealogiskt Samfund \u00e5ren 2007-2015 och har givits ut av Genealogiska F\u00f6reningen sedan januari 2016.<\/p>\n\n\n\n<p>S\u00f6kprogrammet f\u00f6r att s\u00f6ka efter artiklar i tidskrifterna finns <a href=\"\/nova\/util\/prod\/gflibris\/hitta\/sohsgt\">h\u00e4r<\/a>.<\/p>\n","protected":false},"excerpt":{"rendered":"<p>S\u00f6k bland cirka 100 000 poster i ett gemensamt register f\u00f6r tidskrifterna Sl\u00e4kt och H\u00e4vd 1950:nr 1&#8211;2024:nr 4 och Svensk Genealogisk Tidskrift 2007:nr 1&#8211;2011:nr 2. Sl\u00e4kt och H\u00e4vd har givits ut av Genealogiska F\u00f6reningen sedan 1950, med ett uppeh\u00e5ll efter nr 2004:1 fram till 2008 d\u00e5 man i samband med att f\u00f6reningen firade 75 \u00e5r &#8230; <a title=\"Sl\u00e4kt och H\u00e4vd samt Svensk Genealogisk Tidskrift\" class=\"read-more\" href=\"https:\/\/www.genealogi.net\/nova\/databaser\/namnregister-med-hanvisning\/slakt-och-havd-samt-svensk-genealogisk-tidskrift\/\" aria-label=\"L\u00e4s mer om Sl\u00e4kt och H\u00e4vd samt Svensk Genealogisk Tidskrift\">L\u00e4s mer<\/a><\/p>\n","protected":false},"author":2,"featured_media":0,"parent":14113,"menu_order":20,"comment_status":"closed","ping_status":"closed","template":"","meta":{"footnotes":""},"class_list":["post-14119","page","type-page","status-publish"],"_links":{"self":[{"href":"https:\/\/www.genealogi.net\/nova\/wp-json\/wp\/v2\/pages\/14119","targetHints":{"allow":["GET"]}}],"collection":[{"href":"https:\/\/www.genealogi.net\/nova\/wp-json\/wp\/v2\/pages"}],"about":[{"href":"https:\/\/www.genealogi.net\/nova\/wp-json\/wp\/v2\/types\/page"}],"author":[{"embeddable":true,"href":"https:\/\/www.genealogi.net\/nova\/wp-json\/wp\/v2\/users\/2"}],"replies":[{"embeddable":true,"href":"https:\/\/www.genealogi.net\/nova\/wp-json\/wp\/v2\/comments?post=14119"}],"version-history":[{"count":0,"href":"https:\/\/www.genealogi.net\/nova\/wp-json\/wp\/v2\/pages\/14119\/revisions"}],"up":[{"embeddable":true,"href":"https:\/\/www.genealogi.net\/nova\/wp-json\/wp\/v2\/pages\/14113"}],"wp:attachment":[{"href":"https:\/\/www.genealogi.net\/nova\/wp-json\/wp\/v2\/media?parent=14119"}],"curies":[{"name":"wp","href":"https:\/\/api.w.org\/{rel}","templated":true}]}}