{"id":14123,"date":"2021-08-21T00:11:44","date_gmt":"2021-08-20T22:11:44","guid":{"rendered":"https:\/\/www.genealogi.net\/?page_id=14123"},"modified":"2021-08-21T00:11:44","modified_gmt":"2021-08-20T22:11:44","slug":"hvar-8-dag-portratt-1900-1932","status":"publish","type":"page","link":"https:\/\/www.genealogi.net\/nova\/databaser\/namnregister-med-hanvisning\/hvar-8-dag-portratt-1900-1932\/","title":{"rendered":"Hvar 8 Dag, portr\u00e4tt 1900-1932"},"content":{"rendered":"\n<p><strong><em>Detta register finner du s\u00f6kbart nedan<\/em><\/strong><\/p>\n\n\n\n<p>Namnregister till tidskriftens 45 590 portr\u00e4tt. Bl\u00e4ddra via l\u00e4nkarna nedan eller anv\u00e4nd startsidans s\u00f6kruta.<\/p>\n\n\n\n<h1 class=\"wp-block-heading\"><a href=\"http:\/\/www.genealogi.net\/hvar-8-dag-a\">A<\/a>&nbsp;<a href=\"http:\/\/www.genealogi.net\/a-o\/hvar-8-dag\/hvar-8-dag-b\">B<\/a>&nbsp;<a href=\"http:\/\/www.genealogi.net\/hvar-8-dag-c\">C<\/a>&nbsp;<a href=\"http:\/\/www.genealogi.net\/hvar-8-dag-d\">D<\/a>&nbsp;<a href=\"http:\/\/www.genealogi.net\/hvar-8-dag-e\">E<\/a>&nbsp;<a href=\"http:\/\/www.genealogi.net\/hvar-8-dag-f\">F<\/a>&nbsp;<a href=\"http:\/\/www.genealogi.net\/hvar-8-dag-g\">G<\/a>&nbsp;<a href=\"http:\/\/www.genealogi.net\/hvar-8-dag-h\">H<\/a>&nbsp;<a href=\"http:\/\/www.genealogi.net\/hvar-8-dag-i\">I<\/a>&nbsp;<a href=\"http:\/\/www.genealogi.net\/hvar-8-dag-j\">J<\/a>&nbsp;<a href=\"http:\/\/www.genealogi.net\/hvar-8-dag-k\">K<\/a>&nbsp;<a href=\"http:\/\/www.genealogi.net\/hvar-8-dag-l\">L<\/a>&nbsp;<a href=\"http:\/\/www.genealogi.net\/hvar-8-dag-m\">M<\/a>&nbsp;<a href=\"http:\/\/www.genealogi.net\/hvar-8-dag-n\">N<\/a>&nbsp;<a href=\"http:\/\/www.genealogi.net\/hvar-8-dag-o\">O<\/a>&nbsp;<a href=\"http:\/\/www.genealogi.net\/a-o\/hvar-8-dag\/hvar-8-dag-p\/\">P<\/a>&nbsp;<a href=\"http:\/\/www.genealogi.net\/a-o\/hvar-8-dag\/hvar-8-dag-q\/\">Q<\/a>&nbsp;<a href=\"http:\/\/www.genealogi.net\/hvar-8-dag-r\">R<\/a>&nbsp;<a href=\"http:\/\/www.genealogi.net\/hvar-8-dag-s\">S<\/a>&nbsp;<a href=\"http:\/\/www.genealogi.net\/hvar-8-dag-t\">T<\/a>&nbsp;<a href=\"http:\/\/www.genealogi.net\/a-o\/hvar-8-dag\/hvar-8-dag-u\/\">U<\/a>&nbsp;<a href=\"http:\/\/www.genealogi.net\/a-o\/hvar-8-dag\/hvar-8-dag-v-w\/\">V-W<\/a>&nbsp;<a href=\"http:\/\/www.genealogi.net\/hvar-8-dag-y-z\">Y-Z<\/a>&nbsp;<a href=\"http:\/\/www.genealogi.net\/hvar-8-dag-a-a\">\u00c5-\u00c4<\/a>&nbsp;<a href=\"http:\/\/www.genealogi.net\/hvar-8-dag-o-2\">\u00d6<\/a><\/h1>\n\n\n\n<h1 class=\"wp-block-heading\"><a href=\"http:\/\/www.genealogi.net\/a-o\/hvar-8-dag\/hvar-8-dag-ovriga-bilder\">\u00d6vriga bilder<\/a>&nbsp;&nbsp;&nbsp;&nbsp;&nbsp;<a href=\"http:\/\/www.genealogi.net\/a-o\/hvar-8-dag\/hvar-8-dag-portratt-norden\">Portr\u00e4tt Norden<\/a>&nbsp;&nbsp;&nbsp;&nbsp;<a href=\"http:\/\/www.genealogi.net\/a-o\/hvar-8-dag\/hvar-8-dag-portratt-europa\">Portr\u00e4tt Europa<\/a>&nbsp;&nbsp;&nbsp;&nbsp;&nbsp;<a href=\"http:\/\/www.genealogi.net\/a-o\/hvar-8-dag\/hvar-8-dag-portratt-ovriga-lander\">Portr\u00e4tt \u00f6vriga l\u00e4nder<\/a><\/h1>\n\n\n\n<p>En asterisk *) i tr\u00e4fflistan betyder att bilden finns p\u00e5 tidskriftens omslag och att fakta om den finns p\u00e5 sid 2 i det aktuella numret. De inbundna \u00e5rg\u00e5ngarna l\u00f6per fr\u00e5n 1 oktober till sista september n\u00e4stf\u00f6ljande \u00e5r. Om du inte hittar en bild p\u00e5 den sida som anges i registret, kontrollera d\u00e5 samma sida i angr\u00e4nsande \u00e5rs tidning.<\/p>\n\n\n\n<p class=\"has-text-align-center\"><img loading=\"lazy\" decoding=\"async\" width=\"350\" height=\"482\" class=\"wp-image-8740\" src=\"https:\/\/www.genealogi.net\/nova\/medlem\/wp-content\/uploads\/2021\/09\/Hvar-8-Dag-e1631194842443.jpg\" alt=\"\" style=\"width: 350px;\" srcset=\"https:\/\/www.genealogi.net\/nova\/wp-content\/uploads\/2021\/09\/Hvar-8-Dag-e1631194842443.jpg 711w, https:\/\/www.genealogi.net\/nova\/wp-content\/uploads\/2021\/09\/Hvar-8-Dag-e1631194842443-218x300.jpg 218w\" sizes=\"auto, (max-width: 350px) 100vw, 350px\" \/><\/p>\n\n\n\n<p>Tidskriften Hvar 8 dag gavs ut 1899-1933. Tidskrifterna finns tillg\u00e4ngliga i Genealogiska F\u00f6reningens bibliotek.<\/p>\n\n\n\n<p> <\/p>\n","protected":false},"excerpt":{"rendered":"<p>Detta register finner du s\u00f6kbart nedan Namnregister till tidskriftens 45 590 portr\u00e4tt. Bl\u00e4ddra via l\u00e4nkarna nedan eller anv\u00e4nd startsidans s\u00f6kruta. A&nbsp;B&nbsp;C&nbsp;D&nbsp;E&nbsp;F&nbsp;G&nbsp;H&nbsp;I&nbsp;J&nbsp;K&nbsp;L&nbsp;M&nbsp;N&nbsp;O&nbsp;P&nbsp;Q&nbsp;R&nbsp;S&nbsp;T&nbsp;U&nbsp;V-W&nbsp;Y-Z&nbsp;\u00c5-\u00c4&nbsp;\u00d6 \u00d6vriga bilder&nbsp;&nbsp;&nbsp;&nbsp;&nbsp;Portr\u00e4tt Norden&nbsp;&nbsp;&nbsp;&nbsp;Portr\u00e4tt Europa&nbsp;&nbsp;&nbsp;&nbsp;&nbsp;Portr\u00e4tt \u00f6vriga l\u00e4nder En asterisk *) i tr\u00e4fflistan betyder att bilden finns p\u00e5 tidskriftens omslag och att fakta om den finns p\u00e5 sid 2 i det aktuella numret. De inbundna \u00e5rg\u00e5ngarna &#8230; <a title=\"Hvar 8 Dag, portr\u00e4tt 1900-1932\" class=\"read-more\" href=\"https:\/\/www.genealogi.net\/nova\/databaser\/namnregister-med-hanvisning\/hvar-8-dag-portratt-1900-1932\/\" aria-label=\"L\u00e4s mer om Hvar 8 Dag, portr\u00e4tt 1900-1932\">L\u00e4s mer<\/a><\/p>\n","protected":false},"author":2,"featured_media":0,"parent":14113,"menu_order":70,"comment_status":"closed","ping_status":"closed","template":"","meta":{"footnotes":""},"class_list":["post-14123","page","type-page","status-publish"],"_links":{"self":[{"href":"https:\/\/www.genealogi.net\/nova\/wp-json\/wp\/v2\/pages\/14123","targetHints":{"allow":["GET"]}}],"collection":[{"href":"https:\/\/www.genealogi.net\/nova\/wp-json\/wp\/v2\/pages"}],"about":[{"href":"https:\/\/www.genealogi.net\/nova\/wp-json\/wp\/v2\/types\/page"}],"author":[{"embeddable":true,"href":"https:\/\/www.genealogi.net\/nova\/wp-json\/wp\/v2\/users\/2"}],"replies":[{"embeddable":true,"href":"https:\/\/www.genealogi.net\/nova\/wp-json\/wp\/v2\/comments?post=14123"}],"version-history":[{"count":0,"href":"https:\/\/www.genealogi.net\/nova\/wp-json\/wp\/v2\/pages\/14123\/revisions"}],"up":[{"embeddable":true,"href":"https:\/\/www.genealogi.net\/nova\/wp-json\/wp\/v2\/pages\/14113"}],"wp:attachment":[{"href":"https:\/\/www.genealogi.net\/nova\/wp-json\/wp\/v2\/media?parent=14123"}],"curies":[{"name":"wp","href":"https:\/\/api.w.org\/{rel}","templated":true}]}}