{"id":14126,"date":"2021-08-21T00:14:45","date_gmt":"2021-08-20T22:14:45","guid":{"rendered":"https:\/\/www.genealogi.net\/?page_id=14126"},"modified":"2021-08-21T00:14:45","modified_gmt":"2021-08-20T22:14:45","slug":"bouppteckningar-ostergotland-1700-1800-tal","status":"publish","type":"page","link":"https:\/\/www.genealogi.net\/nova\/databaser\/namnregister-med-hanvisning\/bouppteckningar-ostergotland-1700-1800-tal\/","title":{"rendered":"Bouppteckningar \u00d6sterg\u00f6tland 1700-1800-tal"},"content":{"rendered":"\n<p><strong><em>Detta register \u00e4r s\u00f6kbart p\u00e5 medlemssidorna<\/em><\/strong><\/p>\n\n\n\n<p>S\u00f6k bland <strong>193 704<\/strong> personer i det av Mari-Anne Olsson uppr\u00e4ttade personregistret till ingresser f\u00f6r bouppteckningar i \u00d6sterg\u00f6tland mellan \u00e5ren 1735-1835 (varierar n\u00e5got mellan de olika h\u00e4raderna). Ingresserna finns i p\u00e4rmar i Genealogiska F\u00f6reningens lokaler och bouppteckningarna finns p\u00e5 Vadstena landsarkiv och p\u00e5 n\u00e4tet.<\/p>\n\n\n\n<p>Om du vill ha en kopia p\u00e5 eller skriva av ingressen \u00e4r du v\u00e4lkommen att bes\u00f6ka oss personligen eller kontakta f\u00f6reningen, antingen via e-post <a href=\"mailto:gf@genealogi.net\">gf(at)genealogi.net<\/a> eller telefon 08-32 96 80.<\/p>\n","protected":false},"excerpt":{"rendered":"<p>Detta register \u00e4r s\u00f6kbart p\u00e5 medlemssidorna S\u00f6k bland 193 704 personer i det av Mari-Anne Olsson uppr\u00e4ttade personregistret till ingresser f\u00f6r bouppteckningar i \u00d6sterg\u00f6tland mellan \u00e5ren 1735-1835 (varierar n\u00e5got mellan de olika h\u00e4raderna). Ingresserna finns i p\u00e4rmar i Genealogiska F\u00f6reningens lokaler och bouppteckningarna finns p\u00e5 Vadstena landsarkiv och p\u00e5 n\u00e4tet. Om du vill ha en &#8230; <a title=\"Bouppteckningar \u00d6sterg\u00f6tland 1700-1800-tal\" class=\"read-more\" href=\"https:\/\/www.genealogi.net\/nova\/databaser\/namnregister-med-hanvisning\/bouppteckningar-ostergotland-1700-1800-tal\/\" aria-label=\"L\u00e4s mer om Bouppteckningar \u00d6sterg\u00f6tland 1700-1800-tal\">L\u00e4s mer<\/a><\/p>\n","protected":false},"author":2,"featured_media":0,"parent":14113,"menu_order":30,"comment_status":"closed","ping_status":"closed","template":"","meta":{"footnotes":""},"class_list":["post-14126","page","type-page","status-publish"],"_links":{"self":[{"href":"https:\/\/www.genealogi.net\/nova\/wp-json\/wp\/v2\/pages\/14126","targetHints":{"allow":["GET"]}}],"collection":[{"href":"https:\/\/www.genealogi.net\/nova\/wp-json\/wp\/v2\/pages"}],"about":[{"href":"https:\/\/www.genealogi.net\/nova\/wp-json\/wp\/v2\/types\/page"}],"author":[{"embeddable":true,"href":"https:\/\/www.genealogi.net\/nova\/wp-json\/wp\/v2\/users\/2"}],"replies":[{"embeddable":true,"href":"https:\/\/www.genealogi.net\/nova\/wp-json\/wp\/v2\/comments?post=14126"}],"version-history":[{"count":0,"href":"https:\/\/www.genealogi.net\/nova\/wp-json\/wp\/v2\/pages\/14126\/revisions"}],"up":[{"embeddable":true,"href":"https:\/\/www.genealogi.net\/nova\/wp-json\/wp\/v2\/pages\/14113"}],"wp:attachment":[{"href":"https:\/\/www.genealogi.net\/nova\/wp-json\/wp\/v2\/media?parent=14126"}],"curies":[{"name":"wp","href":"https:\/\/api.w.org\/{rel}","templated":true}]}}