{"id":14129,"date":"2021-08-21T00:17:28","date_gmt":"2021-08-20T22:17:28","guid":{"rendered":"https:\/\/www.genealogi.net\/?page_id=14129"},"modified":"2021-08-21T00:17:28","modified_gmt":"2021-08-20T22:17:28","slug":"genealogiska-foreningens-slaktnamnsregister","status":"publish","type":"page","link":"https:\/\/www.genealogi.net\/nova\/databaser\/namnregister-med-hanvisning\/genealogiska-foreningens-slaktnamnsregister\/","title":{"rendered":"Sl\u00e4ktkartoteket"},"content":{"rendered":"\n<h1 class=\"wp-block-heading\"><strong><a href=\"http:\/\/www.genealogi.net\/a-o\/slaktkartoteket\/slaktkartoteketflik-a\/\">A<\/a> <a href=\"http:\/\/www.genealogi.net\/a-o\/slaktkartoteket\/slaktkartoteketf-b\/\">B<\/a> <a href=\"http:\/\/www.genealogi.net\/a-o\/slaktkartoteket\/slaktkartoteket-c\/\">C<\/a> <a href=\"http:\/\/www.genealogi.net\/a-o\/slaktkartoteket\/slaktkartoteket-d\/\">D<\/a> <a href=\"http:\/\/www.genealogi.net\/a-o\/slaktkartoteket\/slaktkartoteket-e\/\">E<\/a> <a href=\"http:\/\/www.genealogi.net\/a-o\/slaktkartoteket\/slaktkartoteket-f\/\">F<\/a> <a href=\"http:\/\/www.genealogi.net\/a-o\/slaktkartoteket\/slaktkartoteket-g\/\">G<\/a> <a href=\"http:\/\/www.genealogi.net\/a-o\/slaktkartoteket\/slaktkartoteket-h\/\">H<\/a> <a href=\"http:\/\/www.genealogi.net\/a-o\/slaktkartoteket\/slaktkartoteket-i\/\">I<\/a> <a href=\"http:\/\/www.genealogi.net\/a-o\/slaktkartoteket\/slaktkartoteket-j\/\">J<\/a> <a href=\"http:\/\/www.genealogi.net\/a-o\/slaktkartoteket\/slaktkartoteket-k\/\">K<\/a> <a href=\"http:\/\/www.genealogi.net\/a-o\/slaktkartoteket\/slaktkartoteket-l\/\">L<\/a> <a href=\"http:\/\/www.genealogi.net\/a-o\/slaktkartoteket\/slaktkartoteket-m\/\">M<\/a> <a href=\"http:\/\/www.genealogi.net\/a-o\/slaktkartoteket\/slaktkartoteket-n\/\">N<\/a> <a href=\"http:\/\/www.genealogi.net\/a-o\/slaktkartoteket\/slaktkartoteket-o\/\">O<\/a><\/strong><\/h1>\n\n\n\n<h1 class=\"wp-block-heading\"><strong><a href=\"http:\/\/www.genealogi.net\/a-o\/slaktkartoteket\/slaktkartoteket-p\/\">P<\/a> <a href=\"http:\/\/www.genealogi.net\/a-o\/slaktkartoteket\/slaktkartoteket-q\/\">Q<\/a> <a href=\"http:\/\/www.genealogi.net\/a-o\/slaktkartoteket\/slaktkartoteket-r\/\">R<\/a> <a href=\"http:\/\/www.genealogi.net\/a-o\/slaktkartoteket\/slaktkartoteket-s\/\">S<\/a> <a href=\"http:\/\/www.genealogi.net\/a-o\/slaktkartoteket\/slaktkartoteket-t\/\">T<\/a> <a href=\"http:\/\/www.genealogi.net\/a-o\/slaktkartoteket\/slaktkartoteket-u\/\">U<\/a> <a href=\"http:\/\/www.genealogi.net\/a-o\/slaktkartoteket\/slaktkartoteket-vw\/\">V\/W<\/a> <a href=\"http:\/\/www.genealogi.net\/a-o\/slaktkartoteket\/slaktkartoteket-x\/\">X<\/a> <a href=\"http:\/\/www.genealogi.net\/a-o\/slaktkartoteket\/slaktkartoteket-y\/\">Y<\/a> <a href=\"http:\/\/www.genealogi.net\/a-o\/slaktkartoteket\/slaktkartoteket-z\/\">Z<\/a> <a href=\"http:\/\/www.genealogi.net\/a-o\/slaktkartoteket\/slaktkartoteket-a2-a3\/\">\u00c5\/\u00c4<\/a> <a href=\"http:\/\/www.genealogi.net\/a-o\/slaktkartoteket\/slaktkartoteket-o2\/\">\u00d6<\/a><\/strong><\/h1>\n\n\n\n<p>Detta \u00e4r ett \u00e4ldre register &nbsp;med cirka 25 000 sl\u00e4ktnamn noterade p\u00e5 kort samlade i ett kartotek p\u00e5 Genealogiska F\u00f6reningens expedition. Arbetet med det p\u00e5b\u00f6rjades redan 1933. Namnen h\u00e4nvisar till tryckt litteratur och handskriftssamlingar, vissa som finns i s k H\u00e4ngmappsarkivet.<\/p>\n\n\n\n<p>Nyckel till sl\u00e4ktkartoteket:<\/p>\n\n\n\n<ul class=\"wp-block-list\"><li>Bl\u00e5tt kort\/Tryckt k\u00e4lla = Bok eller p\u00e4rm hos GF eller i annat bibliotek. Kan \u00e4ven handla om p\u00e5b\u00f6rjade sl\u00e4ktutredningar.<\/li><li>Vitt kort\/Handskriven k\u00e4lla = Handskrift hos GF eller i annat bibliotek.<\/li><li>&#8221;GFs sl\u00e4ktarkiv&#8221; eller &#8221;Mapparkivet&#8221; = Handskrivna anteckningar\/urklipp finns i GFs s\u00e5 kallade H\u00e4ngmappsarkiv.<\/li><li>&#8221;Antavlor&#8221; betyder att det finns en eller fler antavlor i arkivet kopplade till namnet.<\/li><\/ul>\n\n\n\n<p>F\u00f6r n\u00e4rmare uppgifter om mer exakta h\u00e4nvisningar p\u00e5 korten <a href=\"https:\/\/www.genealogi.net\/nova\/om-gf\/kontakta-oss\/\">kontakta GFs exp<\/a>.<\/p>\n","protected":false},"excerpt":{"rendered":"<p>A B C D E F G H I J K L M N O P Q R S T U V\/W X Y Z \u00c5\/\u00c4 \u00d6 Detta \u00e4r ett \u00e4ldre register &nbsp;med cirka 25 000 sl\u00e4ktnamn noterade p\u00e5 kort samlade i ett kartotek p\u00e5 Genealogiska F\u00f6reningens expedition. Arbetet med det p\u00e5b\u00f6rjades redan 1933. Namnen &#8230; <a title=\"Sl\u00e4ktkartoteket\" class=\"read-more\" href=\"https:\/\/www.genealogi.net\/nova\/databaser\/namnregister-med-hanvisning\/genealogiska-foreningens-slaktnamnsregister\/\" aria-label=\"L\u00e4s mer om Sl\u00e4ktkartoteket\">L\u00e4s mer<\/a><\/p>\n","protected":false},"author":2,"featured_media":0,"parent":14113,"menu_order":40,"comment_status":"closed","ping_status":"closed","template":"","meta":{"footnotes":""},"class_list":["post-14129","page","type-page","status-publish"],"_links":{"self":[{"href":"https:\/\/www.genealogi.net\/nova\/wp-json\/wp\/v2\/pages\/14129","targetHints":{"allow":["GET"]}}],"collection":[{"href":"https:\/\/www.genealogi.net\/nova\/wp-json\/wp\/v2\/pages"}],"about":[{"href":"https:\/\/www.genealogi.net\/nova\/wp-json\/wp\/v2\/types\/page"}],"author":[{"embeddable":true,"href":"https:\/\/www.genealogi.net\/nova\/wp-json\/wp\/v2\/users\/2"}],"replies":[{"embeddable":true,"href":"https:\/\/www.genealogi.net\/nova\/wp-json\/wp\/v2\/comments?post=14129"}],"version-history":[{"count":0,"href":"https:\/\/www.genealogi.net\/nova\/wp-json\/wp\/v2\/pages\/14129\/revisions"}],"up":[{"embeddable":true,"href":"https:\/\/www.genealogi.net\/nova\/wp-json\/wp\/v2\/pages\/14113"}],"wp:attachment":[{"href":"https:\/\/www.genealogi.net\/nova\/wp-json\/wp\/v2\/media?parent=14129"}],"curies":[{"name":"wp","href":"https:\/\/api.w.org\/{rel}","templated":true}]}}