{"id":15205,"date":"2022-08-20T06:50:23","date_gmt":"2022-08-20T04:50:23","guid":{"rendered":"https:\/\/www.genealogi.net\/?page_id=15205"},"modified":"2022-08-20T06:50:23","modified_gmt":"2022-08-20T04:50:23","slug":"historiska-marknadsdagar","status":"publish","type":"page","link":"https:\/\/www.genealogi.net\/nova\/databaser\/databaser-med-avskrift-av-kalla\/historiska-marknadsdagar\/","title":{"rendered":"Historiska marknadsdagar"},"content":{"rendered":"\n<p>H\u00e4r har du m\u00f6jlighet att s\u00f6ka p\u00e5 historiska marknadsdagar i Sverige, Finland och \u2013 i viss utstr\u00e4ckning \u2013&nbsp;Norge. Vi bygger nu upp en databas och uppdaterar den l\u00f6pande sedan lanseringen 20 augusti 2022.<\/p>\n\n\n\n<p>Vid den senaste uppdateringen 11 december 2022 omfattade databasen<\/p>\n\n\n\n<ul class=\"wp-block-list\"><li>svenska marknadsdagar f\u00f6r \u00e5ren 1770-1897,<\/li><li>finska marknadsdagar 1770-1888 (med luckor aug-dec 1816, 1818, 1824-1827, 1836, 1855 och 1883-1887) samt<\/li><li>norska marknadsdagar &#8221;p\u00e5 orter gr\u00e4nsande till Sverige&#8221; 1831-1879.<\/li><\/ul>\n\n\n\n<p>I databasen hittar du 619 marknadsplatser (610 s\u00f6kbara via karta och 9, utan positionering, s\u00f6kbara via namn) och \u00f6ver 63 000 historiska marknadsdagar.<\/p>\n\n\n\n<p>Databasen \u00e4r sprungen ur Genealogiska F\u00f6reningens projekt Inrikes pass (som n\u00e5s av medlemmar p\u00e5 medlemssidorna). Samtidigt \u00e4r databasen fullt tillg\u00e4nglig f\u00f6r alla att s\u00f6ka fritt i och vi hoppas att m\u00e5nga kan f\u00e5 nytta av den!<\/p>\n\n\n\n<h2 class=\"wp-block-heading\">S\u00e5 h\u00e4r s\u00f6ker du via karta<\/h2>\n\n\n\n<p>Klicka p\u00e5  <a href=\"https:\/\/www.genealogi.net\/nova\/util\/prod\/marknader\/karta\">https:\/\/www.genealogi.net\/nova\/util\/prod\/marknader\/karta<\/a><\/p>\n\n\n\n<p>Du f\u00e5r upp en karta med marknadsplatserna utsatta.<\/p>\n\n\n\n<figure class=\"wp-block-image size-full is-style-default\"><a href=\"https:\/\/www.genealogi.net\/nova\/gfwp\/wp-content\/uploads\/2022\/08\/Skarmavbild-2022-08-18-kl.-23.48.49.png\"><img loading=\"lazy\" decoding=\"async\" width=\"953\" height=\"509\" src=\"https:\/\/www.genealogi.net\/nova\/gfwp\/wp-content\/uploads\/2022\/08\/Skarmavbild-2022-08-18-kl.-23.48.49.png\" alt=\"\" class=\"wp-image-15208\" srcset=\"https:\/\/www.genealogi.net\/nova\/wp-content\/uploads\/2022\/08\/Skarmavbild-2022-08-18-kl.-23.48.49.png 953w, https:\/\/www.genealogi.net\/nova\/wp-content\/uploads\/2022\/08\/Skarmavbild-2022-08-18-kl.-23.48.49-300x160.png 300w, https:\/\/www.genealogi.net\/nova\/wp-content\/uploads\/2022\/08\/Skarmavbild-2022-08-18-kl.-23.48.49-768x410.png 768w\" sizes=\"auto, (max-width: 953px) 100vw, 953px\" \/><\/a><\/figure>\n\n\n\n<p>Tryck p\u00e5 + -knappen uppe till v\u00e4nster f\u00f6r att f\u00f6rstora bilden. S\u00f6k dig fram till ett mindre, mer avgr\u00e4nsat omr\u00e5de.<\/p>\n\n\n\n<p>Nedan ser du ett s\u00e5dant omr\u00e5de, n\u00e4mligen sydv\u00e4stra \u00d6sterg\u00f6tlands l\u00e4n och en bit av norra J\u00f6nk\u00f6pings l\u00e4n. N\u00e4r du l\u00e5ter mark\u00f6ren vila p\u00e5 en ikon visas marknadsplatens namn, h\u00e4r Hester precis norr om samh\u00e4llet Sommen.<\/p>\n\n\n\n<figure class=\"wp-block-image size-full is-resized is-style-default\"><a href=\"https:\/\/www.genealogi.net\/nova\/gfwp\/wp-content\/uploads\/2022\/08\/Skarmavbild-2022-08-19-kl.-00.14.27.png\"><img loading=\"lazy\" decoding=\"async\" src=\"https:\/\/www.genealogi.net\/nova\/gfwp\/wp-content\/uploads\/2022\/08\/Skarmavbild-2022-08-19-kl.-00.14.27.png\" alt=\"\" class=\"wp-image-15215\" width=\"389\" height=\"376\"\/><\/a><figcaption><em>Fem marknadsplatser i sydv\u00e4stra \u00d6sterg\u00f6tlands l\u00e4n och norra J\u00f6nk\u00f6pings l\u00e4n: \u00f6verst i bild \u00d6desh\u00f6g och Stora \u00c5by, norr om sj\u00f6n Sommen och \u00e4ven strax norr om samh\u00e4llet Sommen Hester, h\u00e4r markerat, nere till v\u00e4nster i bild Adel\u00f6v och l\u00e4ngst ner S\u00e4by, s\u00f6der om Tran\u00e5s.<\/em><\/figcaption><\/figure>\n\n\n\n<p>Om du sedan klickar p\u00e5 ikonen s\u00e5 f\u00e5r du upp marknadsplatsens namn i form av en klickbar l\u00e4nk<\/p>\n\n\n\n<figure class=\"wp-block-image size-full is-style-default\"><a href=\"https:\/\/www.genealogi.net\/nova\/gfwp\/wp-content\/uploads\/2022\/08\/Skarmavbild-2022-08-18-kl.-23.55.49.png\"><img loading=\"lazy\" decoding=\"async\" width=\"355\" height=\"345\" src=\"https:\/\/www.genealogi.net\/nova\/gfwp\/wp-content\/uploads\/2022\/08\/Skarmavbild-2022-08-18-kl.-23.55.49.png\" alt=\"\" class=\"wp-image-15209\" srcset=\"https:\/\/www.genealogi.net\/nova\/wp-content\/uploads\/2022\/08\/Skarmavbild-2022-08-18-kl.-23.55.49.png 355w, https:\/\/www.genealogi.net\/nova\/wp-content\/uploads\/2022\/08\/Skarmavbild-2022-08-18-kl.-23.55.49-300x292.png 300w\" sizes=\"auto, (max-width: 355px) 100vw, 355px\" \/><\/a><\/figure>\n\n\n\n<p>Och klickar du p\u00e5 l\u00e4nken s\u00e5 kommer du vidare till en visning av de historiska marknadsdagar som hitintills \u00e4r registrerade f\u00f6r marknadsorten. (OBS! bilden p\u00e5 s\u00f6ktr\u00e4ffen nedan \u00e4r beskuren b\u00e5de i h\u00f6jd- och sidled.)<\/p>\n\n\n\n<figure class=\"wp-block-image size-large is-style-default\"><a href=\"https:\/\/www.genealogi.net\/nova\/gfwp\/wp-content\/uploads\/2022\/08\/Skarmavbild-2022-08-19-kl.-00.42.40.png\"><img loading=\"lazy\" decoding=\"async\" width=\"1024\" height=\"575\" src=\"https:\/\/www.genealogi.net\/nova\/gfwp\/wp-content\/uploads\/2022\/08\/Skarmavbild-2022-08-19-kl.-00.42.40-1024x575.png\" alt=\"\" class=\"wp-image-15217\" srcset=\"https:\/\/www.genealogi.net\/nova\/wp-content\/uploads\/2022\/08\/Skarmavbild-2022-08-19-kl.-00.42.40-1024x575.png 1024w, https:\/\/www.genealogi.net\/nova\/wp-content\/uploads\/2022\/08\/Skarmavbild-2022-08-19-kl.-00.42.40-300x168.png 300w, https:\/\/www.genealogi.net\/nova\/wp-content\/uploads\/2022\/08\/Skarmavbild-2022-08-19-kl.-00.42.40-768x431.png 768w, https:\/\/www.genealogi.net\/nova\/wp-content\/uploads\/2022\/08\/Skarmavbild-2022-08-19-kl.-00.42.40.png 1133w\" sizes=\"auto, (max-width: 1024px) 100vw, 1024px\" \/><\/a><\/figure>\n\n\n\n<p><\/p>\n\n\n\n<h2 class=\"wp-block-heading\">S\u00e5 h\u00e4r s\u00f6ker du via namn<\/h2>\n\n\n\n<p>Om du har ett namn p\u00e5 en marknadsplats men inte vet var den l\u00e5g kan du g\u00e5 direkt in i databasen och g\u00f6ra en s\u00f6kning d\u00e4r.<\/p>\n\n\n\n<p>Klicka p\u00e5  <a href=\"https:\/\/www.genealogi.net\/nova\/util\/prod\/marknader\/hitta\">https:\/\/www.genealogi.net\/nova\/util\/prod\/marknader\/hitta<\/a> och genomf\u00f6r sedan din s\u00f6kning i databasen. N\u00e4r du har f\u00e5tt tr\u00e4ff kan du klicka dig fr\u00e5n s\u00f6ktr\u00e4ffen till kartan f\u00f6r att se var marknadsplatsen l\u00e5g.<\/p>\n\n\n\n<p><\/p>\n\n\n\n<h2 class=\"wp-block-heading\">Om databasen<\/h2>\n\n\n\n<h3 class=\"wp-block-heading\"><strong>Bakgrund<\/strong><\/h3>\n\n\n\n<p>\u00d6nskan om att kunna s\u00f6ka p\u00e5 historiska marknadsdagar har vuxit fram inom f\u00f6reningen, under arbete med databasen Inrikes pass. D\u00e4r anv\u00e4nder vi k\u00e4llor som dokumenterar resandet f\u00f6rr, fr\u00e4mst gamla passjournaler men \u00e4ven enskilda pass, g\u00e4stgiveridagb\u00f6cker, tryckta notiser i tidningar (&#8221;Anm\u00e4lde resande&#8221;) m. m. En stor del av de inrikes passen (som fanns till 1860) utf\u00e4rdades f\u00f6r resor till marknader, f\u00f6r handelsm\u00e4n, handelsexpediter, hantverkare m. fl. Ibland angavs vilka marknader personen skulle resa till, ibland angavs att passet var giltigt f\u00f6r resor i vissa angivna l\u00e4n. Och i passjournalerna angavs \u00e4ven passens giltighetstid. \u00d6nskan att forska vidare p\u00e5 en s\u00e5dan passinnehavares resor v\u00e4cker \u00f6nskan att veta var och n\u00e4r marknaderna h\u00f6lls.<\/p>\n\n\n\n<figure class=\"wp-block-image size-large is-style-default\"><a href=\"https:\/\/www.genealogi.net\/nova\/gfwp\/wp-content\/uploads\/2022\/08\/Skarmavbild-2022-08-19-kl.-00.56.33.png\"><img loading=\"lazy\" decoding=\"async\" width=\"1024\" height=\"166\" src=\"https:\/\/www.genealogi.net\/nova\/gfwp\/wp-content\/uploads\/2022\/08\/Skarmavbild-2022-08-19-kl.-00.56.33-1024x166.png\" alt=\"\" class=\"wp-image-15218\" srcset=\"https:\/\/www.genealogi.net\/nova\/wp-content\/uploads\/2022\/08\/Skarmavbild-2022-08-19-kl.-00.56.33-1024x166.png 1024w, https:\/\/www.genealogi.net\/nova\/wp-content\/uploads\/2022\/08\/Skarmavbild-2022-08-19-kl.-00.56.33-300x49.png 300w, https:\/\/www.genealogi.net\/nova\/wp-content\/uploads\/2022\/08\/Skarmavbild-2022-08-19-kl.-00.56.33-768x125.png 768w, https:\/\/www.genealogi.net\/nova\/wp-content\/uploads\/2022\/08\/Skarmavbild-2022-08-19-kl.-00.56.33.png 1104w\" sizes=\"auto, (max-width: 1024px) 100vw, 1024px\" \/><\/a><figcaption><em>V\u00e4sternorrlands l\u00e4ns landskansli B V, vol. 2, GFs bild 406<\/em><\/figcaption><\/figure>\n\n\n\n<p>I notisen ovan l\u00e4ser vi hur R\u00e5dmannen Sebenii \u00e4nka i H\u00e4rn\u00f6sand den 30 december 1817&nbsp;&nbsp;erh\u00f6ll ett pass p\u00e5 landskansliet f\u00f6r sin betj\u00e4nt Is. Aug. Grape, ett pass som gjordes giltigt till mars m\u00e5nads slut 1818 f\u00f6r resor till marknaderna i Borgsj\u00f6, \u00d6stersund och Sollefte\u00e5.<\/p>\n\n\n\n<p>Samtidigt kan vi i &#8221;Almanach F\u00f6r \u00c5ret Efter Fr\u00e4lsarens Christi F\u00f6delse, 1818&#8221; se att de marknader som n\u00e4mns i passjournalen samtliga finns med i f\u00f6rteckningen \u00f6ver \u00e5rets marknader, och att de i passnotisen har r\u00e4knats upp i just den ordning de h\u00f6lls.<\/p>\n\n\n\n<figure class=\"wp-block-image size-full is-style-default\"><a href=\"https:\/\/www.genealogi.net\/nova\/gfwp\/wp-content\/uploads\/2022\/08\/Skarmavbild-2022-08-19-kl.-01.02.34.png\"><img loading=\"lazy\" decoding=\"async\" width=\"532\" height=\"645\" src=\"https:\/\/www.genealogi.net\/nova\/gfwp\/wp-content\/uploads\/2022\/08\/Skarmavbild-2022-08-19-kl.-01.02.34.png\" alt=\"\" class=\"wp-image-15219\" srcset=\"https:\/\/www.genealogi.net\/nova\/wp-content\/uploads\/2022\/08\/Skarmavbild-2022-08-19-kl.-01.02.34.png 532w, https:\/\/www.genealogi.net\/nova\/wp-content\/uploads\/2022\/08\/Skarmavbild-2022-08-19-kl.-01.02.34-247x300.png 247w\" sizes=\"auto, (max-width: 532px) 100vw, 532px\" \/><\/a><figcaption><em>Almanack f\u00f6r 1818 med rikets marknader i januari och februari&nbsp;<\/em>(fotograferad f\u00f6r GFs r\u00e4kning p\u00e5 Kungliga biblioteket)<\/figcaption><\/figure>\n\n\n\n<p><strong><em>Borgsj\u00f6 marknad<\/em><\/strong>&nbsp;startade den 5 januari och p\u00e5gick i flera dagar,<\/p>\n\n\n\n<p><strong><em>\u00d6stersunds marknad<\/em><\/strong>&nbsp;h\u00f6lls den 8 januari, och<\/p>\n\n\n\n<p><strong><em>Sollefte\u00e5 marknad<\/em><\/strong>&nbsp;den 26 januari.<\/p>\n\n\n\n<p>Bl\u00e4ddrar vi sedan vidare till n\u00e4sta sida i almanackan s\u00e5 ser vi att det h\u00f6lls ytterligare en marknad i \u00d6stersund, n\u00e4mligen den 18 mars. Och allt detta \u00e4r allts\u00e5 inom den tidsram som angavs p\u00e5 betj\u00e4nten Is. Aug. Grapes pass.<\/p>\n\n\n\n<h3 class=\"wp-block-heading\"><strong>Databasens k\u00e4llor och dess omf\u00e5ng<\/strong><\/h3>\n\n\n\n<p>Den huvudsakliga k\u00e4llan till denna databas har inledningsvis varit \u00e4ldre almanackor. F\u00f6rr i tiden inneh\u00f6ll \u00e5rets almanacka uppgift om \u00e5rets marknader. Det var ett par hundra marknader varje \u00e5r som angavs med marknadsplats och marknadsdatum. S\u00e5 l\u00e4nge Finland h\u00f6rde till Sverige fanns \u00e4ven de finska marknaderna med i f\u00f6rteckningen. Fram till och med 1810 finns de med i de svenska utg\u00e5vorna, fr\u00e5n 1811 trycktes de i utg\u00e5vor fr\u00e5n Finland. I databasen finns det luckor i det finska materialet f\u00f6r \u00e5ren 1818, 1824-1827, 1836, 1855 och 1870. Norska marknader &#8221;p\u00e5 orter gr\u00e4nsande till Sverige&#8221; upptogs i egen avdelning i almanackorna fr\u00e5n 1831.<\/p>\n\n\n\n<h3 class=\"wp-block-heading\"><strong>Fakta som har registrerats i databasen<\/strong><\/h3>\n\n\n\n<p>I databasen finner du marknadsortens namn inklusive l\u00e4nstillh\u00f6righet, datum d\u00e5 d\u00e4r h\u00f6lls en marknad, uppgift om vilken typ av marknad det var (i den utstr\u00e4ckning det har angivits i almanackan), om marknaden p\u00e5gick mer \u00e4n en dag, \u00f6vriga anm\u00e4rkningar, en identifikationskod f\u00f6r marknadsorten (f\u00f6r registreringsarbetet) och en l\u00e4nk till kartan.<\/p>\n\n\n\n<h3 class=\"wp-block-heading\"><strong>Fakta om varje marknadsort<\/strong><\/h3>\n\n\n\n<p>Vi har f\u00f6r avsikt att samla specifik kunskap om de enskilda marknadsorterna. Om du har s\u00e5dan kunskap f\u00e5r du mer \u00e4n g\u00e4rna h\u00f6ra av dig till oss p\u00e5 e-postadressen &lt;inrikes pass (at) genealogi.net&gt;. T\u00e4nk d\u00e5 p\u00e5 att s\u00e5dan information beh\u00f6ver ha en k\u00e4llh\u00e4nvisning.<\/p>\n\n\n\n<h2 class=\"wp-block-heading\">V\u00e4rdefull bakgrundskunskap<\/h2>\n\n\n\n<h3 class=\"wp-block-heading\"><strong>Om l\u00e4nstillh\u00f6righet<\/strong><\/h3>\n\n\n\n<p>Vi anger det l\u00e4n som marknadsorten tillh\u00f6rde vid tidpunkten f\u00f6r marknadsdagen(-dagarna). I samtliga tre l\u00e4nder har l\u00e4n nybildats och l\u00e4nsgr\u00e4nser flyttats, d\u00e4rf\u00f6r kan l\u00e4nstillh\u00f6righeten variera fr\u00e5n tid till annan.<\/p>\n\n\n\n<h2 class=\"wp-block-heading\">Finland<a href=\"applewebdata:\/\/9F66CD59-FF7A-459D-89F5-1A2EFF13B4CC#_ftn1\"><sup>[1]<\/sup><\/a><\/h2>\n\n\n\n<p>I Finland fanns elva olika l\u00e4nsindelningar under svensk period 1634-1809 och tre stycken under rysk period 1809-1917.<\/p>\n\n\n\n<p><strong>Under svensk period<\/strong>:<\/p>\n\n\n\n<ul class=\"wp-block-list\"><li>1634-1640 med \u00c5bo l\u00e4n, Nylands och Tavastehus l\u00e4n, \u00d6sterbottens l\u00e4n, Karelens l\u00e4n och Kexholms l\u00e4n.<\/li><li>1640-1641 med \u00c5bo l\u00e4n, Nylands l\u00e4n, \u00d6sterbottens l\u00e4n, Karelens l\u00e4n, Kexholms l\u00e4n och Tavastehus l\u00e4n.<\/li><li>1641-1642 med \u00c5bo l\u00e4n, Nylands l\u00e4n, \u00d6sterbottens l\u00e4n, Viborgs l\u00e4n, Kexholms l\u00e4n, Tavastehus l\u00e4n, Nyslotts l\u00e4n och Bj\u00f6rneborgs l\u00e4n.<\/li><li>1642-1646 med \u00c5bo l\u00e4n, Nylands l\u00e4n, \u00d6sterbottens l\u00e4n, Viborgs l\u00e4n, Kexholms l\u00e4n, Tavastehus l\u00e4n, Nyslotts l\u00e4n, Bj\u00f6rneborgs l\u00e4n och Vasa l\u00e4n.<\/li><li>1647-1648 med \u00c5bo och Bj\u00f6rneborgs l\u00e4n, Nylands l\u00e4n, Ule\u00e5borgs l\u00e4n, Viborgs l\u00e4n, Kexholms l\u00e4n, Tavastehus l\u00e4n, Nyslotts l\u00e4n och Vasa l\u00e4n.<\/li><li>1648-1650 med \u00c5bo och Bj\u00f6rneborgs l\u00e4n, Nylands och Tavastehus l\u00e4n, \u00d6sterbottens l\u00e4n, Viborgs l\u00e4n, Kexholms l\u00e4n, l\u00e4n och Nyslotts l\u00e4n.<\/li><li>1650-1721 med \u00c5bo och Bj\u00f6rneborgs l\u00e4n, Nylands och Tavastehus l\u00e4n, \u00d6sterbottens l\u00e4n (omr\u00e5det tillh\u00f6rde V\u00e4sterbottens och \u00d6sterbottens l\u00e4n 1654-1668 och 1669-1674), Viborgs och Nyslotts l\u00e4n och Kexholms l\u00e4n.<\/li><li>1721-1743 med \u00c5bo och Bj\u00f6rneborgs l\u00e4n, Nylands och Tavastehus l\u00e4n, \u00d6sterbottens l\u00e4n och Kymmeneg\u00e5rds och Nyslotts l\u00e4n.<\/li><li>1743-1747 med \u00c5bo och Bj\u00f6rneborgs l\u00e4n, Nylands och Tavastehus l\u00e4n, \u00d6sterbottens l\u00e4n och Kymmeneg\u00e5rds och Nyslotts l\u00e4n (med n\u00e5got \u00e4ndrade gr\u00e4nser).<\/li><li>1747-1775 med \u00c5bo och Bj\u00f6rneborgs l\u00e4n, Nylands och Tavastehus l\u00e4n, \u00d6sterbottens l\u00e4n och Savolax och Kymmeneg\u00e5rds l\u00e4n.<\/li><li>1775-1809 med \u00c5bo och Bj\u00f6rneborgs l\u00e4n, Nylands och Tavastehus l\u00e4n, Ule\u00e5borgs l\u00e4n, Kymmeneg\u00e5rds l\u00e4n, Vasa l\u00e4n och Savolax och Karelens l\u00e4n.<\/li><\/ul>\n\n\n\n<hr class=\"wp-block-separator\"\/>\n\n\n\n<p><strong>Under rysk period<\/strong>:<\/p>\n\n\n\n<ul class=\"wp-block-list\"><li>1809-1812 med \u00c5bo och Bj\u00f6rneborgs l\u00e4n, Nylands och Tavastehus l\u00e4n, Ule\u00e5borgs l\u00e4n, Kymmeneg\u00e5rds l\u00e4n, Vasa l\u00e4n och Savolax och Karelens l\u00e4n.<\/li><li>1812-1831 med \u00c5bo och Bj\u00f6rneborgs l\u00e4n, Nylands och Tavastehus l\u00e4n, Ule\u00e5borgs l\u00e4n, Kymmeneg\u00e5rds l\u00e4n, Vasa l\u00e4n, Savolax och Karelens l\u00e4n och Viborgs l\u00e4n.<\/li><li>1831-1917 med \u00c5bo och Bj\u00f6rneborgs l\u00e4n, Nylands l\u00e4n, Ule\u00e5borgs l\u00e4n, S:t Michels l\u00e4n, Vasa l\u00e4n, Kuopio l\u00e4n, Viborgs l\u00e4n och Tavastehus l\u00e4n.<\/li><\/ul>\n\n\n\n<h2 class=\"wp-block-heading\">Norge<a href=\"applewebdata:\/\/4760D1DC-D9AE-4B4C-B9AE-90FBDBB20F64#_ftn1\"><sup>[2]<\/sup><\/a><\/h2>\n\n\n\n<p>I Norge anv\u00e4ndes \u00e5ren 1662-1918 beteckningen amt f\u00f6r st\u00f6rre f\u00f6rvaltningsomr\u00e5den. Fr\u00e5n 1919 har dessa ben\u00e4mnts fylken.<\/p>\n\n\n\n<p>Landet delades 1662 in i fyra stifts- eller huvudamt samt \u00e5tta underliggande amt:<\/p>\n\n\n\n<ul class=\"wp-block-list\"><li>Akershus (Christiania) stiftamt (nuvarande Akershus, Oslo, Hemark, Oppland och Buskerud)<ul><li>Fredrikstad med Smaalenenes amt (nuvarande \u00d8stfold)<\/li><\/ul><ul><li>T\u00f8nsberg med Brunla amt (nuvarande Vestfold)<\/li><\/ul><\/li><\/ul>\n\n\n\n<ul class=\"wp-block-list\"><li>Agdesiden (Christiansand) stiftamt (nuvarande Aust-Agder och Vest-Agder)<ul><li>Bratsbergs amt (nuvarande Telemark)<\/li><\/ul><ul><li>Stavanger amt (nuvarande Rogaland)<\/li><\/ul><\/li><\/ul>\n\n\n\n<ul class=\"wp-block-list\"><li>Bergenhus stiftamt (nuvarande Nordhordland og Voss f\u00f6gderi i Hordaland, Sogn og Fjordane samt Sunnm\u00f8re f\u00f6gderi i M\u00f8re og Romsdal)<ul><li>Halsn\u00f8y kloster og Hardanger amt (nuvarande Sunnhordland og Hardanger f\u00f6gderi i Hordaland)<\/li><\/ul><ul><li>Nordlandenes amt (nuvarande Nordland och Troms)<\/li><\/ul><\/li><\/ul>\n\n\n\n<ul class=\"wp-block-list\"><li>Trondheims stiftamt (nuvarande S\u00f8r-Tr\u00f8ndelag och Nord-Tr\u00f8ndelag)<ul><li>Romsdals amt (nuvarande Romsdal och Nord-M\u00f8re f\u00f6gderier i M\u00f8re og Romsdal)<\/li><\/ul><ul><li>Vard\u00f8hus amt (nuvarande Finnmark)<\/li><\/ul><\/li><\/ul>\n\n\n\n<p><strong>\u00c4ndringar i amtindelningen 1654-1840<\/strong><\/p>\n\n\n\n<p>1654 sammanf\u00f6rdes Halsn\u00f8y kloster og Hardanger amt till Sunnhordland og Hardanger f\u00f6gderi och f\u00f6rdes till Bergenhus stiftamt.<\/p>\n\n\n\n<p>1671 \u00f6verf\u00f6rdes Sunnm\u00f8re till Romsdals amt.<\/p>\n\n\n\n<p>&nbsp;\u2013 Samma \u00e5r inr\u00e4ttades Laurvigen grevskap och ersatte Brunla amt.<\/p>\n\n\n\n<p>1673 inr\u00e4ttades Griffenfeld grevskap och ersatte T\u00f8nsberg amt.<\/p>\n\n\n\n<p>1675 l\u00f6sgjordes Nordfjord og Sunnm\u00f8re amt ur Bergenhus.<\/p>\n\n\n\n<p>1680 \u00e5tf\u00f6rdes Sunnm\u00f8re och Nordfjord till Bergenhus stiftamt.<\/p>\n\n\n\n<p>&nbsp;\u2013 Samma \u00e5r skildes Hallingdal, Eiker och Buskerud fr\u00e5n Akershus stiftamt och sammanf\u00f6rdes till Buskeruds amt.<\/p>\n\n\n\n<p>&nbsp;\u2013 Ifr\u00e5n samma \u00e5r administrerades Vard\u00f8hus fr\u00e5n Nordlandenes amt.<\/p>\n\n\n\n<p>1682 lades Vard\u00f8hus under Bergen magistrat.<\/p>\n\n\n\n<p>1685 fick Finmarkens amt \u00e5ter egen amtman.<\/p>\n\n\n\n<p>&nbsp;\u2013 samma \u00e5r skildes Nedenes amt och Lister og Mandals amt fr\u00e5n Christiansand stiftamt.<\/p>\n\n\n\n<p>1687 skildes Gudbrandsdalen og Hedemarkens amt fr\u00e5n Akershus stiftamt.<\/p>\n\n\n\n<p>1689 \u00e5terf\u00f6rdes Sunnm\u00f8re till Romsdals amt.<\/p>\n\n\n\n<p>1694 \u00e5terf\u00f6rdes Gudbrandsdalen og Hedemarkens amt till Akershus stiftamt.<\/p>\n\n\n\n<p>1757 delades Bergenhus stiftamt i Nordre och S\u00f8ndre Bergenhus amt.<\/p>\n\n\n\n<p>1781 bildades Hedemarkens amt<a href=\"applewebdata:\/\/61666150-452D-446E-858B-16A7EFFBF49C#_ftn1\"><sup>[1]<\/sup><\/a><\/p>\n\n\n\n<p>1789 \u00f6verf\u00f6rdes Senja och Troms\u00f8 f\u00f6gderier fr\u00e5n Nordlands amt till Finmarkens amt<\/p>\n\n\n\n<p>1804 delades Trondheims stiftamt i Nordre och S\u00f8ndre Trondheims amt.<\/p>\n\n\n\n<p>1821 uppl\u00f6stes Jarlsberg och Laurvigs grevskap och slogs samman till Jarlsberg og Larviks amt (\u00e4ven kallat Grevskabenes amt).<\/p>\n\n\n\n<p>1831 avskildes Bergen fr\u00e5n S\u00f8ndre Bergenhus amt.<\/p>\n\n\n\n<hr class=\"wp-block-separator\"\/>\n\n\n\n<p><a href=\"applewebdata:\/\/61666150-452D-446E-858B-16A7EFFBF49C#_ftnref1\"><sup>[1]<\/sup><\/a>&nbsp;Wikipedia:&nbsp;<a href=\"https:\/\/no.wikipedia.org\/wiki\/Hedmark\">https:\/\/no.wikipedia.org\/wiki\/Hedmark<\/a>, bes\u00f6kt 2022-08-10<\/p>\n\n\n\n<p><a href=\"applewebdata:\/\/9F66CD59-FF7A-459D-89F5-1A2EFF13B4CC#_ftnref1\"><sup>[1]<\/sup><\/a>&nbsp;Huvudk\u00e4lla: Wikipedia,&nbsp;<a href=\"https:\/\/sv.wikipedia.org\/wiki\/Finlands_l%C3%A4n\">https:\/\/sv.wikipedia.org\/wiki\/Finlands_l\u00e4n<\/a>, bes\u00f6kt 2022-08-18<\/p>\n\n\n\n<p><a href=\"applewebdata:\/\/4760D1DC-D9AE-4B4C-B9AE-90FBDBB20F64#_ftnref1\"><sup>[2]<\/sup><\/a>&nbsp;Huvudk\u00e4lla: Wikipedia,&nbsp;<a href=\"https:\/\/sv.wikipedia.org\/wiki\/Norges_amt\">https:\/\/sv.wikipedia.org\/wiki\/Norges_amt<\/a>, bes\u00f6kt 2022-08-10<\/p>\n\n\n\n<p><\/p>\n","protected":false},"excerpt":{"rendered":"<p>H\u00e4r har du m\u00f6jlighet att s\u00f6ka p\u00e5 historiska marknadsdagar i Sverige, Finland och \u2013 i viss utstr\u00e4ckning \u2013&nbsp;Norge. Vi bygger nu upp en databas och uppdaterar den l\u00f6pande sedan lanseringen 20 augusti 2022. Vid den senaste uppdateringen 11 december 2022 omfattade databasen svenska marknadsdagar f\u00f6r \u00e5ren 1770-1897, finska marknadsdagar 1770-1888 (med luckor aug-dec 1816, 1818, &#8230; <a title=\"Historiska marknadsdagar\" class=\"read-more\" href=\"https:\/\/www.genealogi.net\/nova\/databaser\/databaser-med-avskrift-av-kalla\/historiska-marknadsdagar\/\" aria-label=\"L\u00e4s mer om Historiska marknadsdagar\">L\u00e4s mer<\/a><\/p>\n","protected":false},"author":2,"featured_media":0,"parent":14092,"menu_order":61,"comment_status":"closed","ping_status":"closed","template":"","meta":{"footnotes":""},"class_list":["post-15205","page","type-page","status-publish"],"_links":{"self":[{"href":"https:\/\/www.genealogi.net\/nova\/wp-json\/wp\/v2\/pages\/15205","targetHints":{"allow":["GET"]}}],"collection":[{"href":"https:\/\/www.genealogi.net\/nova\/wp-json\/wp\/v2\/pages"}],"about":[{"href":"https:\/\/www.genealogi.net\/nova\/wp-json\/wp\/v2\/types\/page"}],"author":[{"embeddable":true,"href":"https:\/\/www.genealogi.net\/nova\/wp-json\/wp\/v2\/users\/2"}],"replies":[{"embeddable":true,"href":"https:\/\/www.genealogi.net\/nova\/wp-json\/wp\/v2\/comments?post=15205"}],"version-history":[{"count":0,"href":"https:\/\/www.genealogi.net\/nova\/wp-json\/wp\/v2\/pages\/15205\/revisions"}],"up":[{"embeddable":true,"href":"https:\/\/www.genealogi.net\/nova\/wp-json\/wp\/v2\/pages\/14092"}],"wp:attachment":[{"href":"https:\/\/www.genealogi.net\/nova\/wp-json\/wp\/v2\/media?parent=15205"}],"curies":[{"name":"wp","href":"https:\/\/api.w.org\/{rel}","templated":true}]}}