{"id":1554,"date":"2013-01-05T03:13:05","date_gmt":"2013-01-05T01:13:05","guid":{"rendered":"http:\/\/www.u2086112.fsdata.se\/gfwp\/?page_id=1554"},"modified":"2026-03-04T15:36:01","modified_gmt":"2026-03-04T14:36:01","slug":"a-o","status":"publish","type":"page","link":"https:\/\/www.genealogi.net\/nova\/a-o\/","title":{"rendered":"Supers\u00f6k"},"content":{"rendered":"<p><strong>S\u00f6kning sker i ett urval av Genealogiska F\u00f6reningens databaser<\/strong> <form method=\"GET\" name=\"Search-box\" action=\"\/nova\/wp-json\/wp\/v2\/pages\/1554\">\n  <input type=\"text\" value=\"\" name=\"search\">\n  <input type=\"submit\" value=\"S\u00f6k\" \/>\n  <input type=\"submit\" name=\"new_search\" value=\"Ny s\u00f6kning\" \/>\n<\/form> <\/p>\n\n\n<p><strong>Dessa databaser ing\u00e5r i s\u00f6kningen:<\/strong><\/p>\n\n\n\n<ul class=\"wp-block-list\">\n<li><em>Inrikes pass<\/em> (mest 1800-tal)<\/li>\n\n\n\n<li><em>GFs digitala arkiv med personnotiser fr\u00e5n tidskrifterna:<br><\/em>&#8211; Svenska Dagbladet 1936-1990<br>&#8211; Dagens Nyheter 1967-1990<br>&#8211; Dalsl\u00e4nningen 1960-1999<br>&#8211; Post- och Inrikes Tidningar 1760-1860<br>&#8211; G\u00f6teborgs Nyheter 1765-1845<br>&#8211; Lunds Weckoblad 1775-1830<br>&#8211; Norrk\u00f6pings Tidningar 1758-1800<\/li>\n\n\n\n<li><em>Likpredikningar 1600-1800-tal<\/em> (samt vissa vigslar\/\u00f6vriga h\u00e4ndelser)<\/li>\n\n\n\n<li><em>\u00d6sterg\u00f6tlands bouppteckningsregister<\/em>, ca 1735-1835<\/li>\n\n\n\n<li><em>Namnregistret f\u00f6r Sl\u00e4kt och H\u00e4vd samt Svensk Genealogisk Tidskrift<\/em>, 1900&#8211;2000-tal<\/li>\n\n\n\n<li><em>Ogifta kvinnor myndiga<\/em> 1858-1863<\/li>\n\n\n\n<li><em>Flyktingar <\/em>1945\/46<\/li>\n\n\n\n<li><em>Skolmatriklar <\/em>1600-1800-tal<\/li>\n<\/ul>\n\n\n\n<p><strong><a href=\"https:\/\/www.genealogi.net\/nova\/samlingarna\/\">L\u00e4s mer om samtliga arkiv och register p\u00e5 Genealogiska F\u00f6reningen<\/a><\/strong>.<\/p>\n\n\n\n<p><\/p>\n","protected":false},"excerpt":{"rendered":"<p>S\u00f6kning sker i ett urval av Genealogiska F\u00f6reningens databaser Dessa databaser ing\u00e5r i s\u00f6kningen: L\u00e4s mer om samtliga arkiv och register p\u00e5 Genealogiska F\u00f6reningen.<\/p>\n","protected":false},"author":2,"featured_media":0,"parent":0,"menu_order":0,"comment_status":"closed","ping_status":"closed","template":"","meta":{"footnotes":""},"class_list":["post-1554","page","type-page","status-publish"],"_links":{"self":[{"href":"https:\/\/www.genealogi.net\/nova\/wp-json\/wp\/v2\/pages\/1554","targetHints":{"allow":["GET"]}}],"collection":[{"href":"https:\/\/www.genealogi.net\/nova\/wp-json\/wp\/v2\/pages"}],"about":[{"href":"https:\/\/www.genealogi.net\/nova\/wp-json\/wp\/v2\/types\/page"}],"author":[{"embeddable":true,"href":"https:\/\/www.genealogi.net\/nova\/wp-json\/wp\/v2\/users\/2"}],"replies":[{"embeddable":true,"href":"https:\/\/www.genealogi.net\/nova\/wp-json\/wp\/v2\/comments?post=1554"}],"version-history":[{"count":6,"href":"https:\/\/www.genealogi.net\/nova\/wp-json\/wp\/v2\/pages\/1554\/revisions"}],"predecessor-version":[{"id":18495,"href":"https:\/\/www.genealogi.net\/nova\/wp-json\/wp\/v2\/pages\/1554\/revisions\/18495"}],"wp:attachment":[{"href":"https:\/\/www.genealogi.net\/nova\/wp-json\/wp\/v2\/media?parent=1554"}],"curies":[{"name":"wp","href":"https:\/\/api.w.org\/{rel}","templated":true}]}}