{"id":164,"date":"2026-01-01T17:38:07","date_gmt":"2026-01-01T16:38:07","guid":{"rendered":"https:\/\/www.genealogi.net\/nova\/?page_id=164"},"modified":"2026-03-30T13:28:17","modified_gmt":"2026-03-30T11:28:17","slug":"gfs-egna-produkter","status":"publish","type":"page","link":"https:\/\/www.genealogi.net\/nova\/gfs-egna-produkter\/","title":{"rendered":"GF:s egna produkter"},"content":{"rendered":"\n<p>Samtliga produkter s\u00e4ljs i v\u00e5r digitala Sl\u00e4ktforskarbutik. Respektive produktrubrik inneh\u00e5ller l\u00e4nk till produkten i Sl\u00e4ktforskarbutiken.<\/p>\n\n\n\n<h2 class=\"wp-block-heading\"><a href=\"https:\/\/gfsupersok.se\/#!\/products\/antavla-medlemspris\">GFs antavlor<\/a><\/h2>\n\n\n\n<div class=\"wp-block-media-text is-stacked-on-mobile\" style=\"grid-template-columns:23% auto\"><figure class=\"wp-block-media-text__media\"><img loading=\"lazy\" decoding=\"async\" width=\"500\" height=\"500\" src=\"https:\/\/www.genealogi.net\/nova\/wp-content\/uploads\/2026\/03\/antavla.jpg\" alt=\"\" class=\"wp-image-18611 size-full\" srcset=\"https:\/\/www.genealogi.net\/nova\/wp-content\/uploads\/2026\/03\/antavla.jpg 500w, https:\/\/www.genealogi.net\/nova\/wp-content\/uploads\/2026\/03\/antavla-300x300.jpg 300w, https:\/\/www.genealogi.net\/nova\/wp-content\/uploads\/2026\/03\/antavla-150x150.jpg 150w, https:\/\/www.genealogi.net\/nova\/wp-content\/uploads\/2026\/03\/antavla-375x375.jpg 375w\" sizes=\"auto, (max-width: 500px) 100vw, 500px\" \/><\/figure><div class=\"wp-block-media-text__content\">\n<p>Vikbar antavla av kartong, f\u00f6r A4-p\u00e4rm. Antavlan m\u00e4ter i utvikt skick cirka 50 x 35 cm. Den upptar sju generationer inklusive proband. Tack vare h\u00e5len i \u2019kantlisten\u2019 kan du enkelt f\u00f6rvara den i en p\u00e4rm eller i en plastficka.<\/p>\n\n\n\n<p>Genealogiska F\u00f6reningens egen antavla \u00e4r konstruerad av framlidne Ragnar Jansson i Alunda och framtagen av GF. Anorna \u00e4r numrerade enligt <a href=\"https:\/\/sv.wikipedia.org\/wiki\/Stephan_Kekul\u00e9_von_Stradonitz\">Kekules system<\/a>, och f\u00f6rsedda med praktiska f\u00f6rkortningar, exempelvis mm mf ff = mormors morfars farfar. P\u00e5 s\u00e5 s\u00e4tt kan du snabbt se vad din ana har f\u00f6r relation till dig sj\u00e4lv eller din proband p\u00e5 tavlan.<\/p>\n\n\n\n<p>Antavlan \u00e4r ocks\u00e5 hopvikbar! Med tre enkla vikningar f\u00e4ller den ihop sig. Mycket bra n\u00e4r du ska p\u00e5 anbytartr\u00e4ff, eller bara vill visa sl\u00e4kten hur l\u00e5ngt du har kommit med forskningen. Antavlan \u00e4r i slagkraftig kartong med gl\u00e4ttad framsida. H\u00e5ller \u00e4nnu n\u00e4r din sista h\u00e5rddisk har kraschat om femtio \u00e5r\u2026<\/p>\n\n\n\n<p>Pris: 30 kronor (medlemmar) eller 40 kronor (ej medlemmar), plus eventuellt porto.<\/p>\n<\/div><\/div>\n\n\n\n<p>.<\/p>\n\n\n\n<h2 class=\"wp-block-heading\">Johan Bures sl\u00e4ktbok<\/h2>\n\n\n\n<h2 class=\"wp-block-heading\"><br>Sl\u00e4kt och H\u00e4vd 4<\/h2>\n\n\n\n<h2 class=\"wp-block-heading\"><br>Sveriges Herdaminne<\/h2>\n\n\n\n<h2 class=\"wp-block-heading\"><br>Elgenstierna 2018<\/h2>\n\n\n\n<h2 class=\"wp-block-heading\"><br>Fr\u00e4lsegodsen<\/h2>\n\n\n\n<h2 class=\"wp-block-heading\"><br>SGT 2007\u20132024<\/h2>\n\n\n\n<h2 class=\"wp-block-heading\"><br>Sl\u00e4kt och H\u00e4vd 10-\u00e5rs<\/h2>\n\n\n\n<h2 class=\"wp-block-heading\"><br>Svenska \u00e4mbetsverk<\/h2>\n\n\n\n<h2 class=\"wp-block-heading\"><br>Svenska Sl\u00e4ktkalendern<br><br>Den civila lokalf\u00f6rvaltningen<\/h2>\n\n\n\n<h2 class=\"wp-block-heading\"><br>Vapenlikhetsf\u00e4llan<\/h2>\n\n\n\n<h2 class=\"wp-block-heading\"><br>Gamla handstilar<\/h2>\n\n\n\n<h2 class=\"wp-block-heading\"><br>GFs Digitala skrifter<\/h2>\n\n\n\n<h2 class=\"wp-block-heading\"><br>Svenska Sl\u00e4ktkalendern (interfol.)<\/h2>\n\n\n\n<h2 class=\"wp-block-heading\"><br>GFs skrifter<\/h2>\n\n\n\n<h2 class=\"wp-block-heading\"><br>Pr\u00e4ster i Sk\u00e5ne<\/h2>\n\n\n\n<h2 class=\"wp-block-heading\"><br>Studenter i Sk\u00e5ne<\/h2>\n\n\n\n<p><\/p>\n","protected":false},"excerpt":{"rendered":"<p>Samtliga produkter s\u00e4ljs i v\u00e5r digitala Sl\u00e4ktforskarbutik. Respektive produktrubrik inneh\u00e5ller l\u00e4nk till produkten i Sl\u00e4ktforskarbutiken. GFs antavlor Vikbar antavla av kartong, f\u00f6r A4-p\u00e4rm. Antavlan m\u00e4ter i utvikt skick cirka 50 x 35 cm. Den upptar sju generationer inklusive proband. Tack vare h\u00e5len i \u2019kantlisten\u2019 kan du enkelt f\u00f6rvara den i en p\u00e4rm eller i en &#8230; <a title=\"GF:s egna produkter\" class=\"read-more\" href=\"https:\/\/www.genealogi.net\/nova\/gfs-egna-produkter\/\" aria-label=\"L\u00e4s mer om GF:s egna produkter\">L\u00e4s mer<\/a><\/p>\n","protected":false},"author":2,"featured_media":0,"parent":0,"menu_order":0,"comment_status":"closed","ping_status":"closed","template":"","meta":{"footnotes":""},"class_list":["post-164","page","type-page","status-publish"],"_links":{"self":[{"href":"https:\/\/www.genealogi.net\/nova\/wp-json\/wp\/v2\/pages\/164","targetHints":{"allow":["GET"]}}],"collection":[{"href":"https:\/\/www.genealogi.net\/nova\/wp-json\/wp\/v2\/pages"}],"about":[{"href":"https:\/\/www.genealogi.net\/nova\/wp-json\/wp\/v2\/types\/page"}],"author":[{"embeddable":true,"href":"https:\/\/www.genealogi.net\/nova\/wp-json\/wp\/v2\/users\/2"}],"replies":[{"embeddable":true,"href":"https:\/\/www.genealogi.net\/nova\/wp-json\/wp\/v2\/comments?post=164"}],"version-history":[{"count":6,"href":"https:\/\/www.genealogi.net\/nova\/wp-json\/wp\/v2\/pages\/164\/revisions"}],"predecessor-version":[{"id":19340,"href":"https:\/\/www.genealogi.net\/nova\/wp-json\/wp\/v2\/pages\/164\/revisions\/19340"}],"wp:attachment":[{"href":"https:\/\/www.genealogi.net\/nova\/wp-json\/wp\/v2\/media?parent=164"}],"curies":[{"name":"wp","href":"https:\/\/api.w.org\/{rel}","templated":true}]}}