{"id":165,"date":"2026-01-01T17:38:07","date_gmt":"2026-01-01T16:38:07","guid":{"rendered":"https:\/\/www.genealogi.net\/nova\/?page_id=165"},"modified":"2026-03-30T11:22:08","modified_gmt":"2026-03-30T09:22:08","slug":"kurser","status":"publish","type":"page","link":"https:\/\/www.genealogi.net\/nova\/kurser\/","title":{"rendered":"V\u00e5ra kurser"},"content":{"rendered":"\n<ul class=\"wp-block-list\">\n<li>Vi utvecklar f\u00f6r n\u00e4rvarande kursverksamheten. V\u00e5r m\u00e5ls\u00e4ttning \u00e4r att rikta sig till b\u00e5de nyb\u00f6rjare, som beh\u00f6ver grunderna i sl\u00e4ktforskning) och de som kommit l\u00e4ngre (och vill f\u00f6rdjupa sig).<\/li>\n\n\n\n<li>Vi f\u00f6rs\u00f6ker ge kurserna b\u00e5de i lokalen, fr\u00e4mst nyb\u00f6rjarkurser, och digitalt.<\/li>\n\n\n\n<li>Tidpunkten \u00e4r f\u00f6retr\u00e4desvis kv\u00e4llstid vardagar eller s\u00f6ndag eftermiddag. Intensivkurserna p\u00e5 under tv\u00e5 dagar (l\u00f6rdag\u2013s\u00f6ndag).<\/li>\n<\/ul>\n\n\n\n<h2 class=\"wp-block-heading\">Beslutade kurser h\u00f6sten 2026<\/h2>\n\n\n\n<h3 class=\"wp-block-heading\">Intensivkurs i sl\u00e4ktforskning f\u00f6r nyb\u00f6rjare (i lokalen) <em>Gavs VT 2026<\/em><\/h3>\n\n\n\n<p>Veckoslutskurs l\u00f6rdag\u2013s\u00f6ndag 10.00\u201317.00. Kursen ges i samverkan med Folkuniversitetet i Stockholm.<\/p>\n\n\n\n<h4 class=\"wp-block-heading\">Kursbeskrivning:<\/h4>\n\n\n\n<ul class=\"wp-block-list\">\n<li>Kursen v\u00e4nder sig till den som vill b\u00f6rja sl\u00e4ktforska.<\/li>\n\n\n\n<li>Kursen g\u00e5r igenom grundl\u00e4ggande termer och begrepp och fokuserar d\u00e4refter hur man metodologiskt ska anv\u00e4nda kyrkoarkivens kyrkb\u00f6cker (fr\u00e4mst l\u00e4ngder \u00f6ver f\u00f6dd, viga, d\u00f6da samt husf\u00f6rh\u00f6rsl\u00e4ngder).<\/li>\n\n\n\n<li>Hur man hanterar att kyrkoarkiven \u00e4r sekretessbelagda efter 1950 kommer att g\u00e5s igenom.<\/li>\n\n\n\n<li>Kursen kommer fr\u00e4mst att anv\u00e4nda Riksarkivet Digitala forskarsal men i viss utstr\u00e4ckning \u00e4ven av de resurser som finns hos betaltj\u00e4nsten ArkivDigital, f\u00f6r vilket abonnemang finns i GF:s forskarsal.<\/li>\n<\/ul>\n\n\n\n<h3 class=\"wp-block-heading\">Forts\u00e4ttningskurs om jordeb\u00f6cker och mantalsl\u00e4ngder (digitalt) <em>Gavs VT 2025<\/em><\/h3>\n\n\n\n<p>Kursen omfattar fyra tretimmarspass och kommer ges p\u00e5 s\u00f6ndag eftermiddagar. Kursen startar med en allm\u00e4n introduktion till det svenska skattesystemets utveckling och d\u00e4refter mer specifik vad jordb\u00f6cker och mantalsl\u00e4ngder var, varf\u00f6r de tillkom och vilka fr\u00e5gor de kans vara p\u00e5 och vad de inte kan svara p\u00e5. Kursen avslutas med en genomg\u00e5ng hur man b\u00f6r l\u00e4gga upp ett registreringsprojekt av mantalsl\u00e4ngder. Under de tre avslutande tillf\u00e4llena sker grupparbeten med f\u00f6rberedda uppgifter som redovisas.<\/p>\n\n\n\n<h3 class=\"wp-block-heading\">mt-DNA fr\u00e5n b\u00f6rjan (digitalt) <em>Ny kurs<\/em><\/h3>\n\n\n\n<h2 class=\"wp-block-heading\">Planerade kurser v\u00e5ren 2027<\/h2>\n\n\n\n<h2 class=\"wp-block-heading\">Kurser som tidigare getts<\/h2>\n\n\n\n<h3 class=\"wp-block-heading\">Nyb\u00f6rjarkurs i sl\u00e4ktforskning (i lokalen eller digitalt)<\/h3>\n\n\n\n<p>Kurser har getts i lokalen tv\u00e5 g\u00e5nger HT 2024 och VT 2025 samt en g\u00e5ng digitalt HT 2025 p\u00e5 eftermiddagar vardagar. Kursen omfattar sju tretimmarspass.<\/p>\n\n\n\n<h3 class=\"wp-block-heading\">Y-DNA fr\u00e5n b\u00f6rjan (digitalt)<\/h3>\n\n\n\n<p>Kursen har getts tv\u00e5 g\u00e5nger HT 2025 och VT 2026 kv\u00e4llstid p\u00e5 onsdagar. Kursen omfattar fyra 90-minuterspass. Kursen v\u00e4nder sig till den som har god allm\u00e4n sl\u00e4ktforskarerfarenhet och kan grunderna f\u00f6r autosomalt DNA och vill l\u00e4ra sig mer om Y-DNA.<\/p>\n","protected":false},"excerpt":{"rendered":"<p>Beslutade kurser h\u00f6sten 2026 Intensivkurs i sl\u00e4ktforskning f\u00f6r nyb\u00f6rjare (i lokalen) Gavs VT 2026 Veckoslutskurs l\u00f6rdag\u2013s\u00f6ndag 10.00\u201317.00. Kursen ges i samverkan med Folkuniversitetet i Stockholm. Kursbeskrivning: Forts\u00e4ttningskurs om jordeb\u00f6cker och mantalsl\u00e4ngder (digitalt) Gavs VT 2025 Kursen omfattar fyra tretimmarspass och kommer ges p\u00e5 s\u00f6ndag eftermiddagar. Kursen startar med en allm\u00e4n introduktion till det svenska skattesystemets &#8230; <a title=\"V\u00e5ra kurser\" class=\"read-more\" href=\"https:\/\/www.genealogi.net\/nova\/kurser\/\" aria-label=\"L\u00e4s mer om V\u00e5ra kurser\">L\u00e4s mer<\/a><\/p>\n","protected":false},"author":2,"featured_media":0,"parent":0,"menu_order":0,"comment_status":"closed","ping_status":"closed","template":"","meta":{"footnotes":""},"class_list":["post-165","page","type-page","status-publish"],"_links":{"self":[{"href":"https:\/\/www.genealogi.net\/nova\/wp-json\/wp\/v2\/pages\/165","targetHints":{"allow":["GET"]}}],"collection":[{"href":"https:\/\/www.genealogi.net\/nova\/wp-json\/wp\/v2\/pages"}],"about":[{"href":"https:\/\/www.genealogi.net\/nova\/wp-json\/wp\/v2\/types\/page"}],"author":[{"embeddable":true,"href":"https:\/\/www.genealogi.net\/nova\/wp-json\/wp\/v2\/users\/2"}],"replies":[{"embeddable":true,"href":"https:\/\/www.genealogi.net\/nova\/wp-json\/wp\/v2\/comments?post=165"}],"version-history":[{"count":7,"href":"https:\/\/www.genealogi.net\/nova\/wp-json\/wp\/v2\/pages\/165\/revisions"}],"predecessor-version":[{"id":19302,"href":"https:\/\/www.genealogi.net\/nova\/wp-json\/wp\/v2\/pages\/165\/revisions\/19302"}],"wp:attachment":[{"href":"https:\/\/www.genealogi.net\/nova\/wp-json\/wp\/v2\/media?parent=165"}],"curies":[{"name":"wp","href":"https:\/\/api.w.org\/{rel}","templated":true}]}}