{"id":16757,"date":"2025-01-19T20:02:10","date_gmt":"2025-01-19T18:02:10","guid":{"rendered":"https:\/\/www.genealogi.net\/?page_id=16757"},"modified":"2025-01-19T20:02:10","modified_gmt":"2025-01-19T18:02:10","slug":"riksforeningarnas-slaktforskardag-lordagen-den-8-februari-2025","status":"publish","type":"page","link":"https:\/\/www.genealogi.net\/nova\/riksforeningarnas-slaktforskardag-lordagen-den-8-februari-2025\/","title":{"rendered":"Riksf\u00f6reningarnas sl\u00e4ktforskardag l\u00f6rdagen den 8 februari 2025"},"content":{"rendered":"\n<div class=\"wp-block-image\"><figure class=\"aligncenter size-large is-resized\"><a href=\"https:\/\/www.genealogi.net\/nova\/gfwp\/wp-content\/uploads\/2025\/01\/RF-sfd-logga.png\"><img loading=\"lazy\" decoding=\"async\" src=\"https:\/\/www.genealogi.net\/nova\/gfwp\/wp-content\/uploads\/2025\/01\/RF-sfd-logga-1024x599.png\" alt=\"Logotyp f\u00f6r Riksf\u00f6reningarnas sl\u00e4ktforskardag l\u00f6rdag den 8 februari 2025.\" class=\"wp-image-16759\" width=\"521\" height=\"305\"\/><\/a><\/figure><\/div>\n\n\n\n<p class=\"has-text-align-center\"><strong>Tema: Invandring och utvandring<\/strong><\/p>\n\n\n\n<p class=\"has-text-align-center\"><strong>Boka dagen! Tipsa dina v\u00e4nner!<\/strong><\/p>\n\n\n\n<p class=\"has-text-align-center\"><strong>L\u00f6rdagen den 8 februari kl. 9.00 \u2013 16.00 anordnar sex rikst\u00e4ckande sl\u00e4ktforskarf\u00f6reningar \u00e5terigen en digital sl\u00e4ktforskardag med ett digert program. Ingen avgift f\u00f6r deltagande.<\/strong><\/p>\n\n\n\n<p class=\"has-text-align-center\"><strong>Anm\u00e4lan \u00e4r st\u00e4ngd<\/strong><\/p>\n\n\n\n<p>F\u00f6r sj\u00e4tte \u00e5ret i rad anordnar vi en helt digital sl\u00e4ktforskardag \u2013 i \u00e5r med ett intressant program p\u00e5 temat <em>Invandring och utvandring<\/em>. Tolv sp\u00e4nnande livesessioner med olika aspekter p\u00e5 Invandring och utvandring, som \u00e4r av intresse f\u00f6r sl\u00e4ktforskare. D\u00e4rut\u00f6ver kan du se ett drygt 30-tal inspelade f\u00f6redrag och filmer fr\u00e5n de olika f\u00f6reningarna samt spellistor p\u00e5 Youtube.<\/p>\n\n\n\n<p class=\"has-text-align-center\"><strong>PROGRAM<\/strong><\/p>\n\n\n\n<p><strong>09.00-09.45<\/strong>&nbsp;&nbsp; &nbsp;<\/p>\n\n\n\n<ul class=\"wp-block-list\"><li><strong>Forska i fantastiska Europa.<\/strong> Fokus p\u00e5 forskning utanf\u00f6r Norden. Myter om europeisk sl\u00e4ktforskning. Allm\u00e4nna tips var man kan s\u00f6ka information f\u00f6r att komma i g\u00e5ng. Exempel fr\u00e5n England, Tyskland och Holland \u2013 Olof Cronberg, GF&nbsp;<\/li><li><strong>Tips p\u00e5 hur du anv\u00e4nder Disgen f\u00f6r att registrera och presentera emigranter.<\/strong><br \/>Lena beskriver hur man hanterar utl\u00e4ndska orter i Disgens ortstr\u00e4d och ger dem koordinater samt hur man hanterar utl\u00e4ndska k\u00e4llor \u2013 Lena Ringbrant Ekelund, F\u00f6reningen DIS<\/li><\/ul>\n\n\n\n<p><strong>10.00-10.45<\/strong>&nbsp;&nbsp; &nbsp;<\/p>\n\n\n\n<ul class=\"wp-block-list\"><li><strong>Emigrationen fr\u00e5n Vallonien och Frankrike.<\/strong>Varifr\u00e5n, varf\u00f6r och vilka? <br \/>\u2013 S\u00e4llskapet Vallon\u00e4ttlingars forskargrupp<\/li><li><strong>Varf\u00f6r flyttande man \u2013 olika drivkrafter.<\/strong> Religionskrigen &#8211; 1600-talets invandring fr\u00e5n Tyskland. Flykt fr\u00e5n rysk milit\u00e4rtj\u00e4nst &#8211; fr\u00e5n ranch till museum i USA. <br \/>\u2013 Eva Edberg, Gunilla Axelsson, Roine Hernbrand, Marianne Jonasson, Sl\u00e4ktakademien<\/li><\/ul>\n\n\n\n<p><strong>11.00-11.45<\/strong>&nbsp;&nbsp; &nbsp;<\/p>\n\n\n\n<ul class=\"wp-block-list\"><li><strong>Integration mot alla odds?<\/strong> \u00d6stjudars barn i Sverige 1880\u20131920<br \/>&#8211; Carl Henrik Carlsson, Judiska sf<\/li><li><strong>Smeders flyttningar till och fr\u00e5n Finland och Norge<\/strong><br \/>&#8211; \u00d6rjan Hedenberg, F\u00f6reningen f\u00f6r Smedsl\u00e4ktforskning<\/li><\/ul>\n\n\n\n<p>12.00-13.00 &nbsp; &nbsp; LUNCH&nbsp;&nbsp; &nbsp;<br \/>&nbsp;&nbsp; &nbsp;<br \/><strong>13.00-13.45<\/strong>&nbsp;&nbsp; &nbsp;<\/p>\n\n\n\n<ul class=\"wp-block-list\"><li><strong>De f\u00f6rsta invandrarna fr\u00e5n Vallonien och Frankrike.<\/strong><br \/>Vilka och vart tog de v\u00e4gen? \u2013 Stig Geber, S\u00e4llskapet Vallon\u00e4ttlingar&nbsp;&nbsp; &nbsp;<\/li><li><strong>Arbetskraftsemigration till Amerika och \u00e5terinvandringen av svenska utvandrare som tillf\u00f6r mycket till Sverige.<\/strong> F\u00f6redraget belyser vissa grupper av svenskar <br \/>\u2013 Anna-Lena Hultman, F\u00f6reningen DIS&nbsp;&nbsp; &nbsp;<\/li><\/ul>\n\n\n\n<p><strong>14.00-14.45<\/strong>&nbsp;&nbsp; &nbsp;<\/p>\n\n\n\n<ul class=\"wp-block-list\"><li><strong>\u00d6steuropeiska judar och deras familjer som immigrerade till Skandinavien 1860\u20131914<\/strong><br \/>&#8211; Claes Ahlneck, Judiska sf<\/li><li><strong>Varf\u00f6r kom man tillbaka \u2013 gr\u00e4nsl\u00f6st land.<\/strong> F\u00f6rsvenskningen av Sk\u00e5neland. Gr\u00e4nstrakterna i Tornedalen &#8211; Esbj\u00f6rn Engberg, Claes Kyrk, Sl\u00e4ktakademien<\/li><\/ul>\n\n\n\n<p><strong>15.00-15.45<\/strong>&nbsp;&nbsp; &nbsp;<\/p>\n\n\n\n<ul class=\"wp-block-list\"><li><strong>Finna anor i Tyskland med hj\u00e4lp av sl\u00e4ktforskningsportalen Archion<\/strong><br \/>&#8211; Harald M\u00fcller Bauer, GF (p\u00e5 engelska)<\/li><li><strong>Tyska smeder till Sverige, hillebardsmeden Philipus Osterreich<\/strong><br \/>&#8211; Christina Weigel, F\u00f6reningen f\u00f6r Smedsl\u00e4ktsforskning&nbsp;&nbsp; &nbsp;<\/li><\/ul>\n","protected":false},"excerpt":{"rendered":"<p>Tema: Invandring och utvandring Boka dagen! Tipsa dina v\u00e4nner! L\u00f6rdagen den 8 februari kl. 9.00 \u2013 16.00 anordnar sex rikst\u00e4ckande sl\u00e4ktforskarf\u00f6reningar \u00e5terigen en digital sl\u00e4ktforskardag med ett digert program. Ingen avgift f\u00f6r deltagande. Anm\u00e4lan \u00e4r st\u00e4ngd F\u00f6r sj\u00e4tte \u00e5ret i rad anordnar vi en helt digital sl\u00e4ktforskardag \u2013 i \u00e5r med ett intressant program p\u00e5 &#8230; <a title=\"Riksf\u00f6reningarnas sl\u00e4ktforskardag l\u00f6rdagen den 8 februari 2025\" class=\"read-more\" href=\"https:\/\/www.genealogi.net\/nova\/riksforeningarnas-slaktforskardag-lordagen-den-8-februari-2025\/\" aria-label=\"L\u00e4s mer om Riksf\u00f6reningarnas sl\u00e4ktforskardag l\u00f6rdagen den 8 februari 2025\">L\u00e4s mer<\/a><\/p>\n","protected":false},"author":2,"featured_media":0,"parent":0,"menu_order":0,"comment_status":"closed","ping_status":"closed","template":"","meta":{"footnotes":""},"class_list":["post-16757","page","type-page","status-publish"],"_links":{"self":[{"href":"https:\/\/www.genealogi.net\/nova\/wp-json\/wp\/v2\/pages\/16757","targetHints":{"allow":["GET"]}}],"collection":[{"href":"https:\/\/www.genealogi.net\/nova\/wp-json\/wp\/v2\/pages"}],"about":[{"href":"https:\/\/www.genealogi.net\/nova\/wp-json\/wp\/v2\/types\/page"}],"author":[{"embeddable":true,"href":"https:\/\/www.genealogi.net\/nova\/wp-json\/wp\/v2\/users\/2"}],"replies":[{"embeddable":true,"href":"https:\/\/www.genealogi.net\/nova\/wp-json\/wp\/v2\/comments?post=16757"}],"version-history":[{"count":0,"href":"https:\/\/www.genealogi.net\/nova\/wp-json\/wp\/v2\/pages\/16757\/revisions"}],"wp:attachment":[{"href":"https:\/\/www.genealogi.net\/nova\/wp-json\/wp\/v2\/media?parent=16757"}],"curies":[{"name":"wp","href":"https:\/\/api.w.org\/{rel}","templated":true}]}}