{"id":16958,"date":"2025-07-01T23:43:12","date_gmt":"2025-07-01T21:43:12","guid":{"rendered":"https:\/\/www.genealogi.net\/?page_id=16958"},"modified":"2025-07-01T23:43:12","modified_gmt":"2025-07-01T21:43:12","slug":"sommarstangt-tom-vecka-33","status":"publish","type":"page","link":"https:\/\/www.genealogi.net\/nova\/sommarstangt-tom-vecka-33\/","title":{"rendered":"Sommarst\u00e4ngt tom vecka 33"},"content":{"rendered":"\n<ul class=\"wp-block-list\"><li>Vi \u00f6ppnar igen med v\u00e5ra ordinarie tisdagar 13.00\u201318.00 fr\u00e5n och med 19 augusti.<\/li><li>Programmet f\u00f6r h\u00f6sten 2025 till och med januari 2026  finns <a href=\"https:\/\/www.genealogi.net\/nova\/gfwp\/wp-content\/uploads\/2025\/08\/Preminart-program-hosten-2025-till-och-med-31-januari-2026.docx-4.pdf\">H\u00c4R<\/a>.<\/li><\/ul>\n\n\n\n<p><strong>Genealogiska F\u00f6reningen erbjuder tv\u00e5 digitala kurser under h\u00f6sten<\/strong><\/p>\n\n\n\n<p><em>Den f\u00f6rsta \u00e4r en grundkurs i sl\u00e4ktforskning<\/em>&nbsp;d\u00e4r Margareta Edqvist l\u00e4r ut hur du hittar dina f\u00f6rf\u00e4der i de olika kyrkb\u00f6ckerna. Kursen h\u00e5lls under sex tillf\u00e4llen varannan tisdag, med start 30 september (kl. 14. 00 till 17. 00) och kostar 1495 kronor, avgiften inkluderar ett 13 veckors abonnemang p\u00e5 ArkivDigital. <strong>TILL\u00c4GG 2025-08-05<\/strong>: Det finns platser kvar.<\/p>\n\n\n\n<p><mark style=\"background-color:#e2e2e2\" class=\"has-inline-color\"><em>Den andra handlar om Y-DNA fr\u00e5n b\u00f6rjan<\/em>, ledd av Susanne Gustafsson och Tomas GH Johansson, med hj\u00e4lp av Mats Ahlgren, Kristina Rylander och Christer Carmevik. Denna kurs har fyra tillf\u00e4llen p\u00e5 onsdagskv\u00e4llar kl. 18. 30, med start den 1 oktober 2025 och kostar 1 295 kr. F\u00f6r att delta beh\u00f6ver du vara eller bli medlem i GF (fr\u00e5n 23 augusti kan du bli medlem resten av 2025 f\u00f6r 150 kronor). Inga f\u00f6rkunskaper beh\u00f6vs, eftersom det \u00e4r nyb\u00f6rjarkurser. Anm\u00e4lan g\u00f6rs efter &#8221;f\u00f6rst till kvarn&#8221;.<\/mark> <strong>TILL\u00c4GG 2025-08-05<\/strong>: KURSEN \u00c4R FULLTECKNAD.<\/p>\n\n\n\n<p>Information och anm\u00e4lan (senast 1\/9):\u00a0Se kontaktuppgifter till Susanne och Margareta p\u00e5 f\u00f6reningens hemsida https:\/\/www.genealogi.net\/nova\/om-gf\/styrelse\/eller anm\u00e4l er via gf@genealogi.net<\/p>\n\n\n\n<p>Informera g\u00e4rna v\u00e4nner som ni tror kan vara intresserade.<\/p>\n\n\n\n<figure class=\"wp-block-image size-large\"><a href=\"https:\/\/www.genealogi.net\/nova\/gfwp\/wp-content\/uploads\/2025\/07\/514339988_23912542281732306_2093202913634799257_n.jpg\"><img decoding=\"async\" src=\"https:\/\/www.genealogi.net\/nova\/gfwp\/wp-content\/uploads\/2025\/07\/514339988_23912542281732306_2093202913634799257_n-1024x535.jpg\" alt=\"\" class=\"wp-image-16959\"\/><\/a><\/figure>\n","protected":false},"excerpt":{"rendered":"<p>Vi \u00f6ppnar igen med v\u00e5ra ordinarie tisdagar 13.00\u201318.00 fr\u00e5n och med 19 augusti. Programmet f\u00f6r h\u00f6sten 2025 till och med januari 2026 finns H\u00c4R. Genealogiska F\u00f6reningen erbjuder tv\u00e5 digitala kurser under h\u00f6sten Den f\u00f6rsta \u00e4r en grundkurs i sl\u00e4ktforskning&nbsp;d\u00e4r Margareta Edqvist l\u00e4r ut hur du hittar dina f\u00f6rf\u00e4der i de olika kyrkb\u00f6ckerna. Kursen h\u00e5lls under &#8230; <a title=\"Sommarst\u00e4ngt tom vecka 33\" class=\"read-more\" href=\"https:\/\/www.genealogi.net\/nova\/sommarstangt-tom-vecka-33\/\" aria-label=\"L\u00e4s mer om Sommarst\u00e4ngt tom vecka 33\">L\u00e4s mer<\/a><\/p>\n","protected":false},"author":2,"featured_media":0,"parent":0,"menu_order":0,"comment_status":"closed","ping_status":"closed","template":"","meta":{"footnotes":""},"class_list":["post-16958","page","type-page","status-publish"],"_links":{"self":[{"href":"https:\/\/www.genealogi.net\/nova\/wp-json\/wp\/v2\/pages\/16958","targetHints":{"allow":["GET"]}}],"collection":[{"href":"https:\/\/www.genealogi.net\/nova\/wp-json\/wp\/v2\/pages"}],"about":[{"href":"https:\/\/www.genealogi.net\/nova\/wp-json\/wp\/v2\/types\/page"}],"author":[{"embeddable":true,"href":"https:\/\/www.genealogi.net\/nova\/wp-json\/wp\/v2\/users\/2"}],"replies":[{"embeddable":true,"href":"https:\/\/www.genealogi.net\/nova\/wp-json\/wp\/v2\/comments?post=16958"}],"version-history":[{"count":0,"href":"https:\/\/www.genealogi.net\/nova\/wp-json\/wp\/v2\/pages\/16958\/revisions"}],"wp:attachment":[{"href":"https:\/\/www.genealogi.net\/nova\/wp-json\/wp\/v2\/media?parent=16958"}],"curies":[{"name":"wp","href":"https:\/\/api.w.org\/{rel}","templated":true}]}}