{"id":173,"date":"2026-01-01T17:38:07","date_gmt":"2026-01-01T16:38:07","guid":{"rendered":"https:\/\/www.genealogi.net\/nova\/?page_id=173"},"modified":"2026-03-06T18:14:04","modified_gmt":"2026-03-06T17:14:04","slug":"arkiv-och-biblioteksgrupp","status":"publish","type":"page","link":"https:\/\/www.genealogi.net\/nova\/arkiv-och-biblioteksgrupp\/","title":{"rendered":"Arkiv- &amp; biblioteksgrupp"},"content":{"rendered":"\n<p>Gruppen ansvarar f\u00f6r arbetet med f\u00f6reningens arkiv och bibliotek. <\/p>\n\n\n\n<ul class=\"wp-block-list\">\n<li>Sammankallande: <a href=\"mailto:mats.ludde.lundell@gmail.com\">Mats Lundell<\/a>, tillika kontaktperson f\u00f6r biblioteket.<\/li>\n\n\n\n<li>Kontaktperson arkivet: <a href=\"mailto:gf@genalogi.net\">Michael Lundholm<\/a>.<\/li>\n\n\n\n<li>\u00d6vriga deltagare: Lars-Erik Almberg, Jan Appelquist, HD Grahl, Catharina, Hal\u00e9n, Michael Lundholm och Ewa Ringblom.<\/li>\n<\/ul>\n\n\n\n<p><a href=\"https:\/\/www.genealogi.net\/nova\/arkiv-och-bibliotek\/\">L\u00e4s mer<\/a> om arkivet och biblioteket. <\/p>\n\n\n\n<p><\/p>\n","protected":false},"excerpt":{"rendered":"<p>Gruppen ansvarar f\u00f6r arbetet med f\u00f6reningens arkiv och bibliotek. L\u00e4s mer om arkivet och biblioteket.<\/p>\n","protected":false},"author":2,"featured_media":0,"parent":0,"menu_order":0,"comment_status":"closed","ping_status":"closed","template":"","meta":{"footnotes":""},"class_list":["post-173","page","type-page","status-publish"],"_links":{"self":[{"href":"https:\/\/www.genealogi.net\/nova\/wp-json\/wp\/v2\/pages\/173","targetHints":{"allow":["GET"]}}],"collection":[{"href":"https:\/\/www.genealogi.net\/nova\/wp-json\/wp\/v2\/pages"}],"about":[{"href":"https:\/\/www.genealogi.net\/nova\/wp-json\/wp\/v2\/types\/page"}],"author":[{"embeddable":true,"href":"https:\/\/www.genealogi.net\/nova\/wp-json\/wp\/v2\/users\/2"}],"replies":[{"embeddable":true,"href":"https:\/\/www.genealogi.net\/nova\/wp-json\/wp\/v2\/comments?post=173"}],"version-history":[{"count":4,"href":"https:\/\/www.genealogi.net\/nova\/wp-json\/wp\/v2\/pages\/173\/revisions"}],"predecessor-version":[{"id":18583,"href":"https:\/\/www.genealogi.net\/nova\/wp-json\/wp\/v2\/pages\/173\/revisions\/18583"}],"wp:attachment":[{"href":"https:\/\/www.genealogi.net\/nova\/wp-json\/wp\/v2\/media?parent=173"}],"curies":[{"name":"wp","href":"https:\/\/api.w.org\/{rel}","templated":true}]}}