{"id":17564,"date":"2026-02-05T15:50:33","date_gmt":"2026-02-05T14:50:33","guid":{"rendered":"https:\/\/www.genealogi.net\/nova\/?page_id=17564"},"modified":"2026-03-18T16:24:54","modified_gmt":"2026-03-18T15:24:54","slug":"innehallet-pa-dator-6","status":"publish","type":"page","link":"https:\/\/www.genealogi.net\/nova\/innehallet-pa-dator-6\/","title":{"rendered":"Inneh\u00e5llet p\u00e5 dator 6"},"content":{"rendered":"\n<ul class=\"wp-block-list\">\n<li>Allm\u00e4nna\n<ul class=\"wp-block-list\">\n<li>Begravda i Sverige<\/li>\n\n\n\n<li>Emigranten popul\u00e4r 2006<\/li>\n\n\n\n<li>Emibas<\/li>\n\n\n\n<li>NAD 1996<\/li>\n\n\n\n<li>Svenska Ortnamn<\/li>\n\n\n\n<li>Register till Lantm\u00e4teristyrelsens Arkiv<\/li>\n\n\n\n<li>Riddarhusets stamtavlor<\/li>\n\n\n\n<li>Sveriges befolkning 1890<\/li>\n\n\n\n<li>SBL-Svenskt biografiskt lexicon band 1-31<\/li>\n\n\n\n<li>Soldatregister 2001<\/li>\n\n\n\n<li>Rosenbergs geografiskt statistiska lexikon 1882<\/li>\n\n\n\n<li>Svenska sl\u00e4ktkalenderns register 1885-2010<\/li>\n\n\n\n<li>Historiska Stadskartor<\/li>\n\n\n\n<li>Paleografi<\/li>\n\n\n\n<li>Sj\u00f6folk (v1.1)<\/li>\n\n\n\n<li>Smedskivan 6<\/li>\n\n\n\n<li>Sveriges befolkning 1890<\/li>\n\n\n\n<li>Vallonskivan2<\/li>\n\n\n\n<li>H\u00e4radsekonomiska kartor<\/li>\n\n\n\n<li>GFs Skolkataloger \u00f6ver hela Sverige<\/li>\n\n\n\n<li>SoH Register<\/li>\n\n\n\n<li>Gulan (GF:s \u00e4ldre personregister till en stor del av v\u00e5ra samlingar)<\/li>\n<\/ul>\n<\/li>\n\n\n\n<li>Enskilda sl\u00e4kter\n<ul class=\"wp-block-list\">\n<li>Hems\u00f6adeln &#8211; Daniel Erssons \u00e4ttlingar (\u00c5ngermanland).<\/li>\n\n\n\n<li>Mina Urkunder Johanssonska f\u00f6rf\u00e4der i \u00d6stg\u00f6tabygd<\/li>\n\n\n\n<li>Sl\u00e4ktfl\u00e4tan Ponten<\/li>\n<\/ul>\n<\/li>\n\n\n\n<li>Regionala\n<ul class=\"wp-block-list\">\n<li>Blekinge: Medelstads h\u00e4rad 1679-1750; Ronneby kyrkob\u00f6cker<\/li>\n\n\n\n<li>Dalarna: Moraskivan<\/li>\n\n\n\n<li>G\u00e4strikland: Valbof\u00f6dd 1688-1810<\/li>\n\n\n\n<li>Halland: Hallands ekonomiska karta 1917; Hallands vigselregister; Hallands bouppteckningar; Halland 2011<\/li>\n\n\n\n<li>Medelpad: Indals socken Sl\u00e4kt och Bygd 1535-1900; Martinus Laurentii-\u00e4ttlingar<\/li>\n\n\n\n<li>Norrland: Piteanor 2005; Rallarkyrkog\u00e5rden i Tornehamn<\/li>\n\n\n\n<li>Sm\u00e5land: Ministerialboksavskrifter (Sm\u00e5land &#8211; mest J\u00f6nk\u00f6ping); KGF:s (Kronoberg) databas<\/li>\n\n\n\n<li>Sk\u00e5ne: Hantverkare, husarer, sjukv\u00e5rdsaktiva (Sk\u00e5ne &#8211; \u00c4ngelholm); Sk\u00e5nska klockare; Isbergs biografiska samling Stockholm: S\u00f6derskivan; Kungsholmen; Klara; Begravda i Stockholm; Gamla Stan 750 \u00e5r; Mantal Stockholm; Arkivregister f\u00f6r Stockholms l\u00e4n; D\u00f6da i Stockholm (ur Stockholms Veckoblad); Resande i Stockholm<\/li>\n\n\n\n<li>S\u00f6dermanland: S\u00f6dermanlands l\u00e4n Bouppteckningar; Str\u00e4ngn\u00e4s gamla kyrkog\u00e5rd<\/li>\n\n\n\n<li>V\u00e4rmland: Smeder i V\u00e4rmland och Dalsland, V\u00e4rmlands kyrkoregister<\/li>\n\n\n\n<li>V\u00e4sterbotten: Indelningsverket 1695; V\u00e4sterbottens regemente 1667-1762; V\u00e4sterbottens mantalsl\u00e4ngd 1654-1695 V\u00e4stmanland: Emigranter fr\u00e5n V\u00e4stmanland 1840-192; Norbergskivan<\/li>\n\n\n\n<li>Uppland: Skebo bruk; Str\u00f6mbergs bruk<\/li>\n\n\n\n<li>\u00c5ngermanland: Sj\u00e4levads kyrka; Grundsunda kyrka 1600-1930; H\u00e4rn\u00f6sands gymnasium 1650-1848; \u00c5dalen 1688-1920 \u00d6sterg\u00f6tland: \u00d6sterg\u00f6tlands Bouppteckningsregister; Bouppteckningar Tjust h\u00e4rad 1685-1835<\/li>\n\n\n\n<li>Norge: 233 Norske slekter; Norsk slekthistorisk tidskrift band 1-20 (4)<\/li>\n<\/ul>\n<\/li>\n<\/ul>\n","protected":false},"excerpt":{"rendered":"","protected":false},"author":2,"featured_media":0,"parent":0,"menu_order":0,"comment_status":"closed","ping_status":"closed","template":"","meta":{"footnotes":""},"class_list":["post-17564","page","type-page","status-publish"],"_links":{"self":[{"href":"https:\/\/www.genealogi.net\/nova\/wp-json\/wp\/v2\/pages\/17564","targetHints":{"allow":["GET"]}}],"collection":[{"href":"https:\/\/www.genealogi.net\/nova\/wp-json\/wp\/v2\/pages"}],"about":[{"href":"https:\/\/www.genealogi.net\/nova\/wp-json\/wp\/v2\/types\/page"}],"author":[{"embeddable":true,"href":"https:\/\/www.genealogi.net\/nova\/wp-json\/wp\/v2\/users\/2"}],"replies":[{"embeddable":true,"href":"https:\/\/www.genealogi.net\/nova\/wp-json\/wp\/v2\/comments?post=17564"}],"version-history":[{"count":1,"href":"https:\/\/www.genealogi.net\/nova\/wp-json\/wp\/v2\/pages\/17564\/revisions"}],"predecessor-version":[{"id":17565,"href":"https:\/\/www.genealogi.net\/nova\/wp-json\/wp\/v2\/pages\/17564\/revisions\/17565"}],"wp:attachment":[{"href":"https:\/\/www.genealogi.net\/nova\/wp-json\/wp\/v2\/media?parent=17564"}],"curies":[{"name":"wp","href":"https:\/\/api.w.org\/{rel}","templated":true}]}}