{"id":178,"date":"2026-01-01T17:38:07","date_gmt":"2026-01-01T16:38:07","guid":{"rendered":"https:\/\/www.genealogi.net\/nova\/?page_id=178"},"modified":"2026-02-14T16:49:11","modified_gmt":"2026-02-14T15:49:11","slug":"redaktion-svensk-genealogisk-tidskrift","status":"publish","type":"page","link":"https:\/\/www.genealogi.net\/nova\/redaktion-svensk-genealogisk-tidskrift\/","title":{"rendered":"Redaktion: Svensk Genealogisk Tidskrift"},"content":{"rendered":"\n<p>Svensk Genealogisk Tidskrift (SGT) \u00e4r en kvalificerad prenumerationstidskrift f\u00f6r publicering av sl\u00e4ktforskningsresultat. Den inneh\u00e5ller artiklar i \u00e4mnen av intresse f\u00f6r s\u00e5v\u00e4l fritidssl\u00e4ktforskare som akademiska forskare inom de historiska \u00e4mnena. F\u00f6rutom rena sl\u00e4ktutredningar inneh\u00e5ller SGT \u00e4ven artiklar om arkivmaterial, om forna tiders sociala liv och levnadsvillkor och andra \u00e4mnen med relevans f\u00f6r sl\u00e4ktforskning.<\/p>\n\n\n\n<p>SGT startades av Svenska Genealogiska Samfundet 2007. Sedan 2016 ges SGT ut av Genealogiska F\u00f6reningen som en prenumerationstidskrift. Sedan starten har Anders Winroth (2007:1), Elisabeth Thorsell (2007:2), Michael Lundholm (2008:1\u20132012:1, 2017:1\u2013) och Urban Sikeborg (2012:2\u20132016:2) varit redakt\u00f6rer.<\/p>\n\n\n\n<p>Tidskriften utkommer med tv\u00e5 nummer per kalender\u00e5r, totalt 128 sidor. Prenumerationspris 250 kronor per \u00e5r f\u00f6r medlemmar i GF. F\u00f6r icke-medlemmar \u00e4r priset 350 kronor. Prenumeration l\u00f6ses enklast i <a href=\"https:\/\/gfsupersok.se\">Sl\u00e4ktforskarbutiken<\/a>.<\/p>\n\n\n\n<p>Mer detaljerad information SGT som bland annat tidigare inneh\u00e5ll, f\u00f6rfattarinstruktioner och m\u00f6jligheten att skaffa \u00e4ldre \u00e5rg\u00e5ngar finns <a href=\"https:\/\/www.genealogi.net\/nova\/wp-admin\/post.php?post=8163&amp;action=edit\">H\u00c4R<\/a>.<\/p>\n\n\n\n<h2 class=\"wp-block-heading\">Kontakta redaktionen<\/h2>\n\n\n\n<h3 class=\"wp-block-heading\">Redakt\u00f6r<\/h3>\n\n\n\n<ul class=\"wp-block-list\">\n<li>\u00a0<a href=\"mailto:michael.lundholm@gfarkiv.se\">Michael Lundholm<\/a>, V\u00e4llingby<\/li>\n<\/ul>\n\n\n\n<h3 class=\"wp-block-heading\">Redaktion<\/h3>\n\n\n\n<ul class=\"wp-block-list\">\n<li><a href=\"mailto:olle@elm.se\">Olle Elm<\/a>,\u00a0Lindome<\/li>\n\n\n\n<li><a href=\"mailto:sus.gust@telia.com\">Susanne Gustafsson<\/a>,\u00a0Torslanda<\/li>\n\n\n\n<li><a href=\"mailto:bjorn@jaerhult.se\">Bj\u00f6rn J\u00e4rhult<\/a>,\u00a0J\u00f6nk\u00f6ping<\/li>\n\n\n\n<li><a href=\"mailto: goran.sparrlof@gmail.com\">G\u00f6ran Sparrl\u00f6f<\/a>,\u00a0Vadstena<\/li>\n\n\n\n<li><a href=\"mailto:sven.wallerstedt@gu.se\">Sven Wallerstedt<\/a>, Billdal<\/li>\n\n\n\n<li><a href=\"mailto:asger.wienberg@telia.com\">Asger Wienberg<\/a>, Lund<\/li>\n<\/ul>\n\n\n\n<p><\/p>\n","protected":false},"excerpt":{"rendered":"<p>Svensk Genealogisk Tidskrift (SGT) \u00e4r en kvalificerad prenumerationstidskrift f\u00f6r publicering av sl\u00e4ktforskningsresultat. Den inneh\u00e5ller artiklar i \u00e4mnen av intresse f\u00f6r s\u00e5v\u00e4l fritidssl\u00e4ktforskare som akademiska forskare inom de historiska \u00e4mnena. F\u00f6rutom rena sl\u00e4ktutredningar inneh\u00e5ller SGT \u00e4ven artiklar om arkivmaterial, om forna tiders sociala liv och levnadsvillkor och andra \u00e4mnen med relevans f\u00f6r sl\u00e4ktforskning. SGT startades av &#8230; <a title=\"Redaktion: Svensk Genealogisk Tidskrift\" class=\"read-more\" href=\"https:\/\/www.genealogi.net\/nova\/redaktion-svensk-genealogisk-tidskrift\/\" aria-label=\"L\u00e4s mer om Redaktion: Svensk Genealogisk Tidskrift\">L\u00e4s mer<\/a><\/p>\n","protected":false},"author":2,"featured_media":0,"parent":0,"menu_order":0,"comment_status":"closed","ping_status":"closed","template":"","meta":{"footnotes":""},"class_list":["post-178","page","type-page","status-publish"],"_links":{"self":[{"href":"https:\/\/www.genealogi.net\/nova\/wp-json\/wp\/v2\/pages\/178","targetHints":{"allow":["GET"]}}],"collection":[{"href":"https:\/\/www.genealogi.net\/nova\/wp-json\/wp\/v2\/pages"}],"about":[{"href":"https:\/\/www.genealogi.net\/nova\/wp-json\/wp\/v2\/types\/page"}],"author":[{"embeddable":true,"href":"https:\/\/www.genealogi.net\/nova\/wp-json\/wp\/v2\/users\/2"}],"replies":[{"embeddable":true,"href":"https:\/\/www.genealogi.net\/nova\/wp-json\/wp\/v2\/comments?post=178"}],"version-history":[{"count":2,"href":"https:\/\/www.genealogi.net\/nova\/wp-json\/wp\/v2\/pages\/178\/revisions"}],"predecessor-version":[{"id":18008,"href":"https:\/\/www.genealogi.net\/nova\/wp-json\/wp\/v2\/pages\/178\/revisions\/18008"}],"wp:attachment":[{"href":"https:\/\/www.genealogi.net\/nova\/wp-json\/wp\/v2\/media?parent=178"}],"curies":[{"name":"wp","href":"https:\/\/api.w.org\/{rel}","templated":true}]}}