{"id":18508,"date":"2026-03-05T13:56:58","date_gmt":"2026-03-05T12:56:58","guid":{"rendered":"https:\/\/www.genealogi.net\/nova\/?page_id=18508"},"modified":"2026-03-07T10:00:33","modified_gmt":"2026-03-07T09:00:33","slug":"sngh","status":"publish","type":"page","link":"https:\/\/www.genealogi.net\/nova\/sngh\/","title":{"rendered":"Svenska Nationalkommitt\u00e9n f\u00f6r Genealogi och Heraldik"},"content":{"rendered":"<div class=\"wp-block-image\">\n<figure class=\"aligncenter size-thumbnail\"><img loading=\"lazy\" decoding=\"async\" width=\"150\" height=\"150\" src=\"https:\/\/www.genealogi.net\/nova\/wp-content\/uploads\/2026\/03\/Svenska_Nationalkommitten_for_Genealogi_och_Heraldik_vapen.svg_-150x150.png\" alt=\"\" class=\"wp-image-18512\" srcset=\"https:\/\/www.genealogi.net\/nova\/wp-content\/uploads\/2026\/03\/Svenska_Nationalkommitten_for_Genealogi_och_Heraldik_vapen.svg_-150x150.png 150w, https:\/\/www.genealogi.net\/nova\/wp-content\/uploads\/2026\/03\/Svenska_Nationalkommitten_for_Genealogi_och_Heraldik_vapen.svg_-375x375.png 375w\" sizes=\"auto, (max-width: 150px) 100vw, 150px\" \/><\/figure>\n<\/div>\n\n\n<p class=\"has-text-align-center\">Kommitt\u00e9ns vapen antaget 2006. Blasonering:<em> I bl\u00e5tt ett gaffelkors \u00e5tf\u00f6ljt av tre \u00f6ppna kronor, allt av guld. Sk\u00f6lden omgiven av en gr\u00f6n lagerkrans<\/em>. Licens: Creative Commons Attribution-Share Alike 2.5 Generic.<\/p>\n\n\n\n<p>Ett antal personer bildade 1971 <em>Svenska Nationalkommitt\u00e9n f\u00f6r Genealogi och Heraldik<\/em> (SNGH), bland annat GF:s d\u00e5varande ordf\u00f6rande B\u00f6rje Furtenbach (1901\u20131976). Andra av grundarna kom fr\u00e5n Kungl. Maj:ts Orden, Kungliga Vitterhets Historie och Antikvitets Akademien, Riksarkivets heraldiska sektion, F\u00f6rsvarets traditionsn\u00e4mnd, Riddarhuset och Ointroducerad Adels F\u00f6rening. Kommitt\u00e9n \u00e4r ett forum f\u00f6r diskussion och samr\u00e5d r\u00f6rande genealogiska, heraldiska och ordensrelaterade fr\u00e5gor och sammantr\u00e4der tv\u00e5 g\u00e5nger \u00e5rligen.<\/p>\n\n\n\n<p>Statuter f\u00f6r kommitt\u00e9n antogs 17 mars 1971 och publicerades i Sl\u00e4kt och H\u00e4vd 1971:3 s. 458\u2013459. Reviderade statuter antogs 18 december 2001. De vikigaste f\u00f6r\u00e4ndringarna var regleringar av hur kommitt\u00e9ns ledam\u00f6ter ska utses (i princip kooptation):<\/p>\n\n\n\n<ul class=\"wp-block-list\">\n<li>Kungliga Vitterhets Historie och Antikvitets Akademien utser en av dessa ledam\u00f6ter.<\/li>\n\n\n\n<li>Kommitt\u00e9n utser minst \u00e5tta, h\u00f6gst tolv ledam\u00f6ter som representerar Kungl. Maj:ts Orden, Kungliga Vitterhets Historie och Antikvitets Akademien, Riksarkivet genom statsheraldikern, Statens f\u00f6rsvarshistoriska museer genom F\u00f6rsvarets traditionsn\u00e4mnd, Riddarhuset genom riddarhusgenealogen, Ointroducerad Adels F\u00f6rening och Genealogiska F\u00f6reningen.<\/li>\n<\/ul>\n\n\n\n<p>I dagsl\u00e4get (2026) har kommitt\u00e9n tolv ledam\u00f6ter. Ordf\u00f6rande \u00e4r f\u00f6rre statsheraldikern <a href=\"https:\/\/sv.wikipedia.org\/wiki\/Henrik_Klackenberg\">Henrik Klackenberg<\/a> och sekreterare nuvarande statsheraldikern <a href=\"https:\/\/sv.wikipedia.org\/wiki\/Davor_Zovko\">Davor Zovko<\/a>. GF representeras i kommitt\u00e9n sedan 2025 av GF:s ordf\u00f6rande Michael Lundholm.<\/p>\n\n\n\n<p>Kommitt\u00e9n st\u00e5r under tillsyn av Kungliga Vitterhets Historie och Antikvitets Akademien och representerar Sverige inom <em><a href=\"https:\/\/www.cigh.info\">Conf\u00e9d\u00e9ration Internationale de G\u00e9n\u00e9alogie et d\u2019H\u00e9raldique<\/a><\/em>, grundad 1971.<\/p>\n\n\n<div class=\"wp-block-image\">\n<figure class=\"aligncenter size-full\"><img loading=\"lazy\" decoding=\"async\" width=\"141\" height=\"141\" src=\"https:\/\/www.genealogi.net\/nova\/wp-content\/uploads\/2026\/03\/logo-2.png\" alt=\"\" class=\"wp-image-18513\"\/><\/figure>\n<\/div>\n\n\n<p class=\"has-text-align-center\">Vapen f\u00f6r <em>Conf\u00e9d\u00e9ration Internationale de G\u00e9n\u00e9alogie et d&#8217;H\u00e9raldique<\/em>.<\/p>\n","protected":false},"excerpt":{"rendered":"<p>Kommitt\u00e9ns vapen antaget 2006. Blasonering: I bl\u00e5tt ett gaffelkors \u00e5tf\u00f6ljt av tre \u00f6ppna kronor, allt av guld. Sk\u00f6lden omgiven av en gr\u00f6n lagerkrans. Licens: Creative Commons Attribution-Share Alike 2.5 Generic. Ett antal personer bildade 1971 Svenska Nationalkommitt\u00e9n f\u00f6r Genealogi och Heraldik (SNGH), bland annat GF:s d\u00e5varande ordf\u00f6rande B\u00f6rje Furtenbach (1901\u20131976). Andra av grundarna kom fr\u00e5n &#8230; <a title=\"Svenska Nationalkommitt\u00e9n f\u00f6r Genealogi och Heraldik\" class=\"read-more\" href=\"https:\/\/www.genealogi.net\/nova\/sngh\/\" aria-label=\"L\u00e4s mer om Svenska Nationalkommitt\u00e9n f\u00f6r Genealogi och Heraldik\">L\u00e4s mer<\/a><\/p>\n","protected":false},"author":2,"featured_media":0,"parent":0,"menu_order":0,"comment_status":"closed","ping_status":"closed","template":"","meta":{"footnotes":""},"class_list":["post-18508","page","type-page","status-publish"],"_links":{"self":[{"href":"https:\/\/www.genealogi.net\/nova\/wp-json\/wp\/v2\/pages\/18508","targetHints":{"allow":["GET"]}}],"collection":[{"href":"https:\/\/www.genealogi.net\/nova\/wp-json\/wp\/v2\/pages"}],"about":[{"href":"https:\/\/www.genealogi.net\/nova\/wp-json\/wp\/v2\/types\/page"}],"author":[{"embeddable":true,"href":"https:\/\/www.genealogi.net\/nova\/wp-json\/wp\/v2\/users\/2"}],"replies":[{"embeddable":true,"href":"https:\/\/www.genealogi.net\/nova\/wp-json\/wp\/v2\/comments?post=18508"}],"version-history":[{"count":6,"href":"https:\/\/www.genealogi.net\/nova\/wp-json\/wp\/v2\/pages\/18508\/revisions"}],"predecessor-version":[{"id":18591,"href":"https:\/\/www.genealogi.net\/nova\/wp-json\/wp\/v2\/pages\/18508\/revisions\/18591"}],"wp:attachment":[{"href":"https:\/\/www.genealogi.net\/nova\/wp-json\/wp\/v2\/media?parent=18508"}],"curies":[{"name":"wp","href":"https:\/\/api.w.org\/{rel}","templated":true}]}}