{"id":18562,"date":"2026-03-06T10:11:05","date_gmt":"2026-03-06T09:11:05","guid":{"rendered":"https:\/\/www.genealogi.net\/nova\/?page_id=18562"},"modified":"2026-03-17T10:36:39","modified_gmt":"2026-03-17T09:36:39","slug":"kontakta-oss","status":"publish","type":"page","link":"https:\/\/www.genealogi.net\/nova\/kontakta-oss\/","title":{"rendered":"Kontakta oss"},"content":{"rendered":"\n<h2 class=\"wp-block-heading\">Adress<\/h2>\n\n\n\n<ul class=\"wp-block-list\">\n<li>L\u00f6fstr\u00f6ms all\u00e9 7, 172 66 Sundbyberg<\/li>\n<\/ul>\n\n\n\n<h2 class=\"wp-block-heading\">Telefon<\/h2>\n\n\n\n<ul class=\"wp-block-list\">\n<li>F\u00f6reningen saknar telefon.<\/li>\n<\/ul>\n\n\n\n<h2 class=\"wp-block-heading\">E-postadresser<\/h2>\n\n\n\n<ul class=\"wp-block-list\">\n<li>Allm\u00e4nna fr\u00e5gor om f\u00f6reningen och v\u00e5r verksamhet: gf(at)genealogi.net.<\/li>\n\n\n\n<li>Ordf\u00f6randen: ordf(at)genealogi.net<\/li>\n\n\n\n<li>Vice ordf\u00f6randen: viceordf@genealogi.net.<\/li>\n\n\n\n<li>Kass\u00f6ren: kassor(at)genealogi.net (ekonomiska \u00e4renden och Sl\u00e4ktforskarbutiken)<\/li>\n\n\n\n<li>Kontaktinformation till \u00f6vriga enskilda styrelseledam\u00f6ter <a href=\"https:\/\/www.genealogi.net\/nova\/om-gf-2\/styrelse-2\/\" target=\"_blank\" rel=\"noreferrer noopener\">finns h\u00e4r<\/a>.<\/li>\n\n\n\n<li>Medlems\u00e4renden: medlemsadmin(at)genealogi.net. <\/li>\n\n\n\n<li>Redakt\u00f6ren f\u00f6r Sl\u00e4kt och H\u00e4vd: kerstin.jonmyren(a)genealogi.net. <\/li>\n\n\n\n<li>Redakt\u00f6ren f\u00f6r Svensk Genealogisk Tidskrift: sgt(at)genealogi.net.<\/li>\n\n\n\n<li>Redakt\u00f6ren f\u00f6r Sl\u00e4kthistoriska Studier: shs(at)genealogi.net.<\/li>\n\n\n\n<li>Redakt\u00f6ren f\u00f6r GF-Aktuellt: gfaktuellt(at)genealogi.net.<\/li>\n\n\n\n<li>Icke-medlemmars beg\u00e4ran om m\u00f6tesl\u00e4nk till \u00f6ppna digitala m\u00f6ten: boka(at)genealogi.net.<\/li>\n<\/ul>\n\n\n\n<p><\/p>\n","protected":false},"excerpt":{"rendered":"<p>Adress Telefon E-postadresser<\/p>\n","protected":false},"author":2,"featured_media":0,"parent":0,"menu_order":0,"comment_status":"closed","ping_status":"closed","template":"","meta":{"footnotes":""},"class_list":["post-18562","page","type-page","status-publish"],"_links":{"self":[{"href":"https:\/\/www.genealogi.net\/nova\/wp-json\/wp\/v2\/pages\/18562","targetHints":{"allow":["GET"]}}],"collection":[{"href":"https:\/\/www.genealogi.net\/nova\/wp-json\/wp\/v2\/pages"}],"about":[{"href":"https:\/\/www.genealogi.net\/nova\/wp-json\/wp\/v2\/types\/page"}],"author":[{"embeddable":true,"href":"https:\/\/www.genealogi.net\/nova\/wp-json\/wp\/v2\/users\/2"}],"replies":[{"embeddable":true,"href":"https:\/\/www.genealogi.net\/nova\/wp-json\/wp\/v2\/comments?post=18562"}],"version-history":[{"count":3,"href":"https:\/\/www.genealogi.net\/nova\/wp-json\/wp\/v2\/pages\/18562\/revisions"}],"predecessor-version":[{"id":19059,"href":"https:\/\/www.genealogi.net\/nova\/wp-json\/wp\/v2\/pages\/18562\/revisions\/19059"}],"wp:attachment":[{"href":"https:\/\/www.genealogi.net\/nova\/wp-json\/wp\/v2\/media?parent=18562"}],"curies":[{"name":"wp","href":"https:\/\/api.w.org\/{rel}","templated":true}]}}