{"id":1883,"date":"2013-01-10T22:39:36","date_gmt":"2013-01-10T20:39:36","guid":{"rendered":"http:\/\/www.u2086112.fsdata.se\/gfwp\/?page_id=1883"},"modified":"2013-01-10T22:39:36","modified_gmt":"2013-01-10T20:39:36","slug":"stockholms-veckoblad-1745-1775","status":"publish","type":"page","link":"https:\/\/www.genealogi.net\/nova\/a-o\/sok-i-gfs-ovriga-samlingar\/stockholms-veckoblad-1745-1775\/","title":{"rendered":"Om Stockholms Veckoblad 1745 -1775"},"content":{"rendered":"<p>B\u00f6rjan till ett register \u00f6ver personnotiser i Stockholms Veckoblad. Avskrifter p\u00e5 ark i kronologisk ordning. Dataregistrering har p\u00e5b\u00f6rjats f\u00f6r \u00e5rg\u00e5ngarna 1745-1760.<br \/>\n\tH\u00e4r kan du se vilka sl\u00e4ktnamn som n\u00e4mnts i tidskriften (patronymika, dvs son-namn efter fadern ing\u00e5r inte).<br \/>\n\tF\u00f6r att f\u00e5 n\u00e4rmare uppgifter ur registret, kontakta GF.<\/p>\n<p>F\u00f6r att ta del av sj\u00e4lva tidningen m\u00e5ste du v\u00e4nda dig till Kungliga Biblioteket.<\/p>\n<p>\u00a0<\/p>\n","protected":false},"excerpt":{"rendered":"<p>B\u00f6rjan till ett register \u00f6ver personnotiser i Stockholms Veckoblad. Avskrifter p\u00e5 ark i kronologisk ordning. Dataregistrering har p\u00e5b\u00f6rjats f\u00f6r \u00e5rg\u00e5ngarna 1745-1760. H\u00e4r kan du se vilka sl\u00e4ktnamn som n\u00e4mnts i tidskriften (patronymika, dvs son-namn efter fadern ing\u00e5r inte). F\u00f6r att f\u00e5 n\u00e4rmare uppgifter ur registret, kontakta GF. F\u00f6r att ta del av sj\u00e4lva tidningen m\u00e5ste &#8230; <a title=\"Om Stockholms Veckoblad 1745 -1775\" class=\"read-more\" href=\"https:\/\/www.genealogi.net\/nova\/a-o\/sok-i-gfs-ovriga-samlingar\/stockholms-veckoblad-1745-1775\/\" aria-label=\"L\u00e4s mer om Om Stockholms Veckoblad 1745 -1775\">L\u00e4s mer<\/a><\/p>\n","protected":false},"author":2,"featured_media":0,"parent":1798,"menu_order":0,"comment_status":"closed","ping_status":"closed","template":"","meta":{"footnotes":""},"class_list":["post-1883","page","type-page","status-publish"],"_links":{"self":[{"href":"https:\/\/www.genealogi.net\/nova\/wp-json\/wp\/v2\/pages\/1883","targetHints":{"allow":["GET"]}}],"collection":[{"href":"https:\/\/www.genealogi.net\/nova\/wp-json\/wp\/v2\/pages"}],"about":[{"href":"https:\/\/www.genealogi.net\/nova\/wp-json\/wp\/v2\/types\/page"}],"author":[{"embeddable":true,"href":"https:\/\/www.genealogi.net\/nova\/wp-json\/wp\/v2\/users\/2"}],"replies":[{"embeddable":true,"href":"https:\/\/www.genealogi.net\/nova\/wp-json\/wp\/v2\/comments?post=1883"}],"version-history":[{"count":0,"href":"https:\/\/www.genealogi.net\/nova\/wp-json\/wp\/v2\/pages\/1883\/revisions"}],"up":[{"embeddable":true,"href":"https:\/\/www.genealogi.net\/nova\/wp-json\/wp\/v2\/pages\/1798"}],"wp:attachment":[{"href":"https:\/\/www.genealogi.net\/nova\/wp-json\/wp\/v2\/media?parent=1883"}],"curies":[{"name":"wp","href":"https:\/\/api.w.org\/{rel}","templated":true}]}}