{"id":1886,"date":"2013-01-10T22:43:27","date_gmt":"2013-01-10T20:43:27","guid":{"rendered":"http:\/\/www.u2086112.fsdata.se\/gfwp\/?page_id=1886"},"modified":"2013-01-10T22:43:27","modified_gmt":"2013-01-10T20:43:27","slug":"dodsrunor-utgivna-av-sancte-orjens-gille","status":"publish","type":"page","link":"https:\/\/www.genealogi.net\/nova\/a-o\/sok-i-gfs-ovriga-samlingar\/dodsrunor-utgivna-av-sancte-orjens-gille\/","title":{"rendered":"Om D\u00f6dsrunor, utgivna av Sancte \u00d6rjens Gille"},"content":{"rendered":"<p>Minnesanteckningar \u00f6ver Gillets medlemmar. GF har en komplett serie fr\u00e5n h\u00e4fte nr 1 (1921) till h\u00e4fte nummer 21 samt nr 29 (fr\u00e5n 1967-1969) av de senare upplagorna.<br \/>\n\tI v\u00e5ra s\u00f6kbara listor finns namnen p\u00e5 personerna som tas upp i h\u00e4ftena 1-21 samt 29.<br \/>\n\tSiffrorna efter namnet betyder: h\u00e4fte: sidnummer-nummer p\u00e5 runan<br \/>\n\t( I h\u00e4fte 29 anv\u00e4nds ingen numrering av runorna).<\/p>\n<p><a href=\"http:\/\/www.u2086112.fsdata.se\/gfwp\/wp-content\/uploads\/2013\/01\/gille.jpg\"><img loading=\"lazy\" decoding=\"async\" alt=\"gille\" class=\"alignright size-full wp-image-2358\" height=\"158\" src=\"http:\/\/www.u2086112.fsdata.se\/gfwp\/wp-content\/uploads\/2013\/01\/gille.jpg\" width=\"159\" srcset=\"https:\/\/www.genealogi.net\/nova\/wp-content\/uploads\/2013\/01\/gille.jpg 159w, https:\/\/www.genealogi.net\/nova\/wp-content\/uploads\/2013\/01\/gille-150x150.jpg 150w\" sizes=\"auto, (max-width: 159px) 100vw, 159px\" \/><\/a><\/p>\n<p><a href=\"http:\/\/www.genealogi.net\/gfwp\/wp-content\/uploads\/2013\/01\/d\u00f6dsrunorsankte\u00f6rjansgille.jpg\"><img loading=\"lazy\" decoding=\"async\" alt=\"d\u00f6dsrunorsankte\u00f6rjansgille\" class=\"alignleft size-medium wp-image-3332\" height=\"300\" src=\"http:\/\/www.genealogi.net\/gfwp\/wp-content\/uploads\/2013\/01\/d\u00f6dsrunorsankte\u00f6rjansgille-225x300.jpg\" width=\"225\" \/><\/a><\/p>\n","protected":false},"excerpt":{"rendered":"<p>Minnesanteckningar \u00f6ver Gillets medlemmar. GF har en komplett serie fr\u00e5n h\u00e4fte nr 1 (1921) till h\u00e4fte nummer 21 samt nr 29 (fr\u00e5n 1967-1969) av de senare upplagorna. I v\u00e5ra s\u00f6kbara listor finns namnen p\u00e5 personerna som tas upp i h\u00e4ftena 1-21 samt 29. Siffrorna efter namnet betyder: h\u00e4fte: sidnummer-nummer p\u00e5 runan ( I h\u00e4fte 29 &#8230; <a title=\"Om D\u00f6dsrunor, utgivna av Sancte \u00d6rjens Gille\" class=\"read-more\" href=\"https:\/\/www.genealogi.net\/nova\/a-o\/sok-i-gfs-ovriga-samlingar\/dodsrunor-utgivna-av-sancte-orjens-gille\/\" aria-label=\"L\u00e4s mer om Om D\u00f6dsrunor, utgivna av Sancte \u00d6rjens Gille\">L\u00e4s mer<\/a><\/p>\n","protected":false},"author":2,"featured_media":0,"parent":1798,"menu_order":0,"comment_status":"closed","ping_status":"closed","template":"","meta":{"footnotes":""},"class_list":["post-1886","page","type-page","status-publish"],"_links":{"self":[{"href":"https:\/\/www.genealogi.net\/nova\/wp-json\/wp\/v2\/pages\/1886","targetHints":{"allow":["GET"]}}],"collection":[{"href":"https:\/\/www.genealogi.net\/nova\/wp-json\/wp\/v2\/pages"}],"about":[{"href":"https:\/\/www.genealogi.net\/nova\/wp-json\/wp\/v2\/types\/page"}],"author":[{"embeddable":true,"href":"https:\/\/www.genealogi.net\/nova\/wp-json\/wp\/v2\/users\/2"}],"replies":[{"embeddable":true,"href":"https:\/\/www.genealogi.net\/nova\/wp-json\/wp\/v2\/comments?post=1886"}],"version-history":[{"count":0,"href":"https:\/\/www.genealogi.net\/nova\/wp-json\/wp\/v2\/pages\/1886\/revisions"}],"up":[{"embeddable":true,"href":"https:\/\/www.genealogi.net\/nova\/wp-json\/wp\/v2\/pages\/1798"}],"wp:attachment":[{"href":"https:\/\/www.genealogi.net\/nova\/wp-json\/wp\/v2\/media?parent=1886"}],"curies":[{"name":"wp","href":"https:\/\/api.w.org\/{rel}","templated":true}]}}