{"id":2340,"date":"2013-06-13T19:55:17","date_gmt":"2013-06-13T17:55:17","guid":{"rendered":"http:\/\/www.u2086112.fsdata.se\/gfwp\/?page_id=2340"},"modified":"2026-03-13T12:53:05","modified_gmt":"2026-03-13T11:53:05","slug":"om-cookies-o-hantering-av-personuppgifter","status":"publish","type":"page","link":"https:\/\/www.genealogi.net\/nova\/om-gf-2__trashed\/om-cookies-o-hantering-av-personuppgifter\/","title":{"rendered":"Policy"},"content":{"rendered":"\n<h2 class=\"wp-block-heading\">Genealogiska F\u00f6reningens policy vid behandling av personuppgifter<\/h2>\n\n\n\n<p>Inom Genealogiska F\u00f6reningen hanterar vi personuppgifter om v\u00e5ra medlemmar, bes\u00f6kare p\u00e5 hemsidan och k\u00f6pare av f\u00f6reningens produkter. Uppgifterna anv\u00e4nder vi f\u00f6r att<\/p>\n\n\n\n<ul class=\"wp-block-list\">\n<li>Administrera medlemskap i f\u00f6reningen.<\/li>\n\n\n\n<li>Via brev och e-post g\u00f6ra utskick till medlemmar och prenumeranter av f\u00f6reningens tidskrifter.<\/li>\n\n\n\n<li>Administrera och expediera f\u00f6rs\u00e4ljningen av f\u00f6reningens produkter.<\/li>\n\n\n\n<li>F\u00f6lja upp verksamheten genom att f\u00f6ra statistik \u00f6ver bes\u00f6kare i f\u00f6reningens lokaler och \u00f6ver hur hemsidan anv\u00e4nds.<\/li>\n\n\n\n<li>G\u00f6ra det m\u00f6jligt f\u00f6r medlemmarna att komma \u00e5t f\u00f6reningens digitala tj\u00e4nster.<\/li>\n\n\n\n<li>Vid behov genomf\u00f6ra fels\u00f6kning vid eventuella problem med inloggningen.<\/li>\n<\/ul>\n\n\n\n<p>De personuppgifter som vi hanterar (beroende p\u00e5 sammanhang) \u00e4r:<\/p>\n\n\n\n<ul class=\"wp-block-list\">\n<li>F\u00f6r- och efternamn<\/li>\n\n\n\n<li>Postadress<\/li>\n\n\n\n<li>E-postadress<\/li>\n\n\n\n<li>Telefonnummer<\/li>\n\n\n\n<li>F\u00f6delse\u00e5r.<\/li>\n\n\n\n<li>Uppgifter om medlemskapet, som medlemsnummer, typ av medlemskap, intr\u00e4de i f\u00f6reningen, inbetalda medlemsavgifter och uppgifter om eventuella familjemedlemmar<\/li>\n\n\n\n<li>Information som g\u00e4ller inloggningsfunktionen, s\u00e5 som\n<ul class=\"wp-block-list\">\n<li>Krypterat l\u00f6senord<\/li>\n\n\n\n<li>IP-adress f\u00f6r den enhet som anv\u00e4nds vid inloggningen<\/li>\n\n\n\n<li>Frivilliga uppgifter om identitet p\u00e5 Google och\/eller Facebook<\/li>\n<\/ul>\n<\/li>\n\n\n\n<li>Krypterat l\u00f6senord<\/li>\n\n\n\n<li>K\u00f6pta varor och tj\u00e4nster<\/li>\n<\/ul>\n\n\n\n<h2 class=\"wp-block-heading\">Om kakor p\u00e5 webbplatsen<\/h2>\n\n\n\n<p>Kakor (cookies) \u00e4r sm\u00e5 textfiler som lagras p\u00e5 bes\u00f6karens dator. De anv\u00e4nds till exempel f\u00f6r bes\u00f6ksstatistik och f\u00f6r att ge bes\u00f6karen tillg\u00e5ng till funktioner p\u00e5 webbplatsen som inloggning till medlemssidor. P\u00e5 Genealogiska F\u00f6reningens hemsida anv\u00e4nds en typ av kakor som kallas sessionskakor:<\/p>\n\n\n\n<ul class=\"wp-block-list\">\n<li>Under tiden du \u00e4r inne p\u00e5 en webbsida, lagras kakorna tempor\u00e4rt i din dators minne och f\u00f6rsvinner n\u00e4r du st\u00e4nger din webbl\u00e4sare. Ingen personlig information, som e-post eller namn, sparas om dig.<\/li>\n<\/ul>\n\n\n\n<h3 class=\"wp-block-heading\">Webbstatistik<\/h3>\n\n\n\n<p>GF anv\u00e4nder kakor f\u00f6r att samla in webbstatistik f\u00f6r att se hur webbplatsen anv\u00e4nds. Detta g\u00f6r vi f\u00f6r att kunna f\u00f6rb\u00e4ttra webbsidornas navigation och inneh\u00e5ll. Statistiken \u00e4r generell och anonym. \u00c4ven denna kaka f\u00f6rsvinner n\u00e4r du st\u00e4nger webbl\u00e4saren.<\/p>\n\n\n\n<h3 class=\"wp-block-heading\">Kakor m\u00e5ste till\u00e5tas f\u00f6r inloggning<\/h3>\n\n\n\n<p>Om du vill logga in p\u00e5 GF:s medlemssidor m\u00e5ste du till\u00e5ta att GF kan anv\u00e4nda sig av kakor<\/p>\n\n\n\n<h3 class=\"wp-block-heading\">Om du inte vill till\u00e5ta kakor<\/h3>\n\n\n\n<p>Om du inte accepterar att kakor anv\u00e4nds kan du st\u00e4nga av kakor i din webbl\u00e4sares s\u00e4kerhetsinst\u00e4llningar. Men d\u00e5 kommer du inte att kunna logga in p\u00e5 GF:s medlemssidor. Du kan \u00e4ven st\u00e4lla in webbl\u00e4saren s\u00e5 att du f\u00e5r en fr\u00e5ga varje g\u00e5ng webbplatsen f\u00f6rs\u00f6ker placera en kaka p\u00e5 din dator. Genom webbl\u00e4saren kan ocks\u00e5 tidigare lagrade kakor raderas. Se webbl\u00e4sarens hj\u00e4lpsidor f\u00f6r mer information om detta.<\/p>\n\n\n\n<h3 class=\"wp-block-heading\">Mer information om kakor<\/h3>\n\n\n\n<p>Allm\u00e4n information om kakor och om lagen om elektronisk kommunikation finns p\u00e5 Post- och telestyrelsens webbplats. (<a href=\"http:\/\/www.pts.se\/sv\/regler\/lagar\/lag-om-elektronisk-kommunikation\/cookies-kakor\/\">http:\/\/www.pts.se\/sv\/regler\/lagar\/lag-om-elektronisk-kommunikation\/cookies-kakor\/<\/a>).<\/p>\n","protected":false},"excerpt":{"rendered":"<p>Genealogiska F\u00f6reningens policy vid behandling av personuppgifter Inom Genealogiska F\u00f6reningen hanterar vi personuppgifter om v\u00e5ra medlemmar, bes\u00f6kare p\u00e5 hemsidan och k\u00f6pare av f\u00f6reningens produkter. Uppgifterna anv\u00e4nder vi f\u00f6r att De personuppgifter som vi hanterar (beroende p\u00e5 sammanhang) \u00e4r: Om kakor p\u00e5 webbplatsen Kakor (cookies) \u00e4r sm\u00e5 textfiler som lagras p\u00e5 bes\u00f6karens dator. De anv\u00e4nds till &#8230; <a title=\"Policy\" class=\"read-more\" href=\"https:\/\/www.genealogi.net\/nova\/om-gf-2__trashed\/om-cookies-o-hantering-av-personuppgifter\/\" aria-label=\"L\u00e4s mer om Policy\">L\u00e4s mer<\/a><\/p>\n","protected":false},"author":2,"featured_media":0,"parent":3694,"menu_order":90,"comment_status":"closed","ping_status":"closed","template":"","meta":{"footnotes":""},"class_list":["post-2340","page","type-page","status-publish"],"_links":{"self":[{"href":"https:\/\/www.genealogi.net\/nova\/wp-json\/wp\/v2\/pages\/2340","targetHints":{"allow":["GET"]}}],"collection":[{"href":"https:\/\/www.genealogi.net\/nova\/wp-json\/wp\/v2\/pages"}],"about":[{"href":"https:\/\/www.genealogi.net\/nova\/wp-json\/wp\/v2\/types\/page"}],"author":[{"embeddable":true,"href":"https:\/\/www.genealogi.net\/nova\/wp-json\/wp\/v2\/users\/2"}],"replies":[{"embeddable":true,"href":"https:\/\/www.genealogi.net\/nova\/wp-json\/wp\/v2\/comments?post=2340"}],"version-history":[{"count":4,"href":"https:\/\/www.genealogi.net\/nova\/wp-json\/wp\/v2\/pages\/2340\/revisions"}],"predecessor-version":[{"id":18813,"href":"https:\/\/www.genealogi.net\/nova\/wp-json\/wp\/v2\/pages\/2340\/revisions\/18813"}],"up":[{"embeddable":true,"href":"https:\/\/www.genealogi.net\/nova\/wp-json\/wp\/v2\/pages\/3694"}],"wp:attachment":[{"href":"https:\/\/www.genealogi.net\/nova\/wp-json\/wp\/v2\/media?parent=2340"}],"curies":[{"name":"wp","href":"https:\/\/api.w.org\/{rel}","templated":true}]}}