{"id":2376,"date":"2013-06-14T22:29:25","date_gmt":"2013-06-14T20:29:25","guid":{"rendered":"http:\/\/www.u2086112.fsdata.se\/gfwp\/?page_id=2376"},"modified":"2026-03-18T16:56:56","modified_gmt":"2026-03-18T15:56:56","slug":"styrelse-2","status":"publish","type":"page","link":"https:\/\/www.genealogi.net\/nova\/om-gf-2__trashed\/styrelse-2\/","title":{"rendered":"Styrelse"},"content":{"rendered":"\n<p>Styrelsens sammans\u00e4ttning fr\u00e5n och med f\u00f6reningsst\u00e4mman 12 april 2025.<\/p>\n\n\n\n<div class=\"wp-block-group\"><div class=\"wp-block-group__inner-container is-layout-constrained wp-block-group-is-layout-constrained\">\n<figure class=\"wp-block-table aligncenter is-style-regular\"><table class=\"has-fixed-layout\"><tbody><tr><td><div><strong>Ordf\u00f6rande:<\/strong><\/div><div><div>Michael Lundholm, V\u00e4llingby<\/div><div>Kontakta Michael: ordf(at)genealogi.net<\/div><\/div><\/td><td><strong style=\"white-space: normal; font-family: inherit; font-size: inherit; text-align: initial;\">Vice ordf\u00f6rand<\/strong><span style=\"white-space: normal; font-family: inherit; font-size: inherit; text-align: initial;\">e:<\/span><div style=\"white-space: normal;\"><div>Margareta Edqvist, N\u00e4ssj\u00f6<\/div><div>Kontakta Margareta<span style=\"font-family: inherit; font-size: inherit;\">: viceordf(at)genealogi.net<\/span><\/div><\/div><\/td><\/tr><tr><td><div><strong>Kass\u00f6r:<\/strong><\/div><div><div><div>Ulf Johansson, Sollentuna<\/div><div>Kontakta Ulf: ulf.johansson(at)bahnhof.se<\/div><\/div><\/div><\/td><td><div><strong>Sekreterare:<\/strong><div><div><div>Hans Hanner, Stockholm<\/div><\/div><\/div><\/div><div><div><div><div>Kontakta Hans: hans(at)hanner.se eller telefon 070-401 10 52<\/div><\/div><\/div><\/div><\/td><\/tr><tr><td>\n<div><strong>\u00d6vriga ledam\u00f6ter:<\/strong><\/div>\n<\/td><td>&nbsp;<\/td><\/tr><tr><td><div><div>Jan Appelquist, Stockholm<\/div><\/div><div><div>Kontakta Jan<span style=\"font-family: inherit; font-size: inherit;\">: jan.appelquist(at)archeion.se<\/span><\/div><\/div><\/td><td><div><div>Hilda Bergstr\u00f6m,\u00a0Johanneshov<\/div><div>Kontakta Hilda: hilda.bergstrom(at)hotmail.com<\/div><\/div><\/td><\/tr><tr><td><div><div><div><div>Daniel Eriksson, Stockholm<\/div><\/div><\/div><\/div><div><div><div><div>Kontakta Daniel: daniel(at)deriksson.se<\/div><\/div><\/div><\/div><\/td><td>Susanne Gustavsson, Torslanda<br>Kontakta Susanne: sus.gust(at)telia.com<\/td><\/tr><tr><td><div>Catharina Hal\u00e9n, Stockholm<\/div><div>Kontakta Catharina<span style=\"font-family: inherit; font-size: inherit;\">: gfaktuellt(at)genealogi.net<\/span><\/div><\/td><td><div><div>Maria Halmfors, Stockholm<br>Kontakta Maria: halmfors(at)gmail.com<\/div><\/div><\/td><\/tr><tr><td>Johan Lagerros, Nacka<br>Kontakta Johan: johan(at))lagerros.se<\/td><td><div><div><div><div>Mats Lundell, Bromma<\/div><div>Kontakta Mats<span style=\"font-family: inherit; font-size: inherit;\">: mats.ludde.lundell(at)gmail.com<\/span><\/div><\/div><\/div><\/div><\/td><\/tr><tr><td>Kristina Rylander, Klagshamn<br>Kontakta Kristina: kristina.rylander(a)gmail.com<\/td><td>\n<div>\n<div>&nbsp;<\/div>\n<\/div>\n<\/td><\/tr><tr><td>\n<div><strong>Valberedning:<\/strong><\/div>\n<\/td><td>&nbsp;<\/td><\/tr><tr><td><div><div>Madeleine Caesar, Stockholm, (sammankallande)<\/div><\/div><div><div>Kontakta Madeleine: malle.caesar(at)genealogi.net<\/div><\/div><\/td><td><div><div>Nichlas Malmdahl<\/div><\/div><div><div>Kontakta Nichlas: nichlasmalmdahl(at)hotmail.com<\/div><\/div><br><div><span style=\"font-family: inherit; font-size: inherit; text-align: initial;\"><\/span><\/div><\/td><\/tr><tr><td><div><div><div>Thomas F\u00fcrth, Stockholm<br>Kontakta Thomas: fuerth.thomas(at)gmail.com<\/div><\/div><\/div><\/td><td>\n<div>&nbsp;<\/div>\n<\/td><\/tr><tr><td>\n<div><strong>Revisorer<\/strong><\/div>\n<\/td><td>&nbsp;<\/td><\/tr><tr><td><div><div>Mikael Hoffsten<\/div><\/div><\/td><td>Bengt Nilsson, Bromma<br>Kontakta Bengt: benganilsson(at)telia.com<\/td><\/tr><tr><td><div><strong>Personliga revisorsers\u00e4ttare<\/strong><\/div><\/td><td>&nbsp;<\/td><\/tr><tr><td>Eva Almqvist (f\u00f6r Mikael Hoffsten)<\/td><td>Karin Johansson, Kista<br>(f\u00f6r Bengt Nilsson)<br>Kontakta Karin: kajsa.e.johansson(at)bahnhof.se<\/td><\/tr><\/tbody><\/table><\/figure>\n<\/div><\/div>\n","protected":false},"excerpt":{"rendered":"<p>Styrelsens sammans\u00e4ttning fr\u00e5n och med f\u00f6reningsst\u00e4mman 12 april 2025. Ordf\u00f6rande: Michael Lundholm, V\u00e4llingby Kontakta Michael: ordf(at)genealogi.net Vice ordf\u00f6rande: Margareta Edqvist, N\u00e4ssj\u00f6 Kontakta Margareta: viceordf(at)genealogi.net Kass\u00f6r: Ulf Johansson, Sollentuna Kontakta Ulf: ulf.johansson(at)bahnhof.se Sekreterare: Hans Hanner, Stockholm Kontakta Hans: hans(at)hanner.se eller telefon 070-401 10 52 \u00d6vriga ledam\u00f6ter: &nbsp; Jan Appelquist, Stockholm Kontakta Jan: jan.appelquist(at)archeion.se Hilda Bergstr\u00f6m,\u00a0Johanneshov Kontakta &#8230; <a title=\"Styrelse\" class=\"read-more\" href=\"https:\/\/www.genealogi.net\/nova\/om-gf-2__trashed\/styrelse-2\/\" aria-label=\"L\u00e4s mer om Styrelse\">L\u00e4s mer<\/a><\/p>\n","protected":false},"author":2,"featured_media":0,"parent":3694,"menu_order":0,"comment_status":"closed","ping_status":"closed","template":"","meta":{"footnotes":""},"class_list":["post-2376","page","type-page","status-publish"],"_links":{"self":[{"href":"https:\/\/www.genealogi.net\/nova\/wp-json\/wp\/v2\/pages\/2376","targetHints":{"allow":["GET"]}}],"collection":[{"href":"https:\/\/www.genealogi.net\/nova\/wp-json\/wp\/v2\/pages"}],"about":[{"href":"https:\/\/www.genealogi.net\/nova\/wp-json\/wp\/v2\/types\/page"}],"author":[{"embeddable":true,"href":"https:\/\/www.genealogi.net\/nova\/wp-json\/wp\/v2\/users\/2"}],"replies":[{"embeddable":true,"href":"https:\/\/www.genealogi.net\/nova\/wp-json\/wp\/v2\/comments?post=2376"}],"version-history":[{"count":7,"href":"https:\/\/www.genealogi.net\/nova\/wp-json\/wp\/v2\/pages\/2376\/revisions"}],"predecessor-version":[{"id":19168,"href":"https:\/\/www.genealogi.net\/nova\/wp-json\/wp\/v2\/pages\/2376\/revisions\/19168"}],"up":[{"embeddable":true,"href":"https:\/\/www.genealogi.net\/nova\/wp-json\/wp\/v2\/pages\/3694"}],"wp:attachment":[{"href":"https:\/\/www.genealogi.net\/nova\/wp-json\/wp\/v2\/media?parent=2376"}],"curies":[{"name":"wp","href":"https:\/\/api.w.org\/{rel}","templated":true}]}}