{"id":262,"date":"2026-01-01T23:58:47","date_gmt":"2026-01-01T22:58:47","guid":{"rendered":"https:\/\/www.genealogi.net\/nova\/?page_id=262"},"modified":"2026-03-20T09:52:46","modified_gmt":"2026-03-20T08:52:46","slug":"bli-medlem-2","status":"publish","type":"page","link":"https:\/\/www.genealogi.net\/nova\/bli-medlem-2\/","title":{"rendered":"Bli medlem"},"content":{"rendered":"\n<h2 class=\"wp-block-heading\">Medlemsavgifter<\/h2>\n\n\n\n<p>Medlemsskap i GF r\u00e4knas enligt stadgan kalender\u00e5rsvis. Medlemsavgifter fr\u00e5n och med kalender\u00e5ret 2026:<\/p>\n\n\n\n<ul class=\"wp-block-list\">\n<li>Enskild medlem: 350 kronor.<\/li>\n\n\n\n<li>Enskild medlem, utlandsboende inklusive Sl\u00e4kt och H\u00e4vd: 490 kronor.<\/li>\n\n\n\n<li>Enskild medlem, utlandsboende exklusive Sl\u00e4kt och H\u00e4vd: 350 kronor.<\/li>\n\n\n\n<li>Enskild medlem resten av kalender\u00e5ret fr\u00e5n och med \u00e5rets Sl\u00e4ktforskardagar (ungef\u00e4r 20 augusti): 175 kronor.<\/li>\n\n\n\n<li>Enskild medlem resten av kalender\u00e5ret fr\u00e5n och med 1 oktober och hela n\u00e4sta kalender\u00e5r: 350 kronor.<\/li>\n\n\n\n<li>Familjemedlem p\u00e5 samma folkbokf\u00f6ringsadress som en enskild medlem, med samma medlemsf\u00f6rm\u00e5ner som en enskild medlem men f\u00e5r inga utskick som distribueras med vanlig post (fr\u00e4mst Sl\u00e4kt och H\u00e4vd): 175 kronor. <\/li>\n\n\n\n<li>St\u00e4ndigt medlemskap erh\u00e5lls genom att vid ett tillf\u00e4lle erl\u00e4gga 20 g\u00e5nger aktuell medlemsavgift f\u00f6r enskild medlemskap: 7&nbsp;000 kronor.<\/li>\n<\/ul>\n\n\n\n<h2 class=\"wp-block-heading\">Hur blir jag medlem?<\/h2>\n\n\n\n<div class=\"wp-block-media-text is-stacked-on-mobile is-vertically-aligned-top\" style=\"grid-template-columns:15% auto\"><figure class=\"wp-block-media-text__media\"><img loading=\"lazy\" decoding=\"async\" width=\"625\" height=\"945\" src=\"https:\/\/www.genealogi.net\/nova\/wp-content\/uploads\/2026\/03\/swish-QR-small.png\" alt=\"\" class=\"wp-image-18592 size-full\" srcset=\"https:\/\/www.genealogi.net\/nova\/wp-content\/uploads\/2026\/03\/swish-QR-small.png 625w, https:\/\/www.genealogi.net\/nova\/wp-content\/uploads\/2026\/03\/swish-QR-small-198x300.png 198w\" sizes=\"auto, (max-width: 625px) 100vw, 625px\" \/><\/figure><div class=\"wp-block-media-text__content\">\n<p>Enklast blir man medlem genom v\u00e5r digital <a href=\"https:\/\/gfsupersok.se\/#!\/medlemskap\">Sl\u00e4ktforskarbutik<\/a>. Man kan ocks\u00e5 betala in relevant medlemsavgift till GF:s bankgiro eller genom Swish (se uppgifter i sidfoten nedan eller anv\u00e4nd QR-koden till v\u00e4nster) och meddela e-postadress. <\/p>\n<\/div><\/div>\n\n\n\n<div style=\"height:26px\" aria-hidden=\"true\" class=\"wp-block-spacer\"><\/div>\n\n\n\n<h2 class=\"wp-block-heading\">Medlemsf\u00f6rm\u00e5ner<\/h2>\n\n\n\n<ul class=\"wp-block-list\">\n<li>Den kvalificerade medlemstidskriften <em>Sl\u00e4kt och H\u00e4vd<\/em> som kommer tryckt hem till alla medlemmar (med undantag f\u00f6r utlandsboende som valt Sl\u00e4kt och H\u00e4vd och familjemedlemmar) fyra g\u00e5nger om \u00e5ret,<\/li>\n\n\n\n<li>M\u00f6jlighet att prenumerera p\u00e5 den tryckta prenumerationstidskriften Svensk Genealogisk Tidskrift (sedan 2007) till det rabatterade medlemspriset 250 kr (ej medlem 350 kr),<\/li>\n\n\n\n<li>Fri tillg\u00e5ng under \u00f6ppettider till v\u00e5r lokal med bibliotek, f\u00f6reningsarkiv och enskilda arkiv med l\u00e4sesal samt datorsal i lokalen i Sundbyberg,<\/li>\n\n\n\n<li>Fri tillg\u00e5ng till alla v\u00e5ra m\u00f6ten i lokalen eller digitalt,<\/li>\n\n\n\n<li>Fri tillg\u00e5ng till resurserna p\u00e5 medlemssidorna efter inloggning som exempelvis\n<ul class=\"wp-block-list\">\n<li>400 filmade m\u00f6ten sedan 2015,<\/li>\n\n\n\n<li><a href=\"https:\/\/gfsupersok.se\/nova\/om-alla-vara-databaser-och-register\/\">databaser och register<\/a> som Inrikes pass och Familjenotiser,<\/li>\n<\/ul>\n<\/li>\n\n\n\n<li>F\u00f6rm\u00e5nliga medlemspriser <a href=\"https:\/\/gfsupersok.se\/nova\/produkter-och-tjanster\/uppdragsforskning-2\/\">Uppdragsforskningen<\/a> d\u00e4r du kan f\u00e5 hj\u00e4lp att l\u00f6sa sl\u00e4ktforskningsproblem,<\/li>\n\n\n\n<li>F\u00f6rm\u00e5nliga medlemspriser p\u00e5 alla <a href=\"https:\/\/gfsupersok.se\/nova\/gfs-egna-produkter\/\">GF:s egna produkter<\/a> i <a href=\"https:\/\/gfsupersok.se\/#\/\">Sl\u00e4ktforskarbutiken<\/a>,<\/li>\n\n\n\n<li>Unik tillg\u00e5ng till GF:s <a href=\"https:\/\/gfsupersok.se\/nova\/kurser\/\">kursverksamhet<\/a> som \u00e4r reserverad f\u00f6r v\u00e5ra medlemmar<\/li>\n<\/ul>\n\n\n\n<p>Har du fr\u00e5gor kring att bli medlem som du inte hittar svar p\u00e5 h\u00e4r eller i Sl\u00e4ktforskarbutiken, kontakta oss g\u00e4rna p\u00e5 e-post <a href=\"mailto:medlemsadmin@genealogi.net\">medlemsadmin@genealogi.net<\/a> eller <a href=\"mailto:gf@genealogi.net\">gf@genealogi.net<\/a>.<\/p>\n","protected":false},"excerpt":{"rendered":"<p>Medlemsavgifter Medlemsskap i GF r\u00e4knas enligt stadgan kalender\u00e5rsvis. Medlemsavgifter fr\u00e5n och med kalender\u00e5ret 2026: Hur blir jag medlem? Enklast blir man medlem genom v\u00e5r digital Sl\u00e4ktforskarbutik. Man kan ocks\u00e5 betala in relevant medlemsavgift till GF:s bankgiro eller genom Swish (se uppgifter i sidfoten nedan eller anv\u00e4nd QR-koden till v\u00e4nster) och meddela e-postadress. Medlemsf\u00f6rm\u00e5ner Har du &#8230; <a title=\"Bli medlem\" class=\"read-more\" href=\"https:\/\/www.genealogi.net\/nova\/bli-medlem-2\/\" aria-label=\"L\u00e4s mer om Bli medlem\">L\u00e4s mer<\/a><\/p>\n","protected":false},"author":2,"featured_media":0,"parent":0,"menu_order":0,"comment_status":"closed","ping_status":"closed","template":"","meta":{"footnotes":""},"class_list":["post-262","page","type-page","status-publish"],"_links":{"self":[{"href":"https:\/\/www.genealogi.net\/nova\/wp-json\/wp\/v2\/pages\/262","targetHints":{"allow":["GET"]}}],"collection":[{"href":"https:\/\/www.genealogi.net\/nova\/wp-json\/wp\/v2\/pages"}],"about":[{"href":"https:\/\/www.genealogi.net\/nova\/wp-json\/wp\/v2\/types\/page"}],"author":[{"embeddable":true,"href":"https:\/\/www.genealogi.net\/nova\/wp-json\/wp\/v2\/users\/2"}],"replies":[{"embeddable":true,"href":"https:\/\/www.genealogi.net\/nova\/wp-json\/wp\/v2\/comments?post=262"}],"version-history":[{"count":12,"href":"https:\/\/www.genealogi.net\/nova\/wp-json\/wp\/v2\/pages\/262\/revisions"}],"predecessor-version":[{"id":19189,"href":"https:\/\/www.genealogi.net\/nova\/wp-json\/wp\/v2\/pages\/262\/revisions\/19189"}],"wp:attachment":[{"href":"https:\/\/www.genealogi.net\/nova\/wp-json\/wp\/v2\/media?parent=262"}],"curies":[{"name":"wp","href":"https:\/\/api.w.org\/{rel}","templated":true}]}}