{"id":2746,"date":"2014-11-22T14:17:47","date_gmt":"2014-11-22T16:17:47","guid":{"rendered":"http:\/\/www.genealogi.net\/medlem\/?page_id=2746"},"modified":"2014-11-22T14:17:47","modified_gmt":"2014-11-22T16:17:47","slug":"att-registrera","status":"publish","type":"page","link":"https:\/\/www.genealogi.net\/nova\/inrikes-pass\/att-registrera\/","title":{"rendered":"Att registrera"},"content":{"rendered":"<p>\n\t<span style=\"line-height: 1.6em;\">Om du vill prova p\u00e5 att&nbsp;registrera, skicka f\u00f6rst ett e-brev till<\/span><span style=\"line-height: 1.6em;\"> <a href=\"mailto:inrikespass@genealogi.net\">inrikespass(at)genealogi.net<\/a> och anm\u00e4l ditt intresse. Vi g\u00e5r d\u00e5 in i registreringsprogrammet och ger dig status som &#8221;registrerare&#8221;. D\u00e4refter \u00e4r det bara att s\u00e4tta ig\u00e5ng! Sidor att registrera n\u00e5r du via sidan &#8221;<a href=\"http:\/\/www.genealogi.net\/medlem\/inrikes-pass\/originalhandlingarna\/\" target=\"_self\">Originalhandlingarna<\/a>&#8221; (\u00e5terfinns under &#8221;Inrikes pass&#8221; i toppmenyn p\u00e5 medlemssidan).<\/span>\n<\/p>\n<p>\n\tF\u00f6r att underl\u00e4tta arbetet har vi sammanst\u00e4llt <a href=\"http:\/\/www.genealogi.net\/medlem\/inrikes-pass\/att-registrera\/registreringsanvisningar\/\" target=\"_self\">registreringsanvisningar<\/a> och ocks\u00e5 tips p\u00e5 <a href=\"http:\/\/www.genealogi.net\/medlem\/inrikes-pass\/att-registrera\/hjalpredor-vid-registreringsarbetet\/\" target=\"_self\">hj\u00e4lpredor vid&nbsp;registreringsarbetet<\/a>.<\/p>\n","protected":false},"excerpt":{"rendered":"<p>Om du vill prova p\u00e5 att&nbsp;registrera, skicka f\u00f6rst ett e-brev till inrikespass(at)genealogi.net och anm\u00e4l ditt intresse. Vi g\u00e5r d\u00e5 in i registreringsprogrammet och ger dig status som &#8221;registrerare&#8221;. D\u00e4refter \u00e4r det bara att s\u00e4tta ig\u00e5ng! Sidor att registrera n\u00e5r du via sidan &#8221;Originalhandlingarna&#8221; (\u00e5terfinns under &#8221;Inrikes pass&#8221; i toppmenyn p\u00e5 medlemssidan). F\u00f6r att underl\u00e4tta arbetet &#8230; <a title=\"Att registrera\" class=\"read-more\" href=\"https:\/\/www.genealogi.net\/nova\/inrikes-pass\/att-registrera\/\" aria-label=\"L\u00e4s mer om Att registrera\">L\u00e4s mer<\/a><\/p>\n","protected":false},"author":2,"featured_media":279,"parent":18376,"menu_order":30,"comment_status":"closed","ping_status":"closed","template":"","meta":{"footnotes":""},"class_list":["post-2746","page","type-page","status-publish","has-post-thumbnail"],"_links":{"self":[{"href":"https:\/\/www.genealogi.net\/nova\/wp-json\/wp\/v2\/pages\/2746","targetHints":{"allow":["GET"]}}],"collection":[{"href":"https:\/\/www.genealogi.net\/nova\/wp-json\/wp\/v2\/pages"}],"about":[{"href":"https:\/\/www.genealogi.net\/nova\/wp-json\/wp\/v2\/types\/page"}],"author":[{"embeddable":true,"href":"https:\/\/www.genealogi.net\/nova\/wp-json\/wp\/v2\/users\/2"}],"replies":[{"embeddable":true,"href":"https:\/\/www.genealogi.net\/nova\/wp-json\/wp\/v2\/comments?post=2746"}],"version-history":[{"count":0,"href":"https:\/\/www.genealogi.net\/nova\/wp-json\/wp\/v2\/pages\/2746\/revisions"}],"up":[{"embeddable":true,"href":"https:\/\/www.genealogi.net\/nova\/wp-json\/wp\/v2\/pages\/18376"}],"wp:featuredmedia":[{"embeddable":true,"href":"https:\/\/www.genealogi.net\/nova\/wp-json\/wp\/v2\/media\/279"}],"wp:attachment":[{"href":"https:\/\/www.genealogi.net\/nova\/wp-json\/wp\/v2\/media?parent=2746"}],"curies":[{"name":"wp","href":"https:\/\/api.w.org\/{rel}","templated":true}]}}