{"id":2753,"date":"2013-06-16T13:07:43","date_gmt":"2013-06-16T11:07:43","guid":{"rendered":"http:\/\/www.u2086112.fsdata.se\/?page_id=2753"},"modified":"2013-06-16T13:07:43","modified_gmt":"2013-06-16T11:07:43","slug":"klipparkivet-i","status":"publish","type":"page","link":"https:\/\/www.genealogi.net\/nova\/a-o\/klipparkivets-namnregister\/klipparkivet-i\/","title":{"rendered":"Klipparkivet I"},"content":{"rendered":"<p>H\u00e4r listas samtliga namn. F\u00f6r att se familjenotiserna beh\u00f6vs inloggning p\u00e5 medlemssidorna.<\/p>\n<p>\tTIPS! Anv\u00e4nd din webbl\u00e4sare f\u00f6r att s\u00f6ka inom denna sida: S\u00f6krutan dyker i regel upp vid klick p\u00e5 knapparna ctrl + F.<\/p>\n<p>I, Diverse&nbsp;&nbsp;(3) <br \/>\n\tIacobaeus&nbsp;&nbsp;(2) <br \/>\n\tIacobaeus, Iacob\u00e6us<br \/>\n\tIacobi&nbsp;&nbsp;(3) <br \/>\n\tIacobson<br \/>\n\tIaeger<br \/>\n\tIaneck<br \/>\n\tIannilli<br \/>\n\tIannone<br \/>\n\tIassu&nbsp;&nbsp;(2) <br \/>\n\tIba<br \/>\n\tIbach<br \/>\n\tIbanez<br \/>\n\tIbarra<br \/>\n\tIbbing<br \/>\n\tIbbinger<br \/>\n\tIbbsonius-Ifvarsson<br \/>\n\tIbegbulem<br \/>\n\tIbelius&nbsp;&nbsp;(2) <br \/>\n\tIberius<br \/>\n\tIbert&nbsp;&nbsp;(2) <br \/>\n\tIbfelt<br \/>\n\tIbjer<br \/>\n\tIborn<br \/>\n\tIbrahim<br \/>\n\tIbring<br \/>\n\tIbsen&nbsp;&nbsp;(2) <br \/>\n\tIbsonius-Iggenbom<br \/>\n\tIbsonne-Iggstr\u00f6m<br \/>\n\tIbstedt<br \/>\n\tIburg<br \/>\n\tIb\u00e4cks<br \/>\n\tIcaobello<br \/>\n\tIcek<br \/>\n\tIchimura<br \/>\n\tIckelberg&nbsp;&nbsp;(2) <br \/>\n\tIcten<br \/>\n\tIdahl<br \/>\n\tIdar&nbsp;&nbsp;(3) <br \/>\n\tIdberg<br \/>\n\tIdberger<br \/>\n\tIdblad<br \/>\n\tIdbohrn<br \/>\n\tIdborg<br \/>\n\tIdb\u00e4ck<br \/>\n\tIdde<br \/>\n\tIde&nbsp;&nbsp;(2) <br \/>\n\tIdeberg&nbsp;&nbsp;(2) <br \/>\n\tIdebom<br \/>\n\tIdeborg<br \/>\n\tIdeborn&nbsp;&nbsp;(2) <br \/>\n\tIdebro<br \/>\n\tIdefalk&nbsp;&nbsp;(2) <br \/>\n\tIdefelt&nbsp;&nbsp;(2) <br \/>\n\tIdefjell&nbsp;&nbsp;(2) <br \/>\n\tIdeforss&nbsp;&nbsp;(2) <br \/>\n\tIdegran<br \/>\n\tIdegren<br \/>\n\tIdeg\u00e5rd<br \/>\n\tIdehaag<br \/>\n\tIdehed<br \/>\n\tId\u00e9hn&nbsp;&nbsp;(2) <br \/>\n\tIdeholm<br \/>\n\tIdeklint<br \/>\n\tIdeland<br \/>\n\tIdelson-Wirth<br \/>\n\tIdemalm&nbsp;&nbsp;(2) <br \/>\n\tIdemark<br \/>\n\tId\u00e9n<br \/>\n\tIdenfeldt<br \/>\n\tIdenfors&nbsp;&nbsp;(2) <br \/>\n\tIdengren&nbsp;&nbsp;(3) <br \/>\n\tIdenius<br \/>\n\tIdenmark<br \/>\n\tIdensfeldt<br \/>\n\tIdensj\u00f6<br \/>\n\tIdenstam&nbsp;&nbsp;(2) <br \/>\n\tIdenteg<br \/>\n\tIder<br \/>\n\tIderborn<br \/>\n\tIderfeldt<br \/>\n\tIderfors<br \/>\n\tIdering<br \/>\n\tIdermark&nbsp;&nbsp;(2) <br \/>\n\tIderos<br \/>\n\tIderot<br \/>\n\tIderstam<br \/>\n\tIderstr\u00f6m<br \/>\n\tIdert&nbsp;&nbsp;(2) <br \/>\n\tIdervall<br \/>\n\tIdesj\u00f6&nbsp;&nbsp;(2) <br \/>\n\tIdeskog<br \/>\n\tIdestam-Almquist&nbsp;&nbsp;(3) <br \/>\n\tIdesten<br \/>\n\tIdestrand&nbsp;&nbsp;(2) <br \/>\n\tIdestr\u00f6m&nbsp;&nbsp;(4) <br \/>\n\tIdevall<br \/>\n\tIdewald<br \/>\n\tIdfeldt<br \/>\n\tIdfelt<br \/>\n\tIdfors&nbsp;&nbsp;(2) <br \/>\n\tIdh&nbsp;&nbsp;(2) <br \/>\n\tIdhagen<br \/>\n\tIdhammar<br \/>\n\tIdhassi<br \/>\n\tIdheman<br \/>\n\tIdholm&nbsp;&nbsp;(2) <br \/>\n\tIdin&nbsp;&nbsp;(2) <br \/>\n\tIding<br \/>\n\tIdinge<br \/>\n\tIdivuoma<br \/>\n\tIdla&nbsp;&nbsp;(2) <br \/>\n\tIdlund&nbsp;&nbsp;(2) <br \/>\n\tIdl\u00f6f<br \/>\n\tIdman&nbsp;&nbsp;(2) <br \/>\n\tIdmark&nbsp;&nbsp;(2) <br \/>\n\tIdner&nbsp;&nbsp;(2) <br \/>\n\tIdnert<br \/>\n\tIdoff&nbsp;&nbsp;(2) <br \/>\n\tIdoffson<br \/>\n\tIdoffsson<br \/>\n\tIdqvist<br \/>\n\tIdre&nbsp;&nbsp;(2) <br \/>\n\tIdr\u00e8n<br \/>\n\tIdrestam<br \/>\n\tIdring<br \/>\n\tIdrissi<br \/>\n\tIdstam&nbsp;&nbsp;(2) <br \/>\n\tIdstr\u00f6m&nbsp;&nbsp;(2) <br \/>\n\tIdsund<br \/>\n\tIdunger<br \/>\n\tIdvall&nbsp;&nbsp;(2) <br \/>\n\tIdving<br \/>\n\tIdzikowska<br \/>\n\tId\u00e5ker<br \/>\n\tId\u00e5s&nbsp;&nbsp;(2) <br \/>\n\tId\u00e4nge<br \/>\n\tIensen<br \/>\n\tIentzen<br \/>\n\tIepsen&nbsp;&nbsp;(2) <br \/>\n\tIevsin<br \/>\n\tIferberg<br \/>\n\tIffland<br \/>\n\tIfr\u00e8n<br \/>\n\tIfvarsson<br \/>\n\tIfver<br \/>\n\tIfversson<br \/>\n\tIfverstr\u00f6m&nbsp;&nbsp;(2) <br \/>\n\tIfwer<br \/>\n\tIgeborn<br \/>\n\tIgefors<br \/>\n\tIgel&nbsp;&nbsp;(2) <br \/>\n\tIgelberg<br \/>\n\tIgell<br \/>\n\tIgelmo<br \/>\n\tIgelstam<br \/>\n\tIgelstr\u00f6m&nbsp;&nbsp;(3) <br \/>\n\tIgelstr\u00f6m-Ignatius<br \/>\n\tIgel\u00f6v<br \/>\n\tIgemo&nbsp;&nbsp;(2) <br \/>\n\tIger&nbsp;&nbsp;(2) <br \/>\n\tIgerg\u00e5rd<br \/>\n\tIgestedt&nbsp;&nbsp;(2) <br \/>\n\tIgesten<br \/>\n\tIggberg<br \/>\n\tIggbom&nbsp;&nbsp;(2) <br \/>\n\tIggeberg<br \/>\n\tIggedal<br \/>\n\tIggemark<br \/>\n\tIggendahl<br \/>\n\tIggfors&nbsp;&nbsp;(2) <br \/>\n\tIggf\u00e4lt<br \/>\n\tIggland<br \/>\n\tIgglund&nbsp;&nbsp;(4) <br \/>\n\tIggman<br \/>\n\tIggmark<br \/>\n\tIggsj\u00f6<br \/>\n\tIggsten<br \/>\n\tIggstr\u00f6m&nbsp;&nbsp;(2) <br \/>\n\tIggstr\u00f6m-Ihlstr\u00f6m<br \/>\n\tIghe<br \/>\n\tIgler<br \/>\n\tIglesias<br \/>\n\tIgnander<br \/>\n\tIgnat<br \/>\n\tIgnatius-Inberg<br \/>\n\tIgnatova<br \/>\n\tIgnats<br \/>\n\tIgnberg&nbsp;&nbsp;(2) <br \/>\n\tIgnelius<br \/>\n\tIgnelius-Invander<br \/>\n\tIgnell&nbsp;&nbsp;(3) <br \/>\n\tIgnell-Indebetou<br \/>\n\tIgn\u00e8r<br \/>\n\tIgn\u00e9rus&nbsp;&nbsp;(2) <br \/>\n\tIgnjaic<br \/>\n\tIgra<br \/>\n\tIgrell&nbsp;&nbsp;(2) <br \/>\n\tIgstrand<br \/>\n\tIhalainen&nbsp;&nbsp;(2) <br \/>\n\tIham\u00e4ke<br \/>\n\tIhde<br \/>\n\tIhland<br \/>\n\tIhlar<br \/>\n\tIhlarudd<br \/>\n\tIhlau<br \/>\n\tIhlborg<br \/>\n\tIhleberg<br \/>\n\tIhlefeldt<br \/>\n\tIhlen<br \/>\n\tIhlenius&nbsp;&nbsp;(2) <br \/>\n\tIhlertz&nbsp;&nbsp;(2) <br \/>\n\tIhlis-Alm<br \/>\n\tIhlman&nbsp;&nbsp;(2) <br \/>\n\tIhlstr\u00f6m&nbsp;&nbsp;(2) <br \/>\n\tIhlstr\u00f6m-Ihrstadius<br \/>\n\tIhngle<br \/>\n\tIhr<br \/>\n\tIhran<br \/>\n\tIhrbom<br \/>\n\tIhre&nbsp;&nbsp;(7) <br \/>\n\tIhre-Ihrmarck<br \/>\n\tIhre-Ihrmark<br \/>\n\tIhrebo<br \/>\n\tIhrefelt<br \/>\n\tIhreg\u00e5rd<br \/>\n\tIhrelius<br \/>\n\tIhr\u00e9n&nbsp;&nbsp;(3) <br \/>\n\tIhrenfeldt<br \/>\n\tIhreskog&nbsp;&nbsp;(2) <br \/>\n\tIhrfelt&nbsp;&nbsp;(4) <br \/>\n\tIhrfors&nbsp;&nbsp;(4) <br \/>\n\tIhrlund<br \/>\n\tIhrman&nbsp;&nbsp;(3) <br \/>\n\tIhrmark&nbsp;&nbsp;(2) <br \/>\n\tIhrmark-Isberg&nbsp;&nbsp;(2) <br \/>\n\tIhrmarker<br \/>\n\tIhrner&nbsp;&nbsp;(2) <br \/>\n\tIhrs\u00e8n<br \/>\n\tIhrsing<br \/>\n\tIhrstadius-In de Betou<br \/>\n\tIhrstedt&nbsp;&nbsp;(2) <br \/>\n\tIhrstr\u00f6m<br \/>\n\tIhrs\u00e4ter<br \/>\n\tIhs&nbsp;&nbsp;(2) <br \/>\n\tIhse&nbsp;&nbsp;(2) <br \/>\n\tIhssen&nbsp;&nbsp;(2) <br \/>\n\tIiristo<br \/>\n\tIiskola<br \/>\n\tIivari<br \/>\n\tIivonen&nbsp;&nbsp;(2) <br \/>\n\tIjigayehu<br \/>\n\tIkander&nbsp;&nbsp;(2) <br \/>\n\tIkekwe<br \/>\n\tIkelberg<br \/>\n\tIkewe<br \/>\n\tIkic<br \/>\n\tIkkos<br \/>\n\tIkli<br \/>\n\tIko&nbsp;&nbsp;(2) <br \/>\n\tIkonen&nbsp;&nbsp;(2) <br \/>\n\tIkonomidis<br \/>\n\tIkse<br \/>\n\tIkubo<br \/>\n\tIk\u00e4heimonen<br \/>\n\tIlah<br \/>\n\tIlander&nbsp;&nbsp;(2) <br \/>\n\tIlanner<br \/>\n\tIlar&nbsp;&nbsp;(2) <br \/>\n\tIlb\u00e0nez<br \/>\n\tIlbring<br \/>\n\tIlchmann<br \/>\n\tIlde<br \/>\n\tIldefonso<br \/>\n\tIldiko<br \/>\n\tIlding<br \/>\n\tIldring&nbsp;&nbsp;(2) <br \/>\n\tIldvad<br \/>\n\tIlebrand<br \/>\n\tIledal-Bauer<br \/>\n\tIlegart<br \/>\n\tIleg\u00e5rd<br \/>\n\tIlestam<br \/>\n\tIlesten<br \/>\n\tIlestrand<br \/>\n\tIlfors<br \/>\n\tIlg<br \/>\n\tIlgner<br \/>\n\tIlhammar<br \/>\n\tIlhamn&nbsp;&nbsp;(2) <br \/>\n\tIlic<br \/>\n\tIlien&nbsp;&nbsp;(2) <br \/>\n\tIliev<br \/>\n\tIlieva<br \/>\n\tIlinenj\u00e4rvi<br \/>\n\tIling&nbsp;&nbsp;(2) <br \/>\n\tIlioplos<br \/>\n\tIliou<br \/>\n\tIlis<br \/>\n\tIlje<br \/>\n\tIlkkala<br \/>\n\tIlkvist<br \/>\n\tIlk\u00fcnsal<br \/>\n\tIllebrand, Illerbrand<br \/>\n\tIllemann<br \/>\n\tIllerfors<br \/>\n\tIllerg\u00e5rd<br \/>\n\tIllern\u00e4s<br \/>\n\tIllersj\u00f6&nbsp;&nbsp;(3) <br \/>\n\tIllerskog<br \/>\n\tIllerstam<br \/>\n\tIllerstrand<br \/>\n\tIllerstr\u00f6m<br \/>\n\tIllerst\u00e5l<br \/>\n\tIlles&nbsp;&nbsp;(2) <br \/>\n\tIllman&nbsp;&nbsp;(2) <br \/>\n\tIllut<br \/>\n\tIlmari<br \/>\n\tIlmarinen<br \/>\n\tIlmark<br \/>\n\tIlme<br \/>\n\tIlmehed<br \/>\n\tIlm\u00e9n&nbsp;&nbsp;(2) <br \/>\n\tIlmoni<br \/>\n\tIlola<br \/>\n\tIlom\u00e4ki<br \/>\n\tIlon&nbsp;&nbsp;(2) <br \/>\n\tIlonen<br \/>\n\tIlou<br \/>\n\tIlrot<br \/>\n\tIlsaas<br \/>\n\tIlselius&nbsp;&nbsp;(2) <br \/>\n\tIlstam&nbsp;&nbsp;(2) <br \/>\n\tIlsted<br \/>\n\tIlstedt<br \/>\n\tIlstrand<br \/>\n\tIlvall<br \/>\n\tIlv\u00e1n<br \/>\n\tIlvander<br \/>\n\tIlveby<br \/>\n\tIlveg\u00e5rd<br \/>\n\tIlv\u00e9n<br \/>\n\tIlves&nbsp;&nbsp;(2) <br \/>\n\tIlvesm\u00e4ki<br \/>\n\tIlvespakka<br \/>\n\tIlveus<br \/>\n\tIlving&nbsp;&nbsp;(2) <br \/>\n\tIlvonen<br \/>\n\tIlwars<br \/>\n\tIlyes<br \/>\n\tIm<br \/>\n\tImalis<br \/>\n\tImamura<br \/>\n\tIman<br \/>\n\tImark<br \/>\n\tImbach<br \/>\n\tImberg&nbsp;&nbsp;(2) <br \/>\n\tImbiason<br \/>\n\tImbrant<br \/>\n\tImbratt&nbsp;&nbsp;(2) <br \/>\n\tImbro&nbsp;&nbsp;(2) <br \/>\n\tImby&nbsp;&nbsp;(2) <br \/>\n\tImer<br \/>\n\tImeri&nbsp;&nbsp;(2) <br \/>\n\tIm\u00e9rus&nbsp;&nbsp;(2) <br \/>\n\tImeryd<br \/>\n\tImgart<br \/>\n\tImhagen<br \/>\n\tImh\u00e4user<br \/>\n\tImislund<br \/>\n\tImland<br \/>\n\tImme<br \/>\n\tImmelb\u00e4ck<br \/>\n\tImmeles<br \/>\n\tImmelius<br \/>\n\tImmelman<br \/>\n\tImmerbo<br \/>\n\tImmers<br \/>\n\tImmerstrand&nbsp;&nbsp;(2) <br \/>\n\tImmink<br \/>\n\tImmonen<br \/>\n\tImmonen-Hedberg<br \/>\n\tImner<br \/>\n\tImonen<br \/>\n\tImpellizzeri<br \/>\n\tImperiali<br \/>\n\tImpola<br \/>\n\tImre<br \/>\n\tImrell<br \/>\n\tImsen<br \/>\n\tImshaug<br \/>\n\tImvall<br \/>\n\tIn de Betou&nbsp;&nbsp;(3) <br \/>\n\tIn de Betou-Ingman<br \/>\n\tIn de Betou-Mattson<br \/>\n\tin Sok<br \/>\n\tInacio<br \/>\n\tInaeus<br \/>\n\tInal<br \/>\n\tInancsi<br \/>\n\tInberg&nbsp;&nbsp;(3) <br \/>\n\tInberg-Ingelotz<br \/>\n\tInce<br \/>\n\tIncitis<br \/>\n\tIndahl<br \/>\n\tInde<br \/>\n\tIndebetou<br \/>\n\tIndebetou-Ingelman<br \/>\n\tIndebetou-Isaacsson<br \/>\n\tIndelicato<br \/>\n\tIndergand<br \/>\n\tIndgjerd<br \/>\n\tIndola<br \/>\n\tIndrehus<br \/>\n\tIndreko<br \/>\n\tIndrell<br \/>\n\tIndrenius<br \/>\n\tIndrenius-Zalewski<br \/>\n\tIndseth<br \/>\n\tIndstrand<br \/>\n\tInduss&nbsp;&nbsp;(2) <br \/>\n\tIneb\u00e4ck<br \/>\n\tInedahl&nbsp;&nbsp;(2) <br \/>\n\tIneheim<br \/>\n\tInel<br \/>\n\tInell<br \/>\n\tIneman<br \/>\n\tInemyr<br \/>\n\tInerius<br \/>\n\tIneros<br \/>\n\tInerud<br \/>\n\tInervo<br \/>\n\tInestal<br \/>\n\tInestam<br \/>\n\tInfante<br \/>\n\tInfeld&nbsp;&nbsp;(2) <br \/>\n\tInga<br \/>\n\tInganni<br \/>\n\tIngan\u00e4s&nbsp;&nbsp;(2) <br \/>\n\tIngard<br \/>\n\tIngardal<br \/>\n\tIngare<br \/>\n\tIngarud<br \/>\n\tIngberg&nbsp;&nbsp;(3) <br \/>\n\tIngberg-Isberg<br \/>\n\tIngberk<br \/>\n\tIngblad<br \/>\n\tIngblom<br \/>\n\tIngborn<br \/>\n\tIngbrand<br \/>\n\tIngdahl<br \/>\n\tIngdell<br \/>\n\tIngd\u00e9n<br \/>\n\tInge<br \/>\n\tInge, Inghe&nbsp;&nbsp;(2) <br \/>\n\tIngebergh&nbsp;&nbsp;(2) <br \/>\n\tIngebo<br \/>\n\tIngeborn&nbsp;&nbsp;(2) <br \/>\n\tIngebrad<br \/>\n\tIngebrand<br \/>\n\tIngebregtsen<br \/>\n\tIngebrektsson&nbsp;&nbsp;(2) <br \/>\n\tIngebretzen&nbsp;&nbsp;(2) <br \/>\n\tIngebricsson<br \/>\n\tIngebrigtsen<br \/>\n\tIngebro<br \/>\n\tIngedahl<br \/>\n\tIngefeldt<br \/>\n\tIngefj\u00e4rd<br \/>\n\tIngefors<br \/>\n\tIngeg\u00e5rd&nbsp;&nbsp;(2) <br \/>\n\tIngeholm<br \/>\n\tIngehult<br \/>\n\tIngel<br \/>\n\tIngeland&nbsp;&nbsp;(2) <br \/>\n\tIngelandt&nbsp;&nbsp;(2) <br \/>\n\tIngelberg&nbsp;&nbsp;(2) <br \/>\n\tIngelborn<br \/>\n\tIngelbrand<br \/>\n\tIngelbratt<br \/>\n\tIngelf&nbsp;&nbsp;(2) <br \/>\n\tIngelfeldt&nbsp;&nbsp;(2) <br \/>\n\tIngelfors<br \/>\n\tIngelgren&nbsp;&nbsp;(2) <br \/>\n\tIngelg\u00e5rd&nbsp;&nbsp;(2) <br \/>\n\tIngelhammar<br \/>\n\tIngelheim<br \/>\n\tIngelin<br \/>\n\tIngell<br \/>\n\tIngelman&nbsp;&nbsp;(3) <br \/>\n\tIngelman-Ingemarsson<br \/>\n\tIngelmark&nbsp;&nbsp;(2) <br \/>\n\tIngelotz-Ingmann<br \/>\n\tIngelow&nbsp;&nbsp;(2) <br \/>\n\tIngelqvist<br \/>\n\tIngels&nbsp;&nbsp;(2) <br \/>\n\tIngelsberg<br \/>\n\tIngelse<br \/>\n\tIngelsg\u00e5rd<br \/>\n\tIngelshed<br \/>\n\tIngelson&nbsp;&nbsp;(2) <br \/>\n\tIngelsrud<br \/>\n\tIngelsson&nbsp;&nbsp;(3) <br \/>\n\tIngelstam&nbsp;&nbsp;(2) <br \/>\n\tIngelstedt&nbsp;&nbsp;(2) <br \/>\n\tIngelsten&nbsp;&nbsp;(2) <br \/>\n\tIngelstr\u00f6m&nbsp;&nbsp;(2) <br \/>\n\tIngelund&nbsp;&nbsp;(2) <br \/>\n\tIngel\u00f6f<br \/>\n\tIngel\u00f6g&nbsp;&nbsp;(3) <br \/>\n\tIngeman<br \/>\n\tIngemann&nbsp;&nbsp;(2) <br \/>\n\tIngemanson&nbsp;&nbsp;(2) <br \/>\n\tIngemansson&nbsp;&nbsp;(4) <br \/>\n\tIngemark&nbsp;&nbsp;(2) <br \/>\n\tIngemars<br \/>\n\tIngemarsdotter<br \/>\n\tIngemarson&nbsp;&nbsp;(4) <br \/>\n\tIngemarsson&nbsp;&nbsp;(2) <br \/>\n\tIngemyr<br \/>\n\tIngendoh<br \/>\n\tIngen\u00e4s&nbsp;&nbsp;(2) <br \/>\n\tInger&nbsp;&nbsp;(2) <br \/>\n\tInger-Ingmunsson<br \/>\n\tIngerborn<br \/>\n\tIngerby&nbsp;&nbsp;(2) <br \/>\n\tIngerdal<br \/>\n\tIngerfelt<br \/>\n\tIngerg\u00e5rd&nbsp;&nbsp;(2) <br \/>\n\tIngerhed<br \/>\n\tIngerholm<br \/>\n\tIngerlund&nbsp;&nbsp;(2) <br \/>\n\tIngermaa<br \/>\n\tIngerman<br \/>\n\tIngermark<br \/>\n\tIngermo<br \/>\n\tIngers&nbsp;&nbsp;(2) <br \/>\n\tIngersj\u00f6<br \/>\n\tIngerskog<br \/>\n\tIngerstad<br \/>\n\tIngerstam&nbsp;&nbsp;(2) <br \/>\n\tIngerstedt&nbsp;&nbsp;(2) <br \/>\n\tIngert<br \/>\n\tIngerup<br \/>\n\tIngervall&nbsp;&nbsp;(2) <br \/>\n\tIngeryd<br \/>\n\tInges<br \/>\n\tIngesj\u00f6<br \/>\n\tIngeskog&nbsp;&nbsp;(2) <br \/>\n\tIngeson&nbsp;&nbsp;(4) <br \/>\n\tIngestad&nbsp;&nbsp;(2) <br \/>\n\tIngestam<br \/>\n\tIngestedt<br \/>\n\tIngestr\u00f6m&nbsp;&nbsp;(4) <br \/>\n\tIngetoft<br \/>\n\tIngevald&nbsp;&nbsp;(2) <br \/>\n\tIngevaldsson<br \/>\n\tIngevall&nbsp;&nbsp;(3) <br \/>\n\tIngevard<br \/>\n\tIngevik&nbsp;&nbsp;(2) <br \/>\n\tIngfeldt&nbsp;&nbsp;(2) <br \/>\n\tIngfors&nbsp;&nbsp;(2) <br \/>\n\tIngg\u00e5rde<br \/>\n\tIngham<br \/>\n\tInghammar<br \/>\n\tInghardt&nbsp;&nbsp;(2) <br \/>\n\tInghe<br \/>\n\tIngholm&nbsp;&nbsp;(2) <br \/>\n\tInghult<br \/>\n\tIngi&nbsp;&nbsp;(2) <br \/>\n\tIngiald<br \/>\n\tIngildsen<br \/>\n\tIngius<br \/>\n\tIngjald<br \/>\n\tInglander&nbsp;&nbsp;(2) <br \/>\n\tIngler&nbsp;&nbsp;(2) <br \/>\n\tInglis<br \/>\n\tIngloff<br \/>\n\tInglund&nbsp;&nbsp;(2) <br \/>\n\tIngman&nbsp;&nbsp;(6) <br \/>\n\tIngman-Inokay<br \/>\n\tIngman-Isaac<br \/>\n\tIngmanson&nbsp;&nbsp;(2) <br \/>\n\tIngmansson<br \/>\n\tIngmar&nbsp;&nbsp;(3) <br \/>\n\tIngmark&nbsp;&nbsp;(2) <br \/>\n\tIngmarson<br \/>\n\tIngmarsson<br \/>\n\tIngmo&nbsp;&nbsp;(2) <br \/>\n\tIngnell&nbsp;&nbsp;(2) <br \/>\n\tIngn\u00e4s<br \/>\n\tIngo&nbsp;&nbsp;(2) <br \/>\n\tIngolf&nbsp;&nbsp;(2) <br \/>\n\tIngraeus<br \/>\n\tIngram<br \/>\n\tIngre&nbsp;&nbsp;(2) <br \/>\n\tIngren&nbsp;&nbsp;(2) <br \/>\n\tIngri&nbsp;&nbsp;(2) <br \/>\n\tIngridsson<br \/>\n\tIngridz<br \/>\n\tIngritz&nbsp;&nbsp;(2) <br \/>\n\tIngrup<br \/>\n\tIngsell<br \/>\n\tIngsten<br \/>\n\tIngster<br \/>\n\tIngstorp&nbsp;&nbsp;(2) <br \/>\n\tIngstr\u00f6m<br \/>\n\tIngs\u00e4ter<br \/>\n\tIngulf<br \/>\n\tIngulfson&nbsp;&nbsp;(2) <br \/>\n\tIngvald<br \/>\n\tIngvaldson<br \/>\n\tIngvallsson<br \/>\n\tIngvar&nbsp;&nbsp;(4) <br \/>\n\tIngvarson&nbsp;&nbsp;(8) <br \/>\n\tIngvarsson&nbsp;&nbsp;(3) <br \/>\n\tIngvast&nbsp;&nbsp;(2) <br \/>\n\tIngve<br \/>\n\tIngvert<br \/>\n\tIngves&nbsp;&nbsp;(2) <br \/>\n\tIngvesson<br \/>\n\tIngwall&nbsp;&nbsp;(4) <br \/>\n\tIngwe<br \/>\n\tIngwersen&nbsp;&nbsp;(2) <br \/>\n\tIng\u00e5rd<br \/>\n\tIng\u00e5rda<br \/>\n\tIng\u00f6<br \/>\n\tInholm<br \/>\n\tInh\u00fclsen<br \/>\n\tIninbergs<br \/>\n\tInk<br \/>\n\tInkap\u00f6\u00f6l&nbsp;&nbsp;(2) <br \/>\n\tInkeri<br \/>\n\tInkeroinen<br \/>\n\tInkinen&nbsp;&nbsp;(2) <br \/>\n\tInman<br \/>\n\tInnala&nbsp;&nbsp;(3) <br \/>\n\tInnanen<br \/>\n\tInnerfors<br \/>\n\tInnerg\u00e5rd&nbsp;&nbsp;(3) <br \/>\n\tInnerstedt&nbsp;&nbsp;(2) <br \/>\n\tInnes<br \/>\n\tInning<br \/>\n\tInnings<br \/>\n\tInnocente<br \/>\n\tInokaij<br \/>\n\tInoue<br \/>\n\tInovius<br \/>\n\tInroth-Ihre<br \/>\n\tInser<br \/>\n\tInserte<br \/>\n\tInseus<br \/>\n\tInsulander&nbsp;&nbsp;(9) <br \/>\n\tInsunza<br \/>\n\tInterstein<br \/>\n\tIntini<br \/>\n\tInto<br \/>\n\tIntonti&nbsp;&nbsp;(2) <br \/>\n\tIntrovigne<br \/>\n\tIntveld<br \/>\n\tInvaldsson<br \/>\n\tInvenius&nbsp;&nbsp;(2) <br \/>\n\tInvenius-Ihre<br \/>\n\tInzaina<br \/>\n\tIohnson&nbsp;&nbsp;(4) <br \/>\n\tIomel-Hoffman<br \/>\n\tIonsefi<br \/>\n\tIosifidis<br \/>\n\tIossa<br \/>\n\tIovanovic<br \/>\n\tIppolito<br \/>\n\tIpsa<br \/>\n\tIpsen&nbsp;&nbsp;(2) <br \/>\n\tIpsonius<br \/>\n\tIrander&nbsp;&nbsp;(2) <br \/>\n\tIran\u00e6us<br \/>\n\tIrarrazabal<br \/>\n\tIrberg<br \/>\n\tIrberger<br \/>\n\tIrblad<br \/>\n\tIrborg&nbsp;&nbsp;(2) <br \/>\n\tIrbrant&nbsp;&nbsp;(2) <br \/>\n\tIrbring<br \/>\n\tIrb\u00e4ck&nbsp;&nbsp;(2) <br \/>\n\tIrd\u00e9n&nbsp;&nbsp;(2) <br \/>\n\tIrderstam<br \/>\n\tIrebjer<br \/>\n\tIreblad&nbsp;&nbsp;(2) <br \/>\n\tIrebro<br \/>\n\tIreby<br \/>\n\tIreb\u00e4ck<br \/>\n\tIredahl<br \/>\n\tIreflod<br \/>\n\tIregren&nbsp;&nbsp;(2) <br \/>\n\tIrehall<br \/>\n\tIrelid<br \/>\n\tIrel\u00f6v<br \/>\n\tIremark&nbsp;&nbsp;(2) <br \/>\n\tIremo<br \/>\n\tIrenaeus<br \/>\n\tIren\u00e9us&nbsp;&nbsp;(2) <br \/>\n\tIrenheim<br \/>\n\tIrenius<br \/>\n\tIrenmark<br \/>\n\tIrestam<br \/>\n\tIrestedt&nbsp;&nbsp;(2) <br \/>\n\tIrestig&nbsp;&nbsp;(2) <br \/>\n\tIrestrand<br \/>\n\tIrestr\u00f6m<br \/>\n\tIrevik<br \/>\n\tIrev\u00e5ng<br \/>\n\tIrfalk<br \/>\n\tIrgard<br \/>\n\tIrgens&nbsp;&nbsp;(2) <br \/>\n\tIrhammar&nbsp;&nbsp;(2) <br \/>\n\tIrhamn<br \/>\n\tIrhem<br \/>\n\tIrholm&nbsp;&nbsp;(2) <br \/>\n\tIrhult<br \/>\n\tIrigoyen<br \/>\n\tIrinarchos&nbsp;&nbsp;(2) <br \/>\n\tIrlander<br \/>\n\tIrme<br \/>\n\tIrmenbach<br \/>\n\tIrmenius<br \/>\n\tIrmgaard<br \/>\n\tIrmg\u00e5rd<br \/>\n\tIrmsell<br \/>\n\tIrnell&nbsp;&nbsp;(2) <br \/>\n\tIrn\u00e4s<br \/>\n\tIroegbu<br \/>\n\tIrons<br \/>\n\tIrsiegler<br \/>\n\tIrskog<br \/>\n\tIrstad&nbsp;&nbsp;(2) <br \/>\n\tIrstam&nbsp;&nbsp;(2) <br \/>\n\tIrsten&nbsp;&nbsp;(2) <br \/>\n\tIrudayarajan<br \/>\n\tIrvall&nbsp;&nbsp;(2) <br \/>\n\tIrvang<br \/>\n\tIrveby<br \/>\n\tIrveland<br \/>\n\tIrv\u00e9us<br \/>\n\tIrvine<br \/>\n\tIrving<br \/>\n\tIrwahn&nbsp;&nbsp;(2) <br \/>\n\tIrwe&nbsp;&nbsp;(2) <br \/>\n\tIrwert<br \/>\n\tIrwin<br \/>\n\tIrwing&nbsp;&nbsp;(2) <br \/>\n\tIsaac<br \/>\n\tIsaacs<br \/>\n\tIsaacsdotter-Isoz<br \/>\n\tIsaacsson&nbsp;&nbsp;(2) <br \/>\n\tIsaak<br \/>\n\tIsacchi<br \/>\n\tIsacsson&nbsp;&nbsp;(6) <br \/>\n\tIsaeus<br \/>\n\tIsahag<br \/>\n\tIsakka<br \/>\n\tIsakovic<br \/>\n\tIsaksen<br \/>\n\tIsaksson&nbsp;&nbsp;(94) <br \/>\n\tIsalsson<br \/>\n\tIsand<br \/>\n\tIsander&nbsp;&nbsp;(4) <br \/>\n\tIsasi<br \/>\n\tIsaura<br \/>\n\tIsaxon<br \/>\n\tIsberg&nbsp;&nbsp;(20) <br \/>\n\tIsberg-Isberg<br \/>\n\tIsberg-Ising<br \/>\n\tIsberg-Ivers<br \/>\n\tIsberg-Jaennitz<br \/>\n\tIsberg-Jeansson<br \/>\n\tIsbert<br \/>\n\tIsbister<br \/>\n\tIsblad<br \/>\n\tIsborg<br \/>\n\tIsborn&nbsp;&nbsp;(2) <br \/>\n\tIsbrant<br \/>\n\tIsby&nbsp;&nbsp;(2) <br \/>\n\tIsb\u00e4ck&nbsp;&nbsp;(2) <br \/>\n\tIscht<br \/>\n\tIsdahl<br \/>\n\tIse<br \/>\n\tIsebjer<br \/>\n\tIseborg<br \/>\n\tIseborn<br \/>\n\tIsebrant<br \/>\n\tIsedal&nbsp;&nbsp;(2) <br \/>\n\tIsef\u00e4lt<br \/>\n\tIsehed<br \/>\n\tIselan<br \/>\n\tIselau<br \/>\n\tIselius<br \/>\n\tIsell&nbsp;&nbsp;(3) <br \/>\n\tIsen&nbsp;&nbsp;(2) <br \/>\n\tIsenberg&nbsp;&nbsp;(3) <br \/>\n\tIsenberg-Israelsson<br \/>\n\tIsenborg<br \/>\n\tIsendor&nbsp;&nbsp;(2) <br \/>\n\tIsenius&nbsp;&nbsp;(2) <br \/>\n\tIsenstein<br \/>\n\tIsert<br \/>\n\tIseryd&nbsp;&nbsp;(2) <br \/>\n\tIser\u00e5s<br \/>\n\tIseskog<br \/>\n\tIseus<br \/>\n\tIsevik<br \/>\n\tIsfalk<br \/>\n\tIsfors<br \/>\n\tIsf\u00e4lt&nbsp;&nbsp;(2) <br \/>\n\tIsgaard<br \/>\n\tIsgren&nbsp;&nbsp;(3) <br \/>\n\tIsg\u00e5rd&nbsp;&nbsp;(2) <br \/>\n\tIsg\u00f6r<br \/>\n\tIshak<br \/>\n\tIshammar<br \/>\n\tIshanin<br \/>\n\tIsheden&nbsp;&nbsp;(2) <br \/>\n\tIsherwood<br \/>\n\tIshida<br \/>\n\tIsholt<br \/>\n\tIshuk<br \/>\n\tIsidorsson<br \/>\n\tIsik<br \/>\n\tIsikowitz&nbsp;&nbsp;(2) <br \/>\n\tising&nbsp;&nbsp;(2) <br \/>\n\tIsinge<br \/>\n\tIsinger<br \/>\n\tIsitt<br \/>\n\tIskander<br \/>\n\tIslam<br \/>\n\tIslander<br \/>\n\tIslander-Iversson<br \/>\n\tIsler&nbsp;&nbsp;(2) <br \/>\n\tIslik<br \/>\n\tIsling<br \/>\n\tIslinger<br \/>\n\tIslo<br \/>\n\tIsmail<br \/>\n\tIsman&nbsp;&nbsp;(2) <br \/>\n\tIsmark&nbsp;&nbsp;(2) <br \/>\n\tIsnin<br \/>\n\tIso<br \/>\n\tIso-Oja<br \/>\n\tIsoaho<br \/>\n\tIsoalno<br \/>\n\tIsoaro<br \/>\n\tIsola<br \/>\n\tIsoluoma<br \/>\n\tIsoMauno<br \/>\n\tIsomets\u00e4<br \/>\n\tIsom\u00e4ki&nbsp;&nbsp;(2) <br \/>\n\tIsoniemi<br \/>\n\tIsopousso<br \/>\n\tIsotalo<br \/>\n\tIsotalus<br \/>\n\tIsoz&nbsp;&nbsp;(6) <br \/>\n\tIsoz-Ixell<br \/>\n\tIsqverdio<br \/>\n\tIsrael&nbsp;&nbsp;(2) <br \/>\n\tIsrael-Gedin<br \/>\n\tIsraelachvili<br \/>\n\tIsraeli<br \/>\n\tIsraels<br \/>\n\tIsraelski<br \/>\n\tIsraelsson&nbsp;&nbsp;(27) <br \/>\n\tIsraelsson-Ixenschmidt<br \/>\n\tIsraelzon<br \/>\n\tIsr\u00e9l&nbsp;&nbsp;(2) <br \/>\n\tIsroth<br \/>\n\tIssa<br \/>\n\tIssakainen<br \/>\n\tIssef<br \/>\n\tIsselhorst<br \/>\n\tIss\u00e9n&nbsp;&nbsp;(2) <br \/>\n\tIssj\u00f6&nbsp;&nbsp;(2) <br \/>\n\tIssot&nbsp;&nbsp;(2) <br \/>\n\tIsteri<br \/>\n\tIstola<br \/>\n\tIstomin<br \/>\n\tIstrell<br \/>\n\tIstr\u00f6m<br \/>\n\tIstvan<br \/>\n\tIsulv<br \/>\n\tIsvald<br \/>\n\tIsv\u00e9n<br \/>\n\tIswer<br \/>\n\tIs\u00e4us&nbsp;&nbsp;(2) <br \/>\n\tIta<br \/>\n\tItaliener&nbsp;&nbsp;(2) <br \/>\n\tItem<br \/>\n\titic<br \/>\n\tItkes<br \/>\n\tItkonen<br \/>\n\tItschner&nbsp;&nbsp;(2) <br \/>\n\tIttner<br \/>\n\tItz<br \/>\n\tItze<br \/>\n\tItzel&nbsp;&nbsp;(2) <br \/>\n\tItzenga<br \/>\n\tIuel<br \/>\n\tIuul<br \/>\n\tIvalo<br \/>\n\tIvan<br \/>\n\tIvander&nbsp;&nbsp;(2) <br \/>\n\tIvankovits<br \/>\n\tIvanov<br \/>\n\tIvanovic<br \/>\n\tIvanowsky<br \/>\n\tIvansen<br \/>\n\tIvanyi<br \/>\n\tIvares<br \/>\n\tIvari&nbsp;&nbsp;(2) <br \/>\n\tIvarra<br \/>\n\tIvars<br \/>\n\tIvarsdotter<br \/>\n\tIvarsson&nbsp;&nbsp;(40) <br \/>\n\tIvascu<br \/>\n\tIve<br \/>\n\tIveberg&nbsp;&nbsp;(2) <br \/>\n\tIvebo<br \/>\n\tIveborg<br \/>\n\tIvebrant<br \/>\n\tIvebring<br \/>\n\tIveby<br \/>\n\tIvedal<br \/>\n\tIvefeldt<br \/>\n\tIvefjord<br \/>\n\tIvegran<br \/>\n\tIvegren<br \/>\n\tIveg\u00e5rd<br \/>\n\tIvehammar<br \/>\n\tIvehorn<br \/>\n\tIvehult<br \/>\n\tIveklint<br \/>\n\tIvekrans<br \/>\n\tIvell<br \/>\n\tIvemark&nbsp;&nbsp;(2) <br \/>\n\tIvemo<br \/>\n\tIvemyr<br \/>\n\tIv\u00e9n&nbsp;&nbsp;(2) <br \/>\n\tIverbring<br \/>\n\tIverby<br \/>\n\tIverfeldt<br \/>\n\tIverg\u00e5rd<br \/>\n\tIvering<br \/>\n\tIverlund<br \/>\n\tIvermark&nbsp;&nbsp;(2) <br \/>\n\tIverns<br \/>\n\tIveroth&nbsp;&nbsp;(3) <br \/>\n\tIvers&nbsp;&nbsp;(2) <br \/>\n\tIversen&nbsp;&nbsp;(4) <br \/>\n\tIverson<br \/>\n\tIverson-Iverus<br \/>\n\tIversson<br \/>\n\tIverstam&nbsp;&nbsp;(2) <br \/>\n\tIversten<br \/>\n\tIvert&nbsp;&nbsp;(3) <br \/>\n\tIverus&nbsp;&nbsp;(3) <br \/>\n\tIvervall<br \/>\n\tIveryd<br \/>\n\tIver\u00e5s<br \/>\n\tIves<br \/>\n\tIvesand<br \/>\n\tIvesl\u00e4tt<br \/>\n\tIvestad<br \/>\n\tIvestedt<br \/>\n\tIvestr\u00f6m<br \/>\n\tIvetun<br \/>\n\tIv\u00e9us&nbsp;&nbsp;(2) <br \/>\n\tIvgen<br \/>\n\tIvgren&nbsp;&nbsp;(2) <br \/>\n\tIvhed<br \/>\n\tIvinger<br \/>\n\tIvmark<br \/>\n\tIvner<br \/>\n\tIvn\u00e4s<br \/>\n\tIvraeus&nbsp;&nbsp;(2) <br \/>\n\tIvre<br \/>\n\tIvrell&nbsp;&nbsp;(2) <br \/>\n\tIvri<br \/>\n\tIvring<br \/>\n\tIvroth<br \/>\n\tIvstam&nbsp;&nbsp;(2) <br \/>\n\tIvstrand<br \/>\n\tIvst\u00e5hl<br \/>\n\tIv\u00e5s<br \/>\n\tIv\u00f6<br \/>\n\tIwald<br \/>\n\tIwaniec<br \/>\n\tIwans<br \/>\n\tIwanski<br \/>\n\tIwansson&nbsp;&nbsp;(3) <br \/>\n\tIwar&nbsp;&nbsp;(3) <br \/>\n\tIwars<br \/>\n\tIwasaki<br \/>\n\tIwdal<br \/>\n\tIwefors<br \/>\n\tIwelius<br \/>\n\tIwemyr<br \/>\n\tIw\u00e9nius<br \/>\n\tIwerbo<br \/>\n\tIwerdahl<br \/>\n\tIwerman<br \/>\n\tIweros<br \/>\n\tIwung<br \/>\n\tIzadian<br \/>\n\tIzari<br \/>\n\tIzbicki<br \/>\n\tIzgi<br \/>\n\tIzgie<br \/>\n\tIzgin<br \/>\n\tIzikowitz<br \/>\n\tIzumi<\/p>\n","protected":false},"excerpt":{"rendered":"<p>H\u00e4r listas samtliga namn. F\u00f6r att se familjenotiserna beh\u00f6vs inloggning p\u00e5 medlemssidorna. TIPS! Anv\u00e4nd din webbl\u00e4sare f\u00f6r att s\u00f6ka inom denna sida: S\u00f6krutan dyker i regel upp vid klick p\u00e5 knapparna ctrl + F. I, Diverse&nbsp;&nbsp;(3) Iacobaeus&nbsp;&nbsp;(2) Iacobaeus, Iacob\u00e6us Iacobi&nbsp;&nbsp;(3) Iacobson Iaeger Ianeck Iannilli Iannone Iassu&nbsp;&nbsp;(2) Iba Ibach Ibanez Ibarra Ibbing Ibbinger Ibbsonius-Ifvarsson Ibegbulem Ibelius&nbsp;&nbsp;(2) &#8230; <a title=\"Klipparkivet I\" class=\"read-more\" href=\"https:\/\/www.genealogi.net\/nova\/a-o\/klipparkivets-namnregister\/klipparkivet-i\/\" aria-label=\"L\u00e4s mer om Klipparkivet I\">L\u00e4s mer<\/a><\/p>\n","protected":false},"author":2,"featured_media":0,"parent":1856,"menu_order":0,"comment_status":"closed","ping_status":"closed","template":"","meta":{"footnotes":""},"class_list":["post-2753","page","type-page","status-publish"],"_links":{"self":[{"href":"https:\/\/www.genealogi.net\/nova\/wp-json\/wp\/v2\/pages\/2753","targetHints":{"allow":["GET"]}}],"collection":[{"href":"https:\/\/www.genealogi.net\/nova\/wp-json\/wp\/v2\/pages"}],"about":[{"href":"https:\/\/www.genealogi.net\/nova\/wp-json\/wp\/v2\/types\/page"}],"author":[{"embeddable":true,"href":"https:\/\/www.genealogi.net\/nova\/wp-json\/wp\/v2\/users\/2"}],"replies":[{"embeddable":true,"href":"https:\/\/www.genealogi.net\/nova\/wp-json\/wp\/v2\/comments?post=2753"}],"version-history":[{"count":0,"href":"https:\/\/www.genealogi.net\/nova\/wp-json\/wp\/v2\/pages\/2753\/revisions"}],"up":[{"embeddable":true,"href":"https:\/\/www.genealogi.net\/nova\/wp-json\/wp\/v2\/pages\/1856"}],"wp:attachment":[{"href":"https:\/\/www.genealogi.net\/nova\/wp-json\/wp\/v2\/media?parent=2753"}],"curies":[{"name":"wp","href":"https:\/\/api.w.org\/{rel}","templated":true}]}}