{"id":2769,"date":"2013-06-16T13:19:03","date_gmt":"2013-06-16T11:19:03","guid":{"rendered":"http:\/\/www.u2086112.fsdata.se\/?page_id=2769"},"modified":"2013-06-16T13:19:03","modified_gmt":"2013-06-16T11:19:03","slug":"klipparkivet-q","status":"publish","type":"page","link":"https:\/\/www.genealogi.net\/nova\/a-o\/klipparkivets-namnregister\/klipparkivet-q\/","title":{"rendered":"Klipparkivet Q"},"content":{"rendered":"<p>H\u00e4r listas samtliga namn. F\u00f6r att se familjenotiserna beh\u00f6vs inloggning p\u00e5 medlemssidorna.<\/p>\n<p>\tTIPS! Anv\u00e4nd din webbl\u00e4sare f\u00f6r att s\u00f6ka inom denna sida: S\u00f6krutan dyker i regel upp vid klick p\u00e5 knapparna ctrl + F.<\/p>\n<p>Qadoumi<br \/>\n\tQamhawi<br \/>\n\tQangule<br \/>\n\tQing<br \/>\n\tQouist<br \/>\n\tQuack&nbsp;&nbsp;(2) <br \/>\n\tQuadal-Qvarberg<br \/>\n\tQuade&nbsp;&nbsp;(2) <br \/>\n\tQuak<br \/>\n\tQuanstrom<br \/>\n\tQuant<br \/>\n\tQuanten<br \/>\n\tQuants<br \/>\n\tQuarfood<br \/>\n\tQuarforth<br \/>\n\tQuarles<br \/>\n\tQuarles von Ufford<br \/>\n\tQuarnstr\u00f6m-Quiding<br \/>\n\tQuarn\u00e5&nbsp;&nbsp;(2) <br \/>\n\tQuarsell<br \/>\n\tQuarta<br \/>\n\tQuartino<br \/>\n\tQuas<br \/>\n\tQuastel<br \/>\n\tQuastel, Quijano, Quitzke<br \/>\n\tQuasters<br \/>\n\tQuazi<br \/>\n\tQueckfeldt&nbsp;&nbsp;(3) <br \/>\n\tQuedlinburg<br \/>\n\tQuell<br \/>\n\tQuellmalz<br \/>\n\tQuenensse<br \/>\n\tQuennerstedt&nbsp;&nbsp;(5) <br \/>\n\tQuensel&nbsp;&nbsp;(9) <br \/>\n\tQuensel-Qvillander<br \/>\n\tQuentzer<br \/>\n\tQuesada<br \/>\n\tQuevedo<br \/>\n\tQuiberg<br \/>\n\tQuick&nbsp;&nbsp;(4) <br \/>\n\tQuickland<br \/>\n\tQuidenus<br \/>\n\tQuiding&nbsp;&nbsp;(6) <br \/>\n\tQuiding-Quist<br \/>\n\tQuigg<br \/>\n\tQuigley<br \/>\n\tQuijano<br \/>\n\tQuiles<br \/>\n\tQuilisch<br \/>\n\tQuillano<br \/>\n\tQuillstr\u00f6m-Qvist<br \/>\n\tQuinby<br \/>\n\tQuincy<br \/>\n\tQuinn<br \/>\n\tQuint<br \/>\n\tQuintana<br \/>\n\tQuintero<br \/>\n\tQuintus<br \/>\n\tQuirce<br \/>\n\tQuirico<br \/>\n\tQuiroga<br \/>\n\tQuist&nbsp;&nbsp;(3) <br \/>\n\tQuist-Quist<br \/>\n\tQuist-Rabbe<br \/>\n\tQuistbergh<br \/>\n\tQuistgaard<br \/>\n\tQuittberg<br \/>\n\tQuitzau<br \/>\n\tQuitzke<br \/>\n\tQundos<br \/>\n\tQuraishi<br \/>\n\tQureshi&nbsp;&nbsp;(2) <br \/>\n\tQuriaghli<br \/>\n\tQuta,Quota<br \/>\n\tQuvang<br \/>\n\tQvale&nbsp;&nbsp;(2) <br \/>\n\tQvam&nbsp;&nbsp;(2) <br \/>\n\tQvandt<br \/>\n\tQvanten-Qvarrfot<br \/>\n\tQvanth<br \/>\n\tQvarford<br \/>\n\tQvarfordt&nbsp;&nbsp;(11) <br \/>\n\tQvarfort-Qveckfeldt<br \/>\n\tQvarlander&nbsp;&nbsp;(2) <br \/>\n\tQvarnesj\u00f6&nbsp;&nbsp;(2) <br \/>\n\tQvarng\u00e5rd<br \/>\n\tQvarnholm<br \/>\n\tQvarnsj\u00f6<br \/>\n\tQvarnstr\u00f6m&nbsp;&nbsp;(23) <br \/>\n\tQvarsebo&nbsp;&nbsp;(3) <br \/>\n\tQvarsell<br \/>\n\tQvast-Quiding<br \/>\n\tQveckfeldt-Qvittberg<br \/>\n\tQveflander<br \/>\n\tQvenild&nbsp;&nbsp;(2) <br \/>\n\tQvennerberg&nbsp;&nbsp;(2) <br \/>\n\tQvennerstedt&nbsp;&nbsp;(4) <br \/>\n\tQviberg&nbsp;&nbsp;(3) <br \/>\n\tQvick<br \/>\n\tQvicker<br \/>\n\tQvickstr\u00f6m&nbsp;&nbsp;(2) <br \/>\n\tQviding<br \/>\n\tQvidinger<br \/>\n\tQvigstad<br \/>\n\tQvill<br \/>\n\tQvinnstr\u00f6m<br \/>\n\tQvint<br \/>\n\tQvirist<br \/>\n\tQvist&nbsp;&nbsp;(17) <br \/>\n\tQvist-Hansson<br \/>\n\tQvist-Qvistg\u00e5rd<br \/>\n\tQvist-Qv\u00e4derl\u00f6f<br \/>\n\tQvist-Rander<br \/>\n\tQvistberg<br \/>\n\tQvistgaard&nbsp;&nbsp;(3) <br \/>\n\tQvistg\u00e5rd-Qv\u00e4derl\u00f6f<br \/>\n\tQvistr\u00f6m<br \/>\n\tQviststr\u00f6m<br \/>\n\tQvitslund<br \/>\n\tQvittenbaum<br \/>\n\tQvitzke<br \/>\n\tQv\u00e4nsel<br \/>\n\tQv\u00e4nstedt<br \/>\n\tQwarfoth<br \/>\n\tQwarnhagen<br \/>\n\tQwarntoft<br \/>\n\tQwerin&nbsp;&nbsp;(2) <br \/>\n\tQwetz<br \/>\n\tQwiding-Qvist<br \/>\n\tQw\u00e4rnstr\u00f6m&nbsp;&nbsp;(2) <\/p>\n","protected":false},"excerpt":{"rendered":"<p>H\u00e4r listas samtliga namn. F\u00f6r att se familjenotiserna beh\u00f6vs inloggning p\u00e5 medlemssidorna. TIPS! Anv\u00e4nd din webbl\u00e4sare f\u00f6r att s\u00f6ka inom denna sida: S\u00f6krutan dyker i regel upp vid klick p\u00e5 knapparna ctrl + F. Qadoumi Qamhawi Qangule Qing Qouist Quack&nbsp;&nbsp;(2) Quadal-Qvarberg Quade&nbsp;&nbsp;(2) Quak Quanstrom Quant Quanten Quants Quarfood Quarforth Quarles Quarles von Ufford Quarnstr\u00f6m-Quiding Quarn\u00e5&nbsp;&nbsp;(2) &#8230; <a title=\"Klipparkivet Q\" class=\"read-more\" href=\"https:\/\/www.genealogi.net\/nova\/a-o\/klipparkivets-namnregister\/klipparkivet-q\/\" aria-label=\"L\u00e4s mer om Klipparkivet Q\">L\u00e4s mer<\/a><\/p>\n","protected":false},"author":2,"featured_media":0,"parent":1856,"menu_order":0,"comment_status":"closed","ping_status":"closed","template":"","meta":{"footnotes":""},"class_list":["post-2769","page","type-page","status-publish"],"_links":{"self":[{"href":"https:\/\/www.genealogi.net\/nova\/wp-json\/wp\/v2\/pages\/2769","targetHints":{"allow":["GET"]}}],"collection":[{"href":"https:\/\/www.genealogi.net\/nova\/wp-json\/wp\/v2\/pages"}],"about":[{"href":"https:\/\/www.genealogi.net\/nova\/wp-json\/wp\/v2\/types\/page"}],"author":[{"embeddable":true,"href":"https:\/\/www.genealogi.net\/nova\/wp-json\/wp\/v2\/users\/2"}],"replies":[{"embeddable":true,"href":"https:\/\/www.genealogi.net\/nova\/wp-json\/wp\/v2\/comments?post=2769"}],"version-history":[{"count":0,"href":"https:\/\/www.genealogi.net\/nova\/wp-json\/wp\/v2\/pages\/2769\/revisions"}],"up":[{"embeddable":true,"href":"https:\/\/www.genealogi.net\/nova\/wp-json\/wp\/v2\/pages\/1856"}],"wp:attachment":[{"href":"https:\/\/www.genealogi.net\/nova\/wp-json\/wp\/v2\/media?parent=2769"}],"curies":[{"name":"wp","href":"https:\/\/api.w.org\/{rel}","templated":true}]}}